{"id":1015,"date":"2025-02-01T15:52:43","date_gmt":"2025-02-01T15:52:43","guid":{"rendered":"https:\/\/xn--libert-financire-6pbj.com\/?page_id=1015"},"modified":"2025-02-01T15:52:43","modified_gmt":"2025-02-01T15:52:43","slug":"etre-fauche-cest-pas-une-fatalite-cest-un-programme-quon-ta-installe","status":"publish","type":"page","link":"https:\/\/xn--libert-financire-6pbj.com\/index.php\/etre-fauche-cest-pas-une-fatalite-cest-un-programme-quon-ta-installe\/","title":{"rendered":"\u00ab\u00a0\u00catre fauch\u00e9, c\u2019est pas une fatalit\u00e9. C\u2019est un programme qu\u2019on t\u2019a install\u00e9.\u00a0\u00bb"},"content":{"rendered":"\n<p>\u00catre fauch\u00e9, tu sais, c\u2019est plus qu\u2019un simple manque d\u2019argent. C\u2019est un \u00e9tat d\u2019esprit, une fa\u00e7on de penser que l\u2019on nous a inculqu\u00e9e, souvent d\u00e8s l\u2019enfance. On te dit que l\u2019argent est difficile \u00e0 obtenir, que tu n\u2019es pas fait pour \u00e7a, que la vie est une lutte permanente et que la chance n\u2019est pas de ton c\u00f4t\u00e9. Mais\u2026 et si je te disais que tout \u00e7a, c\u2019est un programme qui t\u2019a \u00e9t\u00e9 impos\u00e9 ? Un programme qui te maintient dans cette spirale de pr\u00e9carit\u00e9, sans que tu t\u2019en rendes compte. Mais attention, la bonne nouvelle, c\u2019est que ce programme, tu peux l\u2019effacer. Oui, tu as le pouvoir de changer les r\u00e8gles du jeu. Et dans ce texte, je vais te montrer comment. Ce n\u2019est pas une question de chance, c\u2019est une question de d\u00e9cision, de m\u00e9thode, et de strat\u00e9gie.<\/p>\n\n\n\n<p>Tu veux une vie o\u00f9 tu te r\u00e9veilles le matin en sachant que tu as la libert\u00e9 financi\u00e8re ? Tu veux \u00eatre ma\u00eetre de ton argent, ne plus compter les centimes, et profiter de ce que la vie a \u00e0 offrir sans toujours te soucier de la fin du mois ? \u00c7a, c\u2019est possible, mais il faut d&rsquo;abord d\u00e9sinstaller ce programme mental qui te dit que tu es destin\u00e9 \u00e0 \u00eatre fauch\u00e9. C\u2019est un chemin que tout le monde peut emprunter. Et tu vas voir, avec les bons conseils et la bonne mentalit\u00e9, il est plus facile que tu ne le crois d\u2019atteindre la libert\u00e9 financi\u00e8re.<\/p>\n\n\n\n<p><strong>Le programme mental qui te maintient dans la pauvret\u00e9<\/strong><\/p>\n\n\n\n<p>Tu as grandi dans un environnement o\u00f9 l\u2019argent semblait toujours manquer. Peut-\u00eatre que tes parents te disaient souvent \u00ab l\u2019argent ne pousse pas sur les arbres \u00bb ou \u00ab il faut travailler dur pour gagner sa vie \u00bb. Ces phrases, r\u00e9p\u00e9t\u00e9es \u00e0 l&rsquo;infini, sont devenues des croyances que tu portes encore aujourd\u2019hui, souvent sans t&rsquo;en rendre compte. Et le pire, c\u2019est que ces croyances te limitent. Elles t\u2019emp\u00eachent d&rsquo;ouvrir les yeux sur les opportunit\u00e9s qui t\u2019entourent. Tu te dis peut-\u00eatre que la richesse est r\u00e9serv\u00e9e \u00e0 une \u00e9lite, ou que l\u2019argent c\u2019est une source de stress et de conflits. Ces pens\u00e9es, m\u00eame si elles semblent innocentes, te programment pour \u00e9chouer financi\u00e8rement. Mais ce programme, il est loin d\u2019\u00eatre une fatalit\u00e9.<\/p>\n\n\n\n<p><strong>Comment changer ce programme mental ?<\/strong><\/p>\n\n\n\n<p>Il est temps de r\u00e9\u00e9crire ton histoire. Le premier pas pour sortir de cette spirale de pauvret\u00e9, c\u2019est de prendre conscience de ces croyances limitantes. Lorsque tu reconnais que ton manque d\u2019argent vient souvent de ton \u00e9tat d\u2019esprit et de tes habitudes, tu peux commencer \u00e0 prendre des mesures concr\u00e8tes pour changer. Par exemple, commence \u00e0 t\u2019entourer de personnes qui ont une mentalit\u00e9 positive envers l\u2019argent. \u00c9coute des podcasts inspirants, lis des livres sur la finance personnelle, ou suis des personnes qui ont r\u00e9ussi \u00e0 b\u00e2tir leur ind\u00e9pendance financi\u00e8re. Leur \u00e9tat d\u2019esprit va progressivement remplacer le tien. Mais attention, il ne s\u2019agit pas juste d&rsquo;\u00e9couter passivement\u2026 il faut aussi agir. Les petites d\u00e9cisions quotidiennes comptent : commence \u00e0 \u00e9conomiser, m\u00eame une petite somme chaque mois, et investis dans ton avenir. M\u00eame des petites actions peuvent changer ta trajectoire.<\/p>\n\n\n\n<p><strong>Construire des habitudes financi\u00e8res qui te rapprochent de la libert\u00e9<\/strong><\/p>\n\n\n\n<p>Changer ta mentalit\u00e9, c\u2019est important, mais cela doit se traduire par des actions concr\u00e8tes. Par exemple, tu peux commencer \u00e0 mieux g\u00e9rer ton budget. Il ne s\u2019agit pas de vivre de mani\u00e8re aust\u00e8re, mais de comprendre o\u00f9 ton argent va. Prends l\u2019habitude de suivre tes d\u00e9penses et de te fixer des objectifs d\u2019\u00e9pargne. Un autre conseil simple mais efficace : cr\u00e9e un fonds d\u2019urgence. Ce petit coussin financier te permettra de te sentir plus serein face aux impr\u00e9vus, et surtout, cela t\u2019\u00e9vitera de te retrouver \u00e0 d\u00e9couvert ou de t\u2019endetter pour des situations urgentes. \u00c0 mesure que tu adoptes ces habitudes, tu vas voir ta situation financi\u00e8re s&rsquo;am\u00e9liorer. C\u2019est une question de discipline et de constance. Chaque petit pas te rapproche de ton objectif.<\/p>\n\n\n\n<p><strong>L\u2019importance de l\u2019\u00e9ducation financi\u00e8re<\/strong><\/p>\n\n\n\n<p>L\u2019une des cl\u00e9s pour sortir de la pauvret\u00e9, c\u2019est de se former, de comprendre les bases de la gestion de l\u2019argent. C\u2019est une comp\u00e9tence que tout le monde peut apprendre. L\u2019\u00e9ducation financi\u00e8re ne se limite pas \u00e0 savoir comment faire un budget. Elle va bien au-del\u00e0, en t\u2019apprenant \u00e0 investir, \u00e0 faire fructifier ton argent, et \u00e0 saisir les opportunit\u00e9s qui se pr\u00e9sentent \u00e0 toi. Si tu veux vraiment changer ta situation financi\u00e8re, investis dans ta propre \u00e9ducation. Aujourd\u2019hui, il existe des tonnes de ressources gratuites sur Internet. Ne laisse pas ton manque de connaissances t\u2019emp\u00eacher de progresser.<\/p>\n\n\n\n<p><strong>L\u2019effet boule de neige de la libert\u00e9 financi\u00e8re<\/strong><\/p>\n\n\n\n<p>Quand tu commences \u00e0 prendre de bonnes habitudes financi\u00e8res, \u00e0 changer ton \u00e9tat d\u2019esprit et \u00e0 investir dans ton \u00e9ducation, tu remarqueras un effet boule de neige. Les petites actions que tu mets en place au quotidien commenceront \u00e0 se cumuler, et tu verras les r\u00e9sultats. Non seulement tu \u00e9conomiseras plus, mais tu attireras aussi de meilleures opportunit\u00e9s. C\u2019est un cercle vertueux : plus tu t\u2019\u00e9duques, plus tu deviens comp\u00e9tent, plus tu attires l\u2019abondance. Ce programme mental que tu as install\u00e9 toi-m\u00eame, tu peux maintenant l\u2019effacer et en cr\u00e9er un nouveau, bas\u00e9 sur l\u2019abondance et la prosp\u00e9rit\u00e9.<\/p>\n\n\n\n<p><strong>Conclusion : N&rsquo;attends plus, prends ta libert\u00e9 financi\u00e8re en main<\/strong><\/p>\n\n\n\n<p>\u00catre fauch\u00e9, ce n\u2019est pas une fatalit\u00e9. C\u2019est une programmation, mais c\u2019est une programmation qui peut \u00eatre chang\u00e9e. Avec de la volont\u00e9, des actions concr\u00e8tes et un \u00e9tat d\u2019esprit orient\u00e9 vers l\u2019abondance, tu peux transformer ta vie financi\u00e8re. La libert\u00e9 financi\u00e8re n\u2019est pas r\u00e9serv\u00e9e \u00e0 une \u00e9lite. Elle est accessible \u00e0 tous ceux qui sont pr\u00eats \u00e0 remettre en question les croyances limitantes et \u00e0 adopter des habitudes gagnantes. Tu as en toi le pouvoir de changer ta situation. Alors, n\u2019attends plus. Commence d\u00e8s aujourd\u2019hui \u00e0 r\u00e9\u00e9crire ton histoire. Le chemin vers la libert\u00e9 financi\u00e8re commence maintenant.<\/p>\n\n\n\n<p class=\"has-vivid-red-color has-text-color has-link-color wp-elements-0b0861836465e4aa18becf45d70d4f54\"><strong>Si cet article t\u2019a inspir\u00e9, n\u2019h\u00e9site pas \u00e0 le partager. Et merci de m\u2019avoir lu !<\/strong><\/p>\n\n\n\n<p>Guido SAVERIO<\/p>\n","protected":false},"excerpt":{"rendered":"<p>\u00catre fauch\u00e9, tu sais, c\u2019est plus qu\u2019un simple manque d\u2019argent. C\u2019est un \u00e9tat d\u2019esprit, une fa\u00e7on de penser que l\u2019on nous a inculqu\u00e9e, souvent d\u00e8s l\u2019enfance. On te dit que l\u2019argent est difficile \u00e0 obtenir, que tu n\u2019es pas fait&#8230; <a href=\"https:\/\/xn--libert-financire-6pbj.com\/index.php\/etre-fauche-cest-pas-une-fatalite-cest-un-programme-quon-ta-installe\/\" class=\"readmore\">Read more<span class=\"screen-reader-text\">\u00ab\u00a0\u00catre fauch\u00e9, c\u2019est pas une fatalit\u00e9. C\u2019est un programme qu\u2019on t\u2019a install\u00e9.\u00a0\u00bb<\/span><span class=\"fa fa-angle-double-right\" aria-hidden=\"true\"><\/span><\/a><\/p>\n","protected":false},"author":1,"featured_media":0,"parent":0,"menu_order":0,"comment_status":"closed","ping_status":"closed","template":"","meta":{"footnotes":""},"_links":{"self":[{"href":"https:\/\/xn--libert-financire-6pbj.com\/index.php\/wp-json\/wp\/v2\/pages\/1015"}],"collection":[{"href":"https:\/\/xn--libert-financire-6pbj.com\/index.php\/wp-json\/wp\/v2\/pages"}],"about":[{"href":"https:\/\/xn--libert-financire-6pbj.com\/index.php\/wp-json\/wp\/v2\/types\/page"}],"author":[{"embeddable":true,"href":"https:\/\/xn--libert-financire-6pbj.com\/index.php\/wp-json\/wp\/v2\/users\/1"}],"replies":[{"embeddable":true,"href":"https:\/\/xn--libert-financire-6pbj.com\/index.php\/wp-json\/wp\/v2\/comments?post=1015"}],"version-history":[{"count":1,"href":"https:\/\/xn--libert-financire-6pbj.com\/index.php\/wp-json\/wp\/v2\/pages\/1015\/revisions"}],"predecessor-version":[{"id":1016,"href":"https:\/\/xn--libert-financire-6pbj.com\/index.php\/wp-json\/wp\/v2\/pages\/1015\/revisions\/1016"}],"wp:attachment":[{"href":"https:\/\/xn--libert-financire-6pbj.com\/index.php\/wp-json\/wp\/v2\/media?parent=1015"}],"curies":[{"name":"wp","href":"https:\/\/api.w.org\/{rel}","templated":true}]}}