{"id":1048,"date":"2025-02-02T12:01:18","date_gmt":"2025-02-02T12:01:18","guid":{"rendered":"https:\/\/xn--libert-financire-6pbj.com\/?page_id=1048"},"modified":"2025-02-02T12:01:19","modified_gmt":"2025-02-02T12:01:19","slug":"arrete-de-rever-pauvre-le-guide-pour-attirer-largent-en-desobeissant-aux-regles","status":"publish","type":"page","link":"https:\/\/xn--libert-financire-6pbj.com\/index.php\/arrete-de-rever-pauvre-le-guide-pour-attirer-largent-en-desobeissant-aux-regles\/","title":{"rendered":"Arr\u00eate de r\u00eaver pauvre : Le guide pour attirer l\u2019argent en d\u00e9sob\u00e9issant aux r\u00e8gles"},"content":{"rendered":"\n<p>Imaginez une vie o\u00f9 l\u2019argent ne vous fait plus peur, o\u00f9 vous avez la libert\u00e9 de profiter de chaque instant sans vous soucier des factures qui s\u2019empilent. Vous \u00eates-vous d\u00e9j\u00e0 demand\u00e9 pourquoi certaines personnes semblent attirer l\u2019argent comme un aimant, tandis que d\u2019autres, malgr\u00e9 leurs efforts acharn\u00e9s, restent coinc\u00e9es dans des situations financi\u00e8res difficiles ? La v\u00e9rit\u00e9 est simple, mais peu de gens osent la voir. Attirer l\u2019argent, c\u2019est avant tout savoir remettre en question les r\u00e8gles qu\u2019on vous a inculqu\u00e9es et oser suivre un chemin diff\u00e9rent. Laissez-moi vous guider dans ce voyage o\u00f9 la libert\u00e9 financi\u00e8re devient votre nouvelle r\u00e9alit\u00e9. Ce guide est con\u00e7u pour ceux qui en ont marre de r\u00eaver d&rsquo;une vie meilleure et qui veulent r\u00e9ellement passer \u00e0 l\u2019action. Et si je vous disais qu\u2019il suffit de briser quelques r\u00e8gles pour ouvrir la voie \u00e0 un flot d\u2019opportunit\u00e9s ?<\/p>\n\n\n\n<h3 class=\"wp-block-heading\">La r\u00e8gle n\u00b01 : L\u2019argent ne vient pas en dormant<\/h3>\n\n\n\n<p>On nous a souvent dit que l\u2019on devait \u00ab travailler dur \u00bb pour gagner sa vie, mais cette r\u00e8gle est obsol\u00e8te. Et si je vous disais qu\u2019il existe une mani\u00e8re plus efficace d\u2019attirer l\u2019argent sans sacrifier vos journ\u00e9es et vos soir\u00e9es \u00e0 des t\u00e2ches \u00e9puisantes ? Ce n\u2019est pas un secret : l\u2019argent ne se trouve pas dans un bureau entre 9 h et 18 h, mais dans les opportunit\u00e9s que vous cr\u00e9ez pour vous-m\u00eame. Prenons l\u2019exemple d\u2019un entrepreneur \u00e0 succ\u00e8s, comme Richard Branson. Ce dernier n\u2019a pas attendu d\u2019\u00eatre riche pour lancer son premier projet. Il a eu l\u2019audace de briser les normes, de penser diff\u00e9remment et de se lancer dans des domaines inexplor\u00e9s. Il a os\u00e9 prendre des risques calcul\u00e9s et r\u00e9inventer les r\u00e8gles. Vous aussi, vous avez la possibilit\u00e9 de choisir vos propres r\u00e8gles et de construire un revenu qui vous ressemble.<\/p>\n\n\n\n<h3 class=\"wp-block-heading\">La r\u00e8gle n\u00b02 : Ne fais pas d\u2019emprunts, sois \u00ab sage \u00bb<\/h3>\n\n\n\n<p>On vous a appris \u00e0 ne jamais vivre au-dessus de vos moyens. Bien s\u00fbr, il est important de g\u00e9rer ses finances, mais certaines personnes ont fait fortune en se lan\u00e7ant dans des investissements risqu\u00e9s, parfois en empruntant de l\u2019argent pour saisir une opportunit\u00e9. L\u2019id\u00e9e est de repenser la notion de \u00ab s\u00e9curit\u00e9 \u00bb. Loin d\u2019\u00eatre irresponsable, investir dans des projets prometteurs, m\u00eame avec des fonds emprunt\u00e9s, peut g\u00e9n\u00e9rer des rendements plus importants que de vivre dans la frugalit\u00e9 \u00e9ternelle. Regardez l\u2019exemple de la famille Musk. Elon Musk, au lieu d\u2019\u00e9conomiser petit \u00e0 petit pour cr\u00e9er ses entreprises, a utilis\u00e9 ses emprunts pour financer ses r\u00eaves fous. Il a pris des risques calcul\u00e9s et s\u2019est retrouv\u00e9 aujourd\u2019hui avec une fortune consid\u00e9rable.<\/p>\n\n\n\n<h3 class=\"wp-block-heading\">La r\u00e8gle n\u00b03 : Ne fais pas d\u2019erreurs, sois parfait<\/h3>\n\n\n\n<p>Une autre r\u00e8gle qui peut vous freiner dans votre qu\u00eate de richesse est la peur de l\u2019\u00e9chec. L\u2019id\u00e9e que chaque d\u00e9cision doit \u00eatre parfaite vous emp\u00eache de passer \u00e0 l\u2019action. Pourtant, les personnes les plus riches ont souvent \u00e9chou\u00e9 \u00e0 plusieurs reprises avant de conna\u00eetre le succ\u00e8s. L\u2019\u00e9chec est une \u00e9tape, pas une fin. Vous pensez \u00e0 Walt Disney ? Il a connu des \u00e9checs cuisants avant de fonder l\u2019empire de Disney, mais il n\u2019a jamais abandonn\u00e9. Alors, pourquoi devriez-vous avoir peur de faire une erreur ? Apprenez \u00e0 transformer vos erreurs en le\u00e7ons et avancez sans regarder en arri\u00e8re. Le chemin vers la richesse est pav\u00e9 de tentatives et d\u2019ajustements constants.<\/p>\n\n\n\n<h3 class=\"wp-block-heading\">La r\u00e8gle n\u00b04 : L\u2019argent ne tombe pas du ciel<\/h3>\n\n\n\n<p>Beaucoup pensent que l\u2019argent vient \u00e0 ceux qui travaillent dur et sont disciplin\u00e9s. Mais en r\u00e9alit\u00e9, ceux qui r\u00e9ussissent ne se contentent pas de travailler dur. Ils travaillent intelligemment. Attirer l\u2019argent demande de l\u2019innovation et de la cr\u00e9ativit\u00e9. Un exemple frappant est celui des influenceurs qui, en quelques ann\u00e9es, ont r\u00e9ussi \u00e0 b\u00e2tir des fortunes sur les r\u00e9seaux sociaux. Ils n\u2019ont pas attendu que des opportunit\u00e9s arrivent \u00e0 eux, ils ont cr\u00e9\u00e9 leur propre plateforme et ont g\u00e9n\u00e9r\u00e9 des revenus \u00e0 partir de leurs passions. Que vous soyez dans le domaine de l\u2019art, de la musique ou du sport, l\u2019essentiel est d\u2019exploiter vos talents d\u2019une mani\u00e8re originale. Aujourd\u2019hui, l\u2019argent ne se trouve pas uniquement dans les entreprises classiques, mais aussi dans la valorisation de votre unicit\u00e9.<\/p>\n\n\n\n<h3 class=\"wp-block-heading\">Conclusion : Rejoignez ceux qui prennent des risques<\/h3>\n\n\n\n<p>Maintenant que vous connaissez les v\u00e9ritables secrets de l\u2019attraction de l\u2019argent, il est temps de passer \u00e0 l\u2019action. Arr\u00eatez de r\u00eaver pauvre. Osez briser les r\u00e8gles, prenez des risques calcul\u00e9s, et soyez pr\u00eat \u00e0 investir en vous-m\u00eame. L\u2019argent ne viendra pas simplement \u00e0 vous, il faut que vous fassiez le premier pas. Soyez audacieux, soyez cr\u00e9atif, et surtout, n\u2019ayez pas peur de l\u2019\u00e9chec. Comme le disait Albert Einstein : \u00ab La folie, c\u2019est de faire toujours la m\u00eame chose et de s\u2019attendre \u00e0 un r\u00e9sultat diff\u00e9rent \u00bb. Adoptez une nouvelle fa\u00e7on de penser, un mindset de gagnant, et vous verrez comment l\u2019argent commencera \u00e0 affluer.<\/p>\n\n\n\n<p class=\"has-vivid-red-color has-text-color has-link-color wp-elements-e36bc42cb4152c6ff59924b9d40b380d\"><strong>Partager cet article avec vos amis qui ont besoin d\u2019un petit coup de pouce pour changer leur mani\u00e8re de penser et d\u2019agir face \u00e0 l\u2019argent. Merci d\u2019avoir pris le temps de lire ces conseils, et souvenez-vous : il n\u2019est jamais trop tard pour changer les r\u00e8gles du jeu !<\/strong><\/p>\n\n\n\n<p>Guido SAVERIO<\/p>\n","protected":false},"excerpt":{"rendered":"<p>Imaginez une vie o\u00f9 l\u2019argent ne vous fait plus peur, o\u00f9 vous avez la libert\u00e9 de profiter de chaque instant sans vous soucier des factures qui s\u2019empilent. Vous \u00eates-vous d\u00e9j\u00e0 demand\u00e9 pourquoi certaines personnes semblent attirer l\u2019argent comme un aimant,&#8230; <a href=\"https:\/\/xn--libert-financire-6pbj.com\/index.php\/arrete-de-rever-pauvre-le-guide-pour-attirer-largent-en-desobeissant-aux-regles\/\" class=\"readmore\">Read more<span class=\"screen-reader-text\">Arr\u00eate de r\u00eaver pauvre : Le guide pour attirer l\u2019argent en d\u00e9sob\u00e9issant aux r\u00e8gles<\/span><span class=\"fa fa-angle-double-right\" aria-hidden=\"true\"><\/span><\/a><\/p>\n","protected":false},"author":1,"featured_media":0,"parent":0,"menu_order":0,"comment_status":"closed","ping_status":"closed","template":"","meta":{"footnotes":""},"_links":{"self":[{"href":"https:\/\/xn--libert-financire-6pbj.com\/index.php\/wp-json\/wp\/v2\/pages\/1048"}],"collection":[{"href":"https:\/\/xn--libert-financire-6pbj.com\/index.php\/wp-json\/wp\/v2\/pages"}],"about":[{"href":"https:\/\/xn--libert-financire-6pbj.com\/index.php\/wp-json\/wp\/v2\/types\/page"}],"author":[{"embeddable":true,"href":"https:\/\/xn--libert-financire-6pbj.com\/index.php\/wp-json\/wp\/v2\/users\/1"}],"replies":[{"embeddable":true,"href":"https:\/\/xn--libert-financire-6pbj.com\/index.php\/wp-json\/wp\/v2\/comments?post=1048"}],"version-history":[{"count":1,"href":"https:\/\/xn--libert-financire-6pbj.com\/index.php\/wp-json\/wp\/v2\/pages\/1048\/revisions"}],"predecessor-version":[{"id":1049,"href":"https:\/\/xn--libert-financire-6pbj.com\/index.php\/wp-json\/wp\/v2\/pages\/1048\/revisions\/1049"}],"wp:attachment":[{"href":"https:\/\/xn--libert-financire-6pbj.com\/index.php\/wp-json\/wp\/v2\/media?parent=1048"}],"curies":[{"name":"wp","href":"https:\/\/api.w.org\/{rel}","templated":true}]}}