{"id":1052,"date":"2025-02-02T12:12:05","date_gmt":"2025-02-02T12:12:05","guid":{"rendered":"https:\/\/xn--libert-financire-6pbj.com\/?page_id=1052"},"modified":"2025-02-02T12:12:05","modified_gmt":"2025-02-02T12:12:05","slug":"les-pauvres-suivent-des-conseils-les-riches-appliquent-des-strategies-voici-la-difference","status":"publish","type":"page","link":"https:\/\/xn--libert-financire-6pbj.com\/index.php\/les-pauvres-suivent-des-conseils-les-riches-appliquent-des-strategies-voici-la-difference\/","title":{"rendered":"Les pauvres suivent des conseils. Les riches appliquent des strat\u00e9gies. Voici la diff\u00e9rence."},"content":{"rendered":"\n<p>Imaginez-vous une seconde. Vous \u00eates face \u00e0 une situation qui vous semble complexe, un d\u00e9fi \u00e0 relever, qu\u2019il s\u2019agisse de vos finances, de votre carri\u00e8re ou de vos objectifs personnels. D\u2019un c\u00f4t\u00e9, vous avez des conseils qui vous sont donn\u00e9s par des amis, des proches, des experts ou m\u00eame des inconnus. D\u2019un autre c\u00f4t\u00e9, vous avez des strat\u00e9gies, des plans d\u2019action qui vous offrent une direction claire et vous permettent d\u2019agir avec assurance et efficacit\u00e9. Voil\u00e0 o\u00f9 r\u00e9side la diff\u00e9rence fondamentale entre ceux qui restent dans un \u00e9tat de d\u00e9pendance, toujours \u00e0 la recherche de conseils et de solutions externes, et ceux qui r\u00e9ussissent \u00e0 appliquer des strat\u00e9gies qui changent leur quotidien et leur avenir.<\/p>\n\n\n\n<p>Les conseils sont partout. Ils semblent simples, bien intentionn\u00e9s et, pourtant, souvent d\u00e9connect\u00e9s des r\u00e9alit\u00e9s du terrain. Ce sont ces fameux \u00ab fais ceci \u00bb, \u00ab ne fais pas cela \u00bb qui surgissent \u00e0 tout moment, mais qui n\u2019offrent aucune vision claire ni de plan d\u2019action concret. Les conseils sont, dans leur essence, des suggestions. Ils peuvent \u00eatre utiles, certes, mais souvent trop vagues pour induire un r\u00e9el changement durable. Les strat\u00e9gies, en revanche, sont des syst\u00e8mes structur\u00e9s, des actions claires qui m\u00e8nent \u00e0 un objectif pr\u00e9cis. Les riches, ceux qui r\u00e9ussissent, savent que les conseils ne suffisent pas. Ils savent que pour atteindre leurs objectifs, il faut plus que des opinions. Il faut des actions cibl\u00e9es et une planification m\u00e9ticuleuse.<\/p>\n\n\n\n<h3 class=\"wp-block-heading\">La diff\u00e9rence entre conseils et strat\u00e9gies : une question d\u2019intention<\/h3>\n\n\n\n<p>Les conseils ne font appel qu\u2019\u00e0 une r\u00e9action imm\u00e9diate, un simple ajustement dans votre mani\u00e8re de penser ou d\u2019agir. Mais les strat\u00e9gies vont plus loin. Elles sont bas\u00e9es sur une r\u00e9flexion profonde et un engagement \u00e0 long terme. Prenons l\u2019exemple de la gestion financi\u00e8re. Un ami pourrait vous dire : \u00ab\u00a0Investis dans des actions, tu verras, \u00e7a rapporte.\u00a0\u00bb Mais qu\u2019en est-il des risques, des secteurs \u00e0 privil\u00e9gier, des p\u00e9riodes d\u2019investissement ? Ce conseil est trop g\u00e9n\u00e9ral pour vous permettre de prendre une d\u00e9cision \u00e9clair\u00e9e. Une strat\u00e9gie, quant \u00e0 elle, inclut un plan d\u2019investissement d\u00e9taill\u00e9, une \u00e9tude des march\u00e9s, des conseils pr\u00e9cis pour r\u00e9duire les risques et maximiser les rendements. Elle implique une vision claire du futur et un chemin bien trac\u00e9.<\/p>\n\n\n\n<h3 class=\"wp-block-heading\">Des exemples pratiques : comment les strat\u00e9gies transforment le quotidien<\/h3>\n\n\n\n<p>Prenons l&rsquo;exemple d\u2019une personne qui souhaite d\u00e9velopper son entreprise. Un conseil pourrait \u00eatre : \u00ab\u00a0Fais de la publicit\u00e9 en ligne.\u00a0\u00bb Mais ce conseil, bien que pertinent, manque de pr\u00e9cision. La vraie strat\u00e9gie consistera \u00e0 analyser les types de publicit\u00e9s qui fonctionnent le mieux pour votre secteur, \u00e0 d\u00e9terminer le budget exact, \u00e0 choisir les bonnes plateformes et \u00e0 suivre une m\u00e9thode pr\u00e9cise de mesure de l\u2019impact. De m\u00eame, pour perdre du poids, un conseil serait simplement : \u00ab\u00a0Mange plus \u00e9quilibr\u00e9 et fais du sport.\u00a0\u00bb Mais une strat\u00e9gie impliquera un plan nutritionnel personnalis\u00e9, des objectifs de remise en forme sp\u00e9cifiques et un suivi r\u00e9gulier des progr\u00e8s.<\/p>\n\n\n\n<h3 class=\"wp-block-heading\">Pourquoi les strat\u00e9gies sont essentielles dans le quotidien ?<\/h3>\n\n\n\n<p>Dans votre quotidien, appliquer des strat\u00e9gies, c\u2019est se donner la chance de prendre des d\u00e9cisions \u00e9clair\u00e9es et d\u2019agir avec clart\u00e9. Cela vous aide \u00e0 d\u00e9passer la confusion et l\u2019incertitude. En suivant une strat\u00e9gie bien d\u00e9finie, vous prenez des mesures qui se compl\u00e8tent et s\u2019accumulent. Chaque action devient une brique construisant votre succ\u00e8s. C\u2019est cette approche qui m\u00e8ne \u00e0 des r\u00e9sultats tangibles et mesurables. Quand vous avez une strat\u00e9gie, vous ne vous laissez pas submerger par les conseils divers et vari\u00e9s, vous agissez en toute confiance.<\/p>\n\n\n\n<h3 class=\"wp-block-heading\">Conseils personnalis\u00e9s pour appliquer des strat\u00e9gies<\/h3>\n\n\n\n<p>Si vous vous trouvez \u00e0 un carrefour dans votre vie, la premi\u00e8re chose \u00e0 faire est de d\u00e9finir vos objectifs avec pr\u00e9cision. Que ce soit dans votre carri\u00e8re, vos finances ou votre bien-\u00eatre personnel, un objectif clair est le point de d\u00e9part essentiel. Ensuite, demandez-vous : quelle est la meilleure fa\u00e7on d\u2019atteindre cet objectif ? Une fois cette question pos\u00e9e, identifiez les actions concr\u00e8tes \u00e0 entreprendre, \u00e9tablissez un plan, et fixez des \u00e9ch\u00e9ances pour chaque \u00e9tape. Ne vous laissez pas influencer par des conseils vagues ou g\u00e9n\u00e9raux. Par exemple, si vous voulez am\u00e9liorer vos finances, commencez par \u00e9tablir un budget pr\u00e9cis et un plan d\u2019\u00e9pargne \u00e0 long terme. R\u00e9fl\u00e9chissez \u00e0 des actions quotidiennes que vous pouvez int\u00e9grer dans votre routine pour atteindre cet objectif. Chaque petite victoire vous rapprochera de votre but.<\/p>\n\n\n\n<h3 class=\"wp-block-heading\">Conclusion : Passez de la th\u00e9orie \u00e0 la pratique<\/h3>\n\n\n\n<p>Les riches ne se contentent pas de suivre des conseils, ils appliquent des strat\u00e9gies. Ils prennent des d\u00e9cisions bas\u00e9es sur des actions r\u00e9fl\u00e9chies, sur un plan structur\u00e9. Ils savent que le succ\u00e8s ne vient pas par hasard, mais gr\u00e2ce \u00e0 des strat\u00e9gies bien mises en place. C\u2019est cela qui fait la diff\u00e9rence entre ceux qui se contentent d\u2019esp\u00e9rer et ceux qui obtiennent des r\u00e9sultats concrets et durables. Et vous, \u00eates-vous pr\u00eat \u00e0 transformer vos conseils en strat\u00e9gies et \u00e0 changer votre vie ?<\/p>\n\n\n\n<p class=\"has-vivid-red-color has-text-color has-link-color wp-elements-f12849c1ec53ed2cb40dc8d6c504c61d\"><strong>Merci de partager cet article avec vos proches et coll\u00e8gues. Plus vous appliquez des strat\u00e9gies dans votre quotidien, plus vous ferez un pas vers votre r\u00e9ussite.<\/strong><\/p>\n\n\n\n<p>Bien \u00e0 vous,<\/p>\n\n\n\n<p><strong>Guido SAVERIO<\/strong><\/p>\n","protected":false},"excerpt":{"rendered":"<p>Imaginez-vous une seconde. Vous \u00eates face \u00e0 une situation qui vous semble complexe, un d\u00e9fi \u00e0 relever, qu\u2019il s\u2019agisse de vos finances, de votre carri\u00e8re ou de vos objectifs personnels. D\u2019un c\u00f4t\u00e9, vous avez des conseils qui vous sont donn\u00e9s&#8230; <a href=\"https:\/\/xn--libert-financire-6pbj.com\/index.php\/les-pauvres-suivent-des-conseils-les-riches-appliquent-des-strategies-voici-la-difference\/\" class=\"readmore\">Read more<span class=\"screen-reader-text\">Les pauvres suivent des conseils. Les riches appliquent des strat\u00e9gies. Voici la diff\u00e9rence.<\/span><span class=\"fa fa-angle-double-right\" aria-hidden=\"true\"><\/span><\/a><\/p>\n","protected":false},"author":1,"featured_media":0,"parent":0,"menu_order":0,"comment_status":"closed","ping_status":"closed","template":"","meta":{"footnotes":""},"_links":{"self":[{"href":"https:\/\/xn--libert-financire-6pbj.com\/index.php\/wp-json\/wp\/v2\/pages\/1052"}],"collection":[{"href":"https:\/\/xn--libert-financire-6pbj.com\/index.php\/wp-json\/wp\/v2\/pages"}],"about":[{"href":"https:\/\/xn--libert-financire-6pbj.com\/index.php\/wp-json\/wp\/v2\/types\/page"}],"author":[{"embeddable":true,"href":"https:\/\/xn--libert-financire-6pbj.com\/index.php\/wp-json\/wp\/v2\/users\/1"}],"replies":[{"embeddable":true,"href":"https:\/\/xn--libert-financire-6pbj.com\/index.php\/wp-json\/wp\/v2\/comments?post=1052"}],"version-history":[{"count":1,"href":"https:\/\/xn--libert-financire-6pbj.com\/index.php\/wp-json\/wp\/v2\/pages\/1052\/revisions"}],"predecessor-version":[{"id":1053,"href":"https:\/\/xn--libert-financire-6pbj.com\/index.php\/wp-json\/wp\/v2\/pages\/1052\/revisions\/1053"}],"wp:attachment":[{"href":"https:\/\/xn--libert-financire-6pbj.com\/index.php\/wp-json\/wp\/v2\/media?parent=1052"}],"curies":[{"name":"wp","href":"https:\/\/api.w.org\/{rel}","templated":true}]}}