{"id":1064,"date":"2025-02-02T12:43:39","date_gmt":"2025-02-02T12:43:39","guid":{"rendered":"https:\/\/xn--libert-financire-6pbj.com\/?page_id=1064"},"modified":"2025-02-02T13:25:47","modified_gmt":"2025-02-02T13:25:47","slug":"plus-dexcuses-largent-ca-se-merite-avec-des-strategies-sans-pitie","status":"publish","type":"page","link":"https:\/\/xn--libert-financire-6pbj.com\/index.php\/plus-dexcuses-largent-ca-se-merite-avec-des-strategies-sans-pitie\/","title":{"rendered":"Plus d&rsquo;excuses : l\u2019argent, \u00e7a se m\u00e9rite avec des strat\u00e9gies sans piti\u00e9 !"},"content":{"rendered":"\n<p>Aujourd\u2019hui, on va parler d\u2019une v\u00e9rit\u00e9 qui d\u00e9range, mais qui lib\u00e8re. On a tous eu des moments o\u00f9 l\u2019on se disait : \u00ab J\u2019aimerais gagner plus d\u2019argent, mais ce n\u2019est pas si simple. \u00bb Et pourtant, si vous arr\u00eatez une minute pour r\u00e9fl\u00e9chir, vous vous rendrez compte que l\u2019argent, contrairement \u00e0 ce que l\u2019on croit souvent, ne se r\u00e9sume pas \u00e0 une question de chance ou de circonstances ext\u00e9rieures. Non, l\u2019argent, \u00e7a se m\u00e9rite. Et \u00e7a se m\u00e9rite gr\u00e2ce \u00e0 des strat\u00e9gies sans piti\u00e9, des actions concr\u00e8tes et une vision d\u00e9termin\u00e9e.<\/p>\n\n\n\n<p>Imaginez un instant une vie o\u00f9 l&rsquo;argent n\u2019est plus un obstacle. Vous pouvez vous offrir ce dont vous r\u00eavez, offrir \u00e0 vos proches ce qu&rsquo;ils m\u00e9ritent, voyager, investir dans vos projets\u2026 tout cela est \u00e0 votre port\u00e9e. L&rsquo;argent n\u2019est pas une ressource infinie, mais c\u2019est une ressource que l\u2019on peut conqu\u00e9rir avec la bonne mentalit\u00e9 et les bonnes strat\u00e9gies. Il ne s\u2019agit pas de magie, ni d&rsquo;un coup de chance, mais bien de m\u00e9thodes simples, mais efficaces, que vous pouvez appliquer au quotidien.<\/p>\n\n\n\n<p><strong>Une strat\u00e9gie claire pour des r\u00e9sultats concrets<\/strong><\/p>\n\n\n\n<p>Dans votre quotidien, chaque action que vous entreprenez a un impact sur vos finances futures. Si vous voulez vraiment changer la donne, il faut commencer par ce qui vous semble \u00e9vident : vous devez changer votre mani\u00e8re de penser l\u2019argent. Cela commence par des d\u00e9cisions simples. Par exemple, si vous d\u00e9pensez r\u00e9guli\u00e8rement dans des petits plaisirs sans en voir la valeur r\u00e9elle, ce sont des euros qui partent \u00e0 la d\u00e9rive. \u00c0 l\u2019inverse, un petit budget r\u00e9orient\u00e9 vers des investissements, m\u00eame modestes au d\u00e9part, peut transformer votre situation financi\u00e8re \u00e0 long terme.<\/p>\n\n\n\n<p>Un autre exemple : la gestion de votre temps. Prenez cette journ\u00e9e o\u00f9 vous avez laiss\u00e9 passer des heures sur des t\u00e2ches peu productives. Ces heures perdues auraient pu \u00eatre consacr\u00e9es \u00e0 am\u00e9liorer vos comp\u00e9tences, \u00e0 monter un projet personnel ou \u00e0 rencontrer des personnes influentes. Si vous d\u00e9cidez de mieux organiser vos journ\u00e9es, de vous concentrer sur l\u2019essentiel, vous allez cr\u00e9er une dynamique positive. Cela impactera directement vos finances.<\/p>\n\n\n\n<p><strong>La discipline, l\u2019arme secr\u00e8te<\/strong><\/p>\n\n\n\n<p>L\u2019un des secrets des plus grands succ\u00e8s financiers est la discipline. C\u2019est elle qui va vous permettre de rester sur la bonne voie, m\u00eame quand les obstacles apparaissent. Ce n\u2019est pas facile, je le sais. Mais une fois que vous avez int\u00e9gr\u00e9 cette habitude, vous verrez des r\u00e9sultats concrets. Fixez-vous des objectifs clairs. Planifiez chaque \u00e9tape. Chaque petite victoire vous rapprochera de votre but.<\/p>\n\n\n\n<p>Une astuce ? Cr\u00e9ez un syst\u00e8me de r\u00e9compenses pour vous motiver. Par exemple, pour chaque objectif financier que vous atteignez, offrez-vous une petite r\u00e9compense (pas forc\u00e9ment mon\u00e9taire !), comme une soir\u00e9e avec des amis ou une activit\u00e9 qui vous fait plaisir. Cela renforcera votre engagement et vous donnera un sentiment de satisfaction imm\u00e9diate.<\/p>\n\n\n\n<p><strong>Passer \u00e0 l\u2019action sans procrastiner<\/strong><\/p>\n\n\n\n<p>L\u2019un des plus grands ennemis du succ\u00e8s financier, c\u2019est la procrastination. Nous avons tous eu tendance \u00e0 remettre \u00e0 demain ce que l\u2019on pourrait faire aujourd\u2019hui. Mais si vous voulez vraiment m\u00e9riter l\u2019argent, il faut passer \u00e0 l\u2019action tout de suite. Ce n\u2019est pas demain que vous deviendrez riche, c\u2019est aujourd\u2019hui, dans les choix que vous faites. Si vous h\u00e9sitez sur un projet, sur une d\u00e9cision, lancez-vous. Ne laissez pas la peur du premier pas vous paralyser. Il vaut mieux agir et ajuster que de rester l\u00e0 \u00e0 attendre l\u2019opportunit\u00e9 parfaite, car elle n\u2019arrivera jamais si vous ne bougez pas.<\/p>\n\n\n\n<p><strong>L\u2019argent, c\u2019est un jeu de strat\u00e9gie<\/strong><\/p>\n\n\n\n<p>Pour finir, n\u2019oubliez pas que l\u2019argent, c\u2019est avant tout un jeu. Ce n\u2019est pas une question de chance, mais de strat\u00e9gie. Il s\u2019agit de comprendre que chaque action que vous entreprenez est un investissement. Si vous apprenez \u00e0 penser en termes de strat\u00e9gie et d\u2019opportunit\u00e9s, vous commencerez \u00e0 voir l\u2019argent non pas comme une fin, mais comme un moyen. Un moyen de r\u00e9aliser vos r\u00eaves, de vous lib\u00e9rer des contraintes, de b\u00e2tir quelque chose de solide pour l\u2019avenir.<\/p>\n\n\n\n<p>Ne laissez plus les excuses vous retenir. L\u2019argent, \u00e7a se m\u00e9rite avec des strat\u00e9gies sans piti\u00e9 ! Prenez votre avenir en main d\u00e8s aujourd\u2019hui.<\/p>\n\n\n\n<hr class=\"wp-block-separator has-alpha-channel-opacity\"\/>\n\n\n\n<p class=\"has-vivid-red-color has-text-color has-link-color wp-elements-85fd3d8a2cfaa3fa9fa8b73172218650\"><strong>Si cet article vous a inspir\u00e9, n\u2019h\u00e9sitez pas \u00e0 le partager autour de vous. Merci d\u2019avoir pris le temps de le lire et rappelez-vous : votre avenir financier d\u00e9pend des actions que vous entreprenez d\u00e8s maintenant !<\/strong><\/p>\n\n\n\n<p>Guido SAVERIO<\/p>\n","protected":false},"excerpt":{"rendered":"<p>Aujourd\u2019hui, on va parler d\u2019une v\u00e9rit\u00e9 qui d\u00e9range, mais qui lib\u00e8re. On a tous eu des moments o\u00f9 l\u2019on se disait : \u00ab J\u2019aimerais gagner plus d\u2019argent, mais ce n\u2019est pas si simple. \u00bb Et pourtant, si vous arr\u00eatez une&#8230; <a href=\"https:\/\/xn--libert-financire-6pbj.com\/index.php\/plus-dexcuses-largent-ca-se-merite-avec-des-strategies-sans-pitie\/\" class=\"readmore\">Read more<span class=\"screen-reader-text\">Plus d&rsquo;excuses : l\u2019argent, \u00e7a se m\u00e9rite avec des strat\u00e9gies sans piti\u00e9 !<\/span><span class=\"fa fa-angle-double-right\" aria-hidden=\"true\"><\/span><\/a><\/p>\n","protected":false},"author":1,"featured_media":0,"parent":0,"menu_order":0,"comment_status":"closed","ping_status":"closed","template":"","meta":{"footnotes":""},"_links":{"self":[{"href":"https:\/\/xn--libert-financire-6pbj.com\/index.php\/wp-json\/wp\/v2\/pages\/1064"}],"collection":[{"href":"https:\/\/xn--libert-financire-6pbj.com\/index.php\/wp-json\/wp\/v2\/pages"}],"about":[{"href":"https:\/\/xn--libert-financire-6pbj.com\/index.php\/wp-json\/wp\/v2\/types\/page"}],"author":[{"embeddable":true,"href":"https:\/\/xn--libert-financire-6pbj.com\/index.php\/wp-json\/wp\/v2\/users\/1"}],"replies":[{"embeddable":true,"href":"https:\/\/xn--libert-financire-6pbj.com\/index.php\/wp-json\/wp\/v2\/comments?post=1064"}],"version-history":[{"count":1,"href":"https:\/\/xn--libert-financire-6pbj.com\/index.php\/wp-json\/wp\/v2\/pages\/1064\/revisions"}],"predecessor-version":[{"id":1065,"href":"https:\/\/xn--libert-financire-6pbj.com\/index.php\/wp-json\/wp\/v2\/pages\/1064\/revisions\/1065"}],"wp:attachment":[{"href":"https:\/\/xn--libert-financire-6pbj.com\/index.php\/wp-json\/wp\/v2\/media?parent=1064"}],"curies":[{"name":"wp","href":"https:\/\/api.w.org\/{rel}","templated":true}]}}