{"id":1068,"date":"2025-02-08T17:09:03","date_gmt":"2025-02-08T17:09:03","guid":{"rendered":"https:\/\/xn--libert-financire-6pbj.com\/?page_id=1068"},"modified":"2025-02-08T17:09:03","modified_gmt":"2025-02-08T17:09:03","slug":"les-conseils-financiers-quon-vous-donne-sont-des-mensonges-voici-pourquoi-vous-ne-devriez-jamais-leur-faire-confiance","status":"publish","type":"page","link":"https:\/\/xn--libert-financire-6pbj.com\/index.php\/les-conseils-financiers-quon-vous-donne-sont-des-mensonges-voici-pourquoi-vous-ne-devriez-jamais-leur-faire-confiance\/","title":{"rendered":"Les Conseils Financiers Qu&rsquo;on Vous Donne Sont Des Mensonges. Voici Pourquoi Vous Ne Devriez Jamais Leur Faire Confiance."},"content":{"rendered":"\n<p>La r\u00e9alit\u00e9, c\u2019est que tout ce qu\u2019on vous dit \u00e0 propos de l\u2019argent, ces conseils soi-disant infaillibles, sont souvent des mythes. On vous parle d\u2019investissement immobilier comme s\u2019il s\u2019agissait de la voie royale vers la richesse, de ces r\u00e9gimes de retraite secrets qui garantissent votre avenir, ou m\u00eame de la fameuse r\u00e8gle des 30% de votre salaire pour le logement. Et pourtant, si on les suit \u00e0 la lettre, ces soi-disant v\u00e9rit\u00e9s peuvent vous plonger dans une situation pire que celle dont vous tentiez de vous \u00e9chapper.<\/p>\n\n\n\n<p>Parce qu\u2019au fond, ces conseils sont souvent des raccourcis. Des solutions qui ne fonctionnent que pour une minorit\u00e9, et qui vous laissent dans un gouffre de dettes ou dans l\u2019illusion d\u2019avoir fait des progr\u00e8s alors que tout va s\u2019effondrer un jour. Pensez \u00e0 ces investisseurs qui vous promettent la lune en bourse, en vous assurant que c\u2019est le moyen s\u00fbr d\u2019atteindre votre libert\u00e9 financi\u00e8re. Mais quand le march\u00e9 se retourne, o\u00f9 sont-ils, ces \u00ab experts \u00bb ? Comme des vendeurs de r\u00eaves, ils ont disparu dans la brume.<\/p>\n\n\n\n<p>Pensez-y : pourquoi croiriez-vous des conseils venant de gens qui n\u2019ont jamais r\u00e9ellement d\u00fb se battre pour chaque euro qu\u2019ils ont ? Pourquoi \u00e9couter ces gurus de la finance qui vous parlent de \u00ab r\u00e9ussir en toute simplicit\u00e9 \u00bb alors qu\u2019ils ne connaissent rien des r\u00e9alit\u00e9s quotidiennes du salaire moyen ou des impr\u00e9vus qui nous tombent tous dessus ?<\/p>\n\n\n\n<p>La v\u00e9rit\u00e9, c\u2019est que <strong>vous \u00eates le seul \u00e0 savoir ce qui est bon pour vous<\/strong>. Si vous ne vivez pas selon vos propres r\u00e8gles, vous \u00eates \u00e0 la merci des conseils malavis\u00e9s d\u2019autrui. L\u2019argent, ce n\u2019est pas une science exacte. C\u2019est une question de priorit\u00e9s et de compr\u00e9hension de vos besoins. Prenez par exemple cette situation o\u00f9 vous avez entendu qu\u2019il fallait absolument acheter un bien immobilier pour \u00eatre financi\u00e8rement stable. Pourtant, si vous avez des dettes ou des d\u00e9penses impr\u00e9vues, un achat immobilier peut simplement vous plomber. Au lieu de cela, commencez par r\u00e9duire vos dettes et b\u00e2tir un fond d\u2019urgence. Vous verrez que la libert\u00e9 financi\u00e8re commence l\u00e0, pas dans des biens qui vous enferment dans des mensualit\u00e9s interminables.<\/p>\n\n\n\n<p>Adaptez les conseils financiers \u00e0 <strong>votre propre r\u00e9alit\u00e9<\/strong>. Si vous avez besoin de s\u00e9curit\u00e9, investir dans l\u2019immobilier ou des actions peut \u00eatre un chemin \u00e0 long terme, mais commencez par ma\u00eetriser vos finances de base : \u00e9pargner, \u00e9viter les dettes inutiles et ne pas vivre au-dessus de vos moyens. Petit \u00e0 petit, vous b\u00e2tirez un socle solide.<\/p>\n\n\n\n<p>Ne laissez personne vous dicter ce que vous devez faire avec votre argent. Vous \u00eates le capitaine de votre navire. Ne confiez pas votre destin \u00e0 ceux qui, au fond, n\u2019ont pas le m\u00eame cap que vous.<\/p>\n\n\n\n<p class=\"has-vivid-red-color has-text-color has-link-color wp-elements-bcd0c4d63c0ae2ed7732daf598c21281\"><strong>Partager cet article peut vous aider, car parfois, il faut juste un petit coup de pouce pour remettre les pendules \u00e0 l&rsquo;heure. Si cet article vous a parl\u00e9, merci de le partager \u00e0 ceux qui en ont besoin.<\/strong><\/p>\n\n\n\n<p>Guido SAVERIO.<\/p>\n","protected":false},"excerpt":{"rendered":"<p>La r\u00e9alit\u00e9, c\u2019est que tout ce qu\u2019on vous dit \u00e0 propos de l\u2019argent, ces conseils soi-disant infaillibles, sont souvent des mythes. On vous parle d\u2019investissement immobilier comme s\u2019il s\u2019agissait de la voie royale vers la richesse, de ces r\u00e9gimes de&#8230; <a href=\"https:\/\/xn--libert-financire-6pbj.com\/index.php\/les-conseils-financiers-quon-vous-donne-sont-des-mensonges-voici-pourquoi-vous-ne-devriez-jamais-leur-faire-confiance\/\" class=\"readmore\">Read more<span class=\"screen-reader-text\">Les Conseils Financiers Qu&rsquo;on Vous Donne Sont Des Mensonges. Voici Pourquoi Vous Ne Devriez Jamais Leur Faire Confiance.<\/span><span class=\"fa fa-angle-double-right\" aria-hidden=\"true\"><\/span><\/a><\/p>\n","protected":false},"author":1,"featured_media":0,"parent":0,"menu_order":0,"comment_status":"closed","ping_status":"closed","template":"","meta":{"footnotes":""},"_links":{"self":[{"href":"https:\/\/xn--libert-financire-6pbj.com\/index.php\/wp-json\/wp\/v2\/pages\/1068"}],"collection":[{"href":"https:\/\/xn--libert-financire-6pbj.com\/index.php\/wp-json\/wp\/v2\/pages"}],"about":[{"href":"https:\/\/xn--libert-financire-6pbj.com\/index.php\/wp-json\/wp\/v2\/types\/page"}],"author":[{"embeddable":true,"href":"https:\/\/xn--libert-financire-6pbj.com\/index.php\/wp-json\/wp\/v2\/users\/1"}],"replies":[{"embeddable":true,"href":"https:\/\/xn--libert-financire-6pbj.com\/index.php\/wp-json\/wp\/v2\/comments?post=1068"}],"version-history":[{"count":1,"href":"https:\/\/xn--libert-financire-6pbj.com\/index.php\/wp-json\/wp\/v2\/pages\/1068\/revisions"}],"predecessor-version":[{"id":1069,"href":"https:\/\/xn--libert-financire-6pbj.com\/index.php\/wp-json\/wp\/v2\/pages\/1068\/revisions\/1069"}],"wp:attachment":[{"href":"https:\/\/xn--libert-financire-6pbj.com\/index.php\/wp-json\/wp\/v2\/media?parent=1068"}],"curies":[{"name":"wp","href":"https:\/\/api.w.org\/{rel}","templated":true}]}}