{"id":1072,"date":"2025-02-09T12:15:39","date_gmt":"2025-02-09T12:15:39","guid":{"rendered":"https:\/\/xn--libert-financire-6pbj.com\/?page_id=1072"},"modified":"2025-02-09T12:15:39","modified_gmt":"2025-02-09T12:15:39","slug":"la-verite-que-personne-ne-vous-dit-vous-etes-juste-un-jouet-dans-le-jeu-des-riches","status":"publish","type":"page","link":"https:\/\/xn--libert-financire-6pbj.com\/index.php\/la-verite-que-personne-ne-vous-dit-vous-etes-juste-un-jouet-dans-le-jeu-des-riches\/","title":{"rendered":"La v\u00e9rit\u00e9 que personne ne vous dit : Vous \u00eates juste un jouet dans le jeu des riches"},"content":{"rendered":"\n<p>Imagine un instant que la vie soit un immense Monopoly. Sauf que tu ne re\u00e7ois ni 20 000 en passant par la case d\u00e9part, ni m\u00eame le droit de lancer les d\u00e9s. Tu es juste l\u00e0, sur le plateau, pi\u00e9g\u00e9, pendant que d&rsquo;autres jouent \u00e0 ta place. Les riches ? Ils poss\u00e8dent d\u00e9j\u00e0 toutes les rues. Toi, tu luttes pour ne pas finir en prison (la vraie ou celle du salaire mensuel qui t&rsquo;encha\u00eene). C&rsquo;est brutal, injuste, mais c&rsquo;est la r\u00e9alit\u00e9. Et maintenant, que vas-tu faire ?<\/p>\n\n\n\n<h2 class=\"wp-block-heading\">Le syst\u00e8me est trafiqu\u00e9, mais tu peux r\u00e9\u00e9crire les r\u00e8gles<\/h2>\n\n\n\n<p>Les riches ne gagnent pas parce qu&rsquo;ils sont plus intelligents ou plus talentueux. Ils gagnent parce qu&rsquo;ils poss\u00e8dent les r\u00e8gles du jeu. Education priv\u00e9e, r\u00e9seaux ferm\u00e9s, investissements inaccessibles \u00e0 ceux qui n&rsquo;ont pas d\u00e9j\u00e0 de l&rsquo;argent&#8230; tout est con\u00e7u pour qu&rsquo;ils restent au sommet. Mais voil\u00e0 le truc : tu peux arr\u00eater d&rsquo;\u00eatre un simple pion. Comment ? En pensant diff\u00e9remment. En investissant dans ce que les autres ignorent. En prenant des risques que la majorit\u00e9 n&rsquo;ose pas prendre.<\/p>\n\n\n\n<h2 class=\"wp-block-heading\">L&rsquo;Ind\u00e9pendance commence par tes propres d\u00e9cisions<\/h2>\n\n\n\n<p>Arr\u00eate de jouer \u00e0 leur jeu et commence \u00e0 cr\u00e9er le tien. Forme-toi. Lis les bons livres. Apprends \u00e0 vendre, \u00e0 n\u00e9gocier, \u00e0 comprendre l&rsquo;argent. L&rsquo;investissement n&rsquo;est pas r\u00e9serv\u00e9 \u00e0 une \u00e9lite. L\u2019ind\u00e9pendance financi\u00e8re n\u2019est pas un r\u00eave inaccessible. Commence par d\u00e9penser moins sur ce qui ne t&rsquo;apporte rien et place ton argent sur ce qui te fera grandir : comp\u00e9tences, exp\u00e9riences, opportunit\u00e9s.<\/p>\n\n\n\n<h2 class=\"wp-block-heading\">Ne sois plus un jouet, devient le ma\u00eetre du jeu<\/h2>\n\n\n\n<p>Regarde autour de toi. Qui tire vraiment les ficelles ? Ce n&rsquo;est pas ton patron. Ce n&rsquo;est pas le gouvernement. C&rsquo;est ton incapacit\u00e9 \u00e0 dire non \u00e0 ce qui ne te sert pas. Ta peur de l\u2019\u00e9chec. Ton habitude de rester dans ta zone de confort. Mais voici la bonne nouvelle : tu peux changer tout cela. D\u00e8s aujourd\u2019hui, d\u00e9cide de prendre le contr\u00f4le. Agis comme un joueur, pas comme un pion.<\/p>\n\n\n\n<p class=\"has-vivid-red-color has-text-color has-link-color wp-elements-c8b6649fe208db231d9ba1599ca4abaa\"><strong>Tu veux r\u00e9ussir ? Partage cet article avec quelqu&rsquo;un qui a besoin de l&rsquo;entendre. Parce qu&rsquo;on ne gagne jamais seul.<\/strong><\/p>\n\n\n\n<p>Merci de m&rsquo;avoir lu.<\/p>\n\n\n\n<p><strong>Guido SAVERIO<\/strong><\/p>\n","protected":false},"excerpt":{"rendered":"<p>Imagine un instant que la vie soit un immense Monopoly. Sauf que tu ne re\u00e7ois ni 20 000 en passant par la case d\u00e9part, ni m\u00eame le droit de lancer les d\u00e9s. Tu es juste l\u00e0, sur le plateau, pi\u00e9g\u00e9,&#8230; <a href=\"https:\/\/xn--libert-financire-6pbj.com\/index.php\/la-verite-que-personne-ne-vous-dit-vous-etes-juste-un-jouet-dans-le-jeu-des-riches\/\" class=\"readmore\">Read more<span class=\"screen-reader-text\">La v\u00e9rit\u00e9 que personne ne vous dit : Vous \u00eates juste un jouet dans le jeu des riches<\/span><span class=\"fa fa-angle-double-right\" aria-hidden=\"true\"><\/span><\/a><\/p>\n","protected":false},"author":1,"featured_media":0,"parent":0,"menu_order":0,"comment_status":"closed","ping_status":"closed","template":"","meta":{"footnotes":""},"_links":{"self":[{"href":"https:\/\/xn--libert-financire-6pbj.com\/index.php\/wp-json\/wp\/v2\/pages\/1072"}],"collection":[{"href":"https:\/\/xn--libert-financire-6pbj.com\/index.php\/wp-json\/wp\/v2\/pages"}],"about":[{"href":"https:\/\/xn--libert-financire-6pbj.com\/index.php\/wp-json\/wp\/v2\/types\/page"}],"author":[{"embeddable":true,"href":"https:\/\/xn--libert-financire-6pbj.com\/index.php\/wp-json\/wp\/v2\/users\/1"}],"replies":[{"embeddable":true,"href":"https:\/\/xn--libert-financire-6pbj.com\/index.php\/wp-json\/wp\/v2\/comments?post=1072"}],"version-history":[{"count":1,"href":"https:\/\/xn--libert-financire-6pbj.com\/index.php\/wp-json\/wp\/v2\/pages\/1072\/revisions"}],"predecessor-version":[{"id":1073,"href":"https:\/\/xn--libert-financire-6pbj.com\/index.php\/wp-json\/wp\/v2\/pages\/1072\/revisions\/1073"}],"wp:attachment":[{"href":"https:\/\/xn--libert-financire-6pbj.com\/index.php\/wp-json\/wp\/v2\/media?parent=1072"}],"curies":[{"name":"wp","href":"https:\/\/api.w.org\/{rel}","templated":true}]}}