{"id":1115,"date":"2025-03-01T21:35:39","date_gmt":"2025-03-01T21:35:39","guid":{"rendered":"https:\/\/xn--libert-financire-6pbj.com\/?page_id=1115"},"modified":"2025-03-01T21:35:40","modified_gmt":"2025-03-01T21:35:40","slug":"lecole-ta-menti-devenir-riche-ca-ne-sapprend-pas-en-classe","status":"publish","type":"page","link":"https:\/\/xn--libert-financire-6pbj.com\/index.php\/lecole-ta-menti-devenir-riche-ca-ne-sapprend-pas-en-classe\/","title":{"rendered":"L\u2019\u00e9cole t\u2019a menti : Devenir riche, \u00e7a ne s\u2019apprend pas en classe"},"content":{"rendered":"\n<p>Tu veux devenir riche, n\u2019est-ce pas ? La majorit\u00e9 d\u2019entre nous r\u00eave de cette libert\u00e9 financi\u00e8re, de cette ind\u00e9pendance, cette vie o\u00f9 l\u2019argent ne serait plus un probl\u00e8me. Mais regarde un peu autour de toi. Tu vois des gens qui bossent dur, font des \u00e9tudes, d\u00e9crochent un dipl\u00f4me et pourtant, ils ne sont toujours pas libres. Ils sont toujours d\u00e9pendants de leur salaire, du ch\u00f4mage, ou pire, des dettes. Pourquoi ? Parce qu\u2019on leur a menti. On leur a dit que l\u2019\u00e9cole allait leur fournir toutes les cl\u00e9s pour r\u00e9ussir. Mais devine quoi ? L\u2019\u00e9cole ne fait que t\u2019apprendre \u00e0 \u00eatre un bon salari\u00e9, pas un cr\u00e9ateur de richesse. T\u2019es pas convaincu ? Laisse-moi t\u2019expliquer.<\/p>\n\n\n\n<p><strong>Les dipl\u00f4mes, \u00e7a ne paye pas l&rsquo;addition<\/strong><\/p>\n\n\n\n<p>L\u2019\u00e9cole t\u2019a enseign\u00e9 \u00e0 \u00eatre sage, \u00e0 rester dans les lignes, \u00e0 faire ce qu\u2019on te dit. Mais qui t\u2019a dit qu\u2019un dipl\u00f4me te garantissait un avenir brillant ? Et qui t\u2019a dit que l\u2019intelligence acad\u00e9mique \u00e9tait la cl\u00e9 du succ\u00e8s financier ? La r\u00e9alit\u00e9, c\u2019est que le monde de l\u2019entrepreneuriat, des investissements, et de la libert\u00e9 financi\u00e8re, ce n\u2019est pas \u00e7a. C\u2019est pas une question de notes ou de mati\u00e8res enseign\u00e9es. C\u2019est une question de comp\u00e9tences pratiques, de mentalit\u00e9, d\u2019audace. T\u2019as d\u00e9j\u00e0 vu un milliardaire avec un Master en philosophie ou en histoire de l\u2019art ? Non, et tu sais pourquoi ? Parce que l\u2019argent ne suit pas les belles dissertations, il suit les bonnes d\u00e9cisions.<\/p>\n\n\n\n<p><strong>La libert\u00e9 financi\u00e8re, ce n\u2019est pas un fantasme. C\u2019est une question de choix.<\/strong><\/p>\n\n\n\n<p>Tu veux savoir pourquoi certaines personnes roulent en Ferrari pendant que d\u2019autres gal\u00e8rent \u00e0 joindre les deux bouts ? Parce qu\u2019elles ont appris \u00e0 penser diff\u00e9remment. Elles ont compris que l\u2019\u00e9cole ne leur apprend pas \u00e0 g\u00e9rer leur argent, \u00e0 investir, \u00e0 cr\u00e9er des sources de revenus passifs. Ces personnes ont compris un principe fondamental : la libert\u00e9 financi\u00e8re n\u2019est pas un r\u00eave r\u00e9serv\u00e9 \u00e0 une \u00e9lite, c\u2019est un choix. Un choix que tu peux faire d\u00e8s aujourd\u2019hui. L\u2019argent, ce n\u2019est pas une question de chance, c\u2019est une question d\u2019opportunit\u00e9s. Et ces opportunit\u00e9s, l\u2019\u00e9cole ne te les montre pas. Tu crois vraiment que t\u2019as tout appris en classe ? Que le syst\u00e8me \u00e9ducatif a une baguette magique pour te rendre riche ? R\u00e9veille-toi, mon ami. L&rsquo;\u00e9cole t\u2019a form\u00e9 \u00e0 devenir un bon petit soldat dans une machine o\u00f9 tu seras toujours pay\u00e9 par un patron qui d\u00e9cide de ton salaire.<\/p>\n\n\n\n<p><strong>La bonne nouvelle : tu peux tout changer d\u00e8s maintenant<\/strong><\/p>\n\n\n\n<p>Tu as les outils pour r\u00e9ussir, ils sont \u00e0 port\u00e9e de main. Mais il va falloir sortir du carcan de ce que l\u2019\u00e9cole t\u2019a enseign\u00e9. Commence par apprendre ce qui fonctionne r\u00e9ellement. Investis dans tes comp\u00e9tences financi\u00e8res, comprends comment l\u2019argent circule, comment en cr\u00e9er sans attendre que quelqu\u2019un te donne ta chance. L\u2019\u00e9cole ne t\u2019a pas appris \u00e0 cr\u00e9er de la valeur, \u00e0 entreprendre, \u00e0 faire travailler l\u2019argent pour toi. Pourtant, c\u2019est exactement ce que les plus riches font : ils ma\u00eetrisent l\u2019art de l\u2019investissement, de la n\u00e9gociation, de la gestion de leurs ressources. Commence petit, mais pense grand. Fais-toi un plan. Et avance. Les r\u00e9sultats seront l\u00e0.<\/p>\n\n\n\n<p><strong>Alors, tu veux continuer \u00e0 croire que l\u2019\u00e9cole va te rendre riche ?<\/strong><\/p>\n\n\n\n<p>Non. L\u2019\u00e9cole ne t\u2019a pas appris la vraie vie, la vraie libert\u00e9. Elle t\u2019a appris \u00e0 survivre dans un monde o\u00f9 l\u2019argent est un probl\u00e8me, pas une solution. Si tu veux sortir de cette boucle, il va falloir apprendre des choses qui ne s\u2019apprennent pas dans un manuel scolaire. Il va falloir bousculer tes certitudes, sortir de ta zone de confort et oser affronter la r\u00e9alit\u00e9 du monde des affaires.<\/p>\n\n\n\n<p><strong>Le moment est venu de prendre les r\u00eanes de ta vie.<\/strong><\/p>\n\n\n\n<p>Il est temps d\u2019arr\u00eater de subir le syst\u00e8me \u00e9ducatif et d&rsquo;agir pour construire ta propre r\u00e9ussite. Le succ\u00e8s ne viendra pas tout seul. Mais il viendra plus vite que tu ne le penses, si tu commences maintenant. Investis dans tes connaissances pratiques, apprends \u00e0 cr\u00e9er, \u00e0 investir, \u00e0 t\u2019entourer des bonnes personnes. C\u2019est \u00e7a la vraie cl\u00e9 de la libert\u00e9 financi\u00e8re. Alors, tu fais quoi maintenant ?<\/p>\n\n\n\n<p><strong>Signe la fin de l\u2019article, Guido SAVERIO<\/strong><\/p>\n\n\n\n<p class=\"has-vivid-red-color has-text-color has-link-color wp-elements-24f05405943883451286be5b4b3c0f5e\"><strong>PS : Si cet article t\u2019a r\u00e9veill\u00e9 et que tu veux que d\u2019autres prennent conscience de la v\u00e9rit\u00e9, partage-le. N\u2019attends pas que l\u2019\u00e9cole change pour toi. Change ta mani\u00e8re de voir le monde, maintenant.<\/strong><\/p>\n","protected":false},"excerpt":{"rendered":"<p>Tu veux devenir riche, n\u2019est-ce pas ? La majorit\u00e9 d\u2019entre nous r\u00eave de cette libert\u00e9 financi\u00e8re, de cette ind\u00e9pendance, cette vie o\u00f9 l\u2019argent ne serait plus un probl\u00e8me. Mais regarde un peu autour de toi. Tu vois des gens qui&#8230; <a href=\"https:\/\/xn--libert-financire-6pbj.com\/index.php\/lecole-ta-menti-devenir-riche-ca-ne-sapprend-pas-en-classe\/\" class=\"readmore\">Read more<span class=\"screen-reader-text\">L\u2019\u00e9cole t\u2019a menti : Devenir riche, \u00e7a ne s\u2019apprend pas en classe<\/span><span class=\"fa fa-angle-double-right\" aria-hidden=\"true\"><\/span><\/a><\/p>\n","protected":false},"author":1,"featured_media":0,"parent":0,"menu_order":0,"comment_status":"closed","ping_status":"closed","template":"","meta":{"footnotes":""},"_links":{"self":[{"href":"https:\/\/xn--libert-financire-6pbj.com\/index.php\/wp-json\/wp\/v2\/pages\/1115"}],"collection":[{"href":"https:\/\/xn--libert-financire-6pbj.com\/index.php\/wp-json\/wp\/v2\/pages"}],"about":[{"href":"https:\/\/xn--libert-financire-6pbj.com\/index.php\/wp-json\/wp\/v2\/types\/page"}],"author":[{"embeddable":true,"href":"https:\/\/xn--libert-financire-6pbj.com\/index.php\/wp-json\/wp\/v2\/users\/1"}],"replies":[{"embeddable":true,"href":"https:\/\/xn--libert-financire-6pbj.com\/index.php\/wp-json\/wp\/v2\/comments?post=1115"}],"version-history":[{"count":1,"href":"https:\/\/xn--libert-financire-6pbj.com\/index.php\/wp-json\/wp\/v2\/pages\/1115\/revisions"}],"predecessor-version":[{"id":1116,"href":"https:\/\/xn--libert-financire-6pbj.com\/index.php\/wp-json\/wp\/v2\/pages\/1115\/revisions\/1116"}],"wp:attachment":[{"href":"https:\/\/xn--libert-financire-6pbj.com\/index.php\/wp-json\/wp\/v2\/media?parent=1115"}],"curies":[{"name":"wp","href":"https:\/\/api.w.org\/{rel}","templated":true}]}}