{"id":1162,"date":"2025-09-21T14:32:37","date_gmt":"2025-09-21T14:32:37","guid":{"rendered":"https:\/\/xn--libert-financire-6pbj.com\/?page_id=1162"},"modified":"2025-11-12T17:18:26","modified_gmt":"2025-11-12T17:18:26","slug":"bienvenue-sur-liberte-financiere","status":"publish","type":"page","link":"https:\/\/xn--libert-financire-6pbj.com\/index.php\/bienvenue-sur-liberte-financiere\/","title":{"rendered":"Bienvenue sur Libert\u00e9 Financi\u00e8re"},"content":{"rendered":"\n<div class=\"wp-block-columns is-layout-flex wp-container-core-columns-is-layout-1 wp-block-columns-is-layout-flex\">\n<div class=\"wp-block-column is-layout-flow wp-block-column-is-layout-flow\"><div class=\"wp-block-image\">\n<figure class=\"aligncenter is-resized\"><img loading=\"lazy\" decoding=\"async\" width=\"512\" height=\"768\" src=\"https:\/\/xn--libert-financire-6pbj.com\/wp-content\/uploads\/2025\/08\/ChatGPT-Image-24-aout-2025-18_3.png\" alt=\"\" class=\"wp-image-1140\" style=\"width:154px;height:auto\" srcset=\"https:\/\/xn--libert-financire-6pbj.com\/wp-content\/uploads\/2025\/08\/ChatGPT-Image-24-aout-2025-18_3.png 512w, https:\/\/xn--libert-financire-6pbj.com\/wp-content\/uploads\/2025\/08\/ChatGPT-Image-24-aout-2025-18_3-200x300.png 200w\" sizes=\"(max-width: 512px) 100vw, 512px\" \/><\/figure><\/div><\/div>\n\n\n\n<div class=\"wp-block-column is-layout-flow wp-block-column-is-layout-flow\"><div class=\"wp-block-image\">\n<figure class=\"aligncenter is-resized\"><a href=\"https:\/\/xn--libert-financire-6pbj.com\/index.php\/la-liberte-financiere-manuel-hardcore-de-survie\/\"><img loading=\"lazy\" decoding=\"async\" width=\"512\" height=\"768\" src=\"https:\/\/xn--libert-financire-6pbj.com\/wp-content\/uploads\/2025\/09\/ChatGPT-Image-7-sept.-2025-00_4-1.png\" alt=\"\" class=\"wp-image-1149\" style=\"width:145px;height:auto\" srcset=\"https:\/\/xn--libert-financire-6pbj.com\/wp-content\/uploads\/2025\/09\/ChatGPT-Image-7-sept.-2025-00_4-1.png 512w, https:\/\/xn--libert-financire-6pbj.com\/wp-content\/uploads\/2025\/09\/ChatGPT-Image-7-sept.-2025-00_4-1-200x300.png 200w\" sizes=\"(max-width: 512px) 100vw, 512px\" \/><\/a><\/figure><\/div><\/div>\n\n\n\n<div class=\"wp-block-column is-layout-flow wp-block-column-is-layout-flow\"><div class=\"wp-block-image\">\n<figure class=\"aligncenter size-full is-resized\"><a href=\"https:\/\/xn--libert-financire-6pbj.com\/index.php\/ton-banquier-ne-taime-pas-reprends-le-controle\/\"><img loading=\"lazy\" decoding=\"async\" width=\"512\" height=\"768\" src=\"https:\/\/xn--libert-financire-6pbj.com\/wp-content\/uploads\/2025\/09\/ChatGPT-Image-7-sept.-2025-01_1-1.png\" alt=\"\" class=\"wp-image-1159\" style=\"width:139px;height:auto\" srcset=\"https:\/\/xn--libert-financire-6pbj.com\/wp-content\/uploads\/2025\/09\/ChatGPT-Image-7-sept.-2025-01_1-1.png 512w, https:\/\/xn--libert-financire-6pbj.com\/wp-content\/uploads\/2025\/09\/ChatGPT-Image-7-sept.-2025-01_1-1-200x300.png 200w\" sizes=\"(max-width: 512px) 100vw, 512px\" \/><\/a><\/figure><\/div><\/div>\n<\/div>\n\n\n\n<p class=\"has-text-align-center\"><a href=\"https:\/\/xn--libert-financire-6pbj.com\/index.php\/la-verite-crade-sur-largent-et-comment-ten-sortir\/\">La v\u00e9rit\u00e9 crade sur l\u2019argent (et comment t\u2019en sortir)<\/a><\/p>\n\n\n\n<h3 class=\"wp-block-heading\"><strong>Bienvenue sur Libert\u00e9 Financi\u00e8re \u2013 L\u00e0 o\u00f9 on arr\u00eate de jouer les victimes et on prend le contr\u00f4le<\/strong><\/h3>\n\n\n\n<h4 class=\"wp-block-heading\">\ud83d\udc80 <strong>La v\u00e9rit\u00e9 crue sur l\u2019argent que personne n\u2019ose te dire<\/strong><\/h4>\n\n\n\n<p>Si tu es venu ici pour des conseils classiques du genre <em>\u00ab\u00a0fais un budget, \u00e9conomise sur ton caf\u00e9 et travaille dur pendant 40 ans\u00a0\u00bb<\/em>, tu peux fermer cette page tout de suite.<\/p>\n\n\n\n<p>Ici, on parle <strong>vraie ind\u00e9pendance financi\u00e8re<\/strong>, pas de survie.<br>On parle <strong>fuck le 9-5<\/strong>, pas \u00ab\u00a0monte les \u00e9chelons\u00a0\u00bb.<br>On parle <strong>choisir sa vie<\/strong>, pas \u00ab\u00a0attends la retraite\u00a0\u00bb.<\/p>\n\n\n\n<p>Parce que la v\u00e9rit\u00e9, c\u2019est que le syst\u00e8me veut que tu sois docile, endett\u00e9 et trop occup\u00e9 pour r\u00e9aliser que tu es encha\u00een\u00e9.<\/p>\n\n\n\n<h4 class=\"wp-block-heading\">\ud83d\udcb0 <strong>Libert\u00e9 Financi\u00e8re, c\u2019est pour qui ?<\/strong><\/h4>\n\n\n\n<p>\ud83d\udd25 <strong>Si tu es fatigu\u00e9 de survivre et que tu veux vivre.<\/strong><br>\ud83d\udd25 <strong>Si tu veux apprendre \u00e0 faire bosser l\u2019argent pour toi, pas l\u2019inverse.<\/strong><br>\ud83d\udd25 <strong>Si tu es pr\u00eat \u00e0 entendre des v\u00e9rit\u00e9s qui vont piquer un peu (mais te r\u00e9veiller).<\/strong><\/p>\n\n\n\n<p>Alors bienvenue, t\u2019es au bon endroit.<\/p>\n\n\n\n<h4 class=\"wp-block-heading\">\ud83c\udfc6 <strong>On va parler de quoi ici ?<\/strong><\/h4>\n\n\n\n<p>\ud83d\udc80 Pourquoi ton job est une illusion de s\u00e9curit\u00e9.<br>\ud83d\udcb0 Comment arr\u00eater d\u2019\u00e9changer ton temps contre de l\u2019argent.<br>\ud83d\ude80 Les vraies strat\u00e9gies pour \u00eatre libre avant 60 ans (spoiler : \u00e7a implique pas de te priver de tout).<br>\ud83c\udfad Pourquoi \u00ab\u00a0faire des \u00e9conomies\u00a0\u00bb est une mentalit\u00e9 de pauvre et ce que les riches font \u00e0 la place.<br>\u26a0\ufe0f Comment arr\u00eater d\u2019\u00eatre un esclave de ton salaire.<\/p>\n\n\n\n<h4 class=\"wp-block-heading\"><strong>\ud83d\udce9 T\u2019es chaud ?<\/strong><\/h4>\n\n\n\n<p>Si t\u2019es pr\u00eat \u00e0 changer de mindset et \u00e0 prendre le contr\u00f4le, inscris-toi.<br>Sinon, continue de bosser pour quelqu\u2019un d\u2019autre.<\/p>\n\n\n\n<hr class=\"wp-block-separator has-alpha-channel-opacity\"\/>\n\n\n\n<div class=\"wp-block-columns is-layout-flex wp-container-core-columns-is-layout-2 wp-block-columns-is-layout-flex\">\n<div class=\"wp-block-column is-layout-flow wp-block-column-is-layout-flow\" style=\"flex-basis:25%\"><\/div>\n\n\n\n<div class=\"wp-block-column is-layout-flow wp-block-column-is-layout-flow\" style=\"flex-basis:50%\"><\/div>\n\n\n\n<div class=\"wp-block-column is-layout-flow wp-block-column-is-layout-flow\" style=\"flex-basis:25%\"><\/div>\n<\/div>\n\n\n\n<h3 class=\"wp-block-heading\"><strong>. <em><a href=\"https:\/\/xn--libert-financire-6pbj.com\/index.php\/travailler-dur-cest-pour-les-pigeons-la-vraie-facon-de-devenir-riche\/\">1.\u00a0\u00bbTravailler dur, c\u2019est pour les pigeons : La vraie fa\u00e7on de devenir riche\u00a0\u00bb<\/a><\/em><\/strong><\/h3>\n\n\n\n<p><em>(D\u00e9molition du mythe du travail acharn\u00e9 et focus sur les strat\u00e9gies intelligentes : investissement, effet de levier, mindset)<\/em><\/p>\n\n\n\n<h3 class=\"wp-block-heading\"><strong>2.<em><a href=\"https:\/\/xn--libert-financire-6pbj.com\/index.php\/ta-banque-te-baise-pourquoi-les-riches-ne-gardent-jamais-leur-argent-sur-un-compte-epargne\/\"> \u00ab\u00a0Ta banque te baise : Pourquoi les riches ne gardent jamais leur argent sur un compte \u00e9pargne\u00a0\u00bb<\/a><\/em><\/strong><\/h3>\n\n\n\n<p><em>(Critique des banques, inflation, perte de pouvoir d\u2019achat, et alternatives pour faire fructifier son argent)<\/em><\/p>\n\n\n\n<h3 class=\"wp-block-heading\"><strong>3. \u00ab\u00a0<em><a href=\"https:\/\/xn--libert-financire-6pbj.com\/index.php\/arrete-de-jouer-au-bon-eleve-pourquoi-suivre-les-regles-tempeche-detre-libre-financierement\/\">Arr\u00eate de jouer au bon \u00e9l\u00e8ve : Pourquoi suivre les r\u00e8gles t\u2019emp\u00eache d\u2019\u00eatre libre financi\u00e8rement<\/a><\/em>\u00ab\u00a0<\/strong><\/h3>\n\n\n\n<p><em>(D\u00e9truire le concept de la voie traditionnelle : \u00e9tudes + CDI + retraite, et parler des vraies strat\u00e9gies d\u2019ind\u00e9pendance financi\u00e8re)<\/em><\/p>\n\n\n\n<h3 class=\"wp-block-heading\"><strong>4. \u00ab\u00a0<em><a href=\"https:\/\/xn--libert-financire-6pbj.com\/index.php\/les-conseils-de-finances-persos-sont-pour-les-pauvres-voila-ce-que-les-riches-font-a-la-place\/\">Les conseils de finances persos sont pour les pauvres : Voil\u00e0 ce que les riches font \u00e0 la place<\/a><\/em>\u00ab\u00a0<\/strong><\/h3>\n\n\n\n<p><em>(Critique des conseils classiques type \u00ab\u00a0\u00e9conomise ton caf\u00e9 Starbucks\u00a0\u00bb vs. la vraie approche : investissement, mindset d\u2019abondance, leverage)<\/em><\/p>\n\n\n\n<h3 class=\"wp-block-heading\"><strong>5. <em><a href=\"https:\/\/xn--libert-financire-6pbj.com\/index.php\/fuck-la-retraite-comment-etre-libre-avant-60-ans\/\">\u00ab\u00a0Fuck la retraite : Comment \u00eatre libre AVANT 60 ans\u00a0\u00bb<\/a><\/em><\/strong><\/h3>\n\n\n\n<p><em>(M\u00e9thodes FIRE, entrepreneuriat, revenus passifs, lifestyle design)<\/em><\/p>\n\n\n\n<h3 class=\"wp-block-heading\"><strong>6. \u00ab\u00a0<em><a href=\"https:\/\/xn--libert-financire-6pbj.com\/index.php\/tu-nes-pas-fauche-tu-es-juste-nul-avec-largent\/\">Tu n\u2019es pas fauch\u00e9, tu es juste nul avec l\u2019argent<\/a><\/em>\u00ab\u00a0<\/strong><\/h3>\n\n\n\n<p><em>(Provocation sur la mentalit\u00e9 de victime financi\u00e8re et comment prendre le contr\u00f4le de son argent, sans excuses)<\/em><\/p>\n\n\n\n<h3 class=\"wp-block-heading\"><strong>7. \u00ab\u00a0<em><a href=\"https:\/\/xn--libert-financire-6pbj.com\/index.php\/les-winners-investissent-les-losers-economisent\/\">Les winners investissent, les losers \u00e9conomisent<\/a><\/em>\u00ab\u00a0<\/strong><\/h3>\n\n\n\n<p><em>(Opposition entre la mentalit\u00e9 des riches qui placent leur argent et ceux qui th\u00e9saurisent par peur)<\/em><\/p>\n\n\n\n<h3 class=\"wp-block-heading\"><strong>8. <em><a href=\"https:\/\/xn--libert-financire-6pbj.com\/index.php\/lecole-ta-menti-devenir-riche-ca-ne-sapprend-pas-en-classe\/\">\u00ab\u00a0L\u2019\u00e9cole t\u2019a menti : Devenir riche, \u00e7a ne s\u2019apprend pas en classe\u00a0\u00bb<\/a><\/em><\/strong><\/h3>\n\n\n\n<p><em>(Critique du syst\u00e8me \u00e9ducatif et des comp\u00e9tences essentielles pour la libert\u00e9 financi\u00e8re)<\/em><\/p>\n\n\n\n<h3 class=\"wp-block-heading\"><strong>9. \u00ab\u00a0<em><a href=\"https:\/\/xn--libert-financire-6pbj.com\/index.php\/ton-salaire-cest-une-drogue-comment-arreter-detre-accro-et-devenir-libre\/\">Ton salaire, c\u2019est une drogue : Comment arr\u00eater d\u2019\u00eatre accro et devenir libre<\/a><\/em>\u00ab\u00a0<\/strong><\/h3>\n\n\n\n<p><em>(D\u00e9pendance au salaire, n\u00e9cessit\u00e9 de diversifier ses revenus, entrepreneuriat, investissement)<\/em><\/p>\n\n\n\n<h3 class=\"wp-block-heading\"><strong>10. \u00ab\u00a0<em><a href=\"https:\/\/xn--libert-financire-6pbj.com\/index.php\/briser-tes-chaines-pourquoi-ton-boulot-est-une-prison-doree\/\">Briser tes cha\u00eenes : Pourquoi ton boulot est une prison dor\u00e9e<\/a><\/em>\u00ab\u00a0<\/strong><\/h3>\n\n\n\n<p><em>(Le pi\u00e8ge du \u00ab\u00a0bon job\u00a0\u00bb et comment s\u2019en lib\u00e9rer pour vraiment vivre)<\/em><\/p>\n\n\n\n<p><strong><a href=\"https:\/\/guidosaverio.com\/\">Guido SAVERIO<\/a><\/strong><\/p>\n","protected":false},"excerpt":{"rendered":"<p>La v\u00e9rit\u00e9 crade sur l\u2019argent (et comment t\u2019en sortir) Bienvenue sur Libert\u00e9 Financi\u00e8re \u2013 L\u00e0 o\u00f9 on arr\u00eate de jouer les victimes et on prend le contr\u00f4le \ud83d\udc80 La v\u00e9rit\u00e9 crue sur l\u2019argent que personne n\u2019ose te dire Si tu&#8230; <a href=\"https:\/\/xn--libert-financire-6pbj.com\/index.php\/bienvenue-sur-liberte-financiere\/\" class=\"readmore\">Read more<span class=\"screen-reader-text\">Bienvenue sur Libert\u00e9 Financi\u00e8re<\/span><span class=\"fa fa-angle-double-right\" aria-hidden=\"true\"><\/span><\/a><\/p>\n","protected":false},"author":1,"featured_media":0,"parent":0,"menu_order":0,"comment_status":"closed","ping_status":"closed","template":"","meta":{"footnotes":""},"_links":{"self":[{"href":"https:\/\/xn--libert-financire-6pbj.com\/index.php\/wp-json\/wp\/v2\/pages\/1162"}],"collection":[{"href":"https:\/\/xn--libert-financire-6pbj.com\/index.php\/wp-json\/wp\/v2\/pages"}],"about":[{"href":"https:\/\/xn--libert-financire-6pbj.com\/index.php\/wp-json\/wp\/v2\/types\/page"}],"author":[{"embeddable":true,"href":"https:\/\/xn--libert-financire-6pbj.com\/index.php\/wp-json\/wp\/v2\/users\/1"}],"replies":[{"embeddable":true,"href":"https:\/\/xn--libert-financire-6pbj.com\/index.php\/wp-json\/wp\/v2\/comments?post=1162"}],"version-history":[{"count":2,"href":"https:\/\/xn--libert-financire-6pbj.com\/index.php\/wp-json\/wp\/v2\/pages\/1162\/revisions"}],"predecessor-version":[{"id":1179,"href":"https:\/\/xn--libert-financire-6pbj.com\/index.php\/wp-json\/wp\/v2\/pages\/1162\/revisions\/1179"}],"wp:attachment":[{"href":"https:\/\/xn--libert-financire-6pbj.com\/index.php\/wp-json\/wp\/v2\/media?parent=1162"}],"curies":[{"name":"wp","href":"https:\/\/api.w.org\/{rel}","templated":true}]}}