{"id":1189,"date":"2025-11-28T21:45:32","date_gmt":"2025-11-28T21:45:32","guid":{"rendered":"https:\/\/xn--libert-financire-6pbj.com\/?page_id=1189"},"modified":"2025-11-28T21:47:32","modified_gmt":"2025-11-28T21:47:32","slug":"tests-auto-evaluations","status":"publish","type":"page","link":"https:\/\/xn--libert-financire-6pbj.com\/index.php\/tests-auto-evaluations\/","title":{"rendered":"TESTS AUTO EVALUATIONS"},"content":{"rendered":"\n<p class=\"has-text-align-center has-medium-font-size\"><strong>D\u00e9couvre ce que tu sais vraiment sur l\u2019argent et deviens ma\u00eetre de tes finances !<\/strong><\/p>\n\n\n<div class=\"wp-block-image\">\n<figure class=\"aligncenter size-full is-resized\"><img loading=\"lazy\" decoding=\"async\" width=\"512\" height=\"341\" src=\"https:\/\/xn--libert-financire-6pbj.com\/wp-content\/uploads\/2025\/11\/ChatGPT-Image-28-nov.-2025-22_4.png\" alt=\"\" class=\"wp-image-1239\" style=\"width:260px;height:auto\" srcset=\"https:\/\/xn--libert-financire-6pbj.com\/wp-content\/uploads\/2025\/11\/ChatGPT-Image-28-nov.-2025-22_4.png 512w, https:\/\/xn--libert-financire-6pbj.com\/wp-content\/uploads\/2025\/11\/ChatGPT-Image-28-nov.-2025-22_4-300x200.png 300w\" sizes=\"(max-width: 512px) 100vw, 512px\" \/><\/figure><\/div>\n\n\n<ul>\n<li><strong><a href=\"https:\/\/xn--libert-financire-6pbj.com\/index.php\/quiz-connaissances-sur-la-liberte-financiere\/\">Quiz : Connaissances sur la libert\u00e9 financi\u00e8re<\/a><\/strong><\/li>\n\n\n\n<li><strong><a href=\"https:\/\/xn--libert-financire-6pbj.com\/index.php\/quiz-vos-habitudes-financieres\/\">Quiz : Vos habitudes financi\u00e8res<\/a><\/strong><\/li>\n\n\n\n<li><strong><a href=\"https:\/\/xn--libert-financire-6pbj.com\/index.php\/quiz-strategies-pour-la-liberte-financiere\/\">Quiz : Strat\u00e9gies pour la libert\u00e9 financi\u00e8re<\/a><\/strong><\/li>\n\n\n\n<li><strong><a href=\"https:\/\/xn--libert-financire-6pbj.com\/index.php\/quiz-les-revenus-passifs\/\">Quiz : Les revenus passifs<\/a><\/strong><\/li>\n\n\n\n<li><strong><a href=\"https:\/\/xn--libert-financire-6pbj.com\/index.php\/quiz-depenses-et-budget\/\">Quiz : D\u00e9penses et budget<\/a><\/strong><\/li>\n\n\n\n<li><strong><a href=\"https:\/\/xn--libert-financire-6pbj.com\/index.php\/quiz-epargne-et-investissement\/\">Quiz :<\/a><\/strong><a href=\"https:\/\/xn--libert-financire-6pbj.com\/index.php\/quiz-epargne-et-investissement\/\"> <\/a><strong><a href=\"https:\/\/xn--libert-financire-6pbj.com\/index.php\/quiz-epargne-et-investissement\/\">\u00c9pargne et investissement<\/a><\/strong><\/li>\n\n\n\n<li><strong><a href=\"https:\/\/xn--libert-financire-6pbj.com\/index.php\/quiz-endettement-et-credits\/\">Quiz : Endettement et cr\u00e9dits<\/a><\/strong><\/li>\n\n\n\n<li><strong><a href=\"https:\/\/xn--libert-financire-6pbj.com\/index.php\/quiz-mentalite-financiere\/\">Quiz : Mentalit\u00e9 financi\u00e8re<\/a><\/strong><\/li>\n\n\n\n<li><strong><a href=\"https:\/\/xn--libert-financire-6pbj.com\/index.php\/quiz-investissement-avance\/\">Quiz : Investissement avanc\u00e9<\/a><\/strong><\/li>\n\n\n\n<li><strong><a href=\"https:\/\/xn--libert-financire-6pbj.com\/index.php\/quiz-liberte-financiere-et-style-de-vie\/\">Quiz : Libert\u00e9 financi\u00e8re et style de vie<\/a><\/strong><\/li>\n\n\n\n<li><strong><a href=\"https:\/\/xn--libert-financire-6pbj.com\/index.php\/quiz-revenus-et-sources-multiples\/\">Quiz : Revenus et sources multiples<\/a><\/strong><\/li>\n\n\n\n<li><strong><a href=\"https:\/\/xn--libert-financire-6pbj.com\/index.php\/quiz-habitudes-des-millionnaires\/\">Quiz : Habitudes des millionnaires<\/a><\/strong><\/li>\n\n\n\n<li><strong><a href=\"https:\/\/xn--libert-financire-6pbj.com\/index.php\/quiz-planification-financiere\/\">Quiz : Planification financi\u00e8re<\/a><\/strong><\/li>\n\n\n\n<li><strong><a href=\"https:\/\/xn--libert-financire-6pbj.com\/index.php\/quiz-gestion-du-risque\/\">Quiz : Gestion du risque<\/a><\/strong><\/li>\n\n\n\n<li><strong><a href=\"https:\/\/xn--libert-financire-6pbj.com\/index.php\/quiz-fiscalite-et-optimisation\/\">Quiz : Fiscalit\u00e9 et optimisation<\/a><\/strong><\/li>\n\n\n\n<li><strong><a href=\"https:\/\/xn--libert-financire-6pbj.com\/index.php\/quiz-psychologie-de-largent\/\">Quiz : Psychologie de l\u2019argent<\/a><\/strong><\/li>\n\n\n\n<li><strong><a href=\"https:\/\/xn--libert-financire-6pbj.com\/index.php\/quiz-gestion-des-depenses\/\">Quiz : Gestion des d\u00e9penses<\/a><\/strong><\/li>\n\n\n\n<li><strong><a href=\"https:\/\/xn--libert-financire-6pbj.com\/index.php\/quiz-strategies-dinvestissement\/\">Quiz : Strat\u00e9gies d\u2019investissement<\/a><\/strong><\/li>\n\n\n\n<li><strong><a href=\"https:\/\/xn--libert-financire-6pbj.com\/index.php\/quiz-liberte-financiere-et-style-de-vie-2\/\">Quiz : Libert\u00e9 financi\u00e8re et style de vie<\/a><\/strong><\/li>\n\n\n\n<li><strong><a href=\"https:\/\/xn--libert-financire-6pbj.com\/index.php\/quiz-objectifs-financiers-et-motivation\/\">Quiz : Objectifs financiers et motivation<\/a><\/strong><\/li>\n\n\n\n<li><strong><a href=\"https:\/\/xn--libert-financire-6pbj.com\/index.php\/quiz-entrepreneuriat-et-liberte-financiere\/\">Quiz : Entrepreneuriat et libert\u00e9 financi\u00e8re<\/a><\/strong><\/li>\n\n\n\n<li><strong><a href=\"https:\/\/xn--libert-financire-6pbj.com\/index.php\/quiz-automatisation-des-finances\/\">Quiz : Automatisation des finances<\/a><\/strong><\/li>\n\n\n\n<li><strong><a href=\"https:\/\/xn--libert-financire-6pbj.com\/index.php\/quiz-investissements-alternatifs\/\">Quiz : Investissements alternatifs<\/a><\/strong><\/li>\n\n\n\n<li><strong><a href=\"https:\/\/xn--libert-financire-6pbj.com\/index.php\/quiz-education-financiere\/\">Quiz : \u00c9ducation financi\u00e8re<\/a><\/strong><\/li>\n\n\n\n<li><strong><a href=\"https:\/\/xn--libert-financire-6pbj.com\/index.php\/quiz-patience-et-horizon-long-terme\/\">Quiz : Patience et horizon long terme<\/a><\/strong><\/li>\n<\/ul>\n","protected":false},"excerpt":{"rendered":"<p>D\u00e9couvre ce que tu sais vraiment sur l\u2019argent et deviens ma\u00eetre de tes finances !<\/p>\n","protected":false},"author":1,"featured_media":0,"parent":0,"menu_order":0,"comment_status":"closed","ping_status":"closed","template":"","meta":{"footnotes":""},"_links":{"self":[{"href":"https:\/\/xn--libert-financire-6pbj.com\/index.php\/wp-json\/wp\/v2\/pages\/1189"}],"collection":[{"href":"https:\/\/xn--libert-financire-6pbj.com\/index.php\/wp-json\/wp\/v2\/pages"}],"about":[{"href":"https:\/\/xn--libert-financire-6pbj.com\/index.php\/wp-json\/wp\/v2\/types\/page"}],"author":[{"embeddable":true,"href":"https:\/\/xn--libert-financire-6pbj.com\/index.php\/wp-json\/wp\/v2\/users\/1"}],"replies":[{"embeddable":true,"href":"https:\/\/xn--libert-financire-6pbj.com\/index.php\/wp-json\/wp\/v2\/comments?post=1189"}],"version-history":[{"count":2,"href":"https:\/\/xn--libert-financire-6pbj.com\/index.php\/wp-json\/wp\/v2\/pages\/1189\/revisions"}],"predecessor-version":[{"id":1240,"href":"https:\/\/xn--libert-financire-6pbj.com\/index.php\/wp-json\/wp\/v2\/pages\/1189\/revisions\/1240"}],"wp:attachment":[{"href":"https:\/\/xn--libert-financire-6pbj.com\/index.php\/wp-json\/wp\/v2\/media?parent=1189"}],"curies":[{"name":"wp","href":"https:\/\/api.w.org\/{rel}","templated":true}]}}