{"id":1190,"date":"2025-11-28T21:07:50","date_gmt":"2025-11-28T21:07:50","guid":{"rendered":"https:\/\/xn--libert-financire-6pbj.com\/?page_id=1190"},"modified":"2025-11-28T21:07:50","modified_gmt":"2025-11-28T21:07:50","slug":"quiz-vos-habitudes-financieres","status":"publish","type":"page","link":"https:\/\/xn--libert-financire-6pbj.com\/index.php\/quiz-vos-habitudes-financieres\/","title":{"rendered":"Quiz : Vos habitudes financi\u00e8res"},"content":{"rendered":"\n<div id=\"quiz2\">\n  <h3>Quiz : Vos habitudes financi\u00e8res<\/h3>\n  <div id=\"q1\">\n    <p>1. \u00c9pargnez-vous r\u00e9guli\u00e8rement une partie de vos revenus ?<\/p>\n    <button onclick=\"checkAnswer2(this, true)\">Oui<\/button>\n    <button onclick=\"checkAnswer2(this, false)\">Non<\/button>\n  <\/div>\n  <div id=\"q2\">\n    <p>2. Avez-vous des dettes \u00e0 taux \u00e9lev\u00e9 ?<\/p>\n    <button onclick=\"checkAnswer2(this, false)\">Oui<\/button>\n    <button onclick=\"checkAnswer2(this, true)\">Non<\/button>\n  <\/div>\n  <div id=\"q3\">\n    <p>3. Suivez-vous vos d\u00e9penses chaque mois ?<\/p>\n    <button onclick=\"checkAnswer2(this, true)\">Oui<\/button>\n    <button onclick=\"checkAnswer2(this, false)\">Non<\/button>\n  <\/div>\n  <div id=\"q4\">\n    <p>4. Investissez-vous dans des actifs qui g\u00e9n\u00e8rent des revenus ?<\/p>\n    <button onclick=\"checkAnswer2(this, true)\">Oui<\/button>\n    <button onclick=\"checkAnswer2(this, false)\">Non<\/button>\n  <\/div>\n  <div id=\"q5\">\n    <p>5. Avez-vous un plan pour atteindre la libert\u00e9 financi\u00e8re ?<\/p>\n    <button onclick=\"checkAnswer2(this, true)\">Oui<\/button>\n    <button onclick=\"checkAnswer2(this, false)\">Non<\/button>\n  <\/div>\n  <p id=\"quiz2-result\" style=\"font-weight:bold; margin-top:10px;\"><\/p>\n<\/div>\n\n<script>\nfunction checkAnswer2(btn, correct){\n  if(correct){\n    btn.style.backgroundColor=\"green\";\n    btn.innerText+=\" \u2705 Bien\";\n  } else {\n    btn.style.backgroundColor=\"red\";\n    btn.innerText+=\" \u274c Mauvais\";\n  }\n  const buttons=btn.parentNode.querySelectorAll(\"button\");\n  buttons.forEach(b=>b.disabled=true);\n}\n<\/script>\n\n","protected":false},"excerpt":{"rendered":"<p>Quiz : Vos habitudes financi\u00e8res 1. \u00c9pargnez-vous r\u00e9guli\u00e8rement une partie de vos revenus ? Oui Non 2. Avez-vous des dettes \u00e0 taux \u00e9lev\u00e9 ? Oui Non 3. Suivez-vous vos d\u00e9penses chaque mois ? Oui Non 4. Investissez-vous dans des actifs&#8230; <a href=\"https:\/\/xn--libert-financire-6pbj.com\/index.php\/quiz-vos-habitudes-financieres\/\" class=\"readmore\">Read more<span class=\"screen-reader-text\">Quiz : Vos habitudes financi\u00e8res<\/span><span class=\"fa fa-angle-double-right\" aria-hidden=\"true\"><\/span><\/a><\/p>\n","protected":false},"author":1,"featured_media":0,"parent":0,"menu_order":0,"comment_status":"closed","ping_status":"closed","template":"","meta":{"footnotes":""},"_links":{"self":[{"href":"https:\/\/xn--libert-financire-6pbj.com\/index.php\/wp-json\/wp\/v2\/pages\/1190"}],"collection":[{"href":"https:\/\/xn--libert-financire-6pbj.com\/index.php\/wp-json\/wp\/v2\/pages"}],"about":[{"href":"https:\/\/xn--libert-financire-6pbj.com\/index.php\/wp-json\/wp\/v2\/types\/page"}],"author":[{"embeddable":true,"href":"https:\/\/xn--libert-financire-6pbj.com\/index.php\/wp-json\/wp\/v2\/users\/1"}],"replies":[{"embeddable":true,"href":"https:\/\/xn--libert-financire-6pbj.com\/index.php\/wp-json\/wp\/v2\/comments?post=1190"}],"version-history":[{"count":1,"href":"https:\/\/xn--libert-financire-6pbj.com\/index.php\/wp-json\/wp\/v2\/pages\/1190\/revisions"}],"predecessor-version":[{"id":1191,"href":"https:\/\/xn--libert-financire-6pbj.com\/index.php\/wp-json\/wp\/v2\/pages\/1190\/revisions\/1191"}],"wp:attachment":[{"href":"https:\/\/xn--libert-financire-6pbj.com\/index.php\/wp-json\/wp\/v2\/media?parent=1190"}],"curies":[{"name":"wp","href":"https:\/\/api.w.org\/{rel}","templated":true}]}}