{"id":1200,"date":"2025-11-28T21:16:51","date_gmt":"2025-11-28T21:16:51","guid":{"rendered":"https:\/\/xn--libert-financire-6pbj.com\/?page_id=1200"},"modified":"2025-11-28T21:16:51","modified_gmt":"2025-11-28T21:16:51","slug":"quiz-endettement-et-credits","status":"publish","type":"page","link":"https:\/\/xn--libert-financire-6pbj.com\/index.php\/quiz-endettement-et-credits\/","title":{"rendered":"Quiz : Endettement et cr\u00e9dits"},"content":{"rendered":"\n<div id=\"quiz7\">\n  <h3>Quiz : Endettement et cr\u00e9dits<\/h3>\n  <div id=\"q1\">\n    <p>1. Quel est un danger des cr\u00e9dits \u00e0 taux \u00e9lev\u00e9 ?<\/p>\n    <button onclick=\"checkAnswer7(this, true)\">Accumulation rapide des int\u00e9r\u00eats et dettes<\/button>\n    <button onclick=\"checkAnswer7(this, false)\">Augmentation imm\u00e9diate de son revenu<\/button>\n    <button onclick=\"checkAnswer7(this, false)\">Libert\u00e9 financi\u00e8re instantan\u00e9e<\/button>\n  <\/div>\n  <div id=\"q2\">\n    <p>2. Quelle est la meilleure pratique avant de contracter un cr\u00e9dit ?<\/p>\n    <button onclick=\"checkAnswer7(this, true)\">Comparer les taux et planifier le remboursement<\/button>\n    <button onclick=\"checkAnswer7(this, false)\">Emprunter sans r\u00e9fl\u00e9chir<\/button>\n    <button onclick=\"checkAnswer7(this, false)\">Toujours demander le plus gros cr\u00e9dit possible<\/button>\n  <\/div>\n  <div id=\"q3\">\n    <p>3. Que signifie \u201ctaux d\u2019endettement\u201d ?<\/p>\n    <button onclick=\"checkAnswer7(this, true)\">Proportion de ses revenus consacr\u00e9e au remboursement des dettes<\/button>\n    <button onclick=\"checkAnswer7(this, false)\">Nombre de cr\u00e9dits qu\u2019on a<\/button>\n    <button onclick=\"checkAnswer7(this, false)\">Montant total de son compte en banque<\/button>\n  <\/div>\n  <div id=\"q4\">\n    <p>4. Que faut-il \u00e9viter pour pr\u00e9server sa libert\u00e9 financi\u00e8re ?<\/p>\n    <button onclick=\"checkAnswer7(this, true)\">Accumuler des dettes inutiles<\/button>\n    <button onclick=\"checkAnswer7(this, false)\">\u00c9pargner r\u00e9guli\u00e8rement<\/button>\n    <button onclick=\"checkAnswer7(this, false)\">Investir intelligemment<\/button>\n  <\/div>\n  <div id=\"q5\">\n    <p>5. Quelle de\n\n","protected":false},"excerpt":{"rendered":"<p>Quiz : Endettement et cr\u00e9dits 1. Quel est un danger des cr\u00e9dits \u00e0 taux \u00e9lev\u00e9 ? Accumulation rapide des int\u00e9r\u00eats et dettes Augmentation imm\u00e9diate de son revenu Libert\u00e9 financi\u00e8re instantan\u00e9e 2. Quelle est la meilleure pratique avant de contracter un&#8230; <a href=\"https:\/\/xn--libert-financire-6pbj.com\/index.php\/quiz-endettement-et-credits\/\" class=\"readmore\">Read more<span class=\"screen-reader-text\">Quiz : Endettement et cr\u00e9dits<\/span><span class=\"fa fa-angle-double-right\" aria-hidden=\"true\"><\/span><\/a><\/p>\n","protected":false},"author":1,"featured_media":0,"parent":0,"menu_order":0,"comment_status":"closed","ping_status":"closed","template":"","meta":{"footnotes":""},"_links":{"self":[{"href":"https:\/\/xn--libert-financire-6pbj.com\/index.php\/wp-json\/wp\/v2\/pages\/1200"}],"collection":[{"href":"https:\/\/xn--libert-financire-6pbj.com\/index.php\/wp-json\/wp\/v2\/pages"}],"about":[{"href":"https:\/\/xn--libert-financire-6pbj.com\/index.php\/wp-json\/wp\/v2\/types\/page"}],"author":[{"embeddable":true,"href":"https:\/\/xn--libert-financire-6pbj.com\/index.php\/wp-json\/wp\/v2\/users\/1"}],"replies":[{"embeddable":true,"href":"https:\/\/xn--libert-financire-6pbj.com\/index.php\/wp-json\/wp\/v2\/comments?post=1200"}],"version-history":[{"count":1,"href":"https:\/\/xn--libert-financire-6pbj.com\/index.php\/wp-json\/wp\/v2\/pages\/1200\/revisions"}],"predecessor-version":[{"id":1201,"href":"https:\/\/xn--libert-financire-6pbj.com\/index.php\/wp-json\/wp\/v2\/pages\/1200\/revisions\/1201"}],"wp:attachment":[{"href":"https:\/\/xn--libert-financire-6pbj.com\/index.php\/wp-json\/wp\/v2\/media?parent=1200"}],"curies":[{"name":"wp","href":"https:\/\/api.w.org\/{rel}","templated":true}]}}