{"id":1226,"date":"2025-11-28T21:34:46","date_gmt":"2025-11-28T21:34:46","guid":{"rendered":"https:\/\/xn--libert-financire-6pbj.com\/?page_id=1226"},"modified":"2025-11-28T21:34:47","modified_gmt":"2025-11-28T21:34:47","slug":"quiz-objectifs-financiers-et-motivation","status":"publish","type":"page","link":"https:\/\/xn--libert-financire-6pbj.com\/index.php\/quiz-objectifs-financiers-et-motivation\/","title":{"rendered":"Quiz : Objectifs financiers et motivation"},"content":{"rendered":"\n<div id=\"quiz20\">\n  <h3>Quiz : Objectifs financiers et motivation<\/h3>\n  <div id=\"q1\">\n    <p>1. Pourquoi fixer des objectifs financiers est important ?<\/p>\n    <button onclick=\"checkAnswer20(this, true)\">Pour orienter ses actions et mesurer ses progr\u00e8s<\/button>\n    <button onclick=\"checkAnswer20(this, false)\">Pour impressionner les autres<\/button>\n    <button onclick=\"checkAnswer20(this, false)\">Pour \u00e9viter de travailler<\/button>\n  <\/div>\n  <div id=\"q2\">\n    <p>2. Que signifie avoir des objectifs SMART ?<\/p>\n    <button onclick=\"checkAnswer20(this, true)\">Sp\u00e9cifiques, Mesurables, Atteignables, R\u00e9alistes, Temporels<\/button>\n    <button onclick=\"checkAnswer20(this, false)\">Simple, Minimal, Ambitieux, Risqu\u00e9, Temporel<\/button>\n    <button onclick=\"checkAnswer20(this, false)\">Spontan\u00e9, Minimal, Abstrait, Rare, Temporel<\/button>\n  <\/div>\n  <div id=\"q3\">\n    <p>3. Comment rester motiv\u00e9 pour atteindre ses objectifs financiers ?<\/p>\n    <button onclick=\"checkAnswer20(this, true)\">Suivre ses progr\u00e8s et c\u00e9l\u00e9brer les petites victoires<\/button>\n    <button onclick=\"checkAnswer20(this, false)\">Ignorer ses objectifs<\/button>\n    <button onclick=\"checkAnswer20(this, false)\">Se comparer constamment aux autres<\/button>\n  <\/div>\n  <div id=\"q4\">\n    <p>4. Pourquoi ajuster ses objectifs r\u00e9guli\u00e8rement ?<\/p>\n    <button onclick=\"checkAnswer20(this, true)\">Pour s\u2019adapter aux changements et rester r\u00e9aliste<\/button>\n    <button onclick=\"checkAnswer20(this, false)\">Pour changer d\u2019avis constamment sans raison<\/button>\n    <button onclick=\"checkAnswer20(this, false)\">Pour tout abandonner<\/button>\n  <\/div>\n  <div id=\"q5\">\n    <p>5. Quelle attitude renforce la motivation financi\u00e8re ?<\/p>\n    <button onclick=\"checkAnswer20(this, true)\">Discipline, constance et vision \u00e0 long terme<\/button>\n    <button onclick=\"checkAnswer20(this, false)\">Impulsivit\u00e9 et instantan\u00e9it\u00e9<\/button>\n    <button onclick=\"checkAnswer20(this, false)\">D\u00e9pendance aux autres<\/button>\n  <\/div>\n<\/div>\n\n<script>\nfunction checkAnswer20(btn, correct){\n  if(correct){ btn.style.backgroundColor=\"green\"; btn.innerText+=\" \u2705 Correct !\"; }\n  else{ btn.style.backgroundColor=\"red\"; btn.innerText+=\" \u274c Faux\"; }\n  btn.parentNode.querySelectorAll(\"button\").forEach(b=>b.disabled=true);\n}\n<\/script>\n\n","protected":false},"excerpt":{"rendered":"<p>Quiz : Objectifs financiers et motivation 1. Pourquoi fixer des objectifs financiers est important ? Pour orienter ses actions et mesurer ses progr\u00e8s Pour impressionner les autres Pour \u00e9viter de travailler 2. Que signifie avoir des objectifs SMART ? Sp\u00e9cifiques,&#8230; <a href=\"https:\/\/xn--libert-financire-6pbj.com\/index.php\/quiz-objectifs-financiers-et-motivation\/\" class=\"readmore\">Read more<span class=\"screen-reader-text\">Quiz : Objectifs financiers et motivation<\/span><span class=\"fa fa-angle-double-right\" aria-hidden=\"true\"><\/span><\/a><\/p>\n","protected":false},"author":1,"featured_media":0,"parent":0,"menu_order":0,"comment_status":"closed","ping_status":"closed","template":"","meta":{"footnotes":""},"_links":{"self":[{"href":"https:\/\/xn--libert-financire-6pbj.com\/index.php\/wp-json\/wp\/v2\/pages\/1226"}],"collection":[{"href":"https:\/\/xn--libert-financire-6pbj.com\/index.php\/wp-json\/wp\/v2\/pages"}],"about":[{"href":"https:\/\/xn--libert-financire-6pbj.com\/index.php\/wp-json\/wp\/v2\/types\/page"}],"author":[{"embeddable":true,"href":"https:\/\/xn--libert-financire-6pbj.com\/index.php\/wp-json\/wp\/v2\/users\/1"}],"replies":[{"embeddable":true,"href":"https:\/\/xn--libert-financire-6pbj.com\/index.php\/wp-json\/wp\/v2\/comments?post=1226"}],"version-history":[{"count":1,"href":"https:\/\/xn--libert-financire-6pbj.com\/index.php\/wp-json\/wp\/v2\/pages\/1226\/revisions"}],"predecessor-version":[{"id":1227,"href":"https:\/\/xn--libert-financire-6pbj.com\/index.php\/wp-json\/wp\/v2\/pages\/1226\/revisions\/1227"}],"wp:attachment":[{"href":"https:\/\/xn--libert-financire-6pbj.com\/index.php\/wp-json\/wp\/v2\/media?parent=1226"}],"curies":[{"name":"wp","href":"https:\/\/api.w.org\/{rel}","templated":true}]}}