{"id":1261,"date":"2026-01-22T00:57:47","date_gmt":"2026-01-22T00:57:47","guid":{"rendered":"https:\/\/xn--libert-financire-6pbj.com\/?page_id=1261"},"modified":"2026-01-22T00:57:47","modified_gmt":"2026-01-22T00:57:47","slug":"methode-guido-realite-crue","status":"publish","type":"page","link":"https:\/\/xn--libert-financire-6pbj.com\/index.php\/methode-guido-realite-crue\/","title":{"rendered":"M\u00e9thode GUIDO \u2013  R\u00e9alit\u00e9 Crue"},"content":{"rendered":"\n<div class=\"wp-block-columns is-layout-flex wp-container-core-columns-is-layout-1 wp-block-columns-is-layout-flex\">\n<div class=\"wp-block-column is-layout-flow wp-block-column-is-layout-flow\">\n<figure class=\"wp-block-image size-full\"><a href=\"https:\/\/xn--libert-financire-6pbj.com\/index.php\/tests-auto-evaluations\/\"><img loading=\"lazy\" decoding=\"async\" width=\"512\" height=\"341\" src=\"https:\/\/xn--libert-financire-6pbj.com\/wp-content\/uploads\/2025\/11\/ChatGPT-Image-28-nov.-2025-22_4-1.png\" alt=\"\" class=\"wp-image-1241\" srcset=\"https:\/\/xn--libert-financire-6pbj.com\/wp-content\/uploads\/2025\/11\/ChatGPT-Image-28-nov.-2025-22_4-1.png 512w, https:\/\/xn--libert-financire-6pbj.com\/wp-content\/uploads\/2025\/11\/ChatGPT-Image-28-nov.-2025-22_4-1-300x200.png 300w\" sizes=\"(max-width: 512px) 100vw, 512px\" \/><\/a><\/figure>\n<\/div>\n\n\n\n<div class=\"wp-block-column is-layout-flow wp-block-column-is-layout-flow\">\n<ul>\n<li><strong>Teste tes connaissances financi\u00e8res et deviens acteur de ton avenir !<\/strong><\/li>\n\n\n\n<li><strong>\u00c9value ton savoir sur l\u2019argent et prends le chemin de l\u2019ind\u00e9pendance financi\u00e8re !<\/strong><\/li>\n\n\n\n<li><strong>Teste tes comp\u00e9tences en finances et apprends \u00e0 faire travailler l\u2019argent pour toi !<\/strong><\/li>\n\n\n\n<li><strong>D\u00e9couvre ton niveau en argent et deviens le capitaine de tes finances !<\/strong><\/li>\n<\/ul>\n<\/div>\n<\/div>\n\n\n\n<p><strong>M\u00e9thode GUIDO \u2013 Libert\u00e9 Financi\u00e8re : R\u00e9alit\u00e9 Crue<\/strong><\/p>\n\n\n\n<hr class=\"wp-block-separator has-alpha-channel-opacity\"\/>\n\n\n\n<div class=\"wp-block-columns is-layout-flex wp-container-core-columns-is-layout-2 wp-block-columns-is-layout-flex\">\n<div class=\"wp-block-column is-layout-flow wp-block-column-is-layout-flow\">\n<figure class=\"wp-block-image size-full\"><img loading=\"lazy\" decoding=\"async\" width=\"512\" height=\"341\" src=\"https:\/\/xn--libert-financire-6pbj.com\/wp-content\/uploads\/2025\/10\/ChatGPT-Image-7-oct.-2025-23_55.png\" alt=\"\" class=\"wp-image-1170\" srcset=\"https:\/\/xn--libert-financire-6pbj.com\/wp-content\/uploads\/2025\/10\/ChatGPT-Image-7-oct.-2025-23_55.png 512w, https:\/\/xn--libert-financire-6pbj.com\/wp-content\/uploads\/2025\/10\/ChatGPT-Image-7-oct.-2025-23_55-300x200.png 300w\" sizes=\"(max-width: 512px) 100vw, 512px\" \/><\/figure>\n<\/div>\n\n\n\n<div class=\"wp-block-column is-layout-flow wp-block-column-is-layout-flow\">\n<ul>\n<li>\u201cPrenez le contr\u00f4le de votre argent et vivez librement\u201d<\/li>\n\n\n\n<li><em>\u201cCommencez votre voyage vers la libert\u00e9 financi\u00e8re\u201d<\/em>.<\/li>\n\n\n\n<li>\u201cDe z\u00e9ro \u00e0 ind\u00e9pendant financi\u00e8rement, \u00e9tape par \u00e9tape\u201d<\/li>\n\n\n\n<li>\u201cD\u00e9couvrez nos guides gratuits\u201d<\/li>\n<\/ul>\n<\/div>\n<\/div>\n\n\n\n<div class=\"wp-block-columns is-layout-flex wp-container-core-columns-is-layout-3 wp-block-columns-is-layout-flex\">\n<div class=\"wp-block-column is-layout-flow wp-block-column-is-layout-flow\"><div class=\"wp-block-image\">\n<figure class=\"aligncenter size-full\"><a href=\"https:\/\/xn--libert-financire-6pbj.com\/index.php\/gagnez-plus-attirez-plus\/\"><img loading=\"lazy\" decoding=\"async\" width=\"500\" height=\"200\" src=\"https:\/\/xn--libert-financire-6pbj.com\/wp-content\/uploads\/2025\/01\/Gagnez-Plus-Attirez-Plus.png\" alt=\"\" class=\"wp-image-810\" srcset=\"https:\/\/xn--libert-financire-6pbj.com\/wp-content\/uploads\/2025\/01\/Gagnez-Plus-Attirez-Plus.png 500w, https:\/\/xn--libert-financire-6pbj.com\/wp-content\/uploads\/2025\/01\/Gagnez-Plus-Attirez-Plus-300x120.png 300w\" sizes=\"(max-width: 500px) 100vw, 500px\" \/><\/a><\/figure><\/div><\/div>\n\n\n\n<div class=\"wp-block-column is-layout-flow wp-block-column-is-layout-flow\"><div class=\"wp-block-image\">\n<figure class=\"aligncenter size-full\"><a href=\"https:\/\/xn--libert-financire-6pbj.com\/index.php\/25-facons-de-gagner-de-largent-solutions-pratiques-pour-ameliorer-vos-revenus\/\"><img loading=\"lazy\" decoding=\"async\" width=\"500\" height=\"200\" src=\"https:\/\/xn--libert-financire-6pbj.com\/wp-content\/uploads\/2024\/12\/25-IDEE.png\" alt=\"\" class=\"wp-image-768\" srcset=\"https:\/\/xn--libert-financire-6pbj.com\/wp-content\/uploads\/2024\/12\/25-IDEE.png 500w, https:\/\/xn--libert-financire-6pbj.com\/wp-content\/uploads\/2024\/12\/25-IDEE-300x120.png 300w\" sizes=\"(max-width: 500px) 100vw, 500px\" \/><\/a><\/figure><\/div><\/div>\n<\/div>\n\n\n\n<div class=\"wp-block-columns is-layout-flex wp-container-core-columns-is-layout-4 wp-block-columns-is-layout-flex\">\n<div class=\"wp-block-column is-layout-flow wp-block-column-is-layout-flow\"><div class=\"wp-block-image\">\n<figure class=\"aligncenter size-full is-resized\"><a href=\"https:\/\/xn--libert-financire-6pbj.com\/index.php\/de-fauche-a-riche-lhistoire-de-la-transformation\/\"><img loading=\"lazy\" decoding=\"async\" width=\"512\" height=\"512\" src=\"https:\/\/xn--libert-financire-6pbj.com\/wp-content\/uploads\/2024\/12\/DE-FAUCHE-A-RICHE.png\" alt=\"\" class=\"wp-image-642\" style=\"width:201px;height:auto\" srcset=\"https:\/\/xn--libert-financire-6pbj.com\/wp-content\/uploads\/2024\/12\/DE-FAUCHE-A-RICHE.png 512w, https:\/\/xn--libert-financire-6pbj.com\/wp-content\/uploads\/2024\/12\/DE-FAUCHE-A-RICHE-300x300.png 300w, https:\/\/xn--libert-financire-6pbj.com\/wp-content\/uploads\/2024\/12\/DE-FAUCHE-A-RICHE-150x150.png 150w\" sizes=\"(max-width: 512px) 100vw, 512px\" \/><\/a><\/figure><\/div><\/div>\n\n\n\n<div class=\"wp-block-column is-layout-flow wp-block-column-is-layout-flow\"><\/div>\n<\/div>\n\n\n\n<p><em>\u00ab\u00a0Depuis 1984, j\u2019ai appris la v\u00e9rit\u00e9 sur l\u2019argent et la libert\u00e9. Ce livre n\u2019est pas un conte de f\u00e9es. C\u2019est brutal, sans filtre\u2026 et totalement n\u00e9cessaire si tu veux reprendre le contr\u00f4le de ta vie.\u00a0\u00bb<\/em><\/p>\n\n\n\n<hr class=\"wp-block-separator has-alpha-channel-opacity\"\/>\n\n\n\n<p>La libert\u00e9 financi\u00e8re n\u2019est pas un r\u00eave.<br>Elle ne se mendie pas.<br>Elle ne tombe pas du ciel.<\/p>\n\n\n\n<p>Ce que tu trouveras dans ce livre :<\/p>\n\n\n\n<ul>\n<li>La r\u00e9alit\u00e9 crue sur l\u2019argent que personne n\u2019ose te dire<\/li>\n\n\n\n<li>Des m\u00e9thodes pour briser les illusions et prendre le contr\u00f4le<\/li>\n\n\n\n<li>Des principes test\u00e9s depuis des d\u00e9cennies pour cr\u00e9er ton ind\u00e9pendance<\/li>\n<\/ul>\n\n\n\n<p>C\u2019est un <strong>guide pour ceux qui veulent passer de l\u2019illusion \u00e0 l\u2019action<\/strong>, pour ceux qui en ont assez des promesses vides et veulent des r\u00e9sultats concrets.<\/p>\n\n\n\n<hr class=\"wp-block-separator has-alpha-channel-opacity\"\/>\n\n\n\n<h3 class=\"wp-block-heading\"><strong>Ce que tu vas d\u00e9couvrir (sans tout spoiler) :<\/strong><\/h3>\n\n\n\n<ul>\n<li>Comment voir la v\u00e9rit\u00e9 sur tes finances et ton style de vie<\/li>\n\n\n\n<li>Les choix douloureux mais n\u00e9cessaires pour construire ta libert\u00e9<\/li>\n\n\n\n<li>Les bases pour cr\u00e9er des revenus qui travaillent pour toi<\/li>\n\n\n\n<li>Une approche claire et directe pour organiser tes d\u00e9penses et investissements<\/li>\n<\/ul>\n\n\n\n<hr class=\"wp-block-separator has-alpha-channel-opacity\"\/>\n\n\n\n<h3 class=\"wp-block-heading\"><strong>Pourquoi ce livre est diff\u00e9rent :<\/strong><\/h3>\n\n\n\n<ul>\n<li>Pas de solutions miracles, pas de bullshit<\/li>\n\n\n\n<li>Bas\u00e9 sur une exp\u00e9rience r\u00e9elle depuis 1984<\/li>\n\n\n\n<li>Brut, direct et actionnable, m\u00eame si \u00e7a pique un peu<\/li>\n<\/ul>\n\n\n\n<hr class=\"wp-block-separator has-alpha-channel-opacity\"\/>\n\n\n\n<h3 class=\"wp-block-heading\"><strong>Pour qui est ce livre :<\/strong><\/h3>\n\n\n\n<ul>\n<li>Ceux qui veulent sortir de la course sans fin de la consommation<\/li>\n\n\n\n<li>Ceux qui veulent reprendre le contr\u00f4le de leur temps et de leur argent<\/li>\n\n\n\n<li>Ceux qui sont pr\u00eats \u00e0 accepter la discipline et la lucidit\u00e9 pour enfin devenir libres<\/li>\n<\/ul>\n\n\n\n<hr class=\"wp-block-separator has-alpha-channel-opacity\"\/>\n\n\n\n<h3 class=\"wp-block-heading\"><strong>CTA (Call to Action) :<\/strong><\/h3>\n\n\n\n<p><strong>Prends ton exemplaire maintenant et commence \u00e0 voir la r\u00e9alit\u00e9 crue en face.<\/strong><br>\u27a1 [<a href=\"https:\/\/xn--libert-financire-6pbj.com\/index.php\/devenir-libre-financierement-guide-complet\/\">D\u00e9couvrir la m\u00e9thode<\/a>]  <\/p>\n","protected":false},"excerpt":{"rendered":"<p>M\u00e9thode GUIDO \u2013 Libert\u00e9 Financi\u00e8re : R\u00e9alit\u00e9 Crue \u00ab\u00a0Depuis 1984, j\u2019ai appris la v\u00e9rit\u00e9 sur l\u2019argent et la libert\u00e9. Ce livre n\u2019est pas un conte de f\u00e9es. C\u2019est brutal, sans filtre\u2026 et totalement n\u00e9cessaire si tu veux reprendre le contr\u00f4le&#8230; <a href=\"https:\/\/xn--libert-financire-6pbj.com\/index.php\/methode-guido-realite-crue\/\" class=\"readmore\">Read more<span class=\"screen-reader-text\">M\u00e9thode GUIDO \u2013  R\u00e9alit\u00e9 Crue<\/span><span class=\"fa fa-angle-double-right\" aria-hidden=\"true\"><\/span><\/a><\/p>\n","protected":false},"author":1,"featured_media":0,"parent":0,"menu_order":0,"comment_status":"closed","ping_status":"closed","template":"","meta":{"footnotes":""},"_links":{"self":[{"href":"https:\/\/xn--libert-financire-6pbj.com\/index.php\/wp-json\/wp\/v2\/pages\/1261"}],"collection":[{"href":"https:\/\/xn--libert-financire-6pbj.com\/index.php\/wp-json\/wp\/v2\/pages"}],"about":[{"href":"https:\/\/xn--libert-financire-6pbj.com\/index.php\/wp-json\/wp\/v2\/types\/page"}],"author":[{"embeddable":true,"href":"https:\/\/xn--libert-financire-6pbj.com\/index.php\/wp-json\/wp\/v2\/users\/1"}],"replies":[{"embeddable":true,"href":"https:\/\/xn--libert-financire-6pbj.com\/index.php\/wp-json\/wp\/v2\/comments?post=1261"}],"version-history":[{"count":1,"href":"https:\/\/xn--libert-financire-6pbj.com\/index.php\/wp-json\/wp\/v2\/pages\/1261\/revisions"}],"predecessor-version":[{"id":1262,"href":"https:\/\/xn--libert-financire-6pbj.com\/index.php\/wp-json\/wp\/v2\/pages\/1261\/revisions\/1262"}],"wp:attachment":[{"href":"https:\/\/xn--libert-financire-6pbj.com\/index.php\/wp-json\/wp\/v2\/media?parent=1261"}],"curies":[{"name":"wp","href":"https:\/\/api.w.org\/{rel}","templated":true}]}}