{"id":188,"date":"2024-07-21T20:50:05","date_gmt":"2024-07-21T20:50:05","guid":{"rendered":"https:\/\/xn--libert-financire-6pbj.com\/?page_id=188"},"modified":"2024-07-21T20:50:05","modified_gmt":"2024-07-21T20:50:05","slug":"chapitre-27-contribution-sociale-et-philanthropie","status":"publish","type":"page","link":"https:\/\/xn--libert-financire-6pbj.com\/index.php\/chapitre-27-contribution-sociale-et-philanthropie\/","title":{"rendered":"Chapitre 27 : Contribution Sociale et Philanthropie"},"content":{"rendered":"\n<p class=\"has-vivid-green-cyan-color has-text-color has-link-color has-large-font-size wp-elements-be401a37c27ef40d64c01bbdabb6b501\"><strong><em> \u2013 L&rsquo;importance de redonner \u00e0 la soci\u00e9t\u00e9<\/em><\/strong><\/p>\n\n\n\n<p class=\"has-vivid-red-color has-text-color has-link-color has-medium-font-size wp-elements-0a0a4ecc42a7115b1ba0131607f6ca07\"><strong><em>Int\u00e9grer la philanthropie dans votre plan financier<\/em><\/strong><\/p>\n\n\n\n<h3 class=\"wp-block-heading\">Introduction<\/h3>\n\n\n\n<p>La philanthropie ne se limite pas \u00e0 des gestes ponctuels ou \u00e0 des dons occasionnels. C&rsquo;est une approche r\u00e9fl\u00e9chie qui peut \u00eatre int\u00e9gr\u00e9e dans votre plan financier global pour avoir un impact significatif et durable sur la soci\u00e9t\u00e9. Ce chapitre explore pourquoi il est crucial de redonner \u00e0 la soci\u00e9t\u00e9 et comment int\u00e9grer la philanthropie dans vos strat\u00e9gies financi\u00e8res.<\/p>\n\n\n\n<h3 class=\"wp-block-heading\">1. Pourquoi Redonner \u00e0 la Soci\u00e9t\u00e9 ?<\/h3>\n\n\n\n<p><strong>1.1. Impact Social Positif<\/strong><\/p>\n\n\n\n<p>Contribuer \u00e0 des causes sociales permet de soutenir des initiatives qui peuvent am\u00e9liorer les conditions de vie des personnes et des communaut\u00e9s. Les dons peuvent financer des programmes \u00e9ducatifs, des soins de sant\u00e9, des initiatives environnementales, et bien plus encore. Votre contribution aide \u00e0 r\u00e9soudre des probl\u00e8mes locaux ou globaux et peut cr\u00e9er des opportunit\u00e9s l\u00e0 o\u00f9 elles sont n\u00e9cessaires.<\/p>\n\n\n\n<p><strong>1.2. R\u00e9compense Personnelle<\/strong><\/p>\n\n\n\n<p>Redonner \u00e0 la soci\u00e9t\u00e9 offre une immense satisfaction personnelle. Savoir que vous avez jou\u00e9 un r\u00f4le dans l&rsquo;am\u00e9lioration de la vie des autres renforce le sentiment de r\u00e9alisation et de bonheur. Cela peut \u00e9galement offrir une perspective enrichissante sur vos propres r\u00e9ussites.<\/p>\n\n\n\n<p><strong>1.3. Influence Positive sur la Communaut\u00e9<\/strong><\/p>\n\n\n\n<p>La philanthropie inspire souvent les autres \u00e0 faire de m\u00eame. En tant que mod\u00e8le, vous pouvez encourager votre entourage \u00e0 s&rsquo;engager dans des activit\u00e9s similaires, cr\u00e9ant ainsi un effet d&rsquo;entra\u00eenement qui amplifie l&rsquo;impact global.<\/p>\n\n\n\n<h3 class=\"wp-block-heading\">2. Int\u00e9grer la Philanthropie dans Votre Plan Financier<\/h3>\n\n\n\n<p><strong>2.1. D\u00e9finir Vos Objectifs Philanthropiques<\/strong><\/p>\n\n\n\n<p>Avant d&rsquo;int\u00e9grer la philanthropie dans votre plan financier, il est essentiel de d\u00e9finir clairement vos objectifs. Cela peut inclure les causes qui vous tiennent \u00e0 c\u0153ur, les organisations sp\u00e9cifiques avec lesquelles vous souhaitez collaborer, et le type de soutien que vous souhaitez offrir (financier, b\u00e9n\u00e9vole, etc.).<\/p>\n\n\n\n<p><strong>2.2. \u00c9tablir un Budget Philanthropique<\/strong><\/p>\n\n\n\n<p>Incorporez des allocations philanthropiques dans votre budget annuel. Cela peut se faire en fixant un pourcentage de vos revenus ou de vos b\u00e9n\u00e9fices \u00e0 des dons ou \u00e0 des initiatives sociales. Assurez-vous que ces allocations sont r\u00e9alistes par rapport \u00e0 vos autres engagements financiers.<\/p>\n\n\n\n<p><strong>2.3. Utiliser des Instruments Financiers Sp\u00e9cifiques<\/strong><\/p>\n\n\n\n<p>Il existe divers outils financiers pour soutenir vos efforts philanthropiques :<\/p>\n\n\n\n<ul>\n<li><strong>Fonds Donateurs Conseillers (Donor-Advised Funds, DAF)<\/strong> : Ces fonds vous permettent de faire un don important, de b\u00e9n\u00e9ficier d\u2019avantages fiscaux imm\u00e9diats et de d\u00e9cider plus tard comment et quand les fonds seront distribu\u00e9s aux organisations de votre choix.<\/li>\n\n\n\n<li><strong>Fondations Familiales<\/strong> : Cr\u00e9er une fondation permet de g\u00e9rer les dons de mani\u00e8re structur\u00e9e et d&rsquo;engager d&rsquo;autres membres de la famille dans des activit\u00e9s philanthropiques.<\/li>\n\n\n\n<li><strong>Planification successorale<\/strong> : Inclure des dons dans votre planification successorale permet de garantir que vos souhaits philanthropiques soient r\u00e9alis\u00e9s apr\u00e8s votre d\u00e9c\u00e8s, tout en optimisant les avantages fiscaux pour vos h\u00e9ritiers.<\/li>\n<\/ul>\n\n\n\n<p><strong>2.4. Maximiser les Avantages Fiscaux<\/strong><\/p>\n\n\n\n<p>Les dons de charit\u00e9 peuvent offrir des d\u00e9ductions fiscales int\u00e9ressantes. Renseignez-vous sur les r\u00e8gles fiscales de votre pays concernant les dons caritatifs et explorez comment maximiser les avantages fiscaux associ\u00e9s \u00e0 vos contributions.<\/p>\n\n\n\n<p><strong>2.5. Suivi et \u00c9valuation<\/strong><\/p>\n\n\n\n<p>Il est important de suivre l&rsquo;impact de vos contributions pour s&rsquo;assurer qu&rsquo;elles r\u00e9pondent \u00e0 vos objectifs philanthropiques. \u00c9valuez r\u00e9guli\u00e8rement les r\u00e9sultats et ajustez votre plan financier en cons\u00e9quence pour maximiser l&rsquo;efficacit\u00e9 de vos dons.<\/p>\n\n\n\n<h3 class=\"wp-block-heading\">Conclusion<\/h3>\n\n\n\n<p>Int\u00e9grer la philanthropie dans votre plan financier est non seulement une d\u00e9marche b\u00e9n\u00e9fique pour la soci\u00e9t\u00e9, mais elle enrichit \u00e9galement votre propre vie. En d\u00e9finissant clairement vos objectifs, en \u00e9tablissant un budget, et en utilisant des outils financiers appropri\u00e9s, vous pouvez faire une diff\u00e9rence significative tout en b\u00e9n\u00e9ficiant d&rsquo;avantages personnels et fiscaux. Redonner \u00e0 la soci\u00e9t\u00e9 est une mani\u00e8re puissante d&rsquo;investir dans un avenir meilleur pour tous.<\/p>\n","protected":false},"excerpt":{"rendered":"<p>\u2013 L&rsquo;importance de redonner \u00e0 la soci\u00e9t\u00e9 Int\u00e9grer la philanthropie dans votre plan financier Introduction La philanthropie ne se limite pas \u00e0 des gestes ponctuels ou \u00e0 des dons occasionnels. C&rsquo;est une approche r\u00e9fl\u00e9chie qui peut \u00eatre int\u00e9gr\u00e9e dans votre&#8230; <a href=\"https:\/\/xn--libert-financire-6pbj.com\/index.php\/chapitre-27-contribution-sociale-et-philanthropie\/\" class=\"readmore\">Read more<span class=\"screen-reader-text\">Chapitre 27 : Contribution Sociale et Philanthropie<\/span><span class=\"fa fa-angle-double-right\" aria-hidden=\"true\"><\/span><\/a><\/p>\n","protected":false},"author":1,"featured_media":0,"parent":0,"menu_order":0,"comment_status":"closed","ping_status":"closed","template":"","meta":{"footnotes":""},"_links":{"self":[{"href":"https:\/\/xn--libert-financire-6pbj.com\/index.php\/wp-json\/wp\/v2\/pages\/188"}],"collection":[{"href":"https:\/\/xn--libert-financire-6pbj.com\/index.php\/wp-json\/wp\/v2\/pages"}],"about":[{"href":"https:\/\/xn--libert-financire-6pbj.com\/index.php\/wp-json\/wp\/v2\/types\/page"}],"author":[{"embeddable":true,"href":"https:\/\/xn--libert-financire-6pbj.com\/index.php\/wp-json\/wp\/v2\/users\/1"}],"replies":[{"embeddable":true,"href":"https:\/\/xn--libert-financire-6pbj.com\/index.php\/wp-json\/wp\/v2\/comments?post=188"}],"version-history":[{"count":1,"href":"https:\/\/xn--libert-financire-6pbj.com\/index.php\/wp-json\/wp\/v2\/pages\/188\/revisions"}],"predecessor-version":[{"id":189,"href":"https:\/\/xn--libert-financire-6pbj.com\/index.php\/wp-json\/wp\/v2\/pages\/188\/revisions\/189"}],"wp:attachment":[{"href":"https:\/\/xn--libert-financire-6pbj.com\/index.php\/wp-json\/wp\/v2\/media?parent=188"}],"curies":[{"name":"wp","href":"https:\/\/api.w.org\/{rel}","templated":true}]}}