{"id":198,"date":"2024-07-21T21:01:16","date_gmt":"2024-07-21T21:01:16","guid":{"rendered":"https:\/\/xn--libert-financire-6pbj.com\/?page_id=198"},"modified":"2024-07-21T21:21:05","modified_gmt":"2024-07-21T21:21:05","slug":"au-sujet-de-lauteur-de-vers-une-liberte-financiere-durable","status":"publish","type":"page","link":"https:\/\/xn--libert-financire-6pbj.com\/index.php\/au-sujet-de-lauteur-de-vers-une-liberte-financiere-durable\/","title":{"rendered":"Au sujet de l&rsquo;auteur de \u00ab\u00a0Vers une Libert\u00e9 Financi\u00e8re Durable\u00a0\u00bb"},"content":{"rendered":"\n<h3 class=\"wp-block-heading\">Au terme de ce voyage \u00e0 travers les principes et les strat\u00e9gies de la libert\u00e9 financi\u00e8re, il est important de se rem\u00e9morer les enseignements pr\u00e9cieux qui nous ont \u00e9t\u00e9 transmis. Ce livre a \u00e9t\u00e9 l&rsquo;aboutissement de nombreuses ann\u00e9es de r\u00e9flexion, d&rsquo;exp\u00e9rimentation et d&rsquo;expertise accumul\u00e9es au fil du temps.<\/h3>\n\n\n\n<p>L&rsquo;auteur, Guido Saverio, apporte \u00e0 cette \u0153uvre une perspective unique, fa\u00e7onn\u00e9e par une carri\u00e8re exceptionnelle qui s&rsquo;\u00e9tend depuis 1984. Fort de plusieurs d\u00e9cennies d&rsquo;exp\u00e9rience dans le domaine de la finance, Guido Saverio a vu \u00e9voluer les march\u00e9s, les \u00e9conomies et les mentalit\u00e9s. Son parcours est un t\u00e9moignage vivant de la r\u00e9silience et de l&rsquo;innovation n\u00e9cessaires pour atteindre et maintenir une libert\u00e9 financi\u00e8re durable.<\/p>\n\n\n\n<p>Depuis ses d\u00e9buts, Guido Saverio s&rsquo;est immerg\u00e9 dans les d\u00e9fis et les opportunit\u00e9s du monde financier, affinant ses comp\u00e9tences et ses connaissances pour offrir des conseils pertinents et adapt\u00e9s \u00e0 chaque \u00e9poque. Sa compr\u00e9hension approfondie des m\u00e9canismes \u00e9conomiques et des strat\u00e9gies d&rsquo;investissement lui a permis de guider de nombreux individus vers une gestion efficace de leur patrimoine et une s\u00e9curit\u00e9 financi\u00e8re durable.<\/p>\n\n\n\n<p>Ce livre ne se contente pas de relater des concepts th\u00e9oriques ; il est le reflet de l&rsquo;exp\u00e9rience concr\u00e8te et des r\u00e9ussites professionnelles de Guido Saverio. Chaque chapitre a \u00e9t\u00e9 nourri par ses observations sur les tendances du march\u00e9, ses conseils pratiques bas\u00e9s sur des situations r\u00e9elles et ses r\u00e9flexions sur l&rsquo;\u00e9volution des dynamiques financi\u00e8res.<\/p>\n\n\n\n<p>\u00c0 travers ses \u00e9crits, Guido Saverio nous invite \u00e0 embrasser une approche proactive et inform\u00e9e de notre ind\u00e9pendance financi\u00e8re. Il nous rappelle que la route vers la libert\u00e9 financi\u00e8re est un voyage continu, qui exige de la pers\u00e9v\u00e9rance, de l&rsquo;apprentissage constant et une capacit\u00e9 \u00e0 s&rsquo;adapter aux changements.<\/p>\n\n\n\n<p>Nous esp\u00e9rons que les principes et les strat\u00e9gies d\u00e9crits dans ce livre vous serviront non seulement \u00e0 atteindre vos objectifs financiers, mais aussi \u00e0 construire un avenir o\u00f9 la libert\u00e9 et la s\u00e9curit\u00e9 financi\u00e8re sont des r\u00e9alit\u00e9s durables. Que vous soyez au d\u00e9but de votre parcours ou d\u00e9j\u00e0 bien avanc\u00e9, l&rsquo;itin\u00e9raire que Guido Saverio nous propose est un guide pr\u00e9cieux pour r\u00e9aliser vos aspirations financi\u00e8res.<\/p>\n\n\n\n<p>Merci de vous \u00eatre engag\u00e9 dans ce voyage avec nous. Puisse la sagesse acquise et les outils fournis vous mener vers une vie plus \u00e9panouissante et financi\u00e8rement sereine<\/p>\n","protected":false},"excerpt":{"rendered":"<p>Au terme de ce voyage \u00e0 travers les principes et les strat\u00e9gies de la libert\u00e9 financi\u00e8re, il est important de se rem\u00e9morer les enseignements pr\u00e9cieux qui nous ont \u00e9t\u00e9 transmis. Ce livre a \u00e9t\u00e9 l&rsquo;aboutissement de nombreuses ann\u00e9es de r\u00e9flexion,&#8230; <a href=\"https:\/\/xn--libert-financire-6pbj.com\/index.php\/au-sujet-de-lauteur-de-vers-une-liberte-financiere-durable\/\" class=\"readmore\">Read more<span class=\"screen-reader-text\">Au sujet de l&rsquo;auteur de \u00ab\u00a0Vers une Libert\u00e9 Financi\u00e8re Durable\u00a0\u00bb<\/span><span class=\"fa fa-angle-double-right\" aria-hidden=\"true\"><\/span><\/a><\/p>\n","protected":false},"author":1,"featured_media":0,"parent":0,"menu_order":0,"comment_status":"closed","ping_status":"closed","template":"","meta":{"footnotes":""},"_links":{"self":[{"href":"https:\/\/xn--libert-financire-6pbj.com\/index.php\/wp-json\/wp\/v2\/pages\/198"}],"collection":[{"href":"https:\/\/xn--libert-financire-6pbj.com\/index.php\/wp-json\/wp\/v2\/pages"}],"about":[{"href":"https:\/\/xn--libert-financire-6pbj.com\/index.php\/wp-json\/wp\/v2\/types\/page"}],"author":[{"embeddable":true,"href":"https:\/\/xn--libert-financire-6pbj.com\/index.php\/wp-json\/wp\/v2\/users\/1"}],"replies":[{"embeddable":true,"href":"https:\/\/xn--libert-financire-6pbj.com\/index.php\/wp-json\/wp\/v2\/comments?post=198"}],"version-history":[{"count":1,"href":"https:\/\/xn--libert-financire-6pbj.com\/index.php\/wp-json\/wp\/v2\/pages\/198\/revisions"}],"predecessor-version":[{"id":199,"href":"https:\/\/xn--libert-financire-6pbj.com\/index.php\/wp-json\/wp\/v2\/pages\/198\/revisions\/199"}],"wp:attachment":[{"href":"https:\/\/xn--libert-financire-6pbj.com\/index.php\/wp-json\/wp\/v2\/media?parent=198"}],"curies":[{"name":"wp","href":"https:\/\/api.w.org\/{rel}","templated":true}]}}