{"id":20,"date":"2023-08-09T20:33:40","date_gmt":"2023-08-09T20:33:40","guid":{"rendered":"https:\/\/xn--libert-financire-6pbj.com\/?page_id=20"},"modified":"2024-05-20T19:36:09","modified_gmt":"2024-05-20T19:36:09","slug":"le-livre-le-plan-daction-ultime-avec-30-chapitres","status":"publish","type":"page","link":"https:\/\/xn--libert-financire-6pbj.com\/index.php\/le-livre-le-plan-daction-ultime-avec-30-chapitres\/","title":{"rendered":"LE LIVRE &#8211; Libert\u00e9 Financi\u00e8re \u00e0 Port\u00e9e de Main : Le Plan d&rsquo;Action Ultime"},"content":{"rendered":"\n<p class=\"has-vivid-red-color has-text-color\"><strong>Ecris par Guido SAVERIO<\/strong><\/p>\n\n\n<div class=\"wp-block-image\">\n<figure class=\"aligncenter size-large is-resized\"><img loading=\"lazy\" decoding=\"async\" width=\"683\" height=\"1024\" src=\"https:\/\/xn--libert-financire-6pbj.com\/wp-content\/uploads\/2023\/08\/Blue-Soft-Book-Cover-Mockup-Pinterest-Pin-683x1024.png\" alt=\"\" class=\"wp-image-59\" style=\"width:354px;height:531px\" srcset=\"https:\/\/xn--libert-financire-6pbj.com\/wp-content\/uploads\/2023\/08\/Blue-Soft-Book-Cover-Mockup-Pinterest-Pin-683x1024.png 683w, https:\/\/xn--libert-financire-6pbj.com\/wp-content\/uploads\/2023\/08\/Blue-Soft-Book-Cover-Mockup-Pinterest-Pin-200x300.png 200w, https:\/\/xn--libert-financire-6pbj.com\/wp-content\/uploads\/2023\/08\/Blue-Soft-Book-Cover-Mockup-Pinterest-Pin-768x1152.png 768w, https:\/\/xn--libert-financire-6pbj.com\/wp-content\/uploads\/2023\/08\/Blue-Soft-Book-Cover-Mockup-Pinterest-Pin.png 1000w\" sizes=\"(max-width: 683px) 100vw, 683px\" \/><\/figure><\/div>\n\n\n<div class=\"wp-block-columns is-layout-flex wp-container-core-columns-is-layout-1 wp-block-columns-is-layout-flex\">\n<div class=\"wp-block-column is-layout-flow wp-block-column-is-layout-flow\">\n<p>Avant-Propos Un Voyage Guid\u00e9 par l&rsquo;Amour et l&rsquo;Abondance<\/p>\n\n\n\n<figure class=\"wp-block-audio\"><audio controls src=\"https:\/\/xn--libert-financire-6pbj.com\/wp-content\/uploads\/2023\/08\/Avant-Propos-Un-Voyage-Guide-par-lAmour-et-lAbondance-1.mp3\"><\/audio><\/figure>\n<\/div>\n\n\n\n<div class=\"wp-block-column is-layout-flow wp-block-column-is-layout-flow\">\n<p>intro&#8211;Libert\u00e9 Financi\u00e8re \u00e0 Port\u00e9e de Main Le Plan d&rsquo;Action Ultime<\/p>\n\n\n\n<figure class=\"wp-block-audio\"><audio controls src=\"https:\/\/xn--libert-financire-6pbj.com\/wp-content\/uploads\/2023\/08\/intro-Liberte-Financiere-a-Portee-de-Main-Le-Plan-dAction-Ultime-2.mp3\"><\/audio><\/figure>\n<\/div>\n<\/div>\n\n\n\n<div class=\"wp-block-columns is-layout-flex wp-container-core-columns-is-layout-2 wp-block-columns-is-layout-flex\">\n<div class=\"wp-block-column is-layout-flow wp-block-column-is-layout-flow\">\n<p>Partie 1 Comprendre les Fondamentaux Financiers<\/p>\n\n\n\n<figure class=\"wp-block-audio\"><audio controls src=\"https:\/\/xn--libert-financire-6pbj.com\/wp-content\/uploads\/2023\/08\/Partie-1-Comprendre-les-Fondamentaux-Financiers.mp3\"><\/audio><\/figure>\n<\/div>\n\n\n\n<div class=\"wp-block-column is-layout-flow wp-block-column-is-layout-flow\">\n<p>Partie 2 Gestion Budg\u00e9taire et \u00c9pargne<\/p>\n\n\n\n<figure class=\"wp-block-audio\"><audio controls src=\"https:\/\/xn--libert-financire-6pbj.com\/wp-content\/uploads\/2023\/08\/Partie-2-Gestion-Budgetaire-et-Epargne.mp3\"><\/audio><\/figure>\n<\/div>\n<\/div>\n\n\n\n<div class=\"wp-block-columns is-layout-flex wp-container-core-columns-is-layout-3 wp-block-columns-is-layout-flex\">\n<div class=\"wp-block-column is-layout-flow wp-block-column-is-layout-flow\">\n<p>Partie 3 Investir Intelligemment<\/p>\n\n\n\n<figure class=\"wp-block-audio\"><audio controls src=\"https:\/\/xn--libert-financire-6pbj.com\/wp-content\/uploads\/2023\/08\/Partie-3-Investir-Intelligemment.mp3\"><\/audio><\/figure>\n<\/div>\n\n\n\n<div class=\"wp-block-column is-layout-flow wp-block-column-is-layout-flow\">\n<p>Partie 4 Croissance de Revenus<\/p>\n\n\n\n<figure class=\"wp-block-audio\"><audio controls src=\"https:\/\/xn--libert-financire-6pbj.com\/wp-content\/uploads\/2023\/08\/Partie-4-Croissance-de-Revenus.mp3\"><\/audio><\/figure>\n<\/div>\n<\/div>\n\n\n\n<div class=\"wp-block-columns is-layout-flex wp-container-core-columns-is-layout-4 wp-block-columns-is-layout-flex\">\n<div class=\"wp-block-column is-layout-flow wp-block-column-is-layout-flow\">\n<p>Partie 5 Gestion de la Dette et Planification Fiscale<\/p>\n\n\n\n<figure class=\"wp-block-audio\"><audio controls src=\"https:\/\/xn--libert-financire-6pbj.com\/wp-content\/uploads\/2023\/08\/Partie-5-Gestion-de-la-Dette-et-Planification-Fiscale.mp3\"><\/audio><\/figure>\n<\/div>\n\n\n\n<div class=\"wp-block-column is-layout-flow wp-block-column-is-layout-flow\">\n<p>Partie 6 Pr\u00e9paration \u00e0 la Retraite et Protection Financi\u00e8re<\/p>\n\n\n\n<figure class=\"wp-block-audio\"><audio controls src=\"https:\/\/xn--libert-financire-6pbj.com\/wp-content\/uploads\/2023\/08\/Partie-6-Preparation-a-la-Retraite-et-Protection-Financiere.mp3\"><\/audio><\/figure>\n<\/div>\n<\/div>\n\n\n\n<div class=\"wp-block-columns is-layout-flex wp-container-core-columns-is-layout-5 wp-block-columns-is-layout-flex\">\n<div class=\"wp-block-column is-layout-flow wp-block-column-is-layout-flow\">\n<p>Partie 7 Optimisation Continue et Atteinte de la Libert\u00e9 Financi\u00e8re<\/p>\n\n\n\n<figure class=\"wp-block-audio\"><audio controls src=\"https:\/\/xn--libert-financire-6pbj.com\/wp-content\/uploads\/2023\/08\/Partie-7-Optimisation-Continue-et-Atteinte-de-la-Liberte-Financiere.mp3\"><\/audio><\/figure>\n<\/div>\n\n\n\n<div class=\"wp-block-column is-layout-flow wp-block-column-is-layout-flow\">\n<p>Partie 8 Optimisation de la Croissance Financi\u00e8re<\/p>\n\n\n\n<figure class=\"wp-block-audio\"><audio controls src=\"https:\/\/xn--libert-financire-6pbj.com\/wp-content\/uploads\/2023\/08\/Partie-8-Optimisation-de-la-Croissance-Financiere.mp3\"><\/audio><\/figure>\n<\/div>\n<\/div>\n\n\n\n<div class=\"wp-block-columns is-layout-flex wp-container-core-columns-is-layout-6 wp-block-columns-is-layout-flex\">\n<div class=\"wp-block-column is-layout-flow wp-block-column-is-layout-flow\">\n<p>Partie 9 Philosophie de la Libert\u00e9 Financi\u00e8re<\/p>\n\n\n\n<figure class=\"wp-block-audio\"><audio controls src=\"https:\/\/xn--libert-financire-6pbj.com\/wp-content\/uploads\/2023\/08\/Partie-9-Philosophie-de-la-Liberte-Financiere.mp3\"><\/audio><\/figure>\n<\/div>\n\n\n\n<div class=\"wp-block-column is-layout-flow wp-block-column-is-layout-flow\">\n<p>Partie 10 Maintien de la Libert\u00e9 Financi\u00e8re<\/p>\n\n\n\n<figure class=\"wp-block-audio\"><audio controls src=\"https:\/\/xn--libert-financire-6pbj.com\/wp-content\/uploads\/2023\/08\/Partie-10-Maintien-de-la-Liberte-Financiere.mp3\"><\/audio><\/figure>\n<\/div>\n<\/div>\n\n\n\n<div class=\"wp-block-columns is-layout-flex wp-container-core-columns-is-layout-7 wp-block-columns-is-layout-flex\">\n<div class=\"wp-block-column is-layout-flow wp-block-column-is-layout-flow\"><\/div>\n\n\n\n<div class=\"wp-block-column is-layout-flow wp-block-column-is-layout-flow\">\n<p>Conclusion Vers une Libert\u00e9 Financi\u00e8re Durable<\/p>\n\n\n\n<figure class=\"wp-block-audio\"><audio controls src=\"https:\/\/xn--libert-financire-6pbj.com\/wp-content\/uploads\/2023\/08\/Conclusion-Vers-une-Liberte-Financiere-Durable.mp3\"><\/audio><\/figure>\n<\/div>\n\n\n\n<div class=\"wp-block-column is-layout-flow wp-block-column-is-layout-flow\"><\/div>\n<\/div>\n\n\n\n<p class=\"has-text-align-center has-vivid-red-color has-text-color\"><strong><em>Auteur: <a href=\"https:\/\/guido-saverio-coach.com\/\">Guido SAVERIO<\/a><\/em><\/strong><\/p>\n","protected":false},"excerpt":{"rendered":"<p>Ecris par Guido SAVERIO Avant-Propos Un Voyage Guid\u00e9 par l&rsquo;Amour et l&rsquo;Abondance intro&#8211;Libert\u00e9 Financi\u00e8re \u00e0 Port\u00e9e de Main Le Plan d&rsquo;Action Ultime Partie 1 Comprendre les Fondamentaux Financiers Partie 2 Gestion Budg\u00e9taire et \u00c9pargne Partie 3 Investir Intelligemment Partie 4&#8230; <a href=\"https:\/\/xn--libert-financire-6pbj.com\/index.php\/le-livre-le-plan-daction-ultime-avec-30-chapitres\/\" class=\"readmore\">Read more<span class=\"screen-reader-text\">LE LIVRE &#8211; Libert\u00e9 Financi\u00e8re \u00e0 Port\u00e9e de Main : Le Plan d&rsquo;Action Ultime<\/span><span class=\"fa fa-angle-double-right\" aria-hidden=\"true\"><\/span><\/a><\/p>\n","protected":false},"author":1,"featured_media":0,"parent":0,"menu_order":0,"comment_status":"closed","ping_status":"closed","template":"","meta":{"footnotes":""},"_links":{"self":[{"href":"https:\/\/xn--libert-financire-6pbj.com\/index.php\/wp-json\/wp\/v2\/pages\/20"}],"collection":[{"href":"https:\/\/xn--libert-financire-6pbj.com\/index.php\/wp-json\/wp\/v2\/pages"}],"about":[{"href":"https:\/\/xn--libert-financire-6pbj.com\/index.php\/wp-json\/wp\/v2\/types\/page"}],"author":[{"embeddable":true,"href":"https:\/\/xn--libert-financire-6pbj.com\/index.php\/wp-json\/wp\/v2\/users\/1"}],"replies":[{"embeddable":true,"href":"https:\/\/xn--libert-financire-6pbj.com\/index.php\/wp-json\/wp\/v2\/comments?post=20"}],"version-history":[{"count":5,"href":"https:\/\/xn--libert-financire-6pbj.com\/index.php\/wp-json\/wp\/v2\/pages\/20\/revisions"}],"predecessor-version":[{"id":73,"href":"https:\/\/xn--libert-financire-6pbj.com\/index.php\/wp-json\/wp\/v2\/pages\/20\/revisions\/73"}],"wp:attachment":[{"href":"https:\/\/xn--libert-financire-6pbj.com\/index.php\/wp-json\/wp\/v2\/media?parent=20"}],"curies":[{"name":"wp","href":"https:\/\/api.w.org\/{rel}","templated":true}]}}