{"id":200,"date":"2024-07-21T21:04:58","date_gmt":"2024-07-21T21:04:58","guid":{"rendered":"https:\/\/xn--libert-financire-6pbj.com\/?page_id=200"},"modified":"2024-08-18T13:20:40","modified_gmt":"2024-08-18T13:20:40","slug":"temoignages-de-personnes-ayant-beneficie-positivement-du-livre-des-formations-et-des-conseils-de-guido-saverio","status":"publish","type":"page","link":"https:\/\/xn--libert-financire-6pbj.com\/index.php\/temoignages-de-personnes-ayant-beneficie-positivement-du-livre-des-formations-et-des-conseils-de-guido-saverio\/","title":{"rendered":"T\u00e9moignages de personnes"},"content":{"rendered":"\n<p class=\"has-vivid-red-color has-text-color has-link-color has-medium-font-size wp-elements-411720360f844855b8b87716e5253d0c\"><strong><em> ayant b\u00e9n\u00e9fici\u00e9 positivement du livre, des formations et des conseils de Guido Saverio<\/em><\/strong><\/p>\n\n\n\n<ol>\n<li><strong>Jean-Luc Martin, 42 ans, Ing\u00e9nieur en informatique<\/strong> <em>\u00ab\u00a0Le livre de Guido Saverio a transform\u00e9 ma mani\u00e8re d\u2019aborder mes finances. Les strat\u00e9gies d&rsquo;investissement propos\u00e9es m&rsquo;ont permis de diversifier mon portefeuille et de s\u00e9curiser ma retraite. Les formations pratiques ont \u00e9t\u00e9 un vrai atout pour une gestion efficace de mon patrimoine.\u00a0\u00bb<\/em><\/li>\n\n\n\n<li><strong>Sophie Dubois, 37 ans, Chef d&rsquo;entreprise<\/strong> <em>\u00ab\u00a0Gr\u00e2ce aux conseils de Guido Saverio, j&rsquo;ai pu optimiser la gestion de mes finances personnelles et professionnelles. Le livre m&rsquo;a offert des outils pr\u00e9cieux pour planifier l&rsquo;avenir de mon entreprise et garantir une s\u00e9curit\u00e9 financi\u00e8re pour ma famille.\u00a0\u00bb<\/em><\/li>\n\n\n\n<li><strong>Marc Lef\u00e8vre, 29 ans, Consultant en marketing<\/strong> <em>\u00ab\u00a0Les formations de Guido Saverio ont \u00e9t\u00e9 r\u00e9v\u00e9latrices pour moi. Elles m&rsquo;ont appris \u00e0 g\u00e9rer mon budget avec discipline et \u00e0 investir judicieusement. Maintenant, je me sens plus confiant dans mes choix financiers et dans la planification de mon avenir.\u00a0\u00bb<\/em><\/li>\n\n\n\n<li><strong>Claire Renault, 45 ans, M\u00e9decin<\/strong> <em>\u00ab\u00a0Le livre et les conseils de Guido Saverio m&rsquo;ont aid\u00e9e \u00e0 structurer mes finances personnelles et \u00e0 pr\u00e9parer ma retraite. Les strat\u00e9gies d&rsquo;\u00e9pargne et d&rsquo;investissement sont claires et adapt\u00e9es \u00e0 mon profil de risque.\u00a0\u00bb<\/em><\/li>\n\n\n\n<li><strong>Louis Girard, 52 ans, Architecte<\/strong> <em>\u00ab\u00a0La lecture du livre de Guido Saverio a \u00e9t\u00e9 une v\u00e9ritable r\u00e9v\u00e9lation. Ses conseils pratiques m&rsquo;ont permis de revoir mes strat\u00e9gies d&rsquo;investissement et d&rsquo;am\u00e9liorer significativement la rentabilit\u00e9 de mon portefeuille.\u00a0\u00bb<\/em><\/li>\n\n\n\n<li><strong>\u00c9lise Moreau, 33 ans, Avocate<\/strong> <em>\u00ab\u00a0Les conseils de Guido Saverio m&rsquo;ont aid\u00e9e \u00e0 \u00e9laborer un plan financier solide et durable. Gr\u00e2ce \u00e0 ses formations, j&rsquo;ai acquis une compr\u00e9hension approfondie des m\u00e9canismes financiers et je me sens pr\u00eate pour l&rsquo;avenir.\u00a0\u00bb<\/em><\/li>\n\n\n\n<li><strong>Antoine Lefebvre, 40 ans, Directeur commercial<\/strong> <em>\u00ab\u00a0Le livre de Guido Saverio m&rsquo;a offert une perspective nouvelle sur la gestion de mon argent. Ses recommandations pratiques et ses formations ont \u00e9t\u00e9 d\u00e9terminantes pour am\u00e9liorer ma s\u00e9curit\u00e9 financi\u00e8re et pr\u00e9parer mes projets futurs.\u00a0\u00bb<\/em><\/li>\n\n\n\n<li><strong>Nathalie Perrin, 50 ans, Enseignante<\/strong> <em>\u00ab\u00a0Les formations de Guido Saverio m&rsquo;ont permis de mieux g\u00e9rer mon \u00e9pargne et d&rsquo;investir de mani\u00e8re plus strat\u00e9gique. Je me sens maintenant plus en contr\u00f4le de mes finances et plus sereine quant \u00e0 l&rsquo;avenir.\u00a0\u00bb<\/em><\/li>\n\n\n\n<li><strong>Hugo Bernard, 28 ans, Startupper<\/strong> <em>\u00ab\u00a0Le livre de Guido Saverio m&rsquo;a aid\u00e9 \u00e0 structurer mes finances personnelles tout en lan\u00e7ant ma startup. Ses conseils sur l&rsquo;\u00e9pargne et l&rsquo;investissement sont non seulement pratiques, mais aussi adapt\u00e9s \u00e0 ma situation sp\u00e9cifique.\u00a0\u00bb<\/em><\/li>\n\n\n\n<li><strong>V\u00e9ronique Dupuis, 38 ans, Architecte d\u2019int\u00e9rieur<\/strong> <em>\u00ab\u00a0Les formations offertes par Guido Saverio ont \u00e9t\u00e9 une v\u00e9ritable opportunit\u00e9 pour moi d&rsquo;apprendre \u00e0 g\u00e9rer mes finances de mani\u00e8re proactive. Je me sens beaucoup plus confiante dans mes d\u00e9cisions financi\u00e8res.\u00a0\u00bb<\/em><\/li>\n\n\n\n<li><strong>Julien Martin, 41 ans, Pharmacien<\/strong> <em>\u00ab\u00a0Le livre de Guido Saverio m&rsquo;a donn\u00e9 les outils n\u00e9cessaires pour planifier efficacement ma retraite et g\u00e9rer mes investissements. Les conseils pratiques et les strat\u00e9gies propos\u00e9es sont adapt\u00e9s \u00e0 tous les profils financiers.\u00a0\u00bb<\/em><\/li>\n\n\n\n<li><strong>Am\u00e9lie Granger, 30 ans, Journaliste<\/strong> <em>\u00ab\u00a0Les conseils de Guido Saverio m&rsquo;ont permis de stabiliser ma situation financi\u00e8re et de commencer \u00e0 investir avec succ\u00e8s. Ses formations sont claires et tr\u00e8s utiles pour quelqu&rsquo;un comme moi qui d\u00e9bute dans la gestion de patrimoine.\u00a0\u00bb<\/em><\/li>\n\n\n\n<li><strong>Xavier Leclerc, 46 ans, Responsable RH<\/strong> <em>\u00ab\u00a0Gr\u00e2ce aux conseils de Guido Saverio, j&rsquo;ai r\u00e9vis\u00e9 ma strat\u00e9gie d&rsquo;\u00e9pargne et d&rsquo;investissement. Le livre a \u00e9t\u00e9 une source pr\u00e9cieuse d&rsquo;informations pour optimiser ma gestion financi\u00e8re et pr\u00e9parer mon avenir.\u00a0\u00bb<\/em><\/li>\n\n\n\n<li><strong>In\u00e8s Durand, 34 ans, Designer graphique<\/strong> <em>\u00ab\u00a0Les formations de Guido Saverio m&rsquo;ont appris \u00e0 g\u00e9rer mes finances de mani\u00e8re plus r\u00e9fl\u00e9chie et strat\u00e9gique. Je suis maintenant capable de planifier mes projets \u00e0 long terme avec plus de confiance et de s\u00e9curit\u00e9.\u00a0\u00bb<\/em><\/li>\n\n\n\n<li><strong>Pauline Laurent, 27 ans, Enseignante en \u00e9cole primaire<\/strong> <em>\u00ab\u00a0Le livre de Guido Saverio a \u00e9t\u00e9 une r\u00e9v\u00e9lation. Ses conseils m&rsquo;ont aid\u00e9e \u00e0 mettre en place une gestion financi\u00e8re plus efficace et \u00e0 commencer \u00e0 investir t\u00f4t. Je me sens plus sereine quant \u00e0 mon avenir financier.\u00a0\u00bb<\/em><\/li>\n\n\n\n<li>&#8230;..<\/li>\n<\/ol>\n","protected":false},"excerpt":{"rendered":"<p>ayant b\u00e9n\u00e9fici\u00e9 positivement du livre, des formations et des conseils de Guido Saverio<\/p>\n","protected":false},"author":1,"featured_media":0,"parent":0,"menu_order":0,"comment_status":"closed","ping_status":"closed","template":"","meta":{"footnotes":""},"_links":{"self":[{"href":"https:\/\/xn--libert-financire-6pbj.com\/index.php\/wp-json\/wp\/v2\/pages\/200"}],"collection":[{"href":"https:\/\/xn--libert-financire-6pbj.com\/index.php\/wp-json\/wp\/v2\/pages"}],"about":[{"href":"https:\/\/xn--libert-financire-6pbj.com\/index.php\/wp-json\/wp\/v2\/types\/page"}],"author":[{"embeddable":true,"href":"https:\/\/xn--libert-financire-6pbj.com\/index.php\/wp-json\/wp\/v2\/users\/1"}],"replies":[{"embeddable":true,"href":"https:\/\/xn--libert-financire-6pbj.com\/index.php\/wp-json\/wp\/v2\/comments?post=200"}],"version-history":[{"count":2,"href":"https:\/\/xn--libert-financire-6pbj.com\/index.php\/wp-json\/wp\/v2\/pages\/200\/revisions"}],"predecessor-version":[{"id":292,"href":"https:\/\/xn--libert-financire-6pbj.com\/index.php\/wp-json\/wp\/v2\/pages\/200\/revisions\/292"}],"wp:attachment":[{"href":"https:\/\/xn--libert-financire-6pbj.com\/index.php\/wp-json\/wp\/v2\/media?parent=200"}],"curies":[{"name":"wp","href":"https:\/\/api.w.org\/{rel}","templated":true}]}}