{"id":247,"date":"2024-07-30T11:45:48","date_gmt":"2024-07-30T11:45:48","guid":{"rendered":"https:\/\/xn--libert-financire-6pbj.com\/?page_id=247"},"modified":"2024-07-30T11:45:49","modified_gmt":"2024-07-30T11:45:49","slug":"voyage-vers-lopulence-lalchimie-de-la-reussite","status":"publish","type":"page","link":"https:\/\/xn--libert-financire-6pbj.com\/index.php\/voyage-vers-lopulence-lalchimie-de-la-reussite\/","title":{"rendered":"Voyage Vers l&rsquo;Opulence: L&rsquo;Alchimie de la R\u00e9ussite"},"content":{"rendered":"\n<p>Imagine-toi en train de pr\u00e9parer un grand voyage. Pas un voyage ordinaire, mais un voyage vers l&rsquo;opulence, vers une vie de succ\u00e8s et de prosp\u00e9rit\u00e9. Comme un alchimiste qui transforme le plomb en or, tu peux transformer ta vie pour atteindre la r\u00e9ussite. Voici comment tu peux y arriver.<\/p>\n\n\n\n<h4 class=\"wp-block-heading\">Trace ta Carte<\/h4>\n\n\n\n<p>Avant de partir, tu as besoin d&rsquo;une carte. Cette carte, c&rsquo;est ton r\u00eave, ta vision de ce que tu veux accomplir. Visualise clairement ton objectif. Imagine ton r\u00eave comme une \u00e9toile brillante dans le ciel nocturne, ta boussole dans ce voyage.<\/p>\n\n\n\n<h4 class=\"wp-block-heading\">Fais ton Sac<\/h4>\n\n\n\n<p>Ensuite, pr\u00e9pare ton sac. Quelles comp\u00e9tences et connaissances dois-tu emporter avec toi ? Investis dans ton \u00e9ducation, apprends de nouvelles choses chaque jour. Chaque livre que tu lis, chaque comp\u00e9tence que tu d\u00e9veloppes, c&rsquo;est comme ajouter des outils pr\u00e9cieux dans ton sac \u00e0 dos.<\/p>\n\n\n\n<h4 class=\"wp-block-heading\">Choisis tes Compagnons de Route<\/h4>\n\n\n\n<p>Personne ne voyage seul vers l&rsquo;opulence. Entoure-toi de personnes positives et motiv\u00e9es. Tes amis et mentors sont comme des compagnons de route, pr\u00eats \u00e0 t&rsquo;encourager et \u00e0 te guider. Choisis-les bien, car ils influenceront ton voyage.<\/p>\n\n\n\n<h4 class=\"wp-block-heading\">Prends des Risques Calcul\u00e9s<\/h4>\n\n\n\n<p>Le chemin vers l&rsquo;opulence n&rsquo;est pas toujours facile. Il y aura des obstacles et des d\u00e9fis. Mais n&rsquo;aie pas peur. Prends des risques calcul\u00e9s, avance avec courage. Imagine-toi comme un navigateur sur un bateau en haute mer. Les temp\u00eates viendront, mais elles te rendront plus fort et plus r\u00e9silient.<\/p>\n\n\n\n<h4 class=\"wp-block-heading\">C\u00e9l\u00e8bre chaque \u00c9tape<\/h4>\n\n\n\n<p>Chaque petite victoire m\u00e9rite d&rsquo;\u00eatre c\u00e9l\u00e9br\u00e9e. Chaque fois que tu franchis une \u00e9tape, prends un moment pour appr\u00e9cier tes progr\u00e8s. Cela te donnera la motivation n\u00e9cessaire pour continuer. Comme un randonneur qui savoure une pause au sommet d&rsquo;une colline, savoure chaque \u00e9tape de ton voyage.<\/p>\n\n\n\n<h4 class=\"wp-block-heading\">Reste Pers\u00e9v\u00e9rant<\/h4>\n\n\n\n<p>La pers\u00e9v\u00e9rance est ta meilleure alli\u00e9e. Souviens-toi que la r\u00e9ussite est un marathon, pas un sprint. Continue d&rsquo;avancer, m\u00eame quand le chemin semble long. Comme un jardinier qui arrose ses plantes chaque jour, nourris tes r\u00eaves avec de la pers\u00e9v\u00e9rance et de la d\u00e9termination.<\/p>\n\n\n\n<h4 class=\"wp-block-heading\">Apprends de tes \u00c9checs<\/h4>\n\n\n\n<p>Les \u00e9checs ne sont pas la fin du voyage, mais des le\u00e7ons pr\u00e9cieuses. Chaque fois que tu tr\u00e9buches, rel\u00e8ve-toi, apprends et continue. Vois les \u00e9checs comme des cailloux sur ton chemin ; ils te font tr\u00e9bucher, mais ils te rendent plus attentif et plus fort.<\/p>\n\n\n\n<h4 class=\"wp-block-heading\">Rends ce Voyage Inspirant<\/h4>\n\n\n\n<p>Enfin, n&rsquo;oublie pas de rendre ce voyage inspirant pour toi et pour les autres. Partage tes exp\u00e9riences, aide ceux qui suivent des chemins similaires. Deviens une lumi\u00e8re pour les autres, comme un phare qui guide les navires perdus dans la nuit.<\/p>\n\n\n\n<p>Alors, es-tu pr\u00eat pour ce grand voyage ? L&rsquo;opulence t&rsquo;attend, tout comme un tr\u00e9sor cach\u00e9 au bout de l&rsquo;arc-en-ciel. Avec ta carte, ton sac bien rempli, et des compagnons de route fiables, tu es pr\u00eat \u00e0 transformer ta vie. En avant, et que l&rsquo;alchimie de la r\u00e9ussite t&rsquo;accompagne \u00e0 chaque pas !<\/p>\n\n\n\n<p><strong><em><a href=\"https:\/\/guido-saverio-coach.com\/\">Guido SAVERIO<\/a><\/em><\/strong><\/p>\n","protected":false},"excerpt":{"rendered":"<p>Imagine-toi en train de pr\u00e9parer un grand voyage. Pas un voyage ordinaire, mais un voyage vers l&rsquo;opulence, vers une vie de succ\u00e8s et de prosp\u00e9rit\u00e9. Comme un alchimiste qui transforme le plomb en or, tu peux transformer ta vie pour&#8230; <a href=\"https:\/\/xn--libert-financire-6pbj.com\/index.php\/voyage-vers-lopulence-lalchimie-de-la-reussite\/\" class=\"readmore\">Read more<span class=\"screen-reader-text\">Voyage Vers l&rsquo;Opulence: L&rsquo;Alchimie de la R\u00e9ussite<\/span><span class=\"fa fa-angle-double-right\" aria-hidden=\"true\"><\/span><\/a><\/p>\n","protected":false},"author":1,"featured_media":0,"parent":0,"menu_order":0,"comment_status":"closed","ping_status":"closed","template":"","meta":{"footnotes":""},"_links":{"self":[{"href":"https:\/\/xn--libert-financire-6pbj.com\/index.php\/wp-json\/wp\/v2\/pages\/247"}],"collection":[{"href":"https:\/\/xn--libert-financire-6pbj.com\/index.php\/wp-json\/wp\/v2\/pages"}],"about":[{"href":"https:\/\/xn--libert-financire-6pbj.com\/index.php\/wp-json\/wp\/v2\/types\/page"}],"author":[{"embeddable":true,"href":"https:\/\/xn--libert-financire-6pbj.com\/index.php\/wp-json\/wp\/v2\/users\/1"}],"replies":[{"embeddable":true,"href":"https:\/\/xn--libert-financire-6pbj.com\/index.php\/wp-json\/wp\/v2\/comments?post=247"}],"version-history":[{"count":1,"href":"https:\/\/xn--libert-financire-6pbj.com\/index.php\/wp-json\/wp\/v2\/pages\/247\/revisions"}],"predecessor-version":[{"id":248,"href":"https:\/\/xn--libert-financire-6pbj.com\/index.php\/wp-json\/wp\/v2\/pages\/247\/revisions\/248"}],"wp:attachment":[{"href":"https:\/\/xn--libert-financire-6pbj.com\/index.php\/wp-json\/wp\/v2\/media?parent=247"}],"curies":[{"name":"wp","href":"https:\/\/api.w.org\/{rel}","templated":true}]}}