{"id":261,"date":"2024-07-30T12:08:10","date_gmt":"2024-07-30T12:08:10","guid":{"rendered":"https:\/\/xn--libert-financire-6pbj.com\/?page_id=261"},"modified":"2024-07-30T12:08:11","modified_gmt":"2024-07-30T12:08:11","slug":"les-pieges-a-eviter-sur-le-chemin-de-la-liberte-financiere","status":"publish","type":"page","link":"https:\/\/xn--libert-financire-6pbj.com\/index.php\/les-pieges-a-eviter-sur-le-chemin-de-la-liberte-financiere\/","title":{"rendered":"Les Pi\u00e8ges \u00e0 \u00c9viter sur le Chemin de la Libert\u00e9 Financi\u00e8re"},"content":{"rendered":"\n<p>Salut,<\/p>\n\n\n\n<p>Aujourd&rsquo;hui, je vais te parler d&rsquo;un sujet important : la libert\u00e9 financi\u00e8re. Atteindre la libert\u00e9 financi\u00e8re signifie que tu n&rsquo;as plus besoin de travailler pour gagner ta vie, car tes investissements et tes revenus passifs couvrent tes d\u00e9penses. C&rsquo;est un objectif ambitieux, mais r\u00e9alisable si tu \u00e9vites certains pi\u00e8ges courants. Laisse-moi te guider et te motiver \u00e0 prendre les bonnes d\u00e9cisions pour atteindre cette libert\u00e9.<\/p>\n\n\n\n<h3 class=\"wp-block-heading\">Pi\u00e8ge n\u00b01 : D\u00e9penser plus que tu ne gagnes<\/h3>\n\n\n\n<p><strong>Explication<\/strong> : Si tu d\u00e9penses plus que tu ne gagnes, tu vas t&rsquo;endetter et il te sera impossible d&rsquo;\u00e9pargner ou d&rsquo;investir.<\/p>\n\n\n\n<p><strong>Exemple<\/strong> : Imagine que tu gagnes 2000 euros par mois mais que tu en d\u00e9penses 2500. \u00c0 la fin du mois, tu dois emprunter 500 euros. Ce cycle peut rapidement devenir un cercle vicieux.<\/p>\n\n\n\n<p><strong>Conseil<\/strong> : \u00c9tablis un budget et respecte-le. Priorise tes d\u00e9penses en fonction de ce qui est vraiment n\u00e9cessaire et de ce qui peut attendre.<\/p>\n\n\n\n<h3 class=\"wp-block-heading\">Pi\u00e8ge n\u00b02 : Ne pas avoir de plan financier<\/h3>\n\n\n\n<p><strong>Explication<\/strong> : Sans plan, tu risques de te disperser et de manquer tes objectifs financiers.<\/p>\n\n\n\n<p><strong>Exemple<\/strong> : Si tu veux acheter une maison dans 5 ans mais que tu ne fais rien pour \u00e9conomiser en vue de cet achat, tu pourrais te retrouver sans les fonds n\u00e9cessaires quand le moment sera venu.<\/p>\n\n\n\n<p><strong>Conseil<\/strong> : \u00c9tablis des objectifs financiers clairs et r\u00e9alistes. Par exemple, \u00e9conomiser 10% de tes revenus chaque mois pour un projet sp\u00e9cifique.<\/p>\n\n\n\n<h3 class=\"wp-block-heading\">Pi\u00e8ge n\u00b03 : Ignorer l&rsquo;importance de l&rsquo;\u00e9pargne<\/h3>\n\n\n\n<p><strong>Explication<\/strong> : L&rsquo;\u00e9pargne est la base de la libert\u00e9 financi\u00e8re. Sans \u00e9pargne, tu n&rsquo;auras rien \u00e0 investir.<\/p>\n\n\n\n<p><strong>Exemple<\/strong> : Si tu \u00e9conomises 100 euros par mois, au bout d&rsquo;un an, tu auras 1200 euros. Si tu places cette somme dans un compte \u00e0 int\u00e9r\u00eat, elle commencera \u00e0 fructifier.<\/p>\n\n\n\n<p><strong>Conseil<\/strong> : Automatise ton \u00e9pargne. Programme un virement automatique vers un compte \u00e9pargne chaque mois d\u00e8s que tu re\u00e7ois ton salaire.<\/p>\n\n\n\n<h3 class=\"wp-block-heading\">Pi\u00e8ge n\u00b04 : Ne pas investir<\/h3>\n\n\n\n<p><strong>Explication<\/strong> : L&rsquo;argent que tu \u00e9pargnes doit travailler pour toi. Si tu le laisses dormir sur un compte courant, il ne rapportera rien.<\/p>\n\n\n\n<p><strong>Exemple<\/strong> : Si tu investis 1000 euros en bourse avec un rendement annuel de 7%, au bout de 10 ans, tu auras environ 2000 euros.<\/p>\n\n\n\n<p><strong>Conseil<\/strong> : Informe-toi sur les diff\u00e9rentes options d&rsquo;investissement : actions, immobilier, fonds communs de placement, etc. Choisis ceux qui correspondent \u00e0 ton profil et \u00e0 tes objectifs.<\/p>\n\n\n\n<h3 class=\"wp-block-heading\">Pi\u00e8ge n\u00b05 : Suivre les conseils financiers sans r\u00e9fl\u00e9chir<\/h3>\n\n\n\n<p><strong>Explication<\/strong> : Tous les conseils ne sont pas bons \u00e0 suivre. Certains peuvent m\u00eame \u00eatre contre-productifs ou trop risqu\u00e9s pour toi.<\/p>\n\n\n\n<p><strong>Exemple<\/strong> : Un ami te dit d&rsquo;investir tout ton argent dans une seule action qui, selon lui, va exploser. Si tu le fais sans te renseigner, tu pourrais perdre tout ton investissement.<\/p>\n\n\n\n<p><strong>Conseil<\/strong> : Fais toujours tes propres recherches. Consulte plusieurs sources et, si possible, parle \u00e0 un conseiller financier avant de prendre des d\u00e9cisions importantes.<\/p>\n\n\n\n<h3 class=\"wp-block-heading\">Pi\u00e8ge n\u00b06 : Sous-estimer les petits montants<\/h3>\n\n\n\n<p><strong>Explication<\/strong> : Les petites d\u00e9penses et les petits investissements peuvent sembler insignifiants, mais sur le long terme, ils peuvent faire une grande diff\u00e9rence.<\/p>\n\n\n\n<p><strong>Exemple<\/strong> : Si tu \u00e9conomises 3 euros par jour en pr\u00e9parant ton caf\u00e9 \u00e0 la maison au lieu de l&rsquo;acheter \u00e0 l&rsquo;ext\u00e9rieur, tu peux \u00e9conomiser plus de 1000 euros par an.<\/p>\n\n\n\n<p><strong>Conseil<\/strong> : Ne sous-estime jamais la puissance des petites \u00e9conomies. Elles s&rsquo;accumulent avec le temps et peuvent t&rsquo;aider \u00e0 atteindre tes objectifs plus rapidement.<\/p>\n\n\n\n<h3 class=\"wp-block-heading\">Conclusion<\/h3>\n\n\n\n<p>La libert\u00e9 financi\u00e8re n&rsquo;est pas un r\u00eave inaccessible. Elle demande de la discipline, de la planification et de la patience. En \u00e9vitant ces pi\u00e8ges et en prenant des d\u00e9cisions \u00e9clair\u00e9es, tu peux progressivement t&rsquo;en rapprocher. Alors, prends en main tes finances d\u00e8s aujourd&rsquo;hui, et construis-toi un avenir o\u00f9 tu seras libre de choisir comment tu veux vivre ta vie.<\/p>\n\n\n\n<p>Courage, tu peux y arriver !<\/p>\n\n\n\n<p><strong><em><a href=\"https:\/\/guido-saverio-coach.com\/\">Guido SAVERIO<\/a><\/em><\/strong><\/p>\n","protected":false},"excerpt":{"rendered":"<p>Salut, Aujourd&rsquo;hui, je vais te parler d&rsquo;un sujet important : la libert\u00e9 financi\u00e8re. Atteindre la libert\u00e9 financi\u00e8re signifie que tu n&rsquo;as plus besoin de travailler pour gagner ta vie, car tes investissements et tes revenus passifs couvrent tes d\u00e9penses. C&rsquo;est&#8230; <a href=\"https:\/\/xn--libert-financire-6pbj.com\/index.php\/les-pieges-a-eviter-sur-le-chemin-de-la-liberte-financiere\/\" class=\"readmore\">Read more<span class=\"screen-reader-text\">Les Pi\u00e8ges \u00e0 \u00c9viter sur le Chemin de la Libert\u00e9 Financi\u00e8re<\/span><span class=\"fa fa-angle-double-right\" aria-hidden=\"true\"><\/span><\/a><\/p>\n","protected":false},"author":1,"featured_media":0,"parent":0,"menu_order":0,"comment_status":"closed","ping_status":"closed","template":"","meta":{"footnotes":""},"_links":{"self":[{"href":"https:\/\/xn--libert-financire-6pbj.com\/index.php\/wp-json\/wp\/v2\/pages\/261"}],"collection":[{"href":"https:\/\/xn--libert-financire-6pbj.com\/index.php\/wp-json\/wp\/v2\/pages"}],"about":[{"href":"https:\/\/xn--libert-financire-6pbj.com\/index.php\/wp-json\/wp\/v2\/types\/page"}],"author":[{"embeddable":true,"href":"https:\/\/xn--libert-financire-6pbj.com\/index.php\/wp-json\/wp\/v2\/users\/1"}],"replies":[{"embeddable":true,"href":"https:\/\/xn--libert-financire-6pbj.com\/index.php\/wp-json\/wp\/v2\/comments?post=261"}],"version-history":[{"count":1,"href":"https:\/\/xn--libert-financire-6pbj.com\/index.php\/wp-json\/wp\/v2\/pages\/261\/revisions"}],"predecessor-version":[{"id":262,"href":"https:\/\/xn--libert-financire-6pbj.com\/index.php\/wp-json\/wp\/v2\/pages\/261\/revisions\/262"}],"wp:attachment":[{"href":"https:\/\/xn--libert-financire-6pbj.com\/index.php\/wp-json\/wp\/v2\/media?parent=261"}],"curies":[{"name":"wp","href":"https:\/\/api.w.org\/{rel}","templated":true}]}}