{"id":294,"date":"2024-09-10T11:22:38","date_gmt":"2024-09-10T11:22:38","guid":{"rendered":"https:\/\/xn--libert-financire-6pbj.com\/?page_id=294"},"modified":"2024-12-22T22:25:06","modified_gmt":"2024-12-22T22:25:06","slug":"lart-de-maitriser-largent","status":"publish","type":"page","link":"https:\/\/xn--libert-financire-6pbj.com\/index.php\/lart-de-maitriser-largent\/","title":{"rendered":"L&rsquo;ART DE MAITRISER L&rsquo;ARGENT"},"content":{"rendered":"\n<ul id=\"block-6949099c-3565-40a8-9b91-8df8215f5b6b\">\n<li><a href=\"https:\/\/xn--libert-financire-6pbj.com\/index.php\/10-astuces-simples-pour-reduire-vos-depenses-au-quotidien\/\">10 Astuces Simples pour R\u00e9duire Vos D\u00e9penses au Quotidien<\/a><\/li>\n\n\n\n<li><a href=\"https:\/\/xn--libert-financire-6pbj.com\/index.php\/10-methodes-pour-rembourser-vos-dettes-en-un-temps-record\/\">10 M\u00e9thodes pour Rembourser Vos Dettes en Un Temps Record<\/a><\/li>\n\n\n\n<li><a href=\"https:\/\/xn--libert-financire-6pbj.com\/index.php\/5-etapes-pour-creer-un-fonds-durgence-rapide\/\">5 \u00c9tapes pour Cr\u00e9er un Fonds d\u2019Urgence Rapide<\/a><\/li>\n\n\n\n<li><a href=\"https:\/\/xn--libert-financire-6pbj.com\/index.php\/5-objectifs-financiers-essentiels-pour-atteindre-lindependance\/\">5 Objectifs Financiers Essentiels pour Atteindre l\u2019Ind\u00e9pendance<\/a><\/li>\n\n\n\n<li><a href=\"https:\/\/xn--libert-financire-6pbj.com\/index.php\/6-methodes-pour-gerer-vos-dettes-efficacement\/\">6 M\u00e9thodes pour G\u00e9rer Vos Dettes Efficacement<\/a><\/li>\n\n\n\n<li><a href=\"https:\/\/xn--libert-financire-6pbj.com\/index.php\/6-regles-dor-pour-eviter-les-achats-impulsifs\/\">6 R\u00e8gles d\u2019Or pour \u00c9viter les Achats Impulsifs<\/a><\/li>\n\n\n\n<li><a href=\"https:\/\/xn--libert-financire-6pbj.com\/index.php\/8-conseils-dexperts-pour-planifier-une-retraite-confortable\/\">8 Conseils d\u2019Experts pour Planifier une Retraite Confortable<\/a><\/li>\n<\/ul>\n\n\n\n<hr class=\"wp-block-separator has-alpha-channel-opacity\"\/>\n\n\n\n<hr class=\"wp-block-separator has-alpha-channel-opacity\"\/>\n\n\n\n<div class=\"wp-block-columns is-layout-flex wp-container-core-columns-is-layout-1 wp-block-columns-is-layout-flex\">\n<div class=\"wp-block-column is-layout-flow wp-block-column-is-layout-flow\"><div class=\"wp-block-image\">\n<figure class=\"aligncenter size-large is-resized\"><img loading=\"lazy\" decoding=\"async\" width=\"1024\" height=\"822\" src=\"https:\/\/xn--libert-financire-6pbj.com\/wp-content\/uploads\/2024\/09\/pexels-olly-3831181-1024x822.jpg\" alt=\"\" class=\"wp-image-343\" style=\"width:367px;height:auto\" srcset=\"https:\/\/xn--libert-financire-6pbj.com\/wp-content\/uploads\/2024\/09\/pexels-olly-3831181-1024x822.jpg 1024w, https:\/\/xn--libert-financire-6pbj.com\/wp-content\/uploads\/2024\/09\/pexels-olly-3831181-300x241.jpg 300w, https:\/\/xn--libert-financire-6pbj.com\/wp-content\/uploads\/2024\/09\/pexels-olly-3831181-768x617.jpg 768w, https:\/\/xn--libert-financire-6pbj.com\/wp-content\/uploads\/2024\/09\/pexels-olly-3831181-1536x1233.jpg 1536w, https:\/\/xn--libert-financire-6pbj.com\/wp-content\/uploads\/2024\/09\/pexels-olly-3831181-2048x1645.jpg 2048w\" sizes=\"(max-width: 1024px) 100vw, 1024px\" \/><\/figure><\/div><\/div>\n\n\n\n<div class=\"wp-block-column is-layout-flow wp-block-column-is-layout-flow\">\n<p class=\"has-vivid-red-color has-text-color has-link-color wp-elements-f72ab11309b450d42fa681f675d8bc22\">\u00ab\u00a0La richesse n\u2019est pas seulement une question d\u2019argent, mais de la mani\u00e8re dont vous le g\u00e9rez. Ma\u00eetriser l\u2019argent, c\u2019est transformer chaque d\u00e9pense en un investissement dans votre avenir.\u00a0\u00bb<\/p>\n\n\n\n<hr class=\"wp-block-separator has-alpha-channel-opacity\"\/>\n\n\n\n<p class=\"has-vivid-purple-color has-text-color has-link-color has-small-font-size wp-elements-f5d57ed125577e1858a05178bf2ade7f\">\u00ab\u00a0Ma\u00eetriser l&rsquo;argent, c&rsquo;est comprendre que la v\u00e9ritable richesse ne r\u00e9side pas dans le simple fait de gagner ou d&rsquo;accumuler des fonds, mais dans l&rsquo;usage sage et r\u00e9fl\u00e9chi que l&rsquo;on en fait. Une gestion prudente, disciplin\u00e9e et \u00e9clair\u00e9e de ses finances ne permet pas seulement de b\u00e2tir une s\u00e9curit\u00e9 mat\u00e9rielle, mais aussi d&rsquo;enrichir sa vie et celle de ses proches. La libert\u00e9 financi\u00e8re est le fruit d&rsquo;une planification intelligente et d&rsquo;une discipline continue, apportant ainsi non seulement des b\u00e9n\u00e9fices financiers, mais aussi une paix int\u00e9rieure durable.\u00a0\u00bb<\/p>\n\n\n\n<hr class=\"wp-block-separator has-alpha-channel-opacity\"\/>\n<\/div>\n<\/div>\n\n\n\n<p>Ma\u00eetriser l&rsquo;argent est une comp\u00e9tence essentielle pour vivre sereinement, \u00e9viter le stress financier et atteindre ses objectifs personnels. L&rsquo;argent, lorsqu&rsquo;il est bien g\u00e9r\u00e9, devient un outil puissant pour cr\u00e9er de la libert\u00e9, des opportunit\u00e9s et de la s\u00e9curit\u00e9. Toutefois, cela n\u00e9cessite une approche disciplin\u00e9e, de la connaissance, et surtout une mentalit\u00e9 adapt\u00e9e. Voici quelques principes cl\u00e9s pour ma\u00eetriser l&rsquo;art de g\u00e9rer l&rsquo;argent.<\/p>\n\n\n\n<h2 class=\"wp-block-heading\"><strong><em><a href=\"https:\/\/xn--libert-financire-6pbj.com\/index.php\/changer-sa-mentalite-vis-a-vis-de-largent\/\">1. Changer sa mentalit\u00e9 vis-\u00e0-vis de l&rsquo;argent<\/a><\/em><\/strong><\/h2>\n\n\n\n<p>Avant de pouvoir ma\u00eetriser l&rsquo;argent, il est important d&rsquo;avoir une relation saine avec lui. Beaucoup de gens voient l&rsquo;argent comme une source de stress ou comme quelque chose de difficile \u00e0 obtenir. Il faut changer cette perception et consid\u00e9rer l&rsquo;argent comme un outil qui vous aide \u00e0 atteindre vos objectifs. Une mentalit\u00e9 d\u2019abondance et de confiance envers l\u2019argent est fondamentale. (<strong><em><a href=\"https:\/\/xn--libert-financire-6pbj.com\/index.php\/changer-sa-mentalite-vis-a-vis-de-largent\/\">en savoir plus<\/a><\/em><\/strong>)<\/p>\n\n\n\n<h3 class=\"wp-block-heading\"><strong><em><a href=\"https:\/\/xn--libert-financire-6pbj.com\/index.php\/comprendre-la-valeur-de-largent\/\">2. Comprendre la valeur de l&rsquo;argent<\/a><\/em><\/strong><\/h3>\n\n\n\n<p>L\u2019argent n\u2019a de la valeur que lorsqu&rsquo;il est utilis\u00e9 de mani\u00e8re intentionnelle. Il ne s&rsquo;agit pas seulement de le gagner, mais de comprendre comment l&rsquo;utiliser pour am\u00e9liorer votre qualit\u00e9 de vie. Cela implique de d\u00e9penser pour ce qui compte vraiment pour vous tout en \u00e9vitant les d\u00e9penses inutiles ou impulsives.(<strong><em><a href=\"https:\/\/xn--libert-financire-6pbj.com\/index.php\/comprendre-la-valeur-de-largent\/\">en savoir plus<\/a><\/em><\/strong>)<\/p>\n\n\n\n<h4 class=\"wp-block-heading\"><strong><em><a href=\"https:\/\/xn--libert-financire-6pbj.com\/index.php\/vivre-en-dessous-de-ses-moyens\/\">3. Vivre en dessous de ses moyens<\/a><\/em><\/strong><\/h4>\n\n\n\n<p>L&rsquo;un des principes les plus puissants de la gestion de l&rsquo;argent est de d\u00e9penser moins que ce que l&rsquo;on gagne. Cela peut sembler \u00e9vident, mais c&rsquo;est la base de l&rsquo;accumulation de richesse. En vivant en dessous de vos moyens, vous aurez toujours une marge de man\u0153uvre pour \u00e9pargner, investir ou faire face aux impr\u00e9vus.(<strong><em><a href=\"https:\/\/xn--libert-financire-6pbj.com\/index.php\/vivre-en-dessous-de-ses-moyens\/\">en savoir plus<\/a><\/em><\/strong>)<\/p>\n\n\n\n<h5 class=\"wp-block-heading\"><strong><em><a href=\"https:\/\/xn--libert-financire-6pbj.com\/index.php\/avoir-une-strategie-depargne\/\">4. Avoir une strat\u00e9gie d\u2019\u00e9pargne<\/a><\/em><\/strong><\/h5>\n\n\n\n<p>L\u2019\u00e9pargne n\u2019est pas seulement une question de mettre de c\u00f4t\u00e9 ce qui reste apr\u00e8s avoir pay\u00e9 ses d\u00e9penses. Il faut \u00e9pargner intentionnellement, c\u2019est-\u00e0-dire d\u00e9cider d&rsquo;un montant ou d&rsquo;un pourcentage de votre revenu que vous \u00e9conomisez chaque mois. Plus t\u00f4t vous commencerez \u00e0 \u00e9pargner, plus vous profiterez de l&rsquo;effet des int\u00e9r\u00eats compos\u00e9s sur vos \u00e9conomies. (<strong><em><a href=\"https:\/\/xn--libert-financire-6pbj.com\/index.php\/avoir-une-strategie-depargne\/\">en savoir plus<\/a><\/em><\/strong>)<\/p>\n\n\n\n<h3 class=\"wp-block-heading\"><strong><em><a href=\"https:\/\/xn--libert-financire-6pbj.com\/index.php\/eviter-les-dettes-inutiles\/\">5. \u00c9viter les dettes inutiles<\/a><\/em><\/strong><\/h3>\n\n\n\n<p>Les dettes peuvent \u00eatre des obstacles majeurs \u00e0 la ma\u00eetrise de l&rsquo;argent, surtout si elles portent des taux d&rsquo;int\u00e9r\u00eat \u00e9lev\u00e9s. Il est crucial d&rsquo;apprendre \u00e0 distinguer les dettes \u00ab\u00a0utiles\u00a0\u00bb (par exemple, pour un investissement immobilier ou une formation) des dettes nuisibles (comme les achats sur cartes de cr\u00e9dit ou les pr\u00eats \u00e0 la consommation). La gestion intelligente des dettes est une partie int\u00e9grante de la ma\u00eetrise financi\u00e8re. (<strong><em><a href=\"https:\/\/xn--libert-financire-6pbj.com\/index.php\/eviter-les-dettes-inutiles\/\">en savoir plus<\/a><\/em><\/strong>)<\/p>\n\n\n\n<h3 class=\"wp-block-heading\"><strong><em><a href=\"https:\/\/xn--libert-financire-6pbj.com\/index.php\/investir-intelligemment\/\">6. Investir pour l&rsquo;avenir<\/a><\/em><\/strong><\/h3>\n\n\n\n<p>\u00c9pargner, c&rsquo;est bien, mais investir, c&rsquo;est mieux. Pour faire cro\u00eetre votre argent, il est essentiel d&rsquo;apprendre \u00e0 investir, que ce soit dans des actions, des obligations, l&rsquo;immobilier ou m\u00eame votre propre entreprise. Plus vous investissez t\u00f4t, plus vous profiterez des rendements \u00e0 long terme, ce qui est un levier crucial pour b\u00e2tir la richesse. (<strong><em><a href=\"https:\/\/xn--libert-financire-6pbj.com\/index.php\/investir-intelligemment\/\">en savoir plus<\/a><\/em><\/strong>)<\/p>\n\n\n\n<h3 class=\"wp-block-heading\"><strong><em><a href=\"https:\/\/xn--libert-financire-6pbj.com\/index.php\/eduquer-en-continu-sur-les-finances\/\">7. \u00c9duquer en continu sur les finances<\/a><\/em><\/strong><\/h3>\n\n\n\n<p>L&rsquo;une des erreurs les plus courantes est de n\u00e9gliger son \u00e9ducation financi\u00e8re. Ma\u00eetriser l\u2019argent demande une bonne compr\u00e9hension des concepts financiers de base : \u00e9pargne, investissement, fiscalit\u00e9, gestion des risques, etc. L\u2019apprentissage continu vous aidera \u00e0 prendre de meilleures d\u00e9cisions et \u00e0 maximiser vos ressources. (<strong><em><a href=\"https:\/\/xn--libert-financire-6pbj.com\/index.php\/eduquer-en-continu-sur-les-finances\/\">en savoir plus<\/a><\/em><\/strong>)<\/p>\n\n\n\n<h3 class=\"wp-block-heading\"><strong><em><a href=\"https:\/\/xn--libert-financire-6pbj.com\/index.php\/planifier-a-long-terme\/\">8. Planifier \u00e0 long terme<\/a><\/em><\/strong><\/h3>\n\n\n\n<p>Pour bien ma\u00eetriser son argent, il est important de se fixer des objectifs \u00e0 long terme : acheter une maison, pr\u00e9parer sa retraite, financer les \u00e9tudes des enfants, etc. Une planification financi\u00e8re solide vous aidera \u00e0 prioriser vos d\u00e9penses et vos investissements, en assurant que vous \u00eates en bonne voie pour r\u00e9aliser vos aspirations. (<strong><em><a href=\"https:\/\/xn--libert-financire-6pbj.com\/index.php\/planifier-a-long-terme\/\">en savoir plus<\/a><\/em><\/strong>)<\/p>\n\n\n\n<h3 class=\"wp-block-heading\"><strong><em><a href=\"https:\/\/xn--libert-financire-6pbj.com\/index.php\/faire-preuve-de-discipline-et-de-patience\/\">9. Faire preuve de discipline et de patience<\/a><\/em><\/strong><\/h3>\n\n\n\n<p>La ma\u00eetrise de l\u2019argent exige de la discipline : respecter un budget, ne pas c\u00e9der aux achats impulsifs, maintenir une \u00e9pargne r\u00e9guli\u00e8re, et rester fid\u00e8le \u00e0 ses objectifs financiers. La patience est \u00e9galement cruciale, car les r\u00e9sultats financiers prennent du temps. Les gains rapides peuvent \u00eatre tentants, mais c&rsquo;est la gestion rigoureuse et constante qui m\u00e8ne \u00e0 une vraie libert\u00e9 financi\u00e8re. (<strong><em><a href=\"https:\/\/xn--libert-financire-6pbj.com\/index.php\/faire-preuve-de-discipline-et-de-patience\/\">en savoir plus<\/a><\/em><\/strong>)<\/p>\n\n\n\n<h3 class=\"wp-block-heading\"><strong><em><a href=\"https:\/\/xn--libert-financire-6pbj.com\/index.php\/gerer-les-risques-protegez-vos-acquis-pour-un-avenir-financier-serein\/\">10. G\u00e9rer les risques<\/a><\/em><\/strong><\/h3>\n\n\n\n<p>Une gestion financi\u00e8re prudente implique aussi de prot\u00e9ger ses acquis. Cela passe par l\u2019assurance, qu\u2019il s\u2019agisse d\u2019assurance sant\u00e9, habitation ou encore assurance vie. En cas d\u2019impr\u00e9vus, ces outils vous permettent de ne pas plonger dans des difficult\u00e9s financi\u00e8res. Un autre aspect est la diversification de vos investissements, afin de limiter les risques li\u00e9s \u00e0 une seule source de revenus ou d&rsquo;actifs. (<strong><em><a href=\"https:\/\/xn--libert-financire-6pbj.com\/index.php\/gerer-les-risques-protegez-vos-acquis-pour-un-avenir-financier-serein\/\">en savoir plus<\/a><\/em><\/strong>)<\/p>\n\n\n\n<h3 class=\"wp-block-heading\">Conclusion :<\/h3>\n\n\n\n<p>L&rsquo;art de ma\u00eetriser l&rsquo;argent repose sur une combinaison de discipline, de strat\u00e9gie et de connaissances. Cela ne se limite pas \u00e0 amasser des richesses, mais \u00e0 utiliser l\u2019argent comme un outil pour am\u00e9liorer votre vie et celle de vos proches. En suivant ces principes, vous pouvez atteindre une v\u00e9ritable libert\u00e9 financi\u00e8re et vous lib\u00e9rer du stress li\u00e9 \u00e0 l&rsquo;argent.<\/p>\n\n\n\n<p><strong><em><a href=\"https:\/\/guido-saverio-coach.com\/\">Guido SAVERIO<\/a><\/em><\/strong><\/p>\n","protected":false},"excerpt":{"rendered":"<p>\u00ab\u00a0La richesse n\u2019est pas seulement une question d\u2019argent, mais de la mani\u00e8re dont vous le g\u00e9rez. Ma\u00eetriser l\u2019argent, c\u2019est transformer chaque d\u00e9pense en un investissement dans votre avenir.\u00a0\u00bb \u00ab\u00a0Ma\u00eetriser l&rsquo;argent, c&rsquo;est comprendre que la v\u00e9ritable richesse ne r\u00e9side pas dans&#8230; <a href=\"https:\/\/xn--libert-financire-6pbj.com\/index.php\/lart-de-maitriser-largent\/\" class=\"readmore\">Read more<span class=\"screen-reader-text\">L&rsquo;ART DE MAITRISER L&rsquo;ARGENT<\/span><span class=\"fa fa-angle-double-right\" aria-hidden=\"true\"><\/span><\/a><\/p>\n","protected":false},"author":1,"featured_media":0,"parent":0,"menu_order":0,"comment_status":"closed","ping_status":"closed","template":"","meta":{"footnotes":""},"_links":{"self":[{"href":"https:\/\/xn--libert-financire-6pbj.com\/index.php\/wp-json\/wp\/v2\/pages\/294"}],"collection":[{"href":"https:\/\/xn--libert-financire-6pbj.com\/index.php\/wp-json\/wp\/v2\/pages"}],"about":[{"href":"https:\/\/xn--libert-financire-6pbj.com\/index.php\/wp-json\/wp\/v2\/types\/page"}],"author":[{"embeddable":true,"href":"https:\/\/xn--libert-financire-6pbj.com\/index.php\/wp-json\/wp\/v2\/users\/1"}],"replies":[{"embeddable":true,"href":"https:\/\/xn--libert-financire-6pbj.com\/index.php\/wp-json\/wp\/v2\/comments?post=294"}],"version-history":[{"count":16,"href":"https:\/\/xn--libert-financire-6pbj.com\/index.php\/wp-json\/wp\/v2\/pages\/294\/revisions"}],"predecessor-version":[{"id":689,"href":"https:\/\/xn--libert-financire-6pbj.com\/index.php\/wp-json\/wp\/v2\/pages\/294\/revisions\/689"}],"wp:attachment":[{"href":"https:\/\/xn--libert-financire-6pbj.com\/index.php\/wp-json\/wp\/v2\/media?parent=294"}],"curies":[{"name":"wp","href":"https:\/\/api.w.org\/{rel}","templated":true}]}}