{"id":487,"date":"2024-12-15T13:05:23","date_gmt":"2024-12-15T13:05:23","guid":{"rendered":"https:\/\/xn--libert-financire-6pbj.com\/?page_id=487"},"modified":"2024-12-15T14:26:36","modified_gmt":"2024-12-15T14:26:36","slug":"la-magie-de-lepargne-trouver-lequilibre-parfait-pour-votre-avenir","status":"publish","type":"page","link":"https:\/\/xn--libert-financire-6pbj.com\/index.php\/la-magie-de-lepargne-trouver-lequilibre-parfait-pour-votre-avenir\/","title":{"rendered":"La Magie de l&rsquo;\u00c9pargne : Trouver l\u2019\u00c9quilibre Parfait pour Votre Avenir"},"content":{"rendered":"\n<p>L\u2019\u00e9pargne, c\u2019est comme une graine que vous plantez aujourd\u2019hui pour r\u00e9colter demain. Mais combien de cette graine devriez-vous semer chaque mois pour que votre avenir financier soit florissant ?<\/p>\n\n\n\n<p>L\u2019Intuition de l\u2019\u00c9pargne : Suivre Votre Instinct<br>D\u2019abord, il n\u2019y a pas de chiffre magique, ni de r\u00e8gle universelle qui fonctionne pour tout le monde. Ce qui est s\u00fbr, c\u2019est que l\u2019\u00e9pargne doit \u00eatre un acte \u00e9motionnel aussi bien qu\u2019intellectuel. La mani\u00e8re dont vous \u00e9pargnez doit correspondre \u00e0 vos aspirations profondes. Si vous avez un r\u00eave, une vision claire de ce que vous voulez atteindre, l&rsquo;\u00e9pargne devient un acte beaucoup plus puissant.<\/p>\n\n\n\n<p>La premi\u00e8re question \u00e0 vous poser est : qu\u2019est-ce qui vous touche profond\u00e9ment ? L\u2019\u00e9pargne pour un voyage de r\u00eave, pour la s\u00e9curit\u00e9 de vos enfants, ou pour une retraite paisible ? Une fois que vous avez la r\u00e9ponse, il est plus facile de d\u00e9terminer ce que vous \u00eates pr\u00eat \u00e0 mettre de c\u00f4t\u00e9.<\/p>\n\n\n\n<p>L\u2019\u00c9quilibre Entre S\u00e9curit\u00e9 et Libert\u00e9 : Trouver Votre Pourcentage Id\u00e9al<br>Un point de d\u00e9part courant dans de nombreuses strat\u00e9gies financi\u00e8res est de viser \u00e0 \u00e9pargner 10 \u00e0 20 % de vos revenus mensuels. Ce pourcentage est assez flexible, car il d\u00e9pend de vos priorit\u00e9s actuelles. Si vous \u00eates en d\u00e9but de carri\u00e8re ou que vos priorit\u00e9s sont ailleurs (logement, dettes), peut-\u00eatre commencerez-vous plus bas. Mais si vous avez atteint une certaine stabilit\u00e9, augmenter ce pourcentage peut faire une grande diff\u00e9rence.<\/p>\n\n\n\n<p>Mais voici un aspect important : votre \u00e9pargne ne doit pas \u00eatre une contrainte, mais un levier \u00e9motionnel. Si vous vous forcez \u00e0 \u00e9pargner un montant trop \u00e9lev\u00e9 par mois, cela peut rapidement devenir un fardeau. \u00c0 l\u2019inverse, ne pas \u00e9pargner suffisamment peut mener \u00e0 un sentiment de frustration, voire de peur pour l\u2019avenir.<\/p>\n\n\n\n<p>Les Objectifs \u00e0 Court, Moyen et Long Terme : Un Voyage \u00c9motionnel<br>Diviser vos objectifs d\u2019\u00e9pargne en diff\u00e9rentes cat\u00e9gories peut \u00e9galement vous aider \u00e0 \u00e9quilibrer les \u00e9motions qui accompagnent l\u2019\u00e9pargne. Par exemple, un objectif \u00e0 court terme pourrait \u00eatre de constituer un fonds d&rsquo;urgence (id\u00e9alement de trois \u00e0 six mois de d\u00e9penses), ce qui vous procurera un sentiment imm\u00e9diat de s\u00e9curit\u00e9. Ce fonds d&rsquo;urgence sera l&rsquo;ancrage \u00e9motionnel pour traverser les incertitudes.<\/p>\n\n\n\n<p>Les objectifs \u00e0 plus long terme, comme l\u2019achat d\u2019une maison ou la pr\u00e9paration de la retraite, peuvent \u00eatre des sources constantes de motivation. \u00c0 chaque fois que vous faites un petit progr\u00e8s, votre \u00e9motion devient une r\u00e9compense.<\/p>\n\n\n\n<p>Automatiser pour Rendre l\u2019\u00c9pargne Facile<br>Une des strat\u00e9gies les plus efficaces pour l\u2019\u00e9pargne est l\u2019automatisation. Lorsque vous ne voyez pas l\u2019argent, vous ne le d\u00e9pensez pas. Si vous pouvez mettre en place un virement automatique d\u00e8s que vous recevez votre salaire, l\u2019acte d\u2019\u00e9pargner devient une habitude, presque comme une respiration. Cette approche donne un sentiment de ma\u00eetrise sur votre destin financier, tout en all\u00e9geant l\u2019angoisse li\u00e9e \u00e0 la gestion des finances.<\/p>\n\n\n\n<p>Le R\u00f4le Crucial de la Patience<br>L\u2019\u00e9pargne, c\u2019est comme une longue marche o\u00f9 chaque pas compte. Mais \u00e0 chaque \u00e9tape, vous ressentez une pouss\u00e9e d\u2019\u00e9motion positive, celle de savoir que vous \u00eates sur la bonne voie. C\u2019est une aventure, parfois longue, parfois difficile, mais \u00e0 chaque avanc\u00e9e, vous vous rapprochez de vos r\u00eaves.<\/p>\n\n\n\n<p>En fin de compte, la proportion exacte de vos revenus \u00e0 \u00e9pargner d\u00e9pend de votre situation, de vos besoins et de vos d\u00e9sirs. L\u2019essentiel est que l\u2019\u00e9pargne ne soit pas v\u00e9cue comme un sacrifice, mais comme un investissement dans vos d\u00e9sirs les plus profonds. Et n\u2019oubliez pas, chaque petit pas vous rapproche de la libert\u00e9 financi\u00e8re et de la tranquillit\u00e9 d\u2019esprit.<\/p>\n\n\n\n<p>Guido SAVERIO<\/p>\n\n\n\n<ul>\n<li><a href=\"https:\/\/xn--libert-financire-6pbj.com\/index.php\/quels-sont-les-risques-des-mauvais-investissements\/\">Quels sont les risques des mauvais investissements ?<\/a><\/li>\n\n\n\n<li><a href=\"https:\/\/xn--libert-financire-6pbj.com\/index.php\/que-faire-en-cas-de-crise-economique\/\">Que faire en cas de crise \u00e9conomique ?<\/a><\/li>\n\n\n\n<li><a href=\"https:\/\/xn--libert-financire-6pbj.com\/index.php\/dois-je-souscrire-a-une-assurance-pour-proteger-mes-investissements\/\">Dois-je souscrire \u00e0 une assurance pour prot\u00e9ger mes investissements ?<\/a><\/li>\n\n\n\n<li><a href=\"https:\/\/xn--libert-financire-6pbj.com\/index.php\/comment-puis-je-proteger-mes-finances-contre-les-imprevus\/\">Comment puis-je prot\u00e9ger mes finances contre les impr\u00e9vus ?<\/a><\/li>\n\n\n\n<li><a href=\"https:\/\/xn--libert-financire-6pbj.com\/index.php\/comment-equilibrer-mes-objectifs-financiers-et-mes-besoins-a-court-terme\/\">Comment \u00e9quilibrer mes objectifs financiers et mes besoins \u00e0 court terme ?<\/a><\/li>\n\n\n\n<li><a href=\"https:\/\/xn--libert-financire-6pbj.com\/index.php\/faut-il-sacrifier-ses-loisirs-pour-atteindre-la-liberte-financiere\/\">Faut-il sacrifier ses loisirs pour atteindre la libert\u00e9 financi\u00e8re ?<\/a><\/li>\n\n\n\n<li><a href=\"https:\/\/xn--libert-financire-6pbj.com\/index.php\/comment-rester-motive-dans-mon-parcours-vers-la-liberte-financiere\/\">Comment rester motiv\u00e9 dans mon parcours vers la libert\u00e9 financi\u00e8re ?<\/a><\/li>\n\n\n\n<li><a href=\"https:\/\/xn--libert-financire-6pbj.com\/index.php\/quels-changements-dois-je-apporter-a-mon-mode-de-vie-pour-economiser-davantage\/\">Quels changements dois-je apporter \u00e0 mon mode de vie pour \u00e9conomiser davantage ?<\/a><\/li>\n\n\n\n<li><a href=\"https:\/\/xn--libert-financire-6pbj.com\/index.php\/quelles-competences-sont-importantes-pour-reussir-financierement\/\">Quelles comp\u00e9tences sont importantes pour r\u00e9ussir financi\u00e8rement ?<\/a><\/li>\n\n\n\n<li><a href=\"https:\/\/xn--libert-financire-6pbj.com\/index.php\/comment-puis-je-evaluer-mes-progres-vers-la-liberte-financiere\/\">Comment puis-je \u00e9valuer mes progr\u00e8s vers la libert\u00e9 financi\u00e8re ?<\/a><\/li>\n\n\n\n<li><a href=\"https:\/\/xn--libert-financire-6pbj.com\/index.php\/est-il-necessaire-davoir-un-conseiller-financier\/\">Est-il n\u00e9cessaire d\u2019avoir un conseiller financier ?<\/a><\/li>\n\n\n\n<li><a href=\"https:\/\/xn--libert-financire-6pbj.com\/index.php\/quels-livres-ou-ressources-me-conseillez-vous-pour-apprendre-a-gerer-mes-finances\/\">Quels livres ou ressources me conseillez-vous pour apprendre \u00e0 g\u00e9rer mes finances ?<\/a><\/li>\n\n\n\n<li><a href=\"https:\/\/xn--libert-financire-6pbj.com\/index.php\/comment-gerer-les-risques-lies-a-lentrepreneuriat\/\">Comment g\u00e9rer les risques li\u00e9s \u00e0 l\u2019entrepreneuriat ?<\/a><\/li>\n\n\n\n<li><a href=\"https:\/\/xn--libert-financire-6pbj.com\/index.php\/comment-puis-je-diversifier-mes-sources-de-revenus\/\">Comment puis-je diversifier mes sources de revenus ?<\/a><\/li>\n\n\n\n<li><a href=\"https:\/\/xn--libert-financire-6pbj.com\/index.php\/quelles-idees-de-business-peuvent-generer-des-revenus-supplementaires\/\">Quelles id\u00e9es de business peuvent g\u00e9n\u00e9rer des revenus suppl\u00e9mentaires ?<\/a><\/li>\n\n\n\n<li><a href=\"https:\/\/xn--libert-financire-6pbj.com\/index.php\/dois-je-creer-une-entreprise-pour-atteindre-la-liberte-financiere\/\">Dois-je cr\u00e9er une entreprise pour atteindre la libert\u00e9 financi\u00e8re ?<\/a><\/li>\n\n\n\n<li><a href=\"https:\/\/xn--libert-financire-6pbj.com\/index.php\/faut-il-un-capital-important-pour-investir\/\">Faut-il un capital important pour investir ?<\/a><\/li>\n\n\n\n<li><a href=\"https:\/\/xn--libert-financire-6pbj.com\/index.php\/quest-ce-que-linvestissement-dans-les-cryptomonnaies\/\">Qu\u2019est-ce que l\u2019investissement dans les cryptomonnaies ?<\/a><\/li>\n\n\n\n<li><a href=\"https:\/\/xn--libert-financire-6pbj.com\/index.php\/comment-fonctionne-la-bourse-et-comment-y-investir\/\">Comment fonctionne la bourse et comment y investir ?<\/a><\/li>\n\n\n\n<li><a href=\"https:\/\/xn--libert-financire-6pbj.com\/index.php\/quelle-est-la-difference-entre-investir-en-bourse-et-investir-dans-limmobilier\/\">Quelle est la diff\u00e9rence entre investir en bourse et investir dans l\u2019immobilier ?<\/a><\/li>\n\n\n\n<li><a href=\"https:\/\/xn--libert-financire-6pbj.com\/index.php\/quels-sont-les-meilleurs-investissements-pour-debuter\/\">Quels sont les meilleurs investissements pour d\u00e9buter ?<\/a><\/li>\n\n\n\n<li><a href=\"https:\/\/xn--libert-financire-6pbj.com\/index.php\/est-il-possible-de-vivre-uniquement-de-revenus-passifs\/\">Est-il possible de vivre uniquement de revenus passifs ?<\/a><\/li>\n\n\n\n<li><a href=\"https:\/\/xn--libert-financire-6pbj.com\/index.php\/quels-sont-les-risques-associes-au-revenu-passif\/\">Quels sont les risques associ\u00e9s au revenu passif ?<\/a><\/li>\n\n\n\n<li><a href=\"https:\/\/xn--libert-financire-6pbj.com\/index.php\/comment-puis-je-commencer-a-developper-des-revenus-passifs-avec-peu-de-capital\/\">Comment puis-je commencer \u00e0 d\u00e9velopper des revenus passifs avec peu de capital ?<\/a><\/li>\n\n\n\n<li><a href=\"https:\/\/xn--libert-financire-6pbj.com\/index.php\/quels-sont-des-exemples-de-sources-de-revenus-passifs\/\">Quels sont des exemples de sources de revenus passifs ?<\/a><\/li>\n\n\n\n<li><a href=\"https:\/\/xn--libert-financire-6pbj.com\/index.php\/quest-ce-quun-revenu-passif\/\">Qu\u2019est-ce qu\u2019un revenu passif ?<\/a><\/li>\n\n\n\n<li><a href=\"https:\/\/xn--libert-financire-6pbj.com\/index.php\/quelles-erreurs-courantes-dois-je-eviter-dans-la-gestion-de-mes-finances\/\">Quelles erreurs courantes dois-je \u00e9viter dans la gestion de mes finances ?<\/a><\/li>\n\n\n\n<li><a href=\"https:\/\/xn--libert-financire-6pbj.com\/index.php\/reduire-vos-dettes-rapidement-strategies-pour-un-renouveau-financier\/\">R\u00e9duire vos dettes rapidement : Strat\u00e9gies pour un renouveau financier<\/a><\/li>\n\n\n\n<li><a href=\"https:\/\/xn--libert-financire-6pbj.com\/index.php\/les-meilleurs-outils-pour-gerer-votre-budget-avec-efficacite\/\">Les meilleurs outils pour g\u00e9rer votre budget avec efficacit\u00e9<\/a><\/li>\n\n\n\n<li><a href=\"https:\/\/xn--libert-financire-6pbj.com\/index.php\/la-magie-de-lepargne-trouver-lequilibre-parfait-pour-votre-avenir\/\">La Magie de l\u2019\u00c9pargne : Trouver l\u2019\u00c9quilibre Parfait pour Votre Avenir<\/a><\/li>\n\n\n\n<li><a href=\"https:\/\/xn--libert-financire-6pbj.com\/index.php\/comment-commencer-a-economiser-de-largent-efficacement\/\">Comment commencer \u00e0 \u00e9conomiser de l\u2019argent efficacement<\/a><\/li>\n\n\n\n<li><a href=\"https:\/\/xn--libert-financire-6pbj.com\/index.php\/la-liberte-financiere-vs-lindependance-financiere-une-quete-emotionnelle-a-comprendre\/\">La libert\u00e9 financi\u00e8re vs l\u2019ind\u00e9pendance financi\u00e8re : une qu\u00eate \u00e9motionnelle \u00e0 comprendre<\/a><\/li>\n\n\n\n<li><a href=\"https:\/\/xn--libert-financire-6pbj.com\/index.php\/combien-de-temps-faut-il-pour-devenir-financierement-libre\/\">Combien de temps faut-il pour devenir financi\u00e8rement libre ?<\/a><\/li>\n\n\n\n<li><a href=\"https:\/\/xn--libert-financire-6pbj.com\/index.php\/la-liberte-financiere-est-elle-accessible-a-tout-le-monde\/\">La libert\u00e9 financi\u00e8re est-elle accessible \u00e0 tout le monde ?<\/a><\/li>\n\n\n\n<li><a href=\"https:\/\/xn--libert-financire-6pbj.com\/index.php\/pourquoi-est-il-important-datteindre-la-liberte-financiere\/\">Pourquoi est-il important d\u2019atteindre la libert\u00e9 financi\u00e8re ?<\/a><\/li>\n\n\n\n<li><a href=\"https:\/\/xn--libert-financire-6pbj.com\/index.php\/quest-ce-que-la-liberte-financiere\/\">Qu\u2019est-ce que la libert\u00e9 financi\u00e8re ?<\/a><\/li>\n<\/ul>\n","protected":false},"excerpt":{"rendered":"<p>L\u2019\u00e9pargne, c\u2019est comme une graine que vous plantez aujourd\u2019hui pour r\u00e9colter demain. Mais combien de cette graine devriez-vous semer chaque mois pour que votre avenir financier soit florissant ? L\u2019Intuition de l\u2019\u00c9pargne : Suivre Votre InstinctD\u2019abord, il n\u2019y a pas&#8230; <a href=\"https:\/\/xn--libert-financire-6pbj.com\/index.php\/la-magie-de-lepargne-trouver-lequilibre-parfait-pour-votre-avenir\/\" class=\"readmore\">Read more<span class=\"screen-reader-text\">La Magie de l&rsquo;\u00c9pargne : Trouver l\u2019\u00c9quilibre Parfait pour Votre Avenir<\/span><span class=\"fa fa-angle-double-right\" aria-hidden=\"true\"><\/span><\/a><\/p>\n","protected":false},"author":1,"featured_media":0,"parent":0,"menu_order":0,"comment_status":"closed","ping_status":"closed","template":"","meta":{"footnotes":""},"_links":{"self":[{"href":"https:\/\/xn--libert-financire-6pbj.com\/index.php\/wp-json\/wp\/v2\/pages\/487"}],"collection":[{"href":"https:\/\/xn--libert-financire-6pbj.com\/index.php\/wp-json\/wp\/v2\/pages"}],"about":[{"href":"https:\/\/xn--libert-financire-6pbj.com\/index.php\/wp-json\/wp\/v2\/types\/page"}],"author":[{"embeddable":true,"href":"https:\/\/xn--libert-financire-6pbj.com\/index.php\/wp-json\/wp\/v2\/users\/1"}],"replies":[{"embeddable":true,"href":"https:\/\/xn--libert-financire-6pbj.com\/index.php\/wp-json\/wp\/v2\/comments?post=487"}],"version-history":[{"count":2,"href":"https:\/\/xn--libert-financire-6pbj.com\/index.php\/wp-json\/wp\/v2\/pages\/487\/revisions"}],"predecessor-version":[{"id":626,"href":"https:\/\/xn--libert-financire-6pbj.com\/index.php\/wp-json\/wp\/v2\/pages\/487\/revisions\/626"}],"wp:attachment":[{"href":"https:\/\/xn--libert-financire-6pbj.com\/index.php\/wp-json\/wp\/v2\/media?parent=487"}],"curies":[{"name":"wp","href":"https:\/\/api.w.org\/{rel}","templated":true}]}}