{"id":493,"date":"2024-12-15T13:10:58","date_gmt":"2024-12-15T13:10:58","guid":{"rendered":"https:\/\/xn--libert-financire-6pbj.com\/?page_id=493"},"modified":"2024-12-15T14:25:15","modified_gmt":"2024-12-15T14:25:15","slug":"quelles-erreurs-courantes-dois-je-eviter-dans-la-gestion-de-mes-finances","status":"publish","type":"page","link":"https:\/\/xn--libert-financire-6pbj.com\/index.php\/quelles-erreurs-courantes-dois-je-eviter-dans-la-gestion-de-mes-finances\/","title":{"rendered":"Quelles erreurs courantes dois-je \u00e9viter dans la gestion de mes finances ?"},"content":{"rendered":"\n<h3 class=\"wp-block-heading\">1. Ne pas avoir de budget pr\u00e9cis<\/h3>\n\n\n\n<p>L&rsquo;une des erreurs les plus fr\u00e9quentes est de ne pas avoir un budget bien d\u00e9fini. Beaucoup de gens vivent au jour le jour sans suivre de plan financier. Cela m\u00e8ne souvent \u00e0 des d\u00e9penses impr\u00e9vues et \u00e0 une gestion d\u00e9sastreuse des finances. En vous fixant des limites chaque mois, vous pouvez mieux comprendre o\u00f9 va votre argent et \u00e9viter de gaspiller dans des achats impulsifs.<\/p>\n\n\n\n<h3 class=\"wp-block-heading\">2. Ignorer les dettes<\/h3>\n\n\n\n<p>Les dettes peuvent vite devenir un fardeau lourd \u00e0 porter si elles ne sont pas g\u00e9r\u00e9es d\u00e8s le d\u00e9part. Ignorer leur existence ou reporter leur remboursement engendre des int\u00e9r\u00eats suppl\u00e9mentaires qui peuvent nuire \u00e0 votre stabilit\u00e9 financi\u00e8re. Il est essentiel de prioriser le remboursement des dettes et d&rsquo;\u00e9viter d\u2019en accumuler davantage.<\/p>\n\n\n\n<h3 class=\"wp-block-heading\">3. N\u00e9gliger l\u2019\u00e9pargne pour les impr\u00e9vus<\/h3>\n\n\n\n<p>Beaucoup de personnes pensent qu&rsquo;elles n&rsquo;ont pas besoin de mettre de c\u00f4t\u00e9 pour les impr\u00e9vus, pensant que les urgences financi\u00e8res ne les affecteront pas. Cependant, la vie r\u00e9serve souvent des surprises, et une situation d&rsquo;urgence peut rapidement devenir un v\u00e9ritable cauchemar financier si vous n&rsquo;avez pas de fonds de r\u00e9serve. Cr\u00e9er un \u00e9pargne de pr\u00e9caution est essentiel pour ne pas \u00eatre pris au d\u00e9pourvu.<\/p>\n\n\n\n<h3 class=\"wp-block-heading\">4. Mettre tous ses \u0153ufs dans le m\u00eame panier<\/h3>\n\n\n\n<p>Lorsque vous investissez, il peut \u00eatre tentant de concentrer toutes vos \u00e9conomies dans une seule option. Mais cela peut \u00eatre risqu\u00e9. La diversification de vos investissements permet de minimiser les risques et d\u2019assurer une croissance plus stable de votre capital. En cas de chute d&rsquo;un secteur, vous aurez d&rsquo;autres investissements pour amortir la perte.<\/p>\n\n\n\n<h3 class=\"wp-block-heading\">5. Sous-estimer l\u2019importance des assurances<\/h3>\n\n\n\n<p>Beaucoup de personnes n\u00e9gligent la souscription \u00e0 des assurances n\u00e9cessaires, pensant que les impr\u00e9vus ne les toucheront jamais. Pourtant, un accident, une maladie ou une catastrophe peut avoir des cons\u00e9quences financi\u00e8res dramatiques. Avoir une couverture ad\u00e9quate pour vous-m\u00eame, votre famille, et vos biens est une d\u00e9cision qui peut faire toute la diff\u00e9rence en cas de coup dur.<\/p>\n\n\n\n<h3 class=\"wp-block-heading\">6. Suivre les tendances sans r\u00e9flexion<\/h3>\n\n\n\n<p>Les investissements peuvent \u00eatre influenc\u00e9s par des tendances \u00e0 la mode, mais il est important de ne pas se laisser emporter par l&rsquo;engouement sans une analyse approfondie. Investir dans des actions ou des produits populaires sans comprendre leur potentiel peut mener \u00e0 des pertes importantes. Prenez le temps de bien vous informer avant de vous lancer.<\/p>\n\n\n\n<h3 class=\"wp-block-heading\">7. Ne pas revoir r\u00e9guli\u00e8rement sa situation financi\u00e8re<\/h3>\n\n\n\n<p>Les finances personnelles doivent \u00eatre r\u00e9guli\u00e8rement r\u00e9\u00e9valu\u00e9es pour s&rsquo;assurer que vous \u00eates toujours sur la bonne voie. Ne pas suivre l&rsquo;\u00e9volution de vos finances peut vous conduire \u00e0 des erreurs non d\u00e9tect\u00e9es. Il est important de v\u00e9rifier votre budget, vos investissements et vos objectifs \u00e0 intervalles r\u00e9guliers pour vous ajuster au mieux \u00e0 vos besoins.<\/p>\n\n\n\n<hr class=\"wp-block-separator has-alpha-channel-opacity\"\/>\n\n\n\n<p>En \u00e9vitant ces erreurs courantes, vous serez sur la bonne voie pour une gestion saine et efficace de vos finances. Rappelez-vous, il n\u2019est jamais trop tard pour commencer \u00e0 prendre soin de votre avenir financier.<\/p>\n\n\n\n<p>Guido SAVERIO<\/p>\n\n\n\n<ul>\n<li><a href=\"https:\/\/xn--libert-financire-6pbj.com\/index.php\/quels-sont-les-risques-des-mauvais-investissements\/\">Quels sont les risques des mauvais investissements ?<\/a><\/li>\n\n\n\n<li><a href=\"https:\/\/xn--libert-financire-6pbj.com\/index.php\/que-faire-en-cas-de-crise-economique\/\">Que faire en cas de crise \u00e9conomique ?<\/a><\/li>\n\n\n\n<li><a href=\"https:\/\/xn--libert-financire-6pbj.com\/index.php\/dois-je-souscrire-a-une-assurance-pour-proteger-mes-investissements\/\">Dois-je souscrire \u00e0 une assurance pour prot\u00e9ger mes investissements ?<\/a><\/li>\n\n\n\n<li><a href=\"https:\/\/xn--libert-financire-6pbj.com\/index.php\/comment-puis-je-proteger-mes-finances-contre-les-imprevus\/\">Comment puis-je prot\u00e9ger mes finances contre les impr\u00e9vus ?<\/a><\/li>\n\n\n\n<li><a href=\"https:\/\/xn--libert-financire-6pbj.com\/index.php\/comment-equilibrer-mes-objectifs-financiers-et-mes-besoins-a-court-terme\/\">Comment \u00e9quilibrer mes objectifs financiers et mes besoins \u00e0 court terme ?<\/a><\/li>\n\n\n\n<li><a href=\"https:\/\/xn--libert-financire-6pbj.com\/index.php\/faut-il-sacrifier-ses-loisirs-pour-atteindre-la-liberte-financiere\/\">Faut-il sacrifier ses loisirs pour atteindre la libert\u00e9 financi\u00e8re ?<\/a><\/li>\n\n\n\n<li><a href=\"https:\/\/xn--libert-financire-6pbj.com\/index.php\/comment-rester-motive-dans-mon-parcours-vers-la-liberte-financiere\/\">Comment rester motiv\u00e9 dans mon parcours vers la libert\u00e9 financi\u00e8re ?<\/a><\/li>\n\n\n\n<li><a href=\"https:\/\/xn--libert-financire-6pbj.com\/index.php\/quels-changements-dois-je-apporter-a-mon-mode-de-vie-pour-economiser-davantage\/\">Quels changements dois-je apporter \u00e0 mon mode de vie pour \u00e9conomiser davantage ?<\/a><\/li>\n\n\n\n<li><a href=\"https:\/\/xn--libert-financire-6pbj.com\/index.php\/quelles-competences-sont-importantes-pour-reussir-financierement\/\">Quelles comp\u00e9tences sont importantes pour r\u00e9ussir financi\u00e8rement ?<\/a><\/li>\n\n\n\n<li><a href=\"https:\/\/xn--libert-financire-6pbj.com\/index.php\/comment-puis-je-evaluer-mes-progres-vers-la-liberte-financiere\/\">Comment puis-je \u00e9valuer mes progr\u00e8s vers la libert\u00e9 financi\u00e8re ?<\/a><\/li>\n\n\n\n<li><a href=\"https:\/\/xn--libert-financire-6pbj.com\/index.php\/est-il-necessaire-davoir-un-conseiller-financier\/\">Est-il n\u00e9cessaire d\u2019avoir un conseiller financier ?<\/a><\/li>\n\n\n\n<li><a href=\"https:\/\/xn--libert-financire-6pbj.com\/index.php\/quels-livres-ou-ressources-me-conseillez-vous-pour-apprendre-a-gerer-mes-finances\/\">Quels livres ou ressources me conseillez-vous pour apprendre \u00e0 g\u00e9rer mes finances ?<\/a><\/li>\n\n\n\n<li><a href=\"https:\/\/xn--libert-financire-6pbj.com\/index.php\/comment-gerer-les-risques-lies-a-lentrepreneuriat\/\">Comment g\u00e9rer les risques li\u00e9s \u00e0 l\u2019entrepreneuriat ?<\/a><\/li>\n\n\n\n<li><a href=\"https:\/\/xn--libert-financire-6pbj.com\/index.php\/comment-puis-je-diversifier-mes-sources-de-revenus\/\">Comment puis-je diversifier mes sources de revenus ?<\/a><\/li>\n\n\n\n<li><a href=\"https:\/\/xn--libert-financire-6pbj.com\/index.php\/quelles-idees-de-business-peuvent-generer-des-revenus-supplementaires\/\">Quelles id\u00e9es de business peuvent g\u00e9n\u00e9rer des revenus suppl\u00e9mentaires ?<\/a><\/li>\n\n\n\n<li><a href=\"https:\/\/xn--libert-financire-6pbj.com\/index.php\/dois-je-creer-une-entreprise-pour-atteindre-la-liberte-financiere\/\">Dois-je cr\u00e9er une entreprise pour atteindre la libert\u00e9 financi\u00e8re ?<\/a><\/li>\n\n\n\n<li><a href=\"https:\/\/xn--libert-financire-6pbj.com\/index.php\/faut-il-un-capital-important-pour-investir\/\">Faut-il un capital important pour investir ?<\/a><\/li>\n\n\n\n<li><a href=\"https:\/\/xn--libert-financire-6pbj.com\/index.php\/quest-ce-que-linvestissement-dans-les-cryptomonnaies\/\">Qu\u2019est-ce que l\u2019investissement dans les cryptomonnaies ?<\/a><\/li>\n\n\n\n<li><a href=\"https:\/\/xn--libert-financire-6pbj.com\/index.php\/comment-fonctionne-la-bourse-et-comment-y-investir\/\">Comment fonctionne la bourse et comment y investir ?<\/a><\/li>\n\n\n\n<li><a href=\"https:\/\/xn--libert-financire-6pbj.com\/index.php\/quelle-est-la-difference-entre-investir-en-bourse-et-investir-dans-limmobilier\/\">Quelle est la diff\u00e9rence entre investir en bourse et investir dans l\u2019immobilier ?<\/a><\/li>\n\n\n\n<li><a href=\"https:\/\/xn--libert-financire-6pbj.com\/index.php\/quels-sont-les-meilleurs-investissements-pour-debuter\/\">Quels sont les meilleurs investissements pour d\u00e9buter ?<\/a><\/li>\n\n\n\n<li><a href=\"https:\/\/xn--libert-financire-6pbj.com\/index.php\/est-il-possible-de-vivre-uniquement-de-revenus-passifs\/\">Est-il possible de vivre uniquement de revenus passifs ?<\/a><\/li>\n\n\n\n<li><a href=\"https:\/\/xn--libert-financire-6pbj.com\/index.php\/quels-sont-les-risques-associes-au-revenu-passif\/\">Quels sont les risques associ\u00e9s au revenu passif ?<\/a><\/li>\n\n\n\n<li><a href=\"https:\/\/xn--libert-financire-6pbj.com\/index.php\/comment-puis-je-commencer-a-developper-des-revenus-passifs-avec-peu-de-capital\/\">Comment puis-je commencer \u00e0 d\u00e9velopper des revenus passifs avec peu de capital ?<\/a><\/li>\n\n\n\n<li><a href=\"https:\/\/xn--libert-financire-6pbj.com\/index.php\/quels-sont-des-exemples-de-sources-de-revenus-passifs\/\">Quels sont des exemples de sources de revenus passifs ?<\/a><\/li>\n\n\n\n<li><a href=\"https:\/\/xn--libert-financire-6pbj.com\/index.php\/quest-ce-quun-revenu-passif\/\">Qu\u2019est-ce qu\u2019un revenu passif ?<\/a><\/li>\n\n\n\n<li><a href=\"https:\/\/xn--libert-financire-6pbj.com\/index.php\/quelles-erreurs-courantes-dois-je-eviter-dans-la-gestion-de-mes-finances\/\">Quelles erreurs courantes dois-je \u00e9viter dans la gestion de mes finances ?<\/a><\/li>\n\n\n\n<li><a href=\"https:\/\/xn--libert-financire-6pbj.com\/index.php\/reduire-vos-dettes-rapidement-strategies-pour-un-renouveau-financier\/\">R\u00e9duire vos dettes rapidement : Strat\u00e9gies pour un renouveau financier<\/a><\/li>\n\n\n\n<li><a href=\"https:\/\/xn--libert-financire-6pbj.com\/index.php\/les-meilleurs-outils-pour-gerer-votre-budget-avec-efficacite\/\">Les meilleurs outils pour g\u00e9rer votre budget avec efficacit\u00e9<\/a><\/li>\n\n\n\n<li><a href=\"https:\/\/xn--libert-financire-6pbj.com\/index.php\/la-magie-de-lepargne-trouver-lequilibre-parfait-pour-votre-avenir\/\">La Magie de l\u2019\u00c9pargne : Trouver l\u2019\u00c9quilibre Parfait pour Votre Avenir<\/a><\/li>\n\n\n\n<li><a href=\"https:\/\/xn--libert-financire-6pbj.com\/index.php\/comment-commencer-a-economiser-de-largent-efficacement\/\">Comment commencer \u00e0 \u00e9conomiser de l\u2019argent efficacement<\/a><\/li>\n\n\n\n<li><a href=\"https:\/\/xn--libert-financire-6pbj.com\/index.php\/la-liberte-financiere-vs-lindependance-financiere-une-quete-emotionnelle-a-comprendre\/\">La libert\u00e9 financi\u00e8re vs l\u2019ind\u00e9pendance financi\u00e8re : une qu\u00eate \u00e9motionnelle \u00e0 comprendre<\/a><\/li>\n\n\n\n<li><a href=\"https:\/\/xn--libert-financire-6pbj.com\/index.php\/combien-de-temps-faut-il-pour-devenir-financierement-libre\/\">Combien de temps faut-il pour devenir financi\u00e8rement libre ?<\/a><\/li>\n\n\n\n<li><a href=\"https:\/\/xn--libert-financire-6pbj.com\/index.php\/la-liberte-financiere-est-elle-accessible-a-tout-le-monde\/\">La libert\u00e9 financi\u00e8re est-elle accessible \u00e0 tout le monde ?<\/a><\/li>\n\n\n\n<li><a href=\"https:\/\/xn--libert-financire-6pbj.com\/index.php\/pourquoi-est-il-important-datteindre-la-liberte-financiere\/\">Pourquoi est-il important d\u2019atteindre la libert\u00e9 financi\u00e8re ?<\/a><\/li>\n\n\n\n<li><a href=\"https:\/\/xn--libert-financire-6pbj.com\/index.php\/quest-ce-que-la-liberte-financiere\/\">Qu\u2019est-ce que la libert\u00e9 financi\u00e8re ?<\/a><\/li>\n<\/ul>\n","protected":false},"excerpt":{"rendered":"<p>1. Ne pas avoir de budget pr\u00e9cis L&rsquo;une des erreurs les plus fr\u00e9quentes est de ne pas avoir un budget bien d\u00e9fini. Beaucoup de gens vivent au jour le jour sans suivre de plan financier. Cela m\u00e8ne souvent \u00e0 des&#8230; <a href=\"https:\/\/xn--libert-financire-6pbj.com\/index.php\/quelles-erreurs-courantes-dois-je-eviter-dans-la-gestion-de-mes-finances\/\" class=\"readmore\">Read more<span class=\"screen-reader-text\">Quelles erreurs courantes dois-je \u00e9viter dans la gestion de mes finances ?<\/span><span class=\"fa fa-angle-double-right\" aria-hidden=\"true\"><\/span><\/a><\/p>\n","protected":false},"author":1,"featured_media":0,"parent":0,"menu_order":0,"comment_status":"closed","ping_status":"closed","template":"","meta":{"footnotes":""},"_links":{"self":[{"href":"https:\/\/xn--libert-financire-6pbj.com\/index.php\/wp-json\/wp\/v2\/pages\/493"}],"collection":[{"href":"https:\/\/xn--libert-financire-6pbj.com\/index.php\/wp-json\/wp\/v2\/pages"}],"about":[{"href":"https:\/\/xn--libert-financire-6pbj.com\/index.php\/wp-json\/wp\/v2\/types\/page"}],"author":[{"embeddable":true,"href":"https:\/\/xn--libert-financire-6pbj.com\/index.php\/wp-json\/wp\/v2\/users\/1"}],"replies":[{"embeddable":true,"href":"https:\/\/xn--libert-financire-6pbj.com\/index.php\/wp-json\/wp\/v2\/comments?post=493"}],"version-history":[{"count":2,"href":"https:\/\/xn--libert-financire-6pbj.com\/index.php\/wp-json\/wp\/v2\/pages\/493\/revisions"}],"predecessor-version":[{"id":623,"href":"https:\/\/xn--libert-financire-6pbj.com\/index.php\/wp-json\/wp\/v2\/pages\/493\/revisions\/623"}],"wp:attachment":[{"href":"https:\/\/xn--libert-financire-6pbj.com\/index.php\/wp-json\/wp\/v2\/media?parent=493"}],"curies":[{"name":"wp","href":"https:\/\/api.w.org\/{rel}","templated":true}]}}