{"id":519,"date":"2024-12-15T13:32:25","date_gmt":"2024-12-15T13:32:25","guid":{"rendered":"https:\/\/xn--libert-financire-6pbj.com\/?page_id=519"},"modified":"2024-12-15T14:17:23","modified_gmt":"2024-12-15T14:17:23","slug":"comment-puis-je-diversifier-mes-sources-de-revenus","status":"publish","type":"page","link":"https:\/\/xn--libert-financire-6pbj.com\/index.php\/comment-puis-je-diversifier-mes-sources-de-revenus\/","title":{"rendered":"Comment puis-je diversifier mes sources de revenus ?"},"content":{"rendered":"\n<p><strong>1. Exploiter vos comp\u00e9tences uniques<\/strong><\/p>\n\n\n\n<p>Parfois, la meilleure mani\u00e8re de diversifier vos sources de revenus est de partir de vos propres comp\u00e9tences. Identifiez ce que vous savez faire mieux que les autres, que ce soit en communication, en gestion de projet ou en technologie. Ces talents peuvent se transformer en services que vous pouvez offrir \u00e0 d&rsquo;autres. Cr\u00e9er une offre de coaching, donner des cours en ligne ou devenir consultant dans un domaine particulier sont des options viables. Le sentiment d&rsquo;accomplissement personnel que cela g\u00e9n\u00e8re est immense, et la demande est croissante.<\/p>\n\n\n\n<p><strong>2. Investir dans l&rsquo;immobilier : au-del\u00e0 des murs<\/strong><\/p>\n\n\n\n<p>L&rsquo;immobilier est souvent per\u00e7u comme une source de revenus stable. Cependant, il existe bien plus que l&rsquo;achat et la location de propri\u00e9t\u00e9s. Pensez \u00e0 investir dans des plateformes de crowdfunding immobilier, \u00e0 devenir un pr\u00eateur priv\u00e9, ou encore \u00e0 investir dans des projets immobiliers \u00e0 grande \u00e9chelle. L&rsquo;id\u00e9e ici est d&rsquo;explorer les diff\u00e9rentes formes d&rsquo;investissement qui vont au-del\u00e0 des traditionnels achats de biens. Cela vous permet de multiplier vos sources de revenu tout en limitant les risques.<\/p>\n\n\n\n<p><strong>3. Cr\u00e9er un produit num\u00e9rique<\/strong><\/p>\n\n\n\n<p>La vente de produits num\u00e9riques tels que des livres \u00e9lectroniques, des formations vid\u00e9o, des applications ou des templates peut g\u00e9n\u00e9rer un revenu passif substantiel. La cr\u00e9ation d&rsquo;un produit n\u00e9cessite un investissement de temps initial, mais une fois qu&rsquo;il est en place, vous pouvez en tirer des b\u00e9n\u00e9fices pendant des ann\u00e9es. Plus vous vous concentrez sur une niche o\u00f9 la demande est forte, plus vous cr\u00e9ez des liens \u00e9motionnels avec votre public, qui se verra dans votre produit, dans votre expertise.<\/p>\n\n\n\n<p><strong>4. Participer \u00e0 l&rsquo;\u00e9conomie des abonnements<\/strong><\/p>\n\n\n\n<p>Les abonnements sont devenus une forme puissante de revenus r\u00e9currents. Que ce soit \u00e0 travers des services de streaming, des abonnements \u00e0 des bo\u00eetes mensuelles, ou m\u00eame via des plateformes comme Patreon, vous pouvez cr\u00e9er une communaut\u00e9 fid\u00e8le qui paie chaque mois pour du contenu exclusif. L\u2019\u00e9motion ici r\u00e9side dans la fid\u00e9lisation, dans la confiance et dans le lien unique que vous \u00e9tablissez avec vos abonn\u00e9s.<\/p>\n\n\n\n<p><strong>5. Lancer un blog ou une cha\u00eene YouTube<\/strong><\/p>\n\n\n\n<p>Cr\u00e9er un blog ou une cha\u00eene YouTube peut sembler un projet ambitieux, mais les r\u00e9compenses en valent souvent la peine. Ces plateformes offrent une multitude de moyens pour g\u00e9n\u00e9rer des revenus : publicit\u00e9, partenariats, affiliation. Les visiteurs et les abonn\u00e9s se connectent \u00e9motionnellement \u00e0 vos histoires, vos conseils ou vos exp\u00e9riences, et cela peut cr\u00e9er des opportunit\u00e9s infinies de mon\u00e9tisation \u00e0 long terme. Plus vous \u00eates authentique et proche de votre audience, plus vous cr\u00e9ez des liens puissants qui engendrent de la fid\u00e9lit\u00e9.<\/p>\n\n\n\n<p><strong>6. Diversifier avec les cryptomonnaies<\/strong><\/p>\n\n\n\n<p>Bien que cela comporte des risques, l&rsquo;investissement dans les cryptomonnaies, le trading, ou m\u00eame la cr\u00e9ation d&rsquo;un NFT peut offrir des opportunit\u00e9s int\u00e9ressantes pour ceux qui sont pr\u00eats \u00e0 s&rsquo;informer et \u00e0 prendre des risques calcul\u00e9s. Ce march\u00e9 est volatile et passionnant, et il attise des \u00e9motions fortes li\u00e9es \u00e0 l&rsquo;excitation de l&rsquo;inconnu et \u00e0 l&rsquo;espoir de gains cons\u00e9quents. Le facteur \u00e9motionnel joue ici un r\u00f4le primordial, car il suscite \u00e0 la fois de l\u2019adr\u00e9naline et un sentiment de contr\u00f4le face \u00e0 l&rsquo;avenir.<\/p>\n\n\n\n<p><strong>7. D\u00e9velopper un r\u00e9seau d\u2019affiliation<\/strong><\/p>\n\n\n\n<p>Le marketing d&rsquo;affiliation consiste \u00e0 promouvoir les produits d&rsquo;autres entreprises et \u00e0 toucher une commission sur les ventes. Ce mod\u00e8le est efficace pour g\u00e9n\u00e9rer un revenu passif \u00e0 long terme, car il vous permet de profiter des produits populaires sans avoir \u00e0 en cr\u00e9er vous-m\u00eame. Cr\u00e9ez des liens avec des entreprises et recommandez des produits en lesquels vous croyez. L&rsquo;aspect \u00e9motionnel entre en jeu lorsque vos recommandations touchent profond\u00e9ment les besoins et les d\u00e9sirs de votre audience.<\/p>\n\n\n\n<p><strong>8. Cr\u00e9er un business autour de vos passions<\/strong><\/p>\n\n\n\n<p>Enfin, si vous avez une passion pour un sujet ou une activit\u00e9, vous pouvez la transformer en un v\u00e9ritable business. Que ce soit la photographie, la cuisine, le sport ou l&rsquo;artisanat, il existe des plateformes qui permettent de vendre des produits ou des services directement li\u00e9s \u00e0 ce que vous aimez faire. L&rsquo;\u00e9motion prend ici le pas sur la simple transaction : il s&rsquo;agit de transmettre la passion et de b\u00e2tir une communaut\u00e9 autour de votre univers, ce qui entra\u00eene une fid\u00e9lisation forte.<\/p>\n\n\n\n<p><strong>Conclusion : \u00c9quilibrer risques et opportunit\u00e9s<\/strong><\/p>\n\n\n\n<p>Diversifier ses sources de revenus n&rsquo;est pas une aventure sans risques. Il faut savoir \u00e9quilibrer les investissements en fonction de ses capacit\u00e9s et de ses passions. L&rsquo;\u00e9motion joue un r\u00f4le cl\u00e9, que ce soit dans le choix des projets, les connexions avec son public, ou les moments de doute et de r\u00e9ussite. Plus vous saurez exploiter ces liens \u00e9motionnels, plus vous aurez de chances de r\u00e9ussir dans votre qu\u00eate de diversifications.<\/p>\n\n\n\n<p>Guido SAVERIO<\/p>\n\n\n\n<ul>\n<li><a href=\"https:\/\/xn--libert-financire-6pbj.com\/index.php\/quels-sont-les-risques-des-mauvais-investissements\/\">Quels sont les risques des mauvais investissements ?<\/a><\/li>\n\n\n\n<li><a href=\"https:\/\/xn--libert-financire-6pbj.com\/index.php\/que-faire-en-cas-de-crise-economique\/\">Que faire en cas de crise \u00e9conomique ?<\/a><\/li>\n\n\n\n<li><a href=\"https:\/\/xn--libert-financire-6pbj.com\/index.php\/dois-je-souscrire-a-une-assurance-pour-proteger-mes-investissements\/\">Dois-je souscrire \u00e0 une assurance pour prot\u00e9ger mes investissements ?<\/a><\/li>\n\n\n\n<li><a href=\"https:\/\/xn--libert-financire-6pbj.com\/index.php\/comment-puis-je-proteger-mes-finances-contre-les-imprevus\/\">Comment puis-je prot\u00e9ger mes finances contre les impr\u00e9vus ?<\/a><\/li>\n\n\n\n<li><a href=\"https:\/\/xn--libert-financire-6pbj.com\/index.php\/comment-equilibrer-mes-objectifs-financiers-et-mes-besoins-a-court-terme\/\">Comment \u00e9quilibrer mes objectifs financiers et mes besoins \u00e0 court terme ?<\/a><\/li>\n\n\n\n<li><a href=\"https:\/\/xn--libert-financire-6pbj.com\/index.php\/faut-il-sacrifier-ses-loisirs-pour-atteindre-la-liberte-financiere\/\">Faut-il sacrifier ses loisirs pour atteindre la libert\u00e9 financi\u00e8re ?<\/a><\/li>\n\n\n\n<li><a href=\"https:\/\/xn--libert-financire-6pbj.com\/index.php\/comment-rester-motive-dans-mon-parcours-vers-la-liberte-financiere\/\">Comment rester motiv\u00e9 dans mon parcours vers la libert\u00e9 financi\u00e8re ?<\/a><\/li>\n\n\n\n<li><a href=\"https:\/\/xn--libert-financire-6pbj.com\/index.php\/quels-changements-dois-je-apporter-a-mon-mode-de-vie-pour-economiser-davantage\/\">Quels changements dois-je apporter \u00e0 mon mode de vie pour \u00e9conomiser davantage ?<\/a><\/li>\n\n\n\n<li><a href=\"https:\/\/xn--libert-financire-6pbj.com\/index.php\/quelles-competences-sont-importantes-pour-reussir-financierement\/\">Quelles comp\u00e9tences sont importantes pour r\u00e9ussir financi\u00e8rement ?<\/a><\/li>\n\n\n\n<li><a href=\"https:\/\/xn--libert-financire-6pbj.com\/index.php\/comment-puis-je-evaluer-mes-progres-vers-la-liberte-financiere\/\">Comment puis-je \u00e9valuer mes progr\u00e8s vers la libert\u00e9 financi\u00e8re ?<\/a><\/li>\n\n\n\n<li><a href=\"https:\/\/xn--libert-financire-6pbj.com\/index.php\/est-il-necessaire-davoir-un-conseiller-financier\/\">Est-il n\u00e9cessaire d\u2019avoir un conseiller financier ?<\/a><\/li>\n\n\n\n<li><a href=\"https:\/\/xn--libert-financire-6pbj.com\/index.php\/quels-livres-ou-ressources-me-conseillez-vous-pour-apprendre-a-gerer-mes-finances\/\">Quels livres ou ressources me conseillez-vous pour apprendre \u00e0 g\u00e9rer mes finances ?<\/a><\/li>\n\n\n\n<li><a href=\"https:\/\/xn--libert-financire-6pbj.com\/index.php\/comment-gerer-les-risques-lies-a-lentrepreneuriat\/\">Comment g\u00e9rer les risques li\u00e9s \u00e0 l\u2019entrepreneuriat ?<\/a><\/li>\n\n\n\n<li><a href=\"https:\/\/xn--libert-financire-6pbj.com\/index.php\/comment-puis-je-diversifier-mes-sources-de-revenus\/\">Comment puis-je diversifier mes sources de revenus ?<\/a><\/li>\n\n\n\n<li><a href=\"https:\/\/xn--libert-financire-6pbj.com\/index.php\/quelles-idees-de-business-peuvent-generer-des-revenus-supplementaires\/\">Quelles id\u00e9es de business peuvent g\u00e9n\u00e9rer des revenus suppl\u00e9mentaires ?<\/a><\/li>\n\n\n\n<li><a href=\"https:\/\/xn--libert-financire-6pbj.com\/index.php\/dois-je-creer-une-entreprise-pour-atteindre-la-liberte-financiere\/\">Dois-je cr\u00e9er une entreprise pour atteindre la libert\u00e9 financi\u00e8re ?<\/a><\/li>\n\n\n\n<li><a href=\"https:\/\/xn--libert-financire-6pbj.com\/index.php\/faut-il-un-capital-important-pour-investir\/\">Faut-il un capital important pour investir ?<\/a><\/li>\n\n\n\n<li><a href=\"https:\/\/xn--libert-financire-6pbj.com\/index.php\/quest-ce-que-linvestissement-dans-les-cryptomonnaies\/\">Qu\u2019est-ce que l\u2019investissement dans les cryptomonnaies ?<\/a><\/li>\n\n\n\n<li><a href=\"https:\/\/xn--libert-financire-6pbj.com\/index.php\/comment-fonctionne-la-bourse-et-comment-y-investir\/\">Comment fonctionne la bourse et comment y investir ?<\/a><\/li>\n\n\n\n<li><a href=\"https:\/\/xn--libert-financire-6pbj.com\/index.php\/quelle-est-la-difference-entre-investir-en-bourse-et-investir-dans-limmobilier\/\">Quelle est la diff\u00e9rence entre investir en bourse et investir dans l\u2019immobilier ?<\/a><\/li>\n\n\n\n<li><a href=\"https:\/\/xn--libert-financire-6pbj.com\/index.php\/quels-sont-les-meilleurs-investissements-pour-debuter\/\">Quels sont les meilleurs investissements pour d\u00e9buter ?<\/a><\/li>\n\n\n\n<li><a href=\"https:\/\/xn--libert-financire-6pbj.com\/index.php\/est-il-possible-de-vivre-uniquement-de-revenus-passifs\/\">Est-il possible de vivre uniquement de revenus passifs ?<\/a><\/li>\n\n\n\n<li><a href=\"https:\/\/xn--libert-financire-6pbj.com\/index.php\/quels-sont-les-risques-associes-au-revenu-passif\/\">Quels sont les risques associ\u00e9s au revenu passif ?<\/a><\/li>\n\n\n\n<li><a href=\"https:\/\/xn--libert-financire-6pbj.com\/index.php\/comment-puis-je-commencer-a-developper-des-revenus-passifs-avec-peu-de-capital\/\">Comment puis-je commencer \u00e0 d\u00e9velopper des revenus passifs avec peu de capital ?<\/a><\/li>\n\n\n\n<li><a href=\"https:\/\/xn--libert-financire-6pbj.com\/index.php\/quels-sont-des-exemples-de-sources-de-revenus-passifs\/\">Quels sont des exemples de sources de revenus passifs ?<\/a><\/li>\n\n\n\n<li><a href=\"https:\/\/xn--libert-financire-6pbj.com\/index.php\/quest-ce-quun-revenu-passif\/\">Qu\u2019est-ce qu\u2019un revenu passif ?<\/a><\/li>\n\n\n\n<li><a href=\"https:\/\/xn--libert-financire-6pbj.com\/index.php\/quelles-erreurs-courantes-dois-je-eviter-dans-la-gestion-de-mes-finances\/\">Quelles erreurs courantes dois-je \u00e9viter dans la gestion de mes finances ?<\/a><\/li>\n\n\n\n<li><a href=\"https:\/\/xn--libert-financire-6pbj.com\/index.php\/reduire-vos-dettes-rapidement-strategies-pour-un-renouveau-financier\/\">R\u00e9duire vos dettes rapidement : Strat\u00e9gies pour un renouveau financier<\/a><\/li>\n\n\n\n<li><a href=\"https:\/\/xn--libert-financire-6pbj.com\/index.php\/les-meilleurs-outils-pour-gerer-votre-budget-avec-efficacite\/\">Les meilleurs outils pour g\u00e9rer votre budget avec efficacit\u00e9<\/a><\/li>\n\n\n\n<li><a href=\"https:\/\/xn--libert-financire-6pbj.com\/index.php\/la-magie-de-lepargne-trouver-lequilibre-parfait-pour-votre-avenir\/\">La Magie de l\u2019\u00c9pargne : Trouver l\u2019\u00c9quilibre Parfait pour Votre Avenir<\/a><\/li>\n\n\n\n<li><a href=\"https:\/\/xn--libert-financire-6pbj.com\/index.php\/comment-commencer-a-economiser-de-largent-efficacement\/\">Comment commencer \u00e0 \u00e9conomiser de l\u2019argent efficacement<\/a><\/li>\n\n\n\n<li><a href=\"https:\/\/xn--libert-financire-6pbj.com\/index.php\/la-liberte-financiere-vs-lindependance-financiere-une-quete-emotionnelle-a-comprendre\/\">La libert\u00e9 financi\u00e8re vs l\u2019ind\u00e9pendance financi\u00e8re : une qu\u00eate \u00e9motionnelle \u00e0 comprendre<\/a><\/li>\n\n\n\n<li><a href=\"https:\/\/xn--libert-financire-6pbj.com\/index.php\/combien-de-temps-faut-il-pour-devenir-financierement-libre\/\">Combien de temps faut-il pour devenir financi\u00e8rement libre ?<\/a><\/li>\n\n\n\n<li><a href=\"https:\/\/xn--libert-financire-6pbj.com\/index.php\/la-liberte-financiere-est-elle-accessible-a-tout-le-monde\/\">La libert\u00e9 financi\u00e8re est-elle accessible \u00e0 tout le monde ?<\/a><\/li>\n\n\n\n<li><a href=\"https:\/\/xn--libert-financire-6pbj.com\/index.php\/pourquoi-est-il-important-datteindre-la-liberte-financiere\/\">Pourquoi est-il important d\u2019atteindre la libert\u00e9 financi\u00e8re ?<\/a><\/li>\n\n\n\n<li><a href=\"https:\/\/xn--libert-financire-6pbj.com\/index.php\/quest-ce-que-la-liberte-financiere\/\">Qu\u2019est-ce que la libert\u00e9 financi\u00e8re ?<\/a><\/li>\n<\/ul>\n","protected":false},"excerpt":{"rendered":"<p>1. Exploiter vos comp\u00e9tences uniques Parfois, la meilleure mani\u00e8re de diversifier vos sources de revenus est de partir de vos propres comp\u00e9tences. Identifiez ce que vous savez faire mieux que les autres, que ce soit en communication, en gestion de&#8230; <a href=\"https:\/\/xn--libert-financire-6pbj.com\/index.php\/comment-puis-je-diversifier-mes-sources-de-revenus\/\" class=\"readmore\">Read more<span class=\"screen-reader-text\">Comment puis-je diversifier mes sources de revenus ?<\/span><span class=\"fa fa-angle-double-right\" aria-hidden=\"true\"><\/span><\/a><\/p>\n","protected":false},"author":1,"featured_media":0,"parent":0,"menu_order":0,"comment_status":"closed","ping_status":"closed","template":"","meta":{"footnotes":""},"_links":{"self":[{"href":"https:\/\/xn--libert-financire-6pbj.com\/index.php\/wp-json\/wp\/v2\/pages\/519"}],"collection":[{"href":"https:\/\/xn--libert-financire-6pbj.com\/index.php\/wp-json\/wp\/v2\/pages"}],"about":[{"href":"https:\/\/xn--libert-financire-6pbj.com\/index.php\/wp-json\/wp\/v2\/types\/page"}],"author":[{"embeddable":true,"href":"https:\/\/xn--libert-financire-6pbj.com\/index.php\/wp-json\/wp\/v2\/users\/1"}],"replies":[{"embeddable":true,"href":"https:\/\/xn--libert-financire-6pbj.com\/index.php\/wp-json\/wp\/v2\/comments?post=519"}],"version-history":[{"count":2,"href":"https:\/\/xn--libert-financire-6pbj.com\/index.php\/wp-json\/wp\/v2\/pages\/519\/revisions"}],"predecessor-version":[{"id":610,"href":"https:\/\/xn--libert-financire-6pbj.com\/index.php\/wp-json\/wp\/v2\/pages\/519\/revisions\/610"}],"wp:attachment":[{"href":"https:\/\/xn--libert-financire-6pbj.com\/index.php\/wp-json\/wp\/v2\/media?parent=519"}],"curies":[{"name":"wp","href":"https:\/\/api.w.org\/{rel}","templated":true}]}}