{"id":523,"date":"2024-12-15T13:36:10","date_gmt":"2024-12-15T13:36:10","guid":{"rendered":"https:\/\/xn--libert-financire-6pbj.com\/?page_id=523"},"modified":"2024-12-15T14:35:28","modified_gmt":"2024-12-15T14:35:28","slug":"quels-livres-ou-ressources-me-conseillez-vous-pour-apprendre-a-gerer-mes-finances","status":"publish","type":"page","link":"https:\/\/xn--libert-financire-6pbj.com\/index.php\/quels-livres-ou-ressources-me-conseillez-vous-pour-apprendre-a-gerer-mes-finances\/","title":{"rendered":"Quels livres ou ressources me conseillez-vous pour apprendre \u00e0 g\u00e9rer mes finances ?"},"content":{"rendered":"\n<p>Voici une s\u00e9lection de livres et ressources qui peuvent vous aider \u00e0 mieux g\u00e9rer vos finances, en abordant la question sous l\u2019angle \u00e9motionnel de la fascination par la gestion de l\u2019argent et la prise de d\u00e9cision financi\u00e8re.<\/p>\n\n\n\n<hr class=\"wp-block-separator has-alpha-channel-opacity\"\/>\n\n\n\n<p><strong>1. <em>L\u2019homme le plus riche de Babylone<\/em> de George S. Clason<\/strong><\/p>\n\n\n\n<ul>\n<li><strong>L\u2019histoire intemporelle de la gestion des finances<\/strong><\/li>\n\n\n\n<li><strong>Les principes de base de la richesse<\/strong> : L&rsquo;\u00e9pargne, l&rsquo;investissement et l&rsquo;assainissement de la dette<\/li>\n\n\n\n<li><strong>La sagesse des Babyloniens appliqu\u00e9e \u00e0 notre \u00e9poque<\/strong> : Les r\u00e8gles fondamentales pour la prosp\u00e9rit\u00e9<\/li>\n<\/ul>\n\n\n\n<hr class=\"wp-block-separator has-alpha-channel-opacity\"\/>\n\n\n\n<p><strong>2. <em>P\u00e8re riche, p\u00e8re pauvre<\/em> de Robert Kiyosaki<\/strong><\/p>\n\n\n\n<ul>\n<li><strong>La diff\u00e9rence entre les actifs et les passifs<\/strong> : Comprendre ce qui vous rend riche<\/li>\n\n\n\n<li><strong>Changer votre mentalit\u00e9 pour changer votre portefeuille<\/strong> : L\u2019importance de l\u2019\u00e9ducation financi\u00e8re<\/li>\n\n\n\n<li><strong>Les le\u00e7ons financi\u00e8res des parents<\/strong> : Comment la perception de l\u2019argent fa\u00e7onne vos choix<\/li>\n<\/ul>\n\n\n\n<hr class=\"wp-block-separator has-alpha-channel-opacity\"\/>\n\n\n\n<p><strong>3. <em>Votre cerveau est un pi\u00e8ge \u00e0 argent<\/em> de Daniel Crosby<\/strong><\/p>\n\n\n\n<ul>\n<li><strong>Les biais cognitifs qui influencent vos d\u00e9cisions financi\u00e8res<\/strong><\/li>\n\n\n\n<li><strong>Comprendre les \u00e9motions derri\u00e8re vos d\u00e9cisions d&rsquo;achat<\/strong><\/li>\n\n\n\n<li><strong>Les pi\u00e8ges de l&rsquo;investissement et comment les \u00e9viter<\/strong><\/li>\n<\/ul>\n\n\n\n<hr class=\"wp-block-separator has-alpha-channel-opacity\"\/>\n\n\n\n<p><strong>4. <em>La magie du matin<\/em> de Hal Elrod<\/strong><\/p>\n\n\n\n<ul>\n<li><strong>Cr\u00e9er une routine financi\u00e8re pour commencer chaque journ\u00e9e sur de bonnes bases<\/strong><\/li>\n\n\n\n<li><strong>L&rsquo;impact de vos habitudes sur vos finances \u00e0 long terme<\/strong><\/li>\n\n\n\n<li><strong>Comment la discipline du matin peut transformer vos finances personnelles<\/strong><\/li>\n<\/ul>\n\n\n\n<hr class=\"wp-block-separator has-alpha-channel-opacity\"\/>\n\n\n\n<p><strong>5. <em>L\u2019investisseur intelligent<\/em> de Benjamin Graham<\/strong><\/p>\n\n\n\n<ul>\n<li><strong>La psychologie de l&rsquo;investissement : Pourquoi l&rsquo;\u00e9motion n&rsquo;a pas sa place dans vos d\u00e9cisions financi\u00e8res<\/strong><\/li>\n\n\n\n<li><strong>L\u2019importance de la patience et de la long\u00e9vit\u00e9 en investissement<\/strong><\/li>\n\n\n\n<li><strong>Construire une strat\u00e9gie d&rsquo;investissement durable et r\u00e9fl\u00e9chie<\/strong><\/li>\n<\/ul>\n\n\n\n<hr class=\"wp-block-separator has-alpha-channel-opacity\"\/>\n\n\n\n<p><strong>6. <em>Les secrets d\u2019un esprit millionnaire<\/em> de T. Harv Eker<\/strong><\/p>\n\n\n\n<ul>\n<li><strong>Les croyances limitantes autour de l&rsquo;argent<\/strong><\/li>\n\n\n\n<li><strong>Changer vos pens\u00e9es pour changer vos finances<\/strong><\/li>\n\n\n\n<li><strong>Les principes mentaux des personnes qui r\u00e9ussissent financi\u00e8rement<\/strong><\/li>\n<\/ul>\n\n\n\n<hr class=\"wp-block-separator has-alpha-channel-opacity\"\/>\n\n\n\n<p><strong>7. <em>La semaine de 4 heures<\/em> de Timothy Ferriss<\/strong><\/p>\n\n\n\n<ul>\n<li><strong>G\u00e9rer son argent et son temps : Maximiser l\u2019efficacit\u00e9 pour vivre plus librement<\/strong><\/li>\n\n\n\n<li><strong>D\u00e9l\u00e9guer et automatiser ses finances pour gagner en ind\u00e9pendance<\/strong><\/li>\n\n\n\n<li><strong>L\u2019art de cr\u00e9er des sources de revenus passifs<\/strong><\/li>\n<\/ul>\n\n\n\n<hr class=\"wp-block-separator has-alpha-channel-opacity\"\/>\n\n\n\n<p><strong>8. <em>Investir pour les nuls<\/em> de Eric Tyson<\/strong><\/p>\n\n\n\n<ul>\n<li><strong>L\u2019essentiel des investissements \u00e0 comprendre<\/strong> : Actions, obligations, immobilier et plus<\/li>\n\n\n\n<li><strong>Strat\u00e9gies pour comprendre les cycles \u00e9conomiques et anticiper l&rsquo;avenir financier<\/strong><\/li>\n\n\n\n<li><strong>Les erreurs courantes des investisseurs d\u00e9butants et comment les \u00e9viter<\/strong><\/li>\n<\/ul>\n\n\n\n<hr class=\"wp-block-separator has-alpha-channel-opacity\"\/>\n\n\n\n<figure class=\"wp-block-image size-full\"><a href=\"https:\/\/xn--libert-financire-6pbj.com\/index.php\/le-livre-le-plan-daction-ultime-avec-30-chapitres\/?fbclid=IwAR1f7w_yUNHy3shNrHlxjJyWTHo-vpxA97oISUtLj19695IJukdA9fCapKs\"><img decoding=\"async\" src=\"https:\/\/guido-saverio-coach.com\/wp-content\/uploads\/2023\/08\/Capture-decran-2023-08-22-113307.jpg\" alt=\"\" class=\"wp-image-139\"\/><\/a><\/figure>\n\n\n\n<figure class=\"wp-block-image size-full\"><a href=\"https:\/\/guido-saverio-coach.com\/?page_id=118&amp;fbclid=IwAR1f7w_yUNHy3shNrHlxjJyWTHo-vpxA97oISUtLj19695IJukdA9fCapKs\"><img decoding=\"async\" src=\"https:\/\/guido-saverio-coach.com\/wp-content\/uploads\/2023\/08\/Capture-decran-2023-08-22-113127.jpg\" alt=\"\" class=\"wp-image-141\"\/><\/a><\/figure>\n\n\n\n<figure class=\"wp-block-image size-full\"><a href=\"https:\/\/guido-saverio-coach.com\/?page_id=166\"><img decoding=\"async\" src=\"https:\/\/guido-saverio-coach.com\/wp-content\/uploads\/2023\/08\/Capture-decran-2023-08-23-003340.jpg\" alt=\"\" class=\"wp-image-189\"\/><\/a><\/figure>\n\n\n\n<p>Ces livres sont une invitation \u00e0 comprendre non seulement les aspects pratiques de la gestion financi\u00e8re, mais aussi la psychologie humaine qui peut affecter vos d\u00e9cisions. Ils offrent une approche qui va au-del\u00e0 de la simple gestion de l&rsquo;argent, en int\u00e9grant l&rsquo;importance de la discipline mentale et de l\u2019intelligence \u00e9motionnelle dans le processus financier.<\/p>\n\n\n\n<p>Guido SAVERIO<\/p>\n\n\n\n<ul>\n<li><a href=\"https:\/\/xn--libert-financire-6pbj.com\/index.php\/quels-sont-les-risques-des-mauvais-investissements\/\">Quels sont les risques des mauvais investissements ?<\/a><\/li>\n\n\n\n<li><a href=\"https:\/\/xn--libert-financire-6pbj.com\/index.php\/que-faire-en-cas-de-crise-economique\/\">Que faire en cas de crise \u00e9conomique ?<\/a><\/li>\n\n\n\n<li><a href=\"https:\/\/xn--libert-financire-6pbj.com\/index.php\/dois-je-souscrire-a-une-assurance-pour-proteger-mes-investissements\/\">Dois-je souscrire \u00e0 une assurance pour prot\u00e9ger mes investissements ?<\/a><\/li>\n\n\n\n<li><a href=\"https:\/\/xn--libert-financire-6pbj.com\/index.php\/comment-puis-je-proteger-mes-finances-contre-les-imprevus\/\">Comment puis-je prot\u00e9ger mes finances contre les impr\u00e9vus ?<\/a><\/li>\n\n\n\n<li><a href=\"https:\/\/xn--libert-financire-6pbj.com\/index.php\/comment-equilibrer-mes-objectifs-financiers-et-mes-besoins-a-court-terme\/\">Comment \u00e9quilibrer mes objectifs financiers et mes besoins \u00e0 court terme ?<\/a><\/li>\n\n\n\n<li><a href=\"https:\/\/xn--libert-financire-6pbj.com\/index.php\/faut-il-sacrifier-ses-loisirs-pour-atteindre-la-liberte-financiere\/\">Faut-il sacrifier ses loisirs pour atteindre la libert\u00e9 financi\u00e8re ?<\/a><\/li>\n\n\n\n<li><a href=\"https:\/\/xn--libert-financire-6pbj.com\/index.php\/comment-rester-motive-dans-mon-parcours-vers-la-liberte-financiere\/\">Comment rester motiv\u00e9 dans mon parcours vers la libert\u00e9 financi\u00e8re ?<\/a><\/li>\n\n\n\n<li><a href=\"https:\/\/xn--libert-financire-6pbj.com\/index.php\/quels-changements-dois-je-apporter-a-mon-mode-de-vie-pour-economiser-davantage\/\">Quels changements dois-je apporter \u00e0 mon mode de vie pour \u00e9conomiser davantage ?<\/a><\/li>\n\n\n\n<li><a href=\"https:\/\/xn--libert-financire-6pbj.com\/index.php\/quelles-competences-sont-importantes-pour-reussir-financierement\/\">Quelles comp\u00e9tences sont importantes pour r\u00e9ussir financi\u00e8rement ?<\/a><\/li>\n\n\n\n<li><a href=\"https:\/\/xn--libert-financire-6pbj.com\/index.php\/comment-puis-je-evaluer-mes-progres-vers-la-liberte-financiere\/\">Comment puis-je \u00e9valuer mes progr\u00e8s vers la libert\u00e9 financi\u00e8re ?<\/a><\/li>\n\n\n\n<li><a href=\"https:\/\/xn--libert-financire-6pbj.com\/index.php\/est-il-necessaire-davoir-un-conseiller-financier\/\">Est-il n\u00e9cessaire d\u2019avoir un conseiller financier ?<\/a><\/li>\n\n\n\n<li><a href=\"https:\/\/xn--libert-financire-6pbj.com\/index.php\/quels-livres-ou-ressources-me-conseillez-vous-pour-apprendre-a-gerer-mes-finances\/\">Quels livres ou ressources me conseillez-vous pour apprendre \u00e0 g\u00e9rer mes finances ?<\/a><\/li>\n\n\n\n<li><a href=\"https:\/\/xn--libert-financire-6pbj.com\/index.php\/comment-gerer-les-risques-lies-a-lentrepreneuriat\/\">Comment g\u00e9rer les risques li\u00e9s \u00e0 l\u2019entrepreneuriat ?<\/a><\/li>\n\n\n\n<li><a href=\"https:\/\/xn--libert-financire-6pbj.com\/index.php\/comment-puis-je-diversifier-mes-sources-de-revenus\/\">Comment puis-je diversifier mes sources de revenus ?<\/a><\/li>\n\n\n\n<li><a href=\"https:\/\/xn--libert-financire-6pbj.com\/index.php\/quelles-idees-de-business-peuvent-generer-des-revenus-supplementaires\/\">Quelles id\u00e9es de business peuvent g\u00e9n\u00e9rer des revenus suppl\u00e9mentaires ?<\/a><\/li>\n\n\n\n<li><a href=\"https:\/\/xn--libert-financire-6pbj.com\/index.php\/dois-je-creer-une-entreprise-pour-atteindre-la-liberte-financiere\/\">Dois-je cr\u00e9er une entreprise pour atteindre la libert\u00e9 financi\u00e8re ?<\/a><\/li>\n\n\n\n<li><a href=\"https:\/\/xn--libert-financire-6pbj.com\/index.php\/faut-il-un-capital-important-pour-investir\/\">Faut-il un capital important pour investir ?<\/a><\/li>\n\n\n\n<li><a href=\"https:\/\/xn--libert-financire-6pbj.com\/index.php\/quest-ce-que-linvestissement-dans-les-cryptomonnaies\/\">Qu\u2019est-ce que l\u2019investissement dans les cryptomonnaies ?<\/a><\/li>\n\n\n\n<li><a href=\"https:\/\/xn--libert-financire-6pbj.com\/index.php\/comment-fonctionne-la-bourse-et-comment-y-investir\/\">Comment fonctionne la bourse et comment y investir ?<\/a><\/li>\n\n\n\n<li><a href=\"https:\/\/xn--libert-financire-6pbj.com\/index.php\/quelle-est-la-difference-entre-investir-en-bourse-et-investir-dans-limmobilier\/\">Quelle est la diff\u00e9rence entre investir en bourse et investir dans l\u2019immobilier ?<\/a><\/li>\n\n\n\n<li><a href=\"https:\/\/xn--libert-financire-6pbj.com\/index.php\/quels-sont-les-meilleurs-investissements-pour-debuter\/\">Quels sont les meilleurs investissements pour d\u00e9buter ?<\/a><\/li>\n\n\n\n<li><a href=\"https:\/\/xn--libert-financire-6pbj.com\/index.php\/est-il-possible-de-vivre-uniquement-de-revenus-passifs\/\">Est-il possible de vivre uniquement de revenus passifs ?<\/a><\/li>\n\n\n\n<li><a href=\"https:\/\/xn--libert-financire-6pbj.com\/index.php\/quels-sont-les-risques-associes-au-revenu-passif\/\">Quels sont les risques associ\u00e9s au revenu passif ?<\/a><\/li>\n\n\n\n<li><a href=\"https:\/\/xn--libert-financire-6pbj.com\/index.php\/comment-puis-je-commencer-a-developper-des-revenus-passifs-avec-peu-de-capital\/\">Comment puis-je commencer \u00e0 d\u00e9velopper des revenus passifs avec peu de capital ?<\/a><\/li>\n\n\n\n<li><a href=\"https:\/\/xn--libert-financire-6pbj.com\/index.php\/quels-sont-des-exemples-de-sources-de-revenus-passifs\/\">Quels sont des exemples de sources de revenus passifs ?<\/a><\/li>\n\n\n\n<li><a href=\"https:\/\/xn--libert-financire-6pbj.com\/index.php\/quest-ce-quun-revenu-passif\/\">Qu\u2019est-ce qu\u2019un revenu passif ?<\/a><\/li>\n\n\n\n<li><a href=\"https:\/\/xn--libert-financire-6pbj.com\/index.php\/quelles-erreurs-courantes-dois-je-eviter-dans-la-gestion-de-mes-finances\/\">Quelles erreurs courantes dois-je \u00e9viter dans la gestion de mes finances ?<\/a><\/li>\n\n\n\n<li><a href=\"https:\/\/xn--libert-financire-6pbj.com\/index.php\/reduire-vos-dettes-rapidement-strategies-pour-un-renouveau-financier\/\">R\u00e9duire vos dettes rapidement : Strat\u00e9gies pour un renouveau financier<\/a><\/li>\n\n\n\n<li><a href=\"https:\/\/xn--libert-financire-6pbj.com\/index.php\/les-meilleurs-outils-pour-gerer-votre-budget-avec-efficacite\/\">Les meilleurs outils pour g\u00e9rer votre budget avec efficacit\u00e9<\/a><\/li>\n\n\n\n<li><a href=\"https:\/\/xn--libert-financire-6pbj.com\/index.php\/la-magie-de-lepargne-trouver-lequilibre-parfait-pour-votre-avenir\/\">La Magie de l\u2019\u00c9pargne : Trouver l\u2019\u00c9quilibre Parfait pour Votre Avenir<\/a><\/li>\n\n\n\n<li><a href=\"https:\/\/xn--libert-financire-6pbj.com\/index.php\/comment-commencer-a-economiser-de-largent-efficacement\/\">Comment commencer \u00e0 \u00e9conomiser de l\u2019argent efficacement<\/a><\/li>\n\n\n\n<li><a href=\"https:\/\/xn--libert-financire-6pbj.com\/index.php\/la-liberte-financiere-vs-lindependance-financiere-une-quete-emotionnelle-a-comprendre\/\">La libert\u00e9 financi\u00e8re vs l\u2019ind\u00e9pendance financi\u00e8re : une qu\u00eate \u00e9motionnelle \u00e0 comprendre<\/a><\/li>\n\n\n\n<li><a href=\"https:\/\/xn--libert-financire-6pbj.com\/index.php\/combien-de-temps-faut-il-pour-devenir-financierement-libre\/\">Combien de temps faut-il pour devenir financi\u00e8rement libre ?<\/a><\/li>\n\n\n\n<li><a href=\"https:\/\/xn--libert-financire-6pbj.com\/index.php\/la-liberte-financiere-est-elle-accessible-a-tout-le-monde\/\">La libert\u00e9 financi\u00e8re est-elle accessible \u00e0 tout le monde ?<\/a><\/li>\n\n\n\n<li><a href=\"https:\/\/xn--libert-financire-6pbj.com\/index.php\/pourquoi-est-il-important-datteindre-la-liberte-financiere\/\">Pourquoi est-il important d\u2019atteindre la libert\u00e9 financi\u00e8re ?<\/a><\/li>\n\n\n\n<li><a href=\"https:\/\/xn--libert-financire-6pbj.com\/index.php\/quest-ce-que-la-liberte-financiere\/\">Qu\u2019est-ce que la libert\u00e9 financi\u00e8re ?<\/a><\/li>\n<\/ul>\n","protected":false},"excerpt":{"rendered":"<p>Voici une s\u00e9lection de livres et ressources qui peuvent vous aider \u00e0 mieux g\u00e9rer vos finances, en abordant la question sous l\u2019angle \u00e9motionnel de la fascination par la gestion de l\u2019argent et la prise de d\u00e9cision financi\u00e8re. 1. L\u2019homme le&#8230; <a href=\"https:\/\/xn--libert-financire-6pbj.com\/index.php\/quels-livres-ou-ressources-me-conseillez-vous-pour-apprendre-a-gerer-mes-finances\/\" class=\"readmore\">Read more<span class=\"screen-reader-text\">Quels livres ou ressources me conseillez-vous pour apprendre \u00e0 g\u00e9rer mes finances ?<\/span><span class=\"fa fa-angle-double-right\" aria-hidden=\"true\"><\/span><\/a><\/p>\n","protected":false},"author":1,"featured_media":0,"parent":0,"menu_order":0,"comment_status":"closed","ping_status":"closed","template":"","meta":{"footnotes":""},"_links":{"self":[{"href":"https:\/\/xn--libert-financire-6pbj.com\/index.php\/wp-json\/wp\/v2\/pages\/523"}],"collection":[{"href":"https:\/\/xn--libert-financire-6pbj.com\/index.php\/wp-json\/wp\/v2\/pages"}],"about":[{"href":"https:\/\/xn--libert-financire-6pbj.com\/index.php\/wp-json\/wp\/v2\/types\/page"}],"author":[{"embeddable":true,"href":"https:\/\/xn--libert-financire-6pbj.com\/index.php\/wp-json\/wp\/v2\/users\/1"}],"replies":[{"embeddable":true,"href":"https:\/\/xn--libert-financire-6pbj.com\/index.php\/wp-json\/wp\/v2\/comments?post=523"}],"version-history":[{"count":3,"href":"https:\/\/xn--libert-financire-6pbj.com\/index.php\/wp-json\/wp\/v2\/pages\/523\/revisions"}],"predecessor-version":[{"id":634,"href":"https:\/\/xn--libert-financire-6pbj.com\/index.php\/wp-json\/wp\/v2\/pages\/523\/revisions\/634"}],"wp:attachment":[{"href":"https:\/\/xn--libert-financire-6pbj.com\/index.php\/wp-json\/wp\/v2\/media?parent=523"}],"curies":[{"name":"wp","href":"https:\/\/api.w.org\/{rel}","templated":true}]}}