{"id":533,"date":"2024-12-15T13:42:14","date_gmt":"2024-12-15T13:42:14","guid":{"rendered":"https:\/\/xn--libert-financire-6pbj.com\/?page_id=533"},"modified":"2024-12-15T14:11:37","modified_gmt":"2024-12-15T14:11:37","slug":"quels-changements-dois-je-apporter-a-mon-mode-de-vie-pour-economiser-davantage","status":"publish","type":"page","link":"https:\/\/xn--libert-financire-6pbj.com\/index.php\/quels-changements-dois-je-apporter-a-mon-mode-de-vie-pour-economiser-davantage\/","title":{"rendered":"Quels changements dois-je apporter \u00e0 mon mode de vie pour \u00e9conomiser davantage ?"},"content":{"rendered":"\n<p>L&rsquo;id\u00e9e d&rsquo;\u00e9conomiser davantage ne se r\u00e9sume pas seulement \u00e0 couper dans les d\u00e9penses, mais \u00e0 r\u00e9\u00e9valuer votre relation avec l&rsquo;argent, le temps, et l&rsquo;\u00e9nergie. Cela demande un changement de perspective, un voyage \u00e9motionnel \u00e0 travers vos habitudes et vos priorit\u00e9s. Voici quelques changements cl\u00e9s \u00e0 envisager pour transformer non seulement votre budget, mais aussi la mani\u00e8re dont vous vivez.<\/p>\n\n\n\n<hr class=\"wp-block-separator has-alpha-channel-opacity\"\/>\n\n\n\n<h3 class=\"wp-block-heading\">1. <strong>R\u00e9\u00e9valuation des Priorit\u00e9s<\/strong><\/h3>\n\n\n\n<p>Il est important de comprendre que chaque d\u00e9pense, qu&rsquo;elle soit petite ou grande, refl\u00e8te une valeur \u00e9motionnelle. Cela peut \u00eatre un plaisir imm\u00e9diat, une s\u00e9curit\u00e9, ou simplement une habitude. Si vous vous posez la question \u00ab\u00a0est-ce vraiment n\u00e9cessaire ?\u00a0\u00bb, vous commencez \u00e0 r\u00e9\u00e9valuer ce qui compte vraiment. Peut-\u00eatre que ces achats impulsifs vous apportent un bonheur \u00e9ph\u00e9m\u00e8re, mais en les r\u00e9duisant, vous pouvez investir dans ce qui vous procure une joie plus durable \u2013 des exp\u00e9riences, des souvenirs, des moments partag\u00e9s.<\/p>\n\n\n\n<h3 class=\"wp-block-heading\">2. <strong>Simplifier les Objets et D\u00e9clutter<\/strong><\/h3>\n\n\n\n<p>Beaucoup d&rsquo;entre nous sont attach\u00e9s \u00e0 des objets, des gadgets et des biens mat\u00e9riels. Mais au fond, ces objets ne sont souvent que des substituts \u00e9motionnels, des tentatives pour combler des vides int\u00e9rieurs. Lorsque vous faites le m\u00e9nage dans votre maison, vous ne faites pas seulement de la place pour de nouveaux biens, mais aussi pour de nouvelles opportunit\u00e9s d&rsquo;\u00e9conomies et de clart\u00e9 mentale. En r\u00e9duisant vos possessions, vous r\u00e9duisez aussi vos d\u00e9penses et vous apprenez \u00e0 appr\u00e9cier davantage ce que vous poss\u00e9dez d\u00e9j\u00e0.<\/p>\n\n\n\n<h3 class=\"wp-block-heading\">3. <strong>R\u00e9duire les D\u00e9penses Automatiques et Reconsid\u00e9rer les Abonnements<\/strong><\/h3>\n\n\n\n<p>Vous avez peut-\u00eatre souscrit \u00e0 des abonnements que vous n&rsquo;utilisez plus, ou \u00e0 des services que vous pouvez facilement remplacer par des alternatives gratuites ou moins co\u00fbteuses. Ces petites \u00ab\u00a0fuites d&rsquo;argent\u00a0\u00bb sont souvent invisibles et accumulent des montants consid\u00e9rables sur le long terme. Un changement \u00e9motionnel profond survient lorsque vous r\u00e9alisez que vous pouvez vous d\u00e9tacher de ces habitudes sans sacrifier la qualit\u00e9 de vie. Reconsid\u00e9rer ces engagements peut \u00eatre un acte lib\u00e9rateur, o\u00f9 vous prenez le contr\u00f4le sur ce que vous consommez, non par n\u00e9cessit\u00e9, mais par choix \u00e9clair\u00e9.<\/p>\n\n\n\n<h3 class=\"wp-block-heading\">4. <strong>Investir dans les Relations Plut\u00f4t que dans les Biens<\/strong><\/h3>\n\n\n\n<p>Parfois, l&rsquo;achat d&rsquo;un objet ou d&rsquo;une exp\u00e9rience peut sembler plus simple que de nourrir une relation, mais ces moments de connexion humaine sont bien plus enrichissants. En cultivant des liens solides et en choisissant de passer du temps avec ceux que vous aimez, vous d\u00e9couvrirez que la vraie richesse ne r\u00e9side pas dans les biens, mais dans les souvenirs que vous cr\u00e9ez ensemble. Un d\u00eener partag\u00e9 \u00e0 la maison ou une promenade en nature peuvent \u00eatre des alternatives moins co\u00fbteuses, mais infiniment plus satisfaisantes.<\/p>\n\n\n\n<h3 class=\"wp-block-heading\">5. <strong>Prendre Conscience de l\u2019\u00c9motion Associ\u00e9e \u00e0 l\u2019Argent<\/strong><\/h3>\n\n\n\n<p>L&rsquo;argent est souvent li\u00e9 \u00e0 des \u00e9motions profondes telles que l&rsquo;ins\u00e9curit\u00e9, la fiert\u00e9 ou l&rsquo;anxi\u00e9t\u00e9. Comprendre comment ces \u00e9motions influencent vos d\u00e9cisions financi\u00e8res peut \u00eatre un puissant levier pour un changement durable. Lorsque vous apprenez \u00e0 lib\u00e9rer ces \u00e9motions, \u00e0 les analyser et \u00e0 les apprivoiser, vous prenez de meilleures d\u00e9cisions. Prenez un moment chaque mois pour faire un point sur vos finances avec calme, sans jugement, et vous verrez \u00e0 quel point cela peut influencer positivement vos habitudes.<\/p>\n\n\n\n<h3 class=\"wp-block-heading\">6. <strong>Cultiver une Mentalit\u00e9 de Lenteur et de Simplicit\u00e9<\/strong><\/h3>\n\n\n\n<p>Dans un monde de consommation effr\u00e9n\u00e9e, il est crucial de ralentir. Lorsque vous consommez de mani\u00e8re plus consciente et plus r\u00e9fl\u00e9chie, vous d\u00e9couvrez qu\u2019il n\u2019est pas n\u00e9cessaire de toujours acheter, mais d\u2019apprendre \u00e0 appr\u00e9cier ce que vous avez d\u00e9j\u00e0. Cela peut \u00eatre per\u00e7u comme une forme de r\u00e9sistance \u00e9motionnelle \u00e0 la pression sociale de consommer sans cesse. C\u2019est un acte de lib\u00e9ration qui vous permet non seulement d\u2019\u00e9conomiser de l&rsquo;argent, mais aussi de pr\u00e9server votre \u00e9nergie et votre bien-\u00eatre.<\/p>\n\n\n\n<hr class=\"wp-block-separator has-alpha-channel-opacity\"\/>\n\n\n\n<p>En fin de compte, \u00e9conomiser davantage, c&rsquo;est aussi une invitation \u00e0 r\u00e9\u00e9valuer vos d\u00e9sirs et \u00e0 ajuster vos \u00e9motions face \u00e0 la consommation. C&rsquo;est un processus introspectif qui commence par la prise de conscience que moins peut parfois signifier plus. Plus de libert\u00e9, plus de tranquillit\u00e9 d&rsquo;esprit, et plus de moments authentiques qui n&rsquo;ont pas de prix.<\/p>\n\n\n\n<p>Guido SAVERIO<\/p>\n\n\n\n<ul>\n<li><a href=\"https:\/\/xn--libert-financire-6pbj.com\/index.php\/quels-sont-les-risques-des-mauvais-investissements\/\">Quels sont les risques des mauvais investissements ?<\/a><\/li>\n\n\n\n<li><a href=\"https:\/\/xn--libert-financire-6pbj.com\/index.php\/que-faire-en-cas-de-crise-economique\/\">Que faire en cas de crise \u00e9conomique ?<\/a><\/li>\n\n\n\n<li><a href=\"https:\/\/xn--libert-financire-6pbj.com\/index.php\/dois-je-souscrire-a-une-assurance-pour-proteger-mes-investissements\/\">Dois-je souscrire \u00e0 une assurance pour prot\u00e9ger mes investissements ?<\/a><\/li>\n\n\n\n<li><a href=\"https:\/\/xn--libert-financire-6pbj.com\/index.php\/comment-puis-je-proteger-mes-finances-contre-les-imprevus\/\">Comment puis-je prot\u00e9ger mes finances contre les impr\u00e9vus ?<\/a><\/li>\n\n\n\n<li><a href=\"https:\/\/xn--libert-financire-6pbj.com\/index.php\/comment-equilibrer-mes-objectifs-financiers-et-mes-besoins-a-court-terme\/\">Comment \u00e9quilibrer mes objectifs financiers et mes besoins \u00e0 court terme ?<\/a><\/li>\n\n\n\n<li><a href=\"https:\/\/xn--libert-financire-6pbj.com\/index.php\/faut-il-sacrifier-ses-loisirs-pour-atteindre-la-liberte-financiere\/\">Faut-il sacrifier ses loisirs pour atteindre la libert\u00e9 financi\u00e8re ?<\/a><\/li>\n\n\n\n<li><a href=\"https:\/\/xn--libert-financire-6pbj.com\/index.php\/comment-rester-motive-dans-mon-parcours-vers-la-liberte-financiere\/\">Comment rester motiv\u00e9 dans mon parcours vers la libert\u00e9 financi\u00e8re ?<\/a><\/li>\n\n\n\n<li><a href=\"https:\/\/xn--libert-financire-6pbj.com\/index.php\/quels-changements-dois-je-apporter-a-mon-mode-de-vie-pour-economiser-davantage\/\">Quels changements dois-je apporter \u00e0 mon mode de vie pour \u00e9conomiser davantage ?<\/a><\/li>\n\n\n\n<li><a href=\"https:\/\/xn--libert-financire-6pbj.com\/index.php\/quelles-competences-sont-importantes-pour-reussir-financierement\/\">Quelles comp\u00e9tences sont importantes pour r\u00e9ussir financi\u00e8rement ?<\/a><\/li>\n\n\n\n<li><a href=\"https:\/\/xn--libert-financire-6pbj.com\/index.php\/comment-puis-je-evaluer-mes-progres-vers-la-liberte-financiere\/\">Comment puis-je \u00e9valuer mes progr\u00e8s vers la libert\u00e9 financi\u00e8re ?<\/a><\/li>\n\n\n\n<li><a href=\"https:\/\/xn--libert-financire-6pbj.com\/index.php\/est-il-necessaire-davoir-un-conseiller-financier\/\">Est-il n\u00e9cessaire d\u2019avoir un conseiller financier ?<\/a><\/li>\n\n\n\n<li><a href=\"https:\/\/xn--libert-financire-6pbj.com\/index.php\/quels-livres-ou-ressources-me-conseillez-vous-pour-apprendre-a-gerer-mes-finances\/\">Quels livres ou ressources me conseillez-vous pour apprendre \u00e0 g\u00e9rer mes finances ?<\/a><\/li>\n\n\n\n<li><a href=\"https:\/\/xn--libert-financire-6pbj.com\/index.php\/comment-gerer-les-risques-lies-a-lentrepreneuriat\/\">Comment g\u00e9rer les risques li\u00e9s \u00e0 l\u2019entrepreneuriat ?<\/a><\/li>\n\n\n\n<li><a href=\"https:\/\/xn--libert-financire-6pbj.com\/index.php\/comment-puis-je-diversifier-mes-sources-de-revenus\/\">Comment puis-je diversifier mes sources de revenus ?<\/a><\/li>\n\n\n\n<li><a href=\"https:\/\/xn--libert-financire-6pbj.com\/index.php\/quelles-idees-de-business-peuvent-generer-des-revenus-supplementaires\/\">Quelles id\u00e9es de business peuvent g\u00e9n\u00e9rer des revenus suppl\u00e9mentaires ?<\/a><\/li>\n\n\n\n<li><a href=\"https:\/\/xn--libert-financire-6pbj.com\/index.php\/dois-je-creer-une-entreprise-pour-atteindre-la-liberte-financiere\/\">Dois-je cr\u00e9er une entreprise pour atteindre la libert\u00e9 financi\u00e8re ?<\/a><\/li>\n\n\n\n<li><a href=\"https:\/\/xn--libert-financire-6pbj.com\/index.php\/faut-il-un-capital-important-pour-investir\/\">Faut-il un capital important pour investir ?<\/a><\/li>\n\n\n\n<li><a href=\"https:\/\/xn--libert-financire-6pbj.com\/index.php\/quest-ce-que-linvestissement-dans-les-cryptomonnaies\/\">Qu\u2019est-ce que l\u2019investissement dans les cryptomonnaies ?<\/a><\/li>\n\n\n\n<li><a href=\"https:\/\/xn--libert-financire-6pbj.com\/index.php\/comment-fonctionne-la-bourse-et-comment-y-investir\/\">Comment fonctionne la bourse et comment y investir ?<\/a><\/li>\n\n\n\n<li><a href=\"https:\/\/xn--libert-financire-6pbj.com\/index.php\/quelle-est-la-difference-entre-investir-en-bourse-et-investir-dans-limmobilier\/\">Quelle est la diff\u00e9rence entre investir en bourse et investir dans l\u2019immobilier ?<\/a><\/li>\n\n\n\n<li><a href=\"https:\/\/xn--libert-financire-6pbj.com\/index.php\/quels-sont-les-meilleurs-investissements-pour-debuter\/\">Quels sont les meilleurs investissements pour d\u00e9buter ?<\/a><\/li>\n\n\n\n<li><a href=\"https:\/\/xn--libert-financire-6pbj.com\/index.php\/est-il-possible-de-vivre-uniquement-de-revenus-passifs\/\">Est-il possible de vivre uniquement de revenus passifs ?<\/a><\/li>\n\n\n\n<li><a href=\"https:\/\/xn--libert-financire-6pbj.com\/index.php\/quels-sont-les-risques-associes-au-revenu-passif\/\">Quels sont les risques associ\u00e9s au revenu passif ?<\/a><\/li>\n\n\n\n<li><a href=\"https:\/\/xn--libert-financire-6pbj.com\/index.php\/comment-puis-je-commencer-a-developper-des-revenus-passifs-avec-peu-de-capital\/\">Comment puis-je commencer \u00e0 d\u00e9velopper des revenus passifs avec peu de capital ?<\/a><\/li>\n\n\n\n<li><a href=\"https:\/\/xn--libert-financire-6pbj.com\/index.php\/quels-sont-des-exemples-de-sources-de-revenus-passifs\/\">Quels sont des exemples de sources de revenus passifs ?<\/a><\/li>\n\n\n\n<li><a href=\"https:\/\/xn--libert-financire-6pbj.com\/index.php\/quest-ce-quun-revenu-passif\/\">Qu\u2019est-ce qu\u2019un revenu passif ?<\/a><\/li>\n\n\n\n<li><a href=\"https:\/\/xn--libert-financire-6pbj.com\/index.php\/quelles-erreurs-courantes-dois-je-eviter-dans-la-gestion-de-mes-finances\/\">Quelles erreurs courantes dois-je \u00e9viter dans la gestion de mes finances ?<\/a><\/li>\n\n\n\n<li><a href=\"https:\/\/xn--libert-financire-6pbj.com\/index.php\/reduire-vos-dettes-rapidement-strategies-pour-un-renouveau-financier\/\">R\u00e9duire vos dettes rapidement : Strat\u00e9gies pour un renouveau financier<\/a><\/li>\n\n\n\n<li><a href=\"https:\/\/xn--libert-financire-6pbj.com\/index.php\/les-meilleurs-outils-pour-gerer-votre-budget-avec-efficacite\/\">Les meilleurs outils pour g\u00e9rer votre budget avec efficacit\u00e9<\/a><\/li>\n\n\n\n<li><a href=\"https:\/\/xn--libert-financire-6pbj.com\/index.php\/la-magie-de-lepargne-trouver-lequilibre-parfait-pour-votre-avenir\/\">La Magie de l\u2019\u00c9pargne : Trouver l\u2019\u00c9quilibre Parfait pour Votre Avenir<\/a><\/li>\n\n\n\n<li><a href=\"https:\/\/xn--libert-financire-6pbj.com\/index.php\/comment-commencer-a-economiser-de-largent-efficacement\/\">Comment commencer \u00e0 \u00e9conomiser de l\u2019argent efficacement<\/a><\/li>\n\n\n\n<li><a href=\"https:\/\/xn--libert-financire-6pbj.com\/index.php\/la-liberte-financiere-vs-lindependance-financiere-une-quete-emotionnelle-a-comprendre\/\">La libert\u00e9 financi\u00e8re vs l\u2019ind\u00e9pendance financi\u00e8re : une qu\u00eate \u00e9motionnelle \u00e0 comprendre<\/a><\/li>\n\n\n\n<li><a href=\"https:\/\/xn--libert-financire-6pbj.com\/index.php\/combien-de-temps-faut-il-pour-devenir-financierement-libre\/\">Combien de temps faut-il pour devenir financi\u00e8rement libre ?<\/a><\/li>\n\n\n\n<li><a href=\"https:\/\/xn--libert-financire-6pbj.com\/index.php\/la-liberte-financiere-est-elle-accessible-a-tout-le-monde\/\">La libert\u00e9 financi\u00e8re est-elle accessible \u00e0 tout le monde ?<\/a><\/li>\n\n\n\n<li><a href=\"https:\/\/xn--libert-financire-6pbj.com\/index.php\/pourquoi-est-il-important-datteindre-la-liberte-financiere\/\">Pourquoi est-il important d\u2019atteindre la libert\u00e9 financi\u00e8re ?<\/a><\/li>\n\n\n\n<li><a href=\"https:\/\/xn--libert-financire-6pbj.com\/index.php\/quest-ce-que-la-liberte-financiere\/\">Qu\u2019est-ce que la libert\u00e9 financi\u00e8re ?<\/a><\/li>\n<\/ul>\n","protected":false},"excerpt":{"rendered":"<p>L&rsquo;id\u00e9e d&rsquo;\u00e9conomiser davantage ne se r\u00e9sume pas seulement \u00e0 couper dans les d\u00e9penses, mais \u00e0 r\u00e9\u00e9valuer votre relation avec l&rsquo;argent, le temps, et l&rsquo;\u00e9nergie. Cela demande un changement de perspective, un voyage \u00e9motionnel \u00e0 travers vos habitudes et vos priorit\u00e9s&#8230;. <a href=\"https:\/\/xn--libert-financire-6pbj.com\/index.php\/quels-changements-dois-je-apporter-a-mon-mode-de-vie-pour-economiser-davantage\/\" class=\"readmore\">Read more<span class=\"screen-reader-text\">Quels changements dois-je apporter \u00e0 mon mode de vie pour \u00e9conomiser davantage ?<\/span><span class=\"fa fa-angle-double-right\" aria-hidden=\"true\"><\/span><\/a><\/p>\n","protected":false},"author":1,"featured_media":0,"parent":0,"menu_order":0,"comment_status":"closed","ping_status":"closed","template":"","meta":{"footnotes":""},"_links":{"self":[{"href":"https:\/\/xn--libert-financire-6pbj.com\/index.php\/wp-json\/wp\/v2\/pages\/533"}],"collection":[{"href":"https:\/\/xn--libert-financire-6pbj.com\/index.php\/wp-json\/wp\/v2\/pages"}],"about":[{"href":"https:\/\/xn--libert-financire-6pbj.com\/index.php\/wp-json\/wp\/v2\/types\/page"}],"author":[{"embeddable":true,"href":"https:\/\/xn--libert-financire-6pbj.com\/index.php\/wp-json\/wp\/v2\/users\/1"}],"replies":[{"embeddable":true,"href":"https:\/\/xn--libert-financire-6pbj.com\/index.php\/wp-json\/wp\/v2\/comments?post=533"}],"version-history":[{"count":2,"href":"https:\/\/xn--libert-financire-6pbj.com\/index.php\/wp-json\/wp\/v2\/pages\/533\/revisions"}],"predecessor-version":[{"id":604,"href":"https:\/\/xn--libert-financire-6pbj.com\/index.php\/wp-json\/wp\/v2\/pages\/533\/revisions\/604"}],"wp:attachment":[{"href":"https:\/\/xn--libert-financire-6pbj.com\/index.php\/wp-json\/wp\/v2\/media?parent=533"}],"curies":[{"name":"wp","href":"https:\/\/api.w.org\/{rel}","templated":true}]}}