{"id":539,"date":"2024-12-15T13:46:49","date_gmt":"2024-12-15T13:46:49","guid":{"rendered":"https:\/\/xn--libert-financire-6pbj.com\/?page_id=539"},"modified":"2024-12-15T14:09:39","modified_gmt":"2024-12-15T14:09:39","slug":"comment-equilibrer-mes-objectifs-financiers-et-mes-besoins-a-court-terme","status":"publish","type":"page","link":"https:\/\/xn--libert-financire-6pbj.com\/index.php\/comment-equilibrer-mes-objectifs-financiers-et-mes-besoins-a-court-terme\/","title":{"rendered":"Comment \u00e9quilibrer mes objectifs financiers et mes besoins \u00e0 court terme ?"},"content":{"rendered":"\n<p>L\u2019\u00e9quilibre entre les objectifs financiers \u00e0 long terme et les besoins imm\u00e9diats est une danse d\u00e9licate, mais essentielle pour parvenir \u00e0 une stabilit\u00e9 financi\u00e8re durable. Bien souvent, nos d\u00e9sirs imm\u00e9diats \u2013 des vacances, un achat impulsif, ou encore une envie de confort \u2013 s\u2019opposent \u00e0 des objectifs plus lointains, comme \u00e9pargner pour la retraite ou investir dans un projet de grande envergure. Cependant, il existe une approche logique pour parvenir \u00e0 cet \u00e9quilibre, qui prend en compte \u00e0 la fois les \u00e9motions humaines et la n\u00e9cessit\u00e9 de s\u00e9curit\u00e9 financi\u00e8re.<\/p>\n\n\n\n<h3 class=\"wp-block-heading\">1. <strong>Comprendre les \u00e9motions derri\u00e8re vos choix financiers<\/strong><\/h3>\n\n\n\n<p>Nos d\u00e9cisions financi\u00e8res ne sont pas uniquement guid\u00e9es par des chiffres, elles sont \u00e9galement influenc\u00e9es par des \u00e9motions profondes : la peur de manquer, l&rsquo;excitation d\u2019une acquisition, la culpabilit\u00e9 d&rsquo;avoir d\u00e9pens\u00e9 trop. Ces \u00e9motions, bien qu&rsquo;invisibles, peuvent soit nous motiver \u00e0 prendre de bonnes d\u00e9cisions, soit nous pousser \u00e0 agir de mani\u00e8re impulsive. Il est essentiel de prendre conscience de ces sentiments avant de prendre des d\u00e9cisions financi\u00e8res. En comprenant vos \u00e9motions, vous pouvez commencer \u00e0 mieux g\u00e9rer vos finances sans qu&rsquo;elles ne soient dict\u00e9es uniquement par l&rsquo;impulsion du moment.<\/p>\n\n\n\n<h3 class=\"wp-block-heading\">2. <strong>Prioriser vos objectifs tout en restant flexible<\/strong><\/h3>\n\n\n\n<p>La cl\u00e9 pour \u00e9quilibrer vos objectifs \u00e0 long terme avec vos besoins imm\u00e9diats est la flexibilit\u00e9. Cela signifie que vous ne devez pas vous interdire d&rsquo;atteindre vos besoins \u00e0 court terme, mais plut\u00f4t d&rsquo;identifier quelles d\u00e9penses sont r\u00e9ellement essentielles et lesquelles peuvent \u00eatre retard\u00e9es. Par exemple, une petite f\u00eate ou un achat moins urgent pourrait \u00eatre diff\u00e9r\u00e9 au profit d&rsquo;une \u00e9pargne mensuelle. Fixer un pourcentage pr\u00e9cis de vos revenus \u00e0 allouer \u00e0 vos objectifs de long terme, tout en vous autorisant \u00e0 vous faire plaisir de mani\u00e8re mod\u00e9r\u00e9e, peut vous offrir cet \u00e9quilibre.<\/p>\n\n\n\n<h3 class=\"wp-block-heading\">3. <strong>Cr\u00e9er des r\u00e9serves \u00e9motionnelles et financi\u00e8res<\/strong><\/h3>\n\n\n\n<p>Tout comme nous avons des r\u00e9serves financi\u00e8res, il est aussi important de cr\u00e9er des \u00ab\u00a0r\u00e9serves \u00e9motionnelles\u00a0\u00bb. C\u2019est-\u00e0-dire pr\u00e9voir des moments pour satisfaire nos d\u00e9sirs imm\u00e9diats de mani\u00e8re contr\u00f4l\u00e9e et mesur\u00e9e. En affectant une portion de votre budget \u00e0 des petites r\u00e9compenses, vous pouvez r\u00e9pondre \u00e0 vos besoins \u00e9motionnels sans compromettre vos objectifs financiers. Cela vous \u00e9vite de tomber dans l\u2019exc\u00e8s, qui pourrait se traduire par des frustrations \u00e0 long terme.<\/p>\n\n\n\n<h3 class=\"wp-block-heading\">4. <strong>Visualiser les r\u00e9compenses futures<\/strong><\/h3>\n\n\n\n<p>Pour maintenir la motivation \u00e0 long terme, il est crucial de visualiser l&rsquo;impact positif de vos d\u00e9cisions financi\u00e8res. Imaginons que vous \u00e9pargnez pour un achat important ou une retraite confortable. En associant cette image \u00e0 une \u00e9motion positive, comme la satisfaction de la s\u00e9curit\u00e9 ou le bonheur d&rsquo;un projet accompli, vous renforcez votre engagement \u00e0 atteindre ces objectifs, m\u00eame lorsque des besoins \u00e0 court terme surviennent.<\/p>\n\n\n\n<h3 class=\"wp-block-heading\">5. <strong>Accepter qu\u2019il y a des sacrifices n\u00e9cessaires<\/strong><\/h3>\n\n\n\n<p>Les compromis sont une partie in\u00e9vitable de la gestion financi\u00e8re. Accepter que vous devrez peut-\u00eatre faire des sacrifices \u00e0 court terme pour garantir un avenir serein est une \u00e9tape importante. Toutefois, ces sacrifices ne devraient pas \u00eatre per\u00e7us comme une privation, mais comme un investissement dans votre bien-\u00eatre futur.<\/p>\n\n\n\n<h3 class=\"wp-block-heading\">Conclusion : L\u2019harmonie entre \u00e9motions et finances<\/h3>\n\n\n\n<p>L\u2019\u00e9quilibre entre vos objectifs financiers \u00e0 long terme et vos besoins imm\u00e9diats n\u2019est pas une destination, mais un voyage continu. Chaque d\u00e9cision que vous prenez est un reflet de vos priorit\u00e9s, et reconna\u00eetre que vos \u00e9motions jouent un r\u00f4le central dans ce processus peut vous permettre de mieux les comprendre et les ma\u00eetriser. En cr\u00e9ant une relation saine avec votre argent, vous pourrez avancer sereinement, \u00e9quilibrant vos r\u00eaves futurs et vos satisfactions pr\u00e9sentes.<\/p>\n\n\n\n<p><em>Guido SAVERIO<\/em><\/p>\n\n\n\n<ul>\n<li><a href=\"https:\/\/xn--libert-financire-6pbj.com\/index.php\/quels-sont-les-risques-des-mauvais-investissements\/\">Quels sont les risques des mauvais investissements ?<\/a><\/li>\n\n\n\n<li><a href=\"https:\/\/xn--libert-financire-6pbj.com\/index.php\/que-faire-en-cas-de-crise-economique\/\">Que faire en cas de crise \u00e9conomique ?<\/a><\/li>\n\n\n\n<li><a href=\"https:\/\/xn--libert-financire-6pbj.com\/index.php\/dois-je-souscrire-a-une-assurance-pour-proteger-mes-investissements\/\">Dois-je souscrire \u00e0 une assurance pour prot\u00e9ger mes investissements ?<\/a><\/li>\n\n\n\n<li><a href=\"https:\/\/xn--libert-financire-6pbj.com\/index.php\/comment-puis-je-proteger-mes-finances-contre-les-imprevus\/\">Comment puis-je prot\u00e9ger mes finances contre les impr\u00e9vus ?<\/a><\/li>\n\n\n\n<li><a href=\"https:\/\/xn--libert-financire-6pbj.com\/index.php\/comment-equilibrer-mes-objectifs-financiers-et-mes-besoins-a-court-terme\/\">Comment \u00e9quilibrer mes objectifs financiers et mes besoins \u00e0 court terme ?<\/a><\/li>\n\n\n\n<li><a href=\"https:\/\/xn--libert-financire-6pbj.com\/index.php\/faut-il-sacrifier-ses-loisirs-pour-atteindre-la-liberte-financiere\/\">Faut-il sacrifier ses loisirs pour atteindre la libert\u00e9 financi\u00e8re ?<\/a><\/li>\n\n\n\n<li><a href=\"https:\/\/xn--libert-financire-6pbj.com\/index.php\/comment-rester-motive-dans-mon-parcours-vers-la-liberte-financiere\/\">Comment rester motiv\u00e9 dans mon parcours vers la libert\u00e9 financi\u00e8re ?<\/a><\/li>\n\n\n\n<li><a href=\"https:\/\/xn--libert-financire-6pbj.com\/index.php\/quels-changements-dois-je-apporter-a-mon-mode-de-vie-pour-economiser-davantage\/\">Quels changements dois-je apporter \u00e0 mon mode de vie pour \u00e9conomiser davantage ?<\/a><\/li>\n\n\n\n<li><a href=\"https:\/\/xn--libert-financire-6pbj.com\/index.php\/quelles-competences-sont-importantes-pour-reussir-financierement\/\">Quelles comp\u00e9tences sont importantes pour r\u00e9ussir financi\u00e8rement ?<\/a><\/li>\n\n\n\n<li><a href=\"https:\/\/xn--libert-financire-6pbj.com\/index.php\/comment-puis-je-evaluer-mes-progres-vers-la-liberte-financiere\/\">Comment puis-je \u00e9valuer mes progr\u00e8s vers la libert\u00e9 financi\u00e8re ?<\/a><\/li>\n\n\n\n<li><a href=\"https:\/\/xn--libert-financire-6pbj.com\/index.php\/est-il-necessaire-davoir-un-conseiller-financier\/\">Est-il n\u00e9cessaire d\u2019avoir un conseiller financier ?<\/a><\/li>\n\n\n\n<li><a href=\"https:\/\/xn--libert-financire-6pbj.com\/index.php\/quels-livres-ou-ressources-me-conseillez-vous-pour-apprendre-a-gerer-mes-finances\/\">Quels livres ou ressources me conseillez-vous pour apprendre \u00e0 g\u00e9rer mes finances ?<\/a><\/li>\n\n\n\n<li><a href=\"https:\/\/xn--libert-financire-6pbj.com\/index.php\/comment-gerer-les-risques-lies-a-lentrepreneuriat\/\">Comment g\u00e9rer les risques li\u00e9s \u00e0 l\u2019entrepreneuriat ?<\/a><\/li>\n\n\n\n<li><a href=\"https:\/\/xn--libert-financire-6pbj.com\/index.php\/comment-puis-je-diversifier-mes-sources-de-revenus\/\">Comment puis-je diversifier mes sources de revenus ?<\/a><\/li>\n\n\n\n<li><a href=\"https:\/\/xn--libert-financire-6pbj.com\/index.php\/quelles-idees-de-business-peuvent-generer-des-revenus-supplementaires\/\">Quelles id\u00e9es de business peuvent g\u00e9n\u00e9rer des revenus suppl\u00e9mentaires ?<\/a><\/li>\n\n\n\n<li><a href=\"https:\/\/xn--libert-financire-6pbj.com\/index.php\/dois-je-creer-une-entreprise-pour-atteindre-la-liberte-financiere\/\">Dois-je cr\u00e9er une entreprise pour atteindre la libert\u00e9 financi\u00e8re ?<\/a><\/li>\n\n\n\n<li><a href=\"https:\/\/xn--libert-financire-6pbj.com\/index.php\/faut-il-un-capital-important-pour-investir\/\">Faut-il un capital important pour investir ?<\/a><\/li>\n\n\n\n<li><a href=\"https:\/\/xn--libert-financire-6pbj.com\/index.php\/quest-ce-que-linvestissement-dans-les-cryptomonnaies\/\">Qu\u2019est-ce que l\u2019investissement dans les cryptomonnaies ?<\/a><\/li>\n\n\n\n<li><a href=\"https:\/\/xn--libert-financire-6pbj.com\/index.php\/comment-fonctionne-la-bourse-et-comment-y-investir\/\">Comment fonctionne la bourse et comment y investir ?<\/a><\/li>\n\n\n\n<li><a href=\"https:\/\/xn--libert-financire-6pbj.com\/index.php\/quelle-est-la-difference-entre-investir-en-bourse-et-investir-dans-limmobilier\/\">Quelle est la diff\u00e9rence entre investir en bourse et investir dans l\u2019immobilier ?<\/a><\/li>\n\n\n\n<li><a href=\"https:\/\/xn--libert-financire-6pbj.com\/index.php\/quels-sont-les-meilleurs-investissements-pour-debuter\/\">Quels sont les meilleurs investissements pour d\u00e9buter ?<\/a><\/li>\n\n\n\n<li><a href=\"https:\/\/xn--libert-financire-6pbj.com\/index.php\/est-il-possible-de-vivre-uniquement-de-revenus-passifs\/\">Est-il possible de vivre uniquement de revenus passifs ?<\/a><\/li>\n\n\n\n<li><a href=\"https:\/\/xn--libert-financire-6pbj.com\/index.php\/quels-sont-les-risques-associes-au-revenu-passif\/\">Quels sont les risques associ\u00e9s au revenu passif ?<\/a><\/li>\n\n\n\n<li><a href=\"https:\/\/xn--libert-financire-6pbj.com\/index.php\/comment-puis-je-commencer-a-developper-des-revenus-passifs-avec-peu-de-capital\/\">Comment puis-je commencer \u00e0 d\u00e9velopper des revenus passifs avec peu de capital ?<\/a><\/li>\n\n\n\n<li><a href=\"https:\/\/xn--libert-financire-6pbj.com\/index.php\/quels-sont-des-exemples-de-sources-de-revenus-passifs\/\">Quels sont des exemples de sources de revenus passifs ?<\/a><\/li>\n\n\n\n<li><a href=\"https:\/\/xn--libert-financire-6pbj.com\/index.php\/quest-ce-quun-revenu-passif\/\">Qu\u2019est-ce qu\u2019un revenu passif ?<\/a><\/li>\n\n\n\n<li><a href=\"https:\/\/xn--libert-financire-6pbj.com\/index.php\/quelles-erreurs-courantes-dois-je-eviter-dans-la-gestion-de-mes-finances\/\">Quelles erreurs courantes dois-je \u00e9viter dans la gestion de mes finances ?<\/a><\/li>\n\n\n\n<li><a href=\"https:\/\/xn--libert-financire-6pbj.com\/index.php\/reduire-vos-dettes-rapidement-strategies-pour-un-renouveau-financier\/\">R\u00e9duire vos dettes rapidement : Strat\u00e9gies pour un renouveau financier<\/a><\/li>\n\n\n\n<li><a href=\"https:\/\/xn--libert-financire-6pbj.com\/index.php\/les-meilleurs-outils-pour-gerer-votre-budget-avec-efficacite\/\">Les meilleurs outils pour g\u00e9rer votre budget avec efficacit\u00e9<\/a><\/li>\n\n\n\n<li><a href=\"https:\/\/xn--libert-financire-6pbj.com\/index.php\/la-magie-de-lepargne-trouver-lequilibre-parfait-pour-votre-avenir\/\">La Magie de l\u2019\u00c9pargne : Trouver l\u2019\u00c9quilibre Parfait pour Votre Avenir<\/a><\/li>\n\n\n\n<li><a href=\"https:\/\/xn--libert-financire-6pbj.com\/index.php\/comment-commencer-a-economiser-de-largent-efficacement\/\">Comment commencer \u00e0 \u00e9conomiser de l\u2019argent efficacement<\/a><\/li>\n\n\n\n<li><a href=\"https:\/\/xn--libert-financire-6pbj.com\/index.php\/la-liberte-financiere-vs-lindependance-financiere-une-quete-emotionnelle-a-comprendre\/\">La libert\u00e9 financi\u00e8re vs l\u2019ind\u00e9pendance financi\u00e8re : une qu\u00eate \u00e9motionnelle \u00e0 comprendre<\/a><\/li>\n\n\n\n<li><a href=\"https:\/\/xn--libert-financire-6pbj.com\/index.php\/combien-de-temps-faut-il-pour-devenir-financierement-libre\/\">Combien de temps faut-il pour devenir financi\u00e8rement libre ?<\/a><\/li>\n\n\n\n<li><a href=\"https:\/\/xn--libert-financire-6pbj.com\/index.php\/la-liberte-financiere-est-elle-accessible-a-tout-le-monde\/\">La libert\u00e9 financi\u00e8re est-elle accessible \u00e0 tout le monde ?<\/a><\/li>\n\n\n\n<li><a href=\"https:\/\/xn--libert-financire-6pbj.com\/index.php\/pourquoi-est-il-important-datteindre-la-liberte-financiere\/\">Pourquoi est-il important d\u2019atteindre la libert\u00e9 financi\u00e8re ?<\/a><\/li>\n\n\n\n<li><a href=\"https:\/\/xn--libert-financire-6pbj.com\/index.php\/quest-ce-que-la-liberte-financiere\/\">Qu\u2019est-ce que la libert\u00e9 financi\u00e8re ?<\/a><\/li>\n<\/ul>\n","protected":false},"excerpt":{"rendered":"<p>L\u2019\u00e9quilibre entre les objectifs financiers \u00e0 long terme et les besoins imm\u00e9diats est une danse d\u00e9licate, mais essentielle pour parvenir \u00e0 une stabilit\u00e9 financi\u00e8re durable. Bien souvent, nos d\u00e9sirs imm\u00e9diats \u2013 des vacances, un achat impulsif, ou encore une envie&#8230; <a href=\"https:\/\/xn--libert-financire-6pbj.com\/index.php\/comment-equilibrer-mes-objectifs-financiers-et-mes-besoins-a-court-terme\/\" class=\"readmore\">Read more<span class=\"screen-reader-text\">Comment \u00e9quilibrer mes objectifs financiers et mes besoins \u00e0 court terme ?<\/span><span class=\"fa fa-angle-double-right\" aria-hidden=\"true\"><\/span><\/a><\/p>\n","protected":false},"author":1,"featured_media":0,"parent":0,"menu_order":0,"comment_status":"closed","ping_status":"closed","template":"","meta":{"footnotes":""},"_links":{"self":[{"href":"https:\/\/xn--libert-financire-6pbj.com\/index.php\/wp-json\/wp\/v2\/pages\/539"}],"collection":[{"href":"https:\/\/xn--libert-financire-6pbj.com\/index.php\/wp-json\/wp\/v2\/pages"}],"about":[{"href":"https:\/\/xn--libert-financire-6pbj.com\/index.php\/wp-json\/wp\/v2\/types\/page"}],"author":[{"embeddable":true,"href":"https:\/\/xn--libert-financire-6pbj.com\/index.php\/wp-json\/wp\/v2\/users\/1"}],"replies":[{"embeddable":true,"href":"https:\/\/xn--libert-financire-6pbj.com\/index.php\/wp-json\/wp\/v2\/comments?post=539"}],"version-history":[{"count":2,"href":"https:\/\/xn--libert-financire-6pbj.com\/index.php\/wp-json\/wp\/v2\/pages\/539\/revisions"}],"predecessor-version":[{"id":601,"href":"https:\/\/xn--libert-financire-6pbj.com\/index.php\/wp-json\/wp\/v2\/pages\/539\/revisions\/601"}],"wp:attachment":[{"href":"https:\/\/xn--libert-financire-6pbj.com\/index.php\/wp-json\/wp\/v2\/media?parent=539"}],"curies":[{"name":"wp","href":"https:\/\/api.w.org\/{rel}","templated":true}]}}