{"id":690,"date":"2024-12-22T23:54:51","date_gmt":"2024-12-22T23:54:51","guid":{"rendered":"https:\/\/xn--libert-financire-6pbj.com\/?page_id=690"},"modified":"2024-12-23T12:41:59","modified_gmt":"2024-12-23T12:41:59","slug":"25-facons-de-gagner-de-largent-solutions-pratiques-pour-ameliorer-vos-revenus","status":"publish","type":"page","link":"https:\/\/xn--libert-financire-6pbj.com\/index.php\/25-facons-de-gagner-de-largent-solutions-pratiques-pour-ameliorer-vos-revenus\/","title":{"rendered":"25 Fa\u00e7ons de Gagner de l&rsquo;Argent : Solutions Pratiques pour Am\u00e9liorer Vos Revenus"},"content":{"rendered":"\n<figure class=\"wp-block-image size-full is-resized\"><img loading=\"lazy\" decoding=\"async\" width=\"267\" height=\"302\" src=\"https:\/\/xn--libert-financire-6pbj.com\/wp-content\/uploads\/2024\/12\/Capture-decran-2024-11-29-001916-3.png\" alt=\"\" class=\"wp-image-691\" style=\"width:87px;height:auto\" srcset=\"https:\/\/xn--libert-financire-6pbj.com\/wp-content\/uploads\/2024\/12\/Capture-decran-2024-11-29-001916-3.png 267w, https:\/\/xn--libert-financire-6pbj.com\/wp-content\/uploads\/2024\/12\/Capture-decran-2024-11-29-001916-3-265x300.png 265w\" sizes=\"(max-width: 267px) 100vw, 267px\" \/><\/figure>\n\n\n\n<ul>\n<li><strong><em><a href=\"https:\/\/xn--libert-financire-6pbj.com\/index.php\/comment-gagner-de-largent-en-ligne-rapidement\/\">Comment gagner de l&rsquo;argent en ligne rapidement ?<\/a><\/em><\/strong><\/li>\n\n\n\n<li><strong><em><a href=\"https:\/\/xn--libert-financire-6pbj.com\/index.php\/quelles-sont-les-meilleures-idees-pour-un-travail-a-domicile\/\">Quelles sont les meilleures id\u00e9es pour un travail \u00e0 domicile ?<\/a><\/em><\/strong><\/li>\n\n\n\n<li><strong><em><a href=\"https:\/\/xn--libert-financire-6pbj.com\/index.php\/comment-commencer-un-business-rentable-avec-peu-dargent\/\">Comment commencer un business rentable avec peu d&rsquo;argent ?<\/a><\/em><\/strong><\/li>\n\n\n\n<li><strong><em><a href=\"https:\/\/xn--libert-financire-6pbj.com\/index.php\/comment-investir-pour-generer-des-revenus-passifs\/\">Comment investir pour g\u00e9n\u00e9rer des revenus passifs ?<\/a><\/em><\/strong><\/li>\n\n\n\n<li><strong><em><a href=\"https:\/\/xn--libert-financire-6pbj.com\/index.php\/comment-devenir-freelance-et-trouver-des-clients\/\">Comment devenir freelance et trouver des clients ?<\/a><\/em><\/strong><\/li>\n\n\n\n<li><strong><em><a href=\"https:\/\/xn--libert-financire-6pbj.com\/index.php\/quels-sont-les-moyens-legaux-de-gagner-de-largent-en-cash\/\">Quels sont les moyens l\u00e9gaux de gagner de l&rsquo;argent en cash ?<\/a><\/em><\/strong><\/li>\n\n\n\n<li><strong><em><a href=\"https:\/\/xn--libert-financire-6pbj.com\/index.php\/comment-gagner-de-largent-en-vendant-des-produits-doccasion\/\">Comment gagner de l&rsquo;argent en vendant des produits d&rsquo;occasion ?<\/a><\/em><\/strong><\/li>\n\n\n\n<li><strong><em><a href=\"https:\/\/xn--libert-financire-6pbj.com\/index.php\/quels-sont-les-meilleurs-jobs-pour-etudiants-pour-se-faire-de-largent\/\">Quels sont les meilleurs jobs pour \u00e9tudiants pour se faire de l&rsquo;argent ?<\/a><\/em><\/strong><\/li>\n\n\n\n<li><strong><em><a href=\"https:\/\/xn--libert-financire-6pbj.com\/index.php\/comment-economiser-de-largent-tout-en-gagnant-plus\/\">Comment \u00e9conomiser de l&rsquo;argent tout en gagnant plus ?<\/a><\/em><\/strong><\/li>\n\n\n\n<li><strong><em><a href=\"https:\/\/xn--libert-financire-6pbj.com\/index.php\/peut-on-vraiment-gagner-de-largent-avec-les-sondages-en-ligne\/\">Peut-on vraiment gagner de l&rsquo;argent avec les sondages en ligne ?<\/a><\/em><\/strong><\/li>\n\n\n\n<li><strong><em><a href=\"https:\/\/xn--libert-financire-6pbj.com\/index.php\/comment-monetiser-un-blog-ou-une-chaine-youtube\/\">Comment mon\u00e9tiser un blog ou une cha\u00eene YouTube ?<\/a><\/em><\/strong><\/li>\n\n\n\n<li><strong><em><a href=\"https:\/\/xn--libert-financire-6pbj.com\/index.php\/comment-gagner-de-largent-avec-des-applications-mobiles\/\">Comment gagner de l&rsquo;argent avec des applications mobiles ?<\/a><\/em><\/strong><\/li>\n\n\n\n<li><strong><em><a href=\"https:\/\/xn--libert-financire-6pbj.com\/index.php\/les-investissements-les-plus-rentables-pour-debutants\/\">Quels sont les investissements les plus rentables pour d\u00e9butants ?<\/a><\/em><\/strong><\/li>\n\n\n\n<li><strong><em><a href=\"https:\/\/xn--libert-financire-6pbj.com\/index.php\/comment-utiliser-les-reseaux-sociaux-pour-gagner-de-largent\/\">Comment utiliser les r\u00e9seaux sociaux pour gagner de l&rsquo;argent ?<\/a><\/em><\/strong><\/li>\n\n\n\n<li><strong><em><a href=\"https:\/\/xn--libert-financire-6pbj.com\/index.php\/peut-on-gagner-de-largent-en-jouant-a-des-jeux-video\/\">Peut-on gagner de l&rsquo;argent en jouant \u00e0 des jeux vid\u00e9o ?<\/a><\/em><\/strong><\/li>\n\n\n\n<li><strong><em><a href=\"https:\/\/xn--libert-financire-6pbj.com\/index.php\/quels-sont-les-metiers-les-mieux-payes-sans-diplome\/\">Quels sont les m\u00e9tiers les mieux pay\u00e9s sans dipl\u00f4me ?<\/a><\/em><\/strong><\/li>\n\n\n\n<li><strong><em><a href=\"https:\/\/xn--libert-financire-6pbj.com\/index.php\/comment-louer-sa-maison-ou-une-chambre-pour-generer-des-revenus\/\">Comment louer sa maison ou une chambre pour g\u00e9n\u00e9rer des revenus ?<\/a><\/em><\/strong><\/li>\n\n\n\n<li><strong><em><a href=\"https:\/\/xn--libert-financire-6pbj.com\/index.php\/comment-vendre-des-produits-faits-maison-en-ligne\/\">Comment vendre des produits faits maison en ligne ?<\/a><\/em><\/strong><\/li>\n\n\n\n<li><strong><em><a href=\"https:\/\/xn--libert-financire-6pbj.com\/index.php\/comment-gagner-de-largent-en-tant-quinfluenceur\/\">Comment gagner de l&rsquo;argent en tant qu&rsquo;influenceur ?<\/a><\/em><\/strong><\/li>\n\n\n\n<li><strong><em><a href=\"https:\/\/xn--libert-financire-6pbj.com\/index.php\/comment-utiliser-le-dropshipping-pour-generer-des-revenus\/\">Comment utiliser le dropshipping pour g\u00e9n\u00e9rer des revenus ?<\/a><\/em><\/strong><\/li>\n\n\n\n<li><strong><em><a href=\"https:\/\/xn--libert-financire-6pbj.com\/index.php\/quelles-competences-apprendre-pour-augmenter-ses-revenus\/\">Quelles comp\u00e9tences apprendre pour augmenter ses revenus ?<\/a><\/em><\/strong><\/li>\n\n\n\n<li><strong><em><a href=\"https:\/\/xn--libert-financire-6pbj.com\/index.php\/est-il-possible-de-vivre-uniquement-grace-a-des-revenus-passifs\/\">Est-il possible de vivre uniquement gr\u00e2ce \u00e0 des revenus passifs ?<\/a><\/em><\/strong><\/li>\n\n\n\n<li><strong><em><a href=\"https:\/\/xn--libert-financire-6pbj.com\/index.php\/comment-gagner-de-largent-avec-des-crypto-monnaies\/\">Comment gagner de l&rsquo;argent avec des crypto-monnaies ?<\/a><\/em><\/strong><\/li>\n\n\n\n<li><strong><em><a href=\"https:\/\/xn--libert-financire-6pbj.com\/index.php\/comment-participer-a-des-programmes-daffiliation-pour-generer-des-revenus\/\">Comment participer \u00e0 des programmes d&rsquo;affiliation pour g\u00e9n\u00e9rer des revenus ?<\/a><\/em><\/strong><\/li>\n<\/ul>\n\n\n\n<p>En conclusion, il existe de nombreuses fa\u00e7ons de gagner de l&rsquo;argent, que ce soit en ligne, \u00e0 domicile, ou par le biais d&rsquo;investissements et d&rsquo;activit\u00e9s entrepreneuriales. L&rsquo;important est d&rsquo;identifier les options qui correspondent \u00e0 vos comp\u00e9tences, \u00e0 vos int\u00e9r\u00eats et \u00e0 vos ressources disponibles. Que vous cherchiez \u00e0 g\u00e9n\u00e9rer des revenus passifs, \u00e0 mon\u00e9tiser une passion ou \u00e0 d\u00e9marrer un business avec peu de capital, il existe une multitude de possibilit\u00e9s \u00e0 explorer. N&rsquo;oubliez pas que la cl\u00e9 du succ\u00e8s r\u00e9side souvent dans la pers\u00e9v\u00e9rance, la cr\u00e9ativit\u00e9 et la capacit\u00e9 \u00e0 s&rsquo;adapter aux opportunit\u00e9s. Alors, lancez-vous et commencez \u00e0 transformer vos id\u00e9es en sources de revenus !<\/p>\n\n\n\n<p>GUIDO SAVERIO<\/p>\n","protected":false},"excerpt":{"rendered":"<p>En conclusion, il existe de nombreuses fa\u00e7ons de gagner de l&rsquo;argent, que ce soit en ligne, \u00e0 domicile, ou par le biais d&rsquo;investissements et d&rsquo;activit\u00e9s entrepreneuriales. L&rsquo;important est d&rsquo;identifier les options qui correspondent \u00e0 vos comp\u00e9tences, \u00e0 vos int\u00e9r\u00eats et&#8230; <a href=\"https:\/\/xn--libert-financire-6pbj.com\/index.php\/25-facons-de-gagner-de-largent-solutions-pratiques-pour-ameliorer-vos-revenus\/\" class=\"readmore\">Read more<span class=\"screen-reader-text\">25 Fa\u00e7ons de Gagner de l&rsquo;Argent : Solutions Pratiques pour Am\u00e9liorer Vos Revenus<\/span><span class=\"fa fa-angle-double-right\" aria-hidden=\"true\"><\/span><\/a><\/p>\n","protected":false},"author":1,"featured_media":0,"parent":0,"menu_order":0,"comment_status":"closed","ping_status":"closed","template":"","meta":{"footnotes":""},"_links":{"self":[{"href":"https:\/\/xn--libert-financire-6pbj.com\/index.php\/wp-json\/wp\/v2\/pages\/690"}],"collection":[{"href":"https:\/\/xn--libert-financire-6pbj.com\/index.php\/wp-json\/wp\/v2\/pages"}],"about":[{"href":"https:\/\/xn--libert-financire-6pbj.com\/index.php\/wp-json\/wp\/v2\/types\/page"}],"author":[{"embeddable":true,"href":"https:\/\/xn--libert-financire-6pbj.com\/index.php\/wp-json\/wp\/v2\/users\/1"}],"replies":[{"embeddable":true,"href":"https:\/\/xn--libert-financire-6pbj.com\/index.php\/wp-json\/wp\/v2\/comments?post=690"}],"version-history":[{"count":2,"href":"https:\/\/xn--libert-financire-6pbj.com\/index.php\/wp-json\/wp\/v2\/pages\/690\/revisions"}],"predecessor-version":[{"id":764,"href":"https:\/\/xn--libert-financire-6pbj.com\/index.php\/wp-json\/wp\/v2\/pages\/690\/revisions\/764"}],"wp:attachment":[{"href":"https:\/\/xn--libert-financire-6pbj.com\/index.php\/wp-json\/wp\/v2\/media?parent=690"}],"curies":[{"name":"wp","href":"https:\/\/api.w.org\/{rel}","templated":true}]}}