{"id":738,"date":"2024-12-22T23:41:43","date_gmt":"2024-12-22T23:41:43","guid":{"rendered":"https:\/\/xn--libert-financire-6pbj.com\/?page_id=738"},"modified":"2024-12-22T23:54:40","modified_gmt":"2024-12-22T23:54:40","slug":"comment-participer-a-des-programmes-daffiliation-pour-generer-des-revenus","status":"publish","type":"page","link":"https:\/\/xn--libert-financire-6pbj.com\/index.php\/comment-participer-a-des-programmes-daffiliation-pour-generer-des-revenus\/","title":{"rendered":"Comment participer \u00e0 des programmes d&rsquo;affiliation pour g\u00e9n\u00e9rer des revenus ?"},"content":{"rendered":"\n<p>La fascination pour la possibilit\u00e9 de gagner de l&rsquo;argent en ligne est un ph\u00e9nom\u00e8ne croissant, et de plus en plus de personnes se lancent dans des programmes d&rsquo;affiliation pour g\u00e9n\u00e9rer des revenus passifs. Imaginez pouvoir gagner de l&rsquo;argent pendant que vous dormez, simplement en recommandant des produits ou services que vous aimez. Ce r\u00eave est devenu une r\u00e9alit\u00e9 gr\u00e2ce aux programmes d&rsquo;affiliation. Si vous aussi vous souhaitez faire partie de cette aventure lucrative, cet article vous guidera sur la mani\u00e8re de commencer.<\/p>\n\n\n\n<h3 class=\"wp-block-heading\">1. <strong>Comprendre ce qu&rsquo;est un programme d&rsquo;affiliation<\/strong><\/h3>\n\n\n\n<p>Un programme d&rsquo;affiliation permet \u00e0 une personne (appel\u00e9e affili\u00e9) de promouvoir des produits ou services d\u2019une entreprise et de recevoir une commission pour chaque vente r\u00e9alis\u00e9e gr\u00e2ce \u00e0 ses recommandations. Le principe est simple : vous vous inscrivez \u00e0 un programme, vous obtenez un lien unique, et chaque fois qu&rsquo;une personne effectue un achat via ce lien, vous \u00eates pay\u00e9. Cela cr\u00e9e un lien \u00e9motionnel entre l&rsquo;affili\u00e9 et les produits qu&rsquo;il recommande. L&rsquo;id\u00e9e de \u00ab\u00a0partager un produit qui a chang\u00e9 votre vie\u00a0\u00bb ou \u00ab\u00a0aide une personne \u00e0 r\u00e9soudre un probl\u00e8me\u00a0\u00bb cr\u00e9e un impact durable et profond\u00e9ment satisfaisant.<\/p>\n\n\n\n<h3 class=\"wp-block-heading\">2. <strong>Choisir une niche qui vous passionne<\/strong><\/h3>\n\n\n\n<p>Pour maximiser vos chances de succ\u00e8s dans l\u2019affiliation, il est essentiel de choisir une niche qui vous passionne r\u00e9ellement. Lorsque vous \u00eates passionn\u00e9 par un domaine, vous partagez naturellement vos conseils et recommandations avec plus d&rsquo;enthousiasme, ce qui fait \u00e9cho chez vos lecteurs ou abonn\u00e9s. Par exemple, si vous aimez la photographie, vous pouvez vous inscrire \u00e0 des programmes d&rsquo;affiliation pour des \u00e9quipements photo ou des formations en ligne. Cette sinc\u00e9rit\u00e9 cr\u00e9e une connexion authentique, capturant l&rsquo;int\u00e9r\u00eat des gens tout en leur offrant des solutions auxquelles ils n\u2019auraient pas pens\u00e9.<\/p>\n\n\n\n<h3 class=\"wp-block-heading\">3. <strong>S&rsquo;inscrire \u00e0 des plateformes d&rsquo;affiliation populaires<\/strong><\/h3>\n\n\n\n<p>Il existe plusieurs plateformes qui facilitent l&rsquo;acc\u00e8s \u00e0 des programmes d&rsquo;affiliation. Des g\u00e9ants comme <strong>Amazon Associates<\/strong>, <strong>ClickBank<\/strong>, ou encore <strong>CJ Affiliate<\/strong> offrent une grande vari\u00e9t\u00e9 de produits et services \u00e0 promouvoir. Il est important de choisir des programmes qui correspondent \u00e0 votre audience et \u00e0 vos valeurs. Si vous avez une communaut\u00e9 int\u00e9ress\u00e9e par les produits bio, par exemple, vous pouvez rejoindre des programmes d&rsquo;affiliation sp\u00e9cifiques aux produits \u00e9cologiques. La confiance que vous inspirez en \u00e9tant authentique vous permettra de nouer une relation solide avec vos visiteurs, qui seront plus enclins \u00e0 acheter.<\/p>\n\n\n\n<h3 class=\"wp-block-heading\">4. <strong>Promouvoir les produits de mani\u00e8re authentique<\/strong><\/h3>\n\n\n\n<p>La mani\u00e8re dont vous allez promouvoir les produits joue un r\u00f4le crucial dans votre succ\u00e8s. \u00c9vitez les approches trop commerciales, qui risquent de vous faire perdre votre cr\u00e9dibilit\u00e9. Partagez des exp\u00e9riences concr\u00e8tes, des t\u00e9moignages ou m\u00eame des critiques honn\u00eates. Par exemple, si vous avez test\u00e9 un produit ou service, racontez pourquoi vous l&rsquo;aimez et comment il a fait une diff\u00e9rence dans votre vie. Ce type de contenu \u00e9motionnel a un impact bien plus puissant que de simples annonces promotionnelles. Les gens r\u00e9agissent positivement \u00e0 des histoires authentiques et peuvent se projeter dans ce que vous leur partagez.<\/p>\n\n\n\n<h3 class=\"wp-block-heading\">5. <strong>Utiliser diff\u00e9rents canaux pour promouvoir l&rsquo;affiliation<\/strong><\/h3>\n\n\n\n<p>Une fois que vous avez choisi un produit ou service \u00e0 promouvoir, il est essentiel de diversifier vos canaux de communication. Vous pouvez utiliser un blog, une cha\u00eene YouTube, des r\u00e9seaux sociaux comme Instagram ou TikTok, ou m\u00eame des newsletters par email. Chaque plateforme a ses sp\u00e9cificit\u00e9s, et en adaptant vos messages \u00e0 chaque canal, vous pourrez toucher un public plus large. Par exemple, une vid\u00e9o explicative sur YouTube montrant comment un produit a am\u00e9lior\u00e9 votre quotidien aura un impact \u00e9motionnel plus fort qu&rsquo;un simple lien dans un article.<\/p>\n\n\n\n<h3 class=\"wp-block-heading\">6. <strong>Suivre et analyser vos performances<\/strong><\/h3>\n\n\n\n<p>Pour r\u00e9ussir dans l&rsquo;affiliation, il est important de suivre vos performances de mani\u00e8re r\u00e9guli\u00e8re. Utilisez les outils de suivi fournis par les programmes d&rsquo;affiliation pour savoir combien de clics et de ventes vous avez g\u00e9n\u00e9r\u00e9s. Cela vous permettra d&rsquo;ajuster vos strat\u00e9gies et de maximiser vos gains. Par exemple, vous pouvez d\u00e9couvrir qu&rsquo;un type de contenu fonctionne mieux qu&rsquo;un autre, ou qu&rsquo;un produit particulier g\u00e9n\u00e8re plus de commissions que d&rsquo;autres. Cette analyse vous aidera \u00e0 comprendre ce qui capte l&rsquo;attention de votre audience et \u00e0 ajuster vos efforts en cons\u00e9quence.<\/p>\n\n\n\n<h3 class=\"wp-block-heading\">7. <strong>G\u00e9n\u00e9rer des revenus passifs gr\u00e2ce \u00e0 l&rsquo;affiliation<\/strong><\/h3>\n\n\n\n<p>Une des plus grandes attractions des programmes d&rsquo;affiliation est leur potentiel \u00e0 g\u00e9n\u00e9rer des revenus passifs. Une fois que vos liens d&rsquo;affiliation sont en place et que vous avez commenc\u00e9 \u00e0 g\u00e9n\u00e9rer du trafic, vous pouvez continuer \u00e0 gagner de l&rsquo;argent pendant que vous vous consacrez \u00e0 d&rsquo;autres activit\u00e9s. Cela devient encore plus fascinant lorsque vous commencez \u00e0 voir des commissions entrer de mani\u00e8re r\u00e9guli\u00e8re, sans avoir \u00e0 constamment travailler pour chaque vente. Cette sensation de libert\u00e9 financi\u00e8re nourrit le d\u00e9sir d&rsquo;aller encore plus loin.<\/p>\n\n\n\n<hr class=\"wp-block-separator has-alpha-channel-opacity\"\/>\n\n\n\n<p><strong>Conclusion<\/strong><\/p>\n\n\n\n<p>Participer \u00e0 un programme d&rsquo;affiliation est une voie accessible pour g\u00e9n\u00e9rer des revenus en ligne, en particulier si vous \u00eates passionn\u00e9 par un sujet et souhaitez partager des produits que vous aimez. Chaque \u00e9tape du processus vous permet de vous connecter \u00e9motionnellement avec votre audience, de cr\u00e9er une relation de confiance et de maximiser vos chances de succ\u00e8s. <\/p>\n\n\n\n<p class=\"has-vivid-red-color has-text-color has-link-color wp-elements-9e99b8bbc26d8b2f88e00494a3babd62\"><strong>Si cet article vous a inspir\u00e9, partagez-le avec vos amis et coll\u00e8gues int\u00e9ress\u00e9s par l&rsquo;affiliation. Merci de l&rsquo;avoir lu !<\/strong><\/p>\n\n\n\n<p><strong>Guido SAVERIO<\/strong><\/p>\n\n\n\n<ul>\n<li><strong><em><a href=\"https:\/\/xn--libert-financire-6pbj.com\/index.php\/comment-gagner-de-largent-en-ligne-rapidement\/\">Comment gagner de l&rsquo;argent en ligne rapidement ?<\/a><\/em><\/strong><\/li>\n\n\n\n<li><strong><em><a href=\"https:\/\/xn--libert-financire-6pbj.com\/index.php\/quelles-sont-les-meilleures-idees-pour-un-travail-a-domicile\/\">Quelles sont les meilleures id\u00e9es pour un travail \u00e0 domicile ?<\/a><\/em><\/strong><\/li>\n\n\n\n<li><strong><em><a href=\"https:\/\/xn--libert-financire-6pbj.com\/index.php\/comment-commencer-un-business-rentable-avec-peu-dargent\/\">Comment commencer un business rentable avec peu d&rsquo;argent ?<\/a><\/em><\/strong><\/li>\n\n\n\n<li><strong><em><a href=\"https:\/\/xn--libert-financire-6pbj.com\/index.php\/comment-investir-pour-generer-des-revenus-passifs\/\">Comment investir pour g\u00e9n\u00e9rer des revenus passifs ?<\/a><\/em><\/strong><\/li>\n\n\n\n<li><strong><em><a href=\"https:\/\/xn--libert-financire-6pbj.com\/index.php\/comment-devenir-freelance-et-trouver-des-clients\/\">Comment devenir freelance et trouver des clients ?<\/a><\/em><\/strong><\/li>\n\n\n\n<li><strong><em><a href=\"https:\/\/xn--libert-financire-6pbj.com\/index.php\/quels-sont-les-moyens-legaux-de-gagner-de-largent-en-cash\/\">Quels sont les moyens l\u00e9gaux de gagner de l&rsquo;argent en cash ?<\/a><\/em><\/strong><\/li>\n\n\n\n<li><strong><em><a href=\"https:\/\/xn--libert-financire-6pbj.com\/index.php\/comment-gagner-de-largent-en-vendant-des-produits-doccasion\/\">Comment gagner de l&rsquo;argent en vendant des produits d&rsquo;occasion ?<\/a><\/em><\/strong><\/li>\n\n\n\n<li><strong><em><a href=\"https:\/\/xn--libert-financire-6pbj.com\/index.php\/quels-sont-les-meilleurs-jobs-pour-etudiants-pour-se-faire-de-largent\/\">Quels sont les meilleurs jobs pour \u00e9tudiants pour se faire de l&rsquo;argent ?<\/a><\/em><\/strong><\/li>\n\n\n\n<li><strong><em><a href=\"https:\/\/xn--libert-financire-6pbj.com\/index.php\/comment-economiser-de-largent-tout-en-gagnant-plus\/\">Comment \u00e9conomiser de l&rsquo;argent tout en gagnant plus ?<\/a><\/em><\/strong><\/li>\n\n\n\n<li><strong><em><a href=\"https:\/\/xn--libert-financire-6pbj.com\/index.php\/peut-on-vraiment-gagner-de-largent-avec-les-sondages-en-ligne\/\">Peut-on vraiment gagner de l&rsquo;argent avec les sondages en ligne ?<\/a><\/em><\/strong><\/li>\n\n\n\n<li><strong><em><a href=\"https:\/\/xn--libert-financire-6pbj.com\/index.php\/comment-monetiser-un-blog-ou-une-chaine-youtube\/\">Comment mon\u00e9tiser un blog ou une cha\u00eene YouTube ?<\/a><\/em><\/strong><\/li>\n\n\n\n<li><strong><em><a href=\"https:\/\/xn--libert-financire-6pbj.com\/index.php\/comment-gagner-de-largent-avec-des-applications-mobiles\/\">Comment gagner de l&rsquo;argent avec des applications mobiles ?<\/a><\/em><\/strong><\/li>\n\n\n\n<li><strong><em><a href=\"https:\/\/xn--libert-financire-6pbj.com\/index.php\/les-investissements-les-plus-rentables-pour-debutants\/\">Quels sont les investissements les plus rentables pour d\u00e9butants ?<\/a><\/em><\/strong><\/li>\n\n\n\n<li><strong><em><a href=\"https:\/\/xn--libert-financire-6pbj.com\/index.php\/comment-utiliser-les-reseaux-sociaux-pour-gagner-de-largent\/\">Comment utiliser les r\u00e9seaux sociaux pour gagner de l&rsquo;argent ?<\/a><\/em><\/strong><\/li>\n\n\n\n<li><strong><em><a href=\"https:\/\/xn--libert-financire-6pbj.com\/index.php\/peut-on-gagner-de-largent-en-jouant-a-des-jeux-video\/\">Peut-on gagner de l&rsquo;argent en jouant \u00e0 des jeux vid\u00e9o ?<\/a><\/em><\/strong><\/li>\n\n\n\n<li><strong><em><a href=\"https:\/\/xn--libert-financire-6pbj.com\/index.php\/quels-sont-les-metiers-les-mieux-payes-sans-diplome\/\">Quels sont les m\u00e9tiers les mieux pay\u00e9s sans dipl\u00f4me ?<\/a><\/em><\/strong><\/li>\n\n\n\n<li><strong><em><a href=\"https:\/\/xn--libert-financire-6pbj.com\/index.php\/comment-louer-sa-maison-ou-une-chambre-pour-generer-des-revenus\/\">Comment louer sa maison ou une chambre pour g\u00e9n\u00e9rer des revenus ?<\/a><\/em><\/strong><\/li>\n\n\n\n<li><strong><em><a href=\"https:\/\/xn--libert-financire-6pbj.com\/index.php\/comment-vendre-des-produits-faits-maison-en-ligne\/\">Comment vendre des produits faits maison en ligne ?<\/a><\/em><\/strong><\/li>\n\n\n\n<li><strong><em><a href=\"https:\/\/xn--libert-financire-6pbj.com\/index.php\/comment-gagner-de-largent-en-tant-quinfluenceur\/\">Comment gagner de l&rsquo;argent en tant qu&rsquo;influenceur ?<\/a><\/em><\/strong><\/li>\n\n\n\n<li><strong><em><a href=\"https:\/\/xn--libert-financire-6pbj.com\/index.php\/comment-utiliser-le-dropshipping-pour-generer-des-revenus\/\">Comment utiliser le dropshipping pour g\u00e9n\u00e9rer des revenus ?<\/a><\/em><\/strong><\/li>\n\n\n\n<li><strong><em><a href=\"https:\/\/xn--libert-financire-6pbj.com\/index.php\/quelles-competences-apprendre-pour-augmenter-ses-revenus\/\">Quelles comp\u00e9tences apprendre pour augmenter ses revenus ?<\/a><\/em><\/strong><\/li>\n\n\n\n<li><strong><em><a href=\"https:\/\/xn--libert-financire-6pbj.com\/index.php\/est-il-possible-de-vivre-uniquement-grace-a-des-revenus-passifs\/\">Est-il possible de vivre uniquement gr\u00e2ce \u00e0 des revenus passifs ?<\/a><\/em><\/strong><\/li>\n\n\n\n<li><strong><em><a href=\"https:\/\/xn--libert-financire-6pbj.com\/index.php\/comment-gagner-de-largent-avec-des-crypto-monnaies\/\">Comment gagner de l&rsquo;argent avec des crypto-monnaies ?<\/a><\/em><\/strong><\/li>\n\n\n\n<li><strong><em><a href=\"https:\/\/xn--libert-financire-6pbj.com\/index.php\/comment-participer-a-des-programmes-daffiliation-pour-generer-des-revenus\/\">Comment participer \u00e0 des programmes d&rsquo;affiliation pour g\u00e9n\u00e9rer des revenus ?<\/a><\/em><\/strong><\/li>\n<\/ul>\n","protected":false},"excerpt":{"rendered":"<p>La fascination pour la possibilit\u00e9 de gagner de l&rsquo;argent en ligne est un ph\u00e9nom\u00e8ne croissant, et de plus en plus de personnes se lancent dans des programmes d&rsquo;affiliation pour g\u00e9n\u00e9rer des revenus passifs. Imaginez pouvoir gagner de l&rsquo;argent pendant que&#8230; <a href=\"https:\/\/xn--libert-financire-6pbj.com\/index.php\/comment-participer-a-des-programmes-daffiliation-pour-generer-des-revenus\/\" class=\"readmore\">Read more<span class=\"screen-reader-text\">Comment participer \u00e0 des programmes d&rsquo;affiliation pour g\u00e9n\u00e9rer des revenus ?<\/span><span class=\"fa fa-angle-double-right\" aria-hidden=\"true\"><\/span><\/a><\/p>\n","protected":false},"author":1,"featured_media":0,"parent":0,"menu_order":0,"comment_status":"closed","ping_status":"closed","template":"","meta":{"footnotes":""},"_links":{"self":[{"href":"https:\/\/xn--libert-financire-6pbj.com\/index.php\/wp-json\/wp\/v2\/pages\/738"}],"collection":[{"href":"https:\/\/xn--libert-financire-6pbj.com\/index.php\/wp-json\/wp\/v2\/pages"}],"about":[{"href":"https:\/\/xn--libert-financire-6pbj.com\/index.php\/wp-json\/wp\/v2\/types\/page"}],"author":[{"embeddable":true,"href":"https:\/\/xn--libert-financire-6pbj.com\/index.php\/wp-json\/wp\/v2\/users\/1"}],"replies":[{"embeddable":true,"href":"https:\/\/xn--libert-financire-6pbj.com\/index.php\/wp-json\/wp\/v2\/comments?post=738"}],"version-history":[{"count":2,"href":"https:\/\/xn--libert-financire-6pbj.com\/index.php\/wp-json\/wp\/v2\/pages\/738\/revisions"}],"predecessor-version":[{"id":740,"href":"https:\/\/xn--libert-financire-6pbj.com\/index.php\/wp-json\/wp\/v2\/pages\/738\/revisions\/740"}],"wp:attachment":[{"href":"https:\/\/xn--libert-financire-6pbj.com\/index.php\/wp-json\/wp\/v2\/media?parent=738"}],"curies":[{"name":"wp","href":"https:\/\/api.w.org\/{rel}","templated":true}]}}