{"id":776,"date":"2024-12-26T22:22:57","date_gmt":"2024-12-26T22:22:57","guid":{"rendered":"https:\/\/xn--libert-financire-6pbj.com\/?page_id=776"},"modified":"2025-01-21T05:48:30","modified_gmt":"2025-01-21T05:48:30","slug":"transformez-votre-salaire-en-machine-a-liberte-financiere","status":"publish","type":"page","link":"https:\/\/xn--libert-financire-6pbj.com\/index.php\/transformez-votre-salaire-en-machine-a-liberte-financiere\/","title":{"rendered":"Transformez Votre Salaire en Machine \u00e0 Libert\u00e9 Financi\u00e8re"},"content":{"rendered":"<div class=\"wp-block-image\">\n<figure class=\"alignleft size-full is-resized\"><img loading=\"lazy\" decoding=\"async\" width=\"1024\" height=\"1024\" src=\"https:\/\/xn--libert-financire-6pbj.com\/wp-content\/uploads\/2025\/01\/craiyon_135358_Hilarious_photorealistic_photo_of_Melania_Trump_angrily_putting_clothes_and_trinkets_.png\" alt=\"\" class=\"wp-image-794\" style=\"width:151px;height:auto\" srcset=\"https:\/\/xn--libert-financire-6pbj.com\/wp-content\/uploads\/2025\/01\/craiyon_135358_Hilarious_photorealistic_photo_of_Melania_Trump_angrily_putting_clothes_and_trinkets_.png 1024w, https:\/\/xn--libert-financire-6pbj.com\/wp-content\/uploads\/2025\/01\/craiyon_135358_Hilarious_photorealistic_photo_of_Melania_Trump_angrily_putting_clothes_and_trinkets_-300x300.png 300w, https:\/\/xn--libert-financire-6pbj.com\/wp-content\/uploads\/2025\/01\/craiyon_135358_Hilarious_photorealistic_photo_of_Melania_Trump_angrily_putting_clothes_and_trinkets_-150x150.png 150w, https:\/\/xn--libert-financire-6pbj.com\/wp-content\/uploads\/2025\/01\/craiyon_135358_Hilarious_photorealistic_photo_of_Melania_Trump_angrily_putting_clothes_and_trinkets_-768x768.png 768w\" sizes=\"(max-width: 1024px) 100vw, 1024px\" \/><\/figure><\/div>\n\n\n<p>Vous avez tout \u00e0 fait raison. Cette m\u00e9taphore est puissante et souligne un principe fondamental de la gestion financi\u00e8re : <strong>un salaire, aussi important soit-il, ne garantit pas la s\u00e9curit\u00e9 financi\u00e8re \u00e0 long terme si l&rsquo;on ne l&rsquo;utilise pas judicieusement.<\/strong> Voici quelques id\u00e9es pour aller plus loin dans cette r\u00e9flexion :<\/p>\n\n\n\n<ol>\n<li><strong>Planter la graine (\u00e9pargner et investir) :<\/strong>\n<ul>\n<li><strong>\u00c9pargne<\/strong> : Mettez de c\u00f4t\u00e9 une partie de votre salaire chaque mois dans un compte d&rsquo;\u00e9pargne ou un fonds d&rsquo;urgence pour couvrir les impr\u00e9vus.<\/li>\n\n\n\n<li><strong>Investissement<\/strong> : Une partie de vos revenus peut \u00eatre investie dans des actifs qui g\u00e9n\u00e8rent des rendements (actions, immobilier, entreprises, etc.). Cela permet de faire fructifier votre argent.<\/li>\n<\/ul>\n<\/li>\n\n\n\n<li><strong>Arroser et nourrir (\u00e9ducation et gestion) :<\/strong>\n<ul>\n<li><strong>\u00c9ducation financi\u00e8re<\/strong> : Investissez dans votre savoir pour mieux comprendre les m\u00e9canismes d&rsquo;investissement, les strat\u00e9gies de gestion des risques et les opportunit\u00e9s de croissance.<\/li>\n\n\n\n<li><strong>Discipline financi\u00e8re<\/strong> : Fixez un budget et respectez-le. \u00c9vitez de d\u00e9penser de mani\u00e8re impulsive.<\/li>\n<\/ul>\n<\/li>\n\n\n\n<li><strong>R\u00e9colter les fruits (patrimoine et libert\u00e9 financi\u00e8re) :<\/strong>\n<ul>\n<li>Avec des investissements intelligents et une gestion rigoureuse, vous construirez un patrimoine qui g\u00e9n\u00e9rera des revenus passifs. Cela vous offrira une plus grande libert\u00e9 financi\u00e8re et une tranquillit\u00e9 d&rsquo;esprit.<\/li>\n<\/ul>\n<\/li>\n<\/ol>\n\n\n\n<h3 class=\"wp-block-heading\">Points \u00e0 retenir<\/h3>\n\n\n\n<p>Le salaire est une <strong>ressource<\/strong> qui doit \u00eatre g\u00e9r\u00e9e avec soin. Si vous l&rsquo;utilisez uniquement pour subvenir aux besoins imm\u00e9diats, vous risquez de ne jamais atteindre vos objectifs financiers. Mais si vous le consid\u00e9rez comme une <strong>graine<\/strong> et que vous le plantez, nourrissez et cultivez avec patience, il peut devenir un arbre qui portera des fruits pendant toute votre vie.<\/p>\n\n\n\n<p>Quelles sont vos id\u00e9es ou priorit\u00e9s pour tirer le meilleur parti de votre salaire ?<\/p>\n\n\n\n<p>GUIDO SAVERIO<\/p>\n","protected":false},"excerpt":{"rendered":"<p>Vous avez tout \u00e0 fait raison. Cette m\u00e9taphore est puissante et souligne un principe fondamental de la gestion financi\u00e8re : un salaire, aussi important soit-il, ne garantit pas la s\u00e9curit\u00e9 financi\u00e8re \u00e0 long terme si l&rsquo;on ne l&rsquo;utilise pas judicieusement&#8230;. <a href=\"https:\/\/xn--libert-financire-6pbj.com\/index.php\/transformez-votre-salaire-en-machine-a-liberte-financiere\/\" class=\"readmore\">Read more<span class=\"screen-reader-text\">Transformez Votre Salaire en Machine \u00e0 Libert\u00e9 Financi\u00e8re<\/span><span class=\"fa fa-angle-double-right\" aria-hidden=\"true\"><\/span><\/a><\/p>\n","protected":false},"author":1,"featured_media":0,"parent":0,"menu_order":0,"comment_status":"closed","ping_status":"closed","template":"","meta":{"footnotes":""},"_links":{"self":[{"href":"https:\/\/xn--libert-financire-6pbj.com\/index.php\/wp-json\/wp\/v2\/pages\/776"}],"collection":[{"href":"https:\/\/xn--libert-financire-6pbj.com\/index.php\/wp-json\/wp\/v2\/pages"}],"about":[{"href":"https:\/\/xn--libert-financire-6pbj.com\/index.php\/wp-json\/wp\/v2\/types\/page"}],"author":[{"embeddable":true,"href":"https:\/\/xn--libert-financire-6pbj.com\/index.php\/wp-json\/wp\/v2\/users\/1"}],"replies":[{"embeddable":true,"href":"https:\/\/xn--libert-financire-6pbj.com\/index.php\/wp-json\/wp\/v2\/comments?post=776"}],"version-history":[{"count":2,"href":"https:\/\/xn--libert-financire-6pbj.com\/index.php\/wp-json\/wp\/v2\/pages\/776\/revisions"}],"predecessor-version":[{"id":795,"href":"https:\/\/xn--libert-financire-6pbj.com\/index.php\/wp-json\/wp\/v2\/pages\/776\/revisions\/795"}],"wp:attachment":[{"href":"https:\/\/xn--libert-financire-6pbj.com\/index.php\/wp-json\/wp\/v2\/media?parent=776"}],"curies":[{"name":"wp","href":"https:\/\/api.w.org\/{rel}","templated":true}]}}