{"id":819,"date":"2025-01-21T07:39:48","date_gmt":"2025-01-21T07:39:48","guid":{"rendered":"https:\/\/xn--libert-financire-6pbj.com\/?page_id=819"},"modified":"2025-01-22T00:09:53","modified_gmt":"2025-01-22T00:09:53","slug":"le-pouvoir-de-labondance-transformez-vos-habitudes-pour-gagner-plus","status":"publish","type":"page","link":"https:\/\/xn--libert-financire-6pbj.com\/index.php\/le-pouvoir-de-labondance-transformez-vos-habitudes-pour-gagner-plus\/","title":{"rendered":"Le Pouvoir de l&rsquo;Abondance : Transformez Vos Habitudes pour Gagner Plus"},"content":{"rendered":"\n<p>Saviez-vous que le simple fait de changer quelques petites habitudes dans votre vie peut radicalement transformer vos finances et votre avenir ? Ce n\u2019est pas une promesse vide ni une illusion. C\u2019est la r\u00e9alit\u00e9 du pouvoir de l\u2019abondance, un concept qui, loin d\u2019\u00eatre abstrait, peut \u00eatre appliqu\u00e9 dans votre quotidien de mani\u00e8re concr\u00e8te et tangible.<\/p>\n\n\n\n<p>Il n\u2019est pas n\u00e9cessaire de devenir un g\u00e9nie de la finance pour r\u00e9ussir. Ce que vous devez savoir, c\u2019est qu\u2019en adoptant certaines pratiques simples et en modifiant certaines de vos habitudes, vous allez rapidement commencer \u00e0 attirer davantage de richesse et de prosp\u00e9rit\u00e9 dans votre vie. Cela commence par un \u00e9tat d\u2019esprit nouveau, un changement dans votre mani\u00e8re de penser, mais \u00e9galement dans vos actions quotidiennes.<\/p>\n\n\n\n<p>Imaginez-vous, chaque matin, d\u00e9marrant votre journ\u00e9e avec une vision claire de vos objectifs et des actions pr\u00e9cises \u00e0 mettre en place pour les atteindre. Chaque geste, chaque d\u00e9cision que vous prenez devient un pas vers une vie plus \u00e9panouissante. En effet, l\u2019abondance n\u2019est pas simplement une question d\u2019argent. C\u2019est aussi un \u00e9tat d\u2019esprit qui englobe l\u2019amour, la sant\u00e9, la r\u00e9ussite professionnelle et les relations enrichissantes.<\/p>\n\n\n\n<p><strong>1. L\u2019Abondance Commence par Votre Esprit<\/strong><\/p>\n\n\n\n<p>La premi\u00e8re chose \u00e0 comprendre, c\u2019est que l\u2019abondance commence dans votre t\u00eate. Cela ne signifie pas que vous devez \u00eatre na\u00eff ou id\u00e9aliste, mais plut\u00f4t que vous devez adopter un \u00e9tat d\u2019esprit positif et ouvert. Chaque pens\u00e9e n\u00e9gative est un frein \u00e0 votre potentiel. Quand vous pensez \u00ab\u00a0Je n&rsquo;y arriverai jamais\u00a0\u00bb, vous vous condamnez vous-m\u00eame \u00e0 l\u2019\u00e9chec. En revanche, en vous disant \u00ab\u00a0Je vais trouver une solution\u00a0\u00bb ou \u00ab\u00a0J&rsquo;ai tout ce qu&rsquo;il faut pour r\u00e9ussir\u00a0\u00bb, vous ouvrez la voie \u00e0 de nouvelles opportunit\u00e9s.<\/p>\n\n\n\n<p>Prenez l&rsquo;exemple de Sarah, une entrepreneuse qui peinait \u00e0 d\u00e9velopper son activit\u00e9. Elle se concentrait uniquement sur les probl\u00e8mes et les obstacles. Puis, apr\u00e8s un changement de mentalit\u00e9, elle a commenc\u00e9 \u00e0 voir chaque d\u00e9fi comme une occasion d&rsquo;apprendre et d\u2019avancer. Peu de temps apr\u00e8s, ses ventes ont d\u00e9coll\u00e9 et son entreprise a prosp\u00e9r\u00e9.<\/p>\n\n\n\n<p><strong>2. De Petits Changements pour de Grandes R\u00e9compenses<\/strong><\/p>\n\n\n\n<p>Changer vos habitudes, c\u2019est prendre des d\u00e9cisions simples, mais puissantes. Vous ne devez pas tout changer d\u2019un coup, ni r\u00e9volutionner votre vie du jour au lendemain. Il suffit de petites actions quotidiennes, r\u00e9guli\u00e8res, qui, au fil du temps, produiront des r\u00e9sultats impressionnants. Par exemple, commencez par \u00e9conomiser un petit pourcentage de vos revenus chaque mois. M\u00eame 5% peut avoir un impact majeur si vous \u00eates constant.<\/p>\n\n\n\n<p>De plus, soyez attentif \u00e0 la mani\u00e8re dont vous g\u00e9rez votre temps. Arr\u00eatez de procrastiner et organisez vos journ\u00e9es autour de ce qui compte vraiment : vos priorit\u00e9s. Chaque minute est pr\u00e9cieuse et la mani\u00e8re dont vous l\u2019utilisez d\u00e9terminera votre r\u00e9ussite.<\/p>\n\n\n\n<p><strong>3. L\u2019Action au Service de l\u2019Abondance<\/strong><\/p>\n\n\n\n<p>Les actions que vous prenez chaque jour doivent \u00eatre orient\u00e9es vers vos objectifs. Elles ne doivent pas \u00eatre dispers\u00e9es ni sans direction. Prenons l&rsquo;exemple de Maxime, qui r\u00eavait de devenir \u00e9crivain. Il avait toujours des id\u00e9es, mais jamais de livre publi\u00e9. Pourquoi ? Parce qu&rsquo;il n&rsquo;agissait pas. Un jour, il a pris la d\u00e9cision de consacrer seulement 30 minutes par jour \u00e0 l&rsquo;\u00e9criture. Cela lui semblait minime, mais petit \u00e0 petit, il a vu ses chapitres s\u2019accumuler. Aujourd\u2019hui, il est un auteur publi\u00e9, et ce succ\u00e8s d\u00e9coule d\u2019une simple action quotidienne.<\/p>\n\n\n\n<p><strong>4. La Puissance des Relations<\/strong><\/p>\n\n\n\n<p>L\u2019abondance ne concerne pas uniquement vos efforts personnels, mais aussi vos relations avec les autres. Entourez-vous de personnes positives et inspirantes. Faites grandir votre r\u00e9seau avec des individus qui partagent vos valeurs et vos ambitions. L\u2019\u00e9nergie que vous \u00e9changez avec ceux qui vous entourent peut grandement contribuer \u00e0 vos r\u00e9ussites personnelles et professionnelles.<\/p>\n\n\n\n<p>Pensez \u00e0 ce qu&rsquo;une relation de qualit\u00e9 peut vous apporter : des conseils pr\u00e9cieux, des opportunit\u00e9s professionnelles, du soutien moral, ou encore des collaborations fructueuses. Votre entourage a un impact direct sur votre \u00e9tat d\u2019esprit et vos chances de r\u00e9ussite.<\/p>\n\n\n\n<p><strong>5. Soyez Reconnaissant de Ce Que Vous Avez<\/strong><\/p>\n\n\n\n<p>La gratitude est une des cl\u00e9s les plus puissantes de l\u2019abondance. Plus vous \u00eates reconnaissant pour ce que vous avez, plus vous attirez de bonnes choses. Prenez un moment chaque jour pour r\u00e9fl\u00e9chir aux b\u00e9n\u00e9dictions que vous avez d\u00e9j\u00e0 : votre sant\u00e9, votre famille, vos comp\u00e9tences, votre travail. En cultivant la gratitude, vous cr\u00e9ez un cercle vertueux o\u00f9 l\u2019univers r\u00e9pond \u00e0 votre \u00e9nergie positive.<\/p>\n\n\n\n<p><strong>Conclusion : L\u2019Abondance Vous Attend<\/strong><\/p>\n\n\n\n<p>L\u2019abondance est \u00e0 port\u00e9e de main. Il vous suffit de commencer \u00e0 changer votre mani\u00e8re de penser, d\u2019agir et de vous entourer. Il ne s\u2019agit pas de magie, mais de discipline, de patience et de conviction. D\u00e8s aujourd\u2019hui, engagez-vous \u00e0 appliquer ces petites habitudes et regardez comment, jour apr\u00e8s jour, vous attirez davantage de richesse, de bonheur et de succ\u00e8s dans votre vie.<\/p>\n\n\n\n<p class=\"has-vivid-red-color has-text-color has-link-color wp-elements-9fc840845ae7b610ec48c26229377f69\"><strong>Je vous encourage \u00e0 partager cet article avec vos proches, afin qu\u2019ils puissent, eux aussi, commencer \u00e0 transformer leurs habitudes et vivre la vie qu&rsquo;ils m\u00e9ritent. Ensemble, cr\u00e9ons un cercle d&rsquo;abondance et de prosp\u00e9rit\u00e9.<\/strong><\/p>\n\n\n\n<p>Merci de votre attention et de votre confiance.<\/p>\n\n\n\n<p>Guido SAVERIO<\/p>\n\n\n\n<ul>\n<li><strong>\u00ab\u00a0<em><a href=\"https:\/\/xn--libert-financire-6pbj.com\/index.php\/les-secrets-caches-pour-attirer-largent-au-quotidien\/\">Les Secrets Cach\u00e9s pour Attirer l&rsquo;Argent au Quotidien<\/a><\/em>\u00ab\u00a0<\/strong><\/li>\n\n\n\n<li><strong>\u00ab\u00a0<em><a href=\"https:\/\/xn--libert-financire-6pbj.com\/index.php\/chaque-jour-plus-riche-les-cles-simples-pour-booster-vos-revenus\/\">Chaque Jour Plus Riche : Les Cl\u00e9s Simples pour Booster Vos Revenus<\/a><\/em>\u00ab\u00a0<\/strong><\/li>\n\n\n\n<li><strong>\u00ab\u00a0<em><a href=\"https:\/\/xn--libert-financire-6pbj.com\/index.php\/largent-en-mode-automatique-comment-faire-travailler-votre-argent-pour-vous\/\">L&rsquo;Argent en Mode Automatique : Comment Faire Travailler Votre Argent pour Vous<\/a><\/em>\u00ab\u00a0<\/strong><\/li>\n\n\n\n<li><strong>\u00ab\u00a0<em><a href=\"https:\/\/xn--libert-financire-6pbj.com\/index.php\/le-pouvoir-de-labondance-transformez-vos-habitudes-pour-gagner-plus\/\">Le Pouvoir de l&rsquo;Abondance : Transformez Vos Habitudes pour Gagner Plus<\/a><\/em>\u00ab\u00a0<\/strong><\/li>\n\n\n\n<li><strong>\u00ab\u00a0<em><a href=\"https:\/\/xn--libert-financire-6pbj.com\/index.php\/petit-effort-gros-gains-maitrisez-lart-de-largent-au-quotidien\/\">Petit Effort, Gros Gains : Ma\u00eetrisez l&rsquo;Art de l&rsquo;Argent au Quotidien<\/a><\/em>\u00ab\u00a0<\/strong><\/li>\n\n\n\n<li><strong>\u00ab\u00a0<em><a href=\"https:\/\/xn--libert-financire-6pbj.com\/index.php\/liberez-votre-potentiel-financier-en-5-minutes-par-jour\/\">Lib\u00e9rez Votre Potentiel Financier en 5 Minutes par Jour<\/a><\/em>\u00ab\u00a0<\/strong><\/li>\n\n\n\n<li><strong>\u00ab\u00a0<em><a href=\"https:\/\/xn--libert-financire-6pbj.com\/index.php\/pourquoi-certains-attirent-largent-facilement-et-comment-vous-aussi\/\">Pourquoi Certains Attirent l\u2019Argent Facilement (et Comment Vous Aussi)<\/a><\/em>\u00ab\u00a0<\/strong><\/li>\n\n\n\n<li><strong>\u00ab\u00a0<em><a href=\"https:\/\/xn--libert-financire-6pbj.com\/index.php\/gagnez-plus-sans-vous-ruiner-strategies-simples-et-puissantes\/\">Gagnez Plus Sans Vous Ruiner : Strat\u00e9gies Simples et Puissantes<\/a><\/em>\u00ab\u00a0<\/strong><\/li>\n\n\n\n<li><strong>\u00ab\u00a0<em><a href=\"https:\/\/xn--libert-financire-6pbj.com\/index.php\/le-plan-quotidien-pour-multiplier-vos-revenus-en-silence\/\">Le Plan Quotidien pour Multiplier Vos Revenus en Silence<\/a><\/em>\u00ab\u00a0<\/strong><\/li>\n\n\n\n<li><strong>\u00ab\u00a0<em><a href=\"https:\/\/xn--libert-financire-6pbj.com\/index.php\/votre-routine-riche-habitudes-quotidiennes-pour-une-vie-plus-prospere\/\">Votre Routine Riche : Habitudes Quotidiennes pour une Vie Plus Prosp\u00e8re<\/a><\/em>\u00ab\u00a0<\/strong><\/li>\n\n\n\n<li><strong>\u00ab\u00a0<em><a href=\"https:\/\/xn--libert-financire-6pbj.com\/index.php\/largent-vous-cherche-adoptez-ces-habitudes-pour-devenir-un-aimant-a-richesse\/\">L\u2019Argent Vous Cherche : Adoptez Ces Habitudes pour Devenir un Aimant \u00e0 Richesse<\/a><\/em>\u00ab\u00a0<\/strong><\/li>\n\n\n\n<li><strong>\u00ab\u00a0<em><a href=\"https:\/\/xn--libert-financire-6pbj.com\/index.php\/votre-riche-quotidien-simplifiez-votre-vie-developpez-vos-finances\/\">Votre Riche Quotidien : Simplifiez Votre Vie, D\u00e9veloppez Vos Finances<\/a><\/em>\u00ab\u00a0<\/strong><\/li>\n\n\n\n<li><strong>\u00ab\u00a0<em><a href=\"https:\/\/xn--libert-financire-6pbj.com\/index.php\/de-lordinaire-a-lextraordinaire-les-petits-pas-pour-amasser-une-fortune\/\">De l\u2019Ordinaire \u00e0 l\u2019Extraordinaire : Les Petits Pas pour Amasser une Fortune<\/a><\/em>\u00ab\u00a0<\/strong><\/li>\n\n\n\n<li><strong>\u00ab\u00a0<em><a href=\"https:\/\/xn--libert-financire-6pbj.com\/index.php\/multipliez-votre-argent-le-guide-des-petits-gestes-qui-comptent\/\">Multipliez Votre Argent : Le Guide des Petits Geste Qui Comptent<\/a><\/em>\u00ab\u00a0<\/strong><\/li>\n\n\n\n<li><strong>\u00ab\u00a0<em><a href=\"https:\/\/xn--libert-financire-6pbj.com\/index.php\/les-habitudes-secretes-des-gens-qui-gagnent-plus-tous-les-jours\/\">Les Habitudes Secr\u00e8tes des Gens Qui Gagnent Plus Tous Les Jours<\/a><\/em>\u00ab\u00a0<\/strong><\/li>\n\n\n\n<li><strong>\u00ab\u00a0<em><a href=\"https:\/\/xn--libert-financire-6pbj.com\/index.php\/un-pas-vers-la-richesse-la-methode-quotidienne-des-esprits-millionnaires\/\">Un Pas Vers la Richesse : La M\u00e9thode Quotidienne des Esprits Millionnaires<\/a><\/em>\u00ab\u00a0<\/strong><\/li>\n\n\n\n<li><strong>\u00ab\u00a0<em><a href=\"https:\/\/xn--libert-financire-6pbj.com\/index.php\/lart-subtil-dattirer-largent-sans-effort\/\">L\u2019Art Subtil d\u2019Attirer l\u2019Argent Sans Effort<\/a><\/em>\u00ab\u00a0<\/strong><\/li>\n\n\n\n<li><strong>\u00ab\u00a0<em><a href=\"https:\/\/xn--libert-financire-6pbj.com\/index.php\/transformez-votre-temps-en-argent-astuces-pour-un-quotidien-plus-riche\/\">Transformez Votre Temps en Argent : Astuces pour un Quotidien Plus Riche<\/a><\/em>\u00ab\u00a0<\/strong><\/li>\n\n\n\n<li><strong>\u00ab\u00a0<em><a href=\"https:\/\/xn--libert-financire-6pbj.com\/index.php\/arretez-de-compter-les-centimes-faites-entrer-les-billets-dans-votre-vie\/\">Arr\u00eatez de Compter les Centimes : Faites Entrer les Billets Dans Votre Vie<\/a><\/em>\u00ab\u00a0<\/strong><\/li>\n\n\n\n<li><strong>\u00ab\u00a0<em><a href=\"https:\/\/xn--libert-financire-6pbj.com\/index.php\/investir-dans-votre-quotidien-le-chemin-vers-labondance\/\">Investir dans Votre Quotidien : Le Chemin Vers l\u2019Abondance<\/a><\/em>\u00ab\u00a0<\/strong><\/li>\n\n\n\n<li><strong>\u00ab\u00a0<em><a href=\"https:\/\/xn--libert-financire-6pbj.com\/index.php\/le-pouvoir-de-10-minutes-comment-transformer-votre-routine-financiere\/\">Le Pouvoir de 10 Minutes : Comment Transformer Votre Routine Financi\u00e8re<\/a><\/em>\u00ab\u00a0<\/strong><\/li>\n\n\n\n<li><strong>\u00ab\u00a0<em><a href=\"https:\/\/xn--libert-financire-6pbj.com\/index.php\/gagnez-plus-avec-moins-decouvrez-le-minimalisme-financier\/\">Gagnez Plus avec Moins : D\u00e9couvrez le Minimalisme Financier<\/a><\/em>\u00ab\u00a0<\/strong><\/li>\n\n\n\n<li><strong>\u00ab\u00a0<em><a href=\"https:\/\/xn--libert-financire-6pbj.com\/index.php\/chaque-moment-compte-construisez-votre-richesse-au-jour-le-jour\/\">Chaque Moment Compte : Construisez Votre Richesse au Jour le Jour<\/a><\/em>\u00ab\u00a0<\/strong><\/li>\n\n\n\n<li><strong>\u00ab\u00a0<em><a href=\"https:\/\/xn--libert-financire-6pbj.com\/index.php\/petit-budget-grands-resultats-comment-lancer-votre-machine-financiere\/\">Petit Budget, Grands R\u00e9sultats : Comment Lancer Votre Machine Financi\u00e8re<\/a><\/em>\u00ab\u00a0<\/strong><\/li>\n\n\n\n<li><strong>\u00ab\u00a0<em><a href=\"https:\/\/xn--libert-financire-6pbj.com\/index.php\/les-opportunites-cachees-dans-vos-journees-detectez-largent-invisible\/\">Les Opportunit\u00e9s Cach\u00e9es dans Vos Journ\u00e9es : D\u00e9tectez l\u2019Argent Invisible<\/a><\/em>\u00ab\u00a0<\/strong><\/li>\n<\/ul>\n","protected":false},"excerpt":{"rendered":"<p>Saviez-vous que le simple fait de changer quelques petites habitudes dans votre vie peut radicalement transformer vos finances et votre avenir ? Ce n\u2019est pas une promesse vide ni une illusion. C\u2019est la r\u00e9alit\u00e9 du pouvoir de l\u2019abondance, un concept&#8230; <a href=\"https:\/\/xn--libert-financire-6pbj.com\/index.php\/le-pouvoir-de-labondance-transformez-vos-habitudes-pour-gagner-plus\/\" class=\"readmore\">Read more<span class=\"screen-reader-text\">Le Pouvoir de l&rsquo;Abondance : Transformez Vos Habitudes pour Gagner Plus<\/span><span class=\"fa fa-angle-double-right\" aria-hidden=\"true\"><\/span><\/a><\/p>\n","protected":false},"author":1,"featured_media":0,"parent":0,"menu_order":0,"comment_status":"closed","ping_status":"closed","template":"","meta":{"footnotes":""},"_links":{"self":[{"href":"https:\/\/xn--libert-financire-6pbj.com\/index.php\/wp-json\/wp\/v2\/pages\/819"}],"collection":[{"href":"https:\/\/xn--libert-financire-6pbj.com\/index.php\/wp-json\/wp\/v2\/pages"}],"about":[{"href":"https:\/\/xn--libert-financire-6pbj.com\/index.php\/wp-json\/wp\/v2\/types\/page"}],"author":[{"embeddable":true,"href":"https:\/\/xn--libert-financire-6pbj.com\/index.php\/wp-json\/wp\/v2\/users\/1"}],"replies":[{"embeddable":true,"href":"https:\/\/xn--libert-financire-6pbj.com\/index.php\/wp-json\/wp\/v2\/comments?post=819"}],"version-history":[{"count":2,"href":"https:\/\/xn--libert-financire-6pbj.com\/index.php\/wp-json\/wp\/v2\/pages\/819\/revisions"}],"predecessor-version":[{"id":879,"href":"https:\/\/xn--libert-financire-6pbj.com\/index.php\/wp-json\/wp\/v2\/pages\/819\/revisions\/879"}],"wp:attachment":[{"href":"https:\/\/xn--libert-financire-6pbj.com\/index.php\/wp-json\/wp\/v2\/media?parent=819"}],"curies":[{"name":"wp","href":"https:\/\/api.w.org\/{rel}","templated":true}]}}