{"id":842,"date":"2025-01-21T16:28:34","date_gmt":"2025-01-21T16:28:34","guid":{"rendered":"https:\/\/xn--libert-financire-6pbj.com\/?page_id=842"},"modified":"2025-01-21T16:28:34","modified_gmt":"2025-01-21T16:28:34","slug":"votre-riche-quotidien-simplifiez-votre-vie-developpez-vos-finances","status":"publish","type":"page","link":"https:\/\/xn--libert-financire-6pbj.com\/index.php\/votre-riche-quotidien-simplifiez-votre-vie-developpez-vos-finances\/","title":{"rendered":"Votre Riche Quotidien : Simplifiez Votre Vie, D\u00e9veloppez Vos Finances"},"content":{"rendered":"\n<p>Imaginez-vous commencer chaque journ\u00e9e avec un sentiment de contr\u00f4le, de libert\u00e9 et de satisfaction. Vous vous levez en sachant que chaque action que vous entreprenez vous rapproche un peu plus de vos r\u00eaves. Vous vous sentez l\u00e9ger, organis\u00e9, en paix. Et cerise sur le g\u00e2teau : vos finances suivent cette m\u00eame courbe ascendante. Une vie riche, simple et \u00e9panouissante, c\u2019est possible. Et cela commence aujourd\u2019hui.<\/p>\n\n\n\n<h3 class=\"wp-block-heading\"><strong>Priorit\u00e9 \u00e0 la simplicit\u00e9 : le pouvoir d\u2019un quotidien ordonn\u00e9<\/strong><\/h3>\n\n\n\n<p>Le secret d\u2019une vie riche commence par la simplicit\u00e9. Moins, c\u2019est plus. Imaginez votre bureau d\u00e9barrass\u00e9 du superflu, votre emploi du temps lib\u00e9r\u00e9 des t\u00e2ches inutiles, votre esprit clair et focalis\u00e9. En \u00e9liminant le d\u00e9sordre \u2014 mat\u00e9riel et mental \u2014 vous cr\u00e9ez un espace pour ce qui compte vraiment.<\/p>\n\n\n\n<p>Un exemple concret : la r\u00e8gle des trois priorit\u00e9s. Chaque matin, listez les trois choses les plus importantes \u00e0 accomplir dans la journ\u00e9e. Concentrez-vous uniquement sur elles. Pas plus, pas moins. Ce simple exercice booste votre efficacit\u00e9 tout en r\u00e9duisant votre stress.<\/p>\n\n\n\n<p>Et c\u00f4t\u00e9 finances ? Simplifiez aussi. Avez-vous vraiment besoin de trois comptes bancaires ou de dizaines d\u2019abonnements ? Identifiez les services qui vous apportent r\u00e9ellement de la valeur et d\u00e9barrassez-vous du reste. Cela peut vous faire \u00e9conomiser plusieurs centaines d\u2019euros par an, tout en r\u00e9duisant les complications.<\/p>\n\n\n\n<h3 class=\"wp-block-heading\"><strong>D\u00e9veloppez vos finances : de petites actions, de grands r\u00e9sultats<\/strong><\/h3>\n\n\n\n<p>D\u00e9velopper ses finances n\u2019a pas besoin d\u2019\u00eatre une montagne \u00e0 gravir. Cela commence par des gestes simples. Par exemple, adoptez la m\u00e9thode du \u00ab\u00a0paiement \u00e0 soi-m\u00eame\u00a0\u00bb : d\u00e8s que vous recevez votre revenu, mettez de c\u00f4t\u00e9 un pourcentage fixe, m\u00eame petit, dans une \u00e9pargne d\u00e9di\u00e9e. Chaque mois, vous verrez ce montant grossir.<\/p>\n\n\n\n<p>Un autre conseil : investissez dans ce qui a de la valeur sur le long terme. Ce peut \u00eatre une formation qui vous ouvre de nouvelles perspectives professionnelles ou m\u00eame une machine \u00e0 caf\u00e9 de qualit\u00e9 qui \u00e9limine vos achats co\u00fbteux au quotidien. Chaque choix doit vous rapprocher de votre vision id\u00e9ale de la richesse.<\/p>\n\n\n\n<h3 class=\"wp-block-heading\"><strong>Des avantages concrets dans votre quotidien<\/strong><\/h3>\n\n\n\n<p>Et si vivre une vie riche signifiait aussi avoir du temps pour soi ? Lorsque vos finances sont bien g\u00e9r\u00e9es et votre vie simplifi\u00e9e, vous lib\u00e9rez un espace pour profiter pleinement des petites joies. Un d\u00eener avec des amis sans calculer chaque euro. Une soir\u00e9e sans stress \u00e0 savourer un bon livre ou un bain relaxant.<\/p>\n\n\n\n<p>Prenez un exemple concret : planifier vos repas. Avec une liste claire et un budget d\u00e9fini, vous \u00e9vitez les achats impulsifs, \u00e9conomisez de l\u2019argent et gagnez un temps pr\u00e9cieux. R\u00e9sultat ? Une alimentation saine, \u00e9quilibr\u00e9e, et du temps en plus pour vous.<\/p>\n\n\n\n<h3 class=\"wp-block-heading\"><strong>Conseils personnalis\u00e9s pour vous lancer d\u00e8s aujourd\u2019hui<\/strong><\/h3>\n\n\n\n<ul>\n<li><strong>Commencez petit.<\/strong> Ne cherchez pas \u00e0 tout changer d\u2019un coup. Choisissez une habitude, comme noter vos d\u00e9penses, et faites-en une routine.<\/li>\n\n\n\n<li><strong>Cr\u00e9ez des automatismes.<\/strong> Automatisez vos \u00e9pargnes et vos factures. Moins de d\u00e9cisions \u00e0 prendre, moins d\u2019erreurs.<\/li>\n\n\n\n<li><strong>Apprenez continuellement.<\/strong> Lisez des livres sur la gestion financi\u00e8re ou suivez des podcasts inspirants. Chaque id\u00e9e peut transformer votre vie.<\/li>\n<\/ul>\n\n\n\n<h3 class=\"wp-block-heading\"><strong>Conclusion : une vie riche \u00e0 port\u00e9e de main<\/strong><\/h3>\n\n\n\n<p>Votre riche quotidien commence ici et maintenant. Avec une pinc\u00e9e de simplicit\u00e9, une gestion efficace de vos finances, et une touche de d\u00e9termination, vous pouvez construire une vie qui refl\u00e8te vos aspirations les plus profondes. La richesse, ce n\u2019est pas seulement un chiffre sur un compte bancaire, c\u2019est une sensation de pl\u00e9nitude dans chaque aspect de votre vie.<\/p>\n\n\n\n<p>Alors, pourquoi attendre ? Mettez ces id\u00e9es en pratique d\u00e8s aujourd\u2019hui. Votre futur vous en remerciera.<\/p>\n\n\n\n<p>Guido SAVERIO<\/p>\n\n\n\n<p class=\"has-vivid-red-color has-text-color has-link-color wp-elements-a340343f0228dd54c19e2e3c22eecb5d\"><strong>Si cet article vous a inspir\u00e9, partagez-le avec vos proches pour qu\u2019eux aussi puissent enrichir leur quotidien. Merci de m\u2019avoir lu !<\/strong><\/p>\n","protected":false},"excerpt":{"rendered":"<p>Imaginez-vous commencer chaque journ\u00e9e avec un sentiment de contr\u00f4le, de libert\u00e9 et de satisfaction. Vous vous levez en sachant que chaque action que vous entreprenez vous rapproche un peu plus de vos r\u00eaves. Vous vous sentez l\u00e9ger, organis\u00e9, en paix&#8230;. <a href=\"https:\/\/xn--libert-financire-6pbj.com\/index.php\/votre-riche-quotidien-simplifiez-votre-vie-developpez-vos-finances\/\" class=\"readmore\">Read more<span class=\"screen-reader-text\">Votre Riche Quotidien : Simplifiez Votre Vie, D\u00e9veloppez Vos Finances<\/span><span class=\"fa fa-angle-double-right\" aria-hidden=\"true\"><\/span><\/a><\/p>\n","protected":false},"author":1,"featured_media":0,"parent":0,"menu_order":0,"comment_status":"closed","ping_status":"closed","template":"","meta":{"footnotes":""},"_links":{"self":[{"href":"https:\/\/xn--libert-financire-6pbj.com\/index.php\/wp-json\/wp\/v2\/pages\/842"}],"collection":[{"href":"https:\/\/xn--libert-financire-6pbj.com\/index.php\/wp-json\/wp\/v2\/pages"}],"about":[{"href":"https:\/\/xn--libert-financire-6pbj.com\/index.php\/wp-json\/wp\/v2\/types\/page"}],"author":[{"embeddable":true,"href":"https:\/\/xn--libert-financire-6pbj.com\/index.php\/wp-json\/wp\/v2\/users\/1"}],"replies":[{"embeddable":true,"href":"https:\/\/xn--libert-financire-6pbj.com\/index.php\/wp-json\/wp\/v2\/comments?post=842"}],"version-history":[{"count":1,"href":"https:\/\/xn--libert-financire-6pbj.com\/index.php\/wp-json\/wp\/v2\/pages\/842\/revisions"}],"predecessor-version":[{"id":843,"href":"https:\/\/xn--libert-financire-6pbj.com\/index.php\/wp-json\/wp\/v2\/pages\/842\/revisions\/843"}],"wp:attachment":[{"href":"https:\/\/xn--libert-financire-6pbj.com\/index.php\/wp-json\/wp\/v2\/media?parent=842"}],"curies":[{"name":"wp","href":"https:\/\/api.w.org\/{rel}","templated":true}]}}