{"id":900,"date":"2025-01-22T13:49:23","date_gmt":"2025-01-22T13:49:23","guid":{"rendered":"https:\/\/xn--libert-financire-6pbj.com\/?page_id=900"},"modified":"2025-01-22T13:49:25","modified_gmt":"2025-01-22T13:49:25","slug":"reveillez-votre-potentiel-millionnaire-en-une-simple-routine","status":"publish","type":"page","link":"https:\/\/xn--libert-financire-6pbj.com\/index.php\/reveillez-votre-potentiel-millionnaire-en-une-simple-routine\/","title":{"rendered":"R\u00e9veillez Votre Potentiel Millionnaire en Une Simple Routine"},"content":{"rendered":"\n<p>Imaginez-vous, debout chaque matin avec une \u00e9nergie d\u00e9bordante, une vision claire de vos objectifs et la certitude que chaque jour vous rapproche un peu plus de vos r\u00eaves. Cela semble magique, n\u2019est-ce pas ? Pourtant, ce n\u2019est pas un r\u00eave inaccessible r\u00e9serv\u00e9 \u00e0 quelques privil\u00e9gi\u00e9s. C\u2019est une r\u00e9alit\u00e9 que vous pouvez atteindre, simplement en ajustant votre routine quotidienne. Et non, il ne s\u2019agit pas de bouleverser votre vie, mais d\u2019int\u00e9grer des habitudes simples et puissantes qui r\u00e9veilleront votre potentiel millionnaire. Car oui, nous avons tous ce potentiel en nous.<\/p>\n\n\n\n<h3 class=\"wp-block-heading\">L&rsquo;Art de Commencer Sa Journ\u00e9e Comme un Leader<\/h3>\n\n\n\n<p>Votre matin\u00e9e est le socle sur lequel repose votre journ\u00e9e. Les plus grands leaders et entrepreneurs le savent : une routine matinale solide n\u2019est pas une option, c\u2019est une n\u00e9cessit\u00e9. Prenez l\u2019exemple d\u2019Elon Musk ou d\u2019Oprah Winfrey : leur succ\u00e8s d\u00e9bute bien avant que le soleil ne soit haut dans le ciel. La cl\u00e9 ? Consacrer les premi\u00e8res heures de votre journ\u00e9e \u00e0 vous-m\u00eame. Prenez 10 minutes pour \u00e9crire vos objectifs du jour. Non seulement cela clarifie votre esprit, mais cela vous motive \u00e9galement \u00e0 passer \u00e0 l\u2019action. Ajoutez \u00e0 cela une activit\u00e9 physique l\u00e9g\u00e8re, comme une marche ou quelques \u00e9tirements, pour dynamiser votre corps et votre esprit. Ce n\u2019est pas du temps perdu, c\u2019est un investissement dans votre r\u00e9ussite.<\/p>\n\n\n\n<h3 class=\"wp-block-heading\">Transformez Vos Petites Actions en Grandes Victoires<\/h3>\n\n\n\n<p>\u00catre millionnaire, ce n\u2019est pas seulement une question d\u2019argent, c\u2019est avant tout un \u00e9tat d\u2019esprit. Et cet \u00e9tat d\u2019esprit se forge dans les d\u00e9tails de votre quotidien. Par exemple, chaque soir, posez-vous cette question : \u00ab Qu\u2019ai-je fait aujourd\u2019hui qui me rapproche de mes r\u00eaves ? \u00bb M\u00eame un petit pas, comme lire un chapitre d\u2019un livre inspirant ou envoyer un e-mail strat\u00e9gique, peut avoir un impact \u00e9norme sur le long terme. Un conseil ? D\u00e9composez vos objectifs en micro-t\u00e2ches. Cela rend les grandes ambitions accessibles et \u00e9limine la peur de l\u2019\u00e9chec.<\/p>\n\n\n\n<h3 class=\"wp-block-heading\">Adoptez Une Attitude de Gratitude<\/h3>\n\n\n\n<p>Une routine efficace ne se limite pas \u00e0 ce que vous faites, mais aussi \u00e0 la mani\u00e8re dont vous pensez. Int\u00e9grez un moment de gratitude dans votre journ\u00e9e. Chaque matin ou soir, notez trois choses pour lesquelles vous \u00eates reconnaissant. Cela peut sembler anodin, mais cette simple habitude transforme votre perspective et booste votre \u00e9nergie positive. Vous serez surpris de constater \u00e0 quel point cet \u00e9tat d\u2019esprit attire des opportunit\u00e9s et des personnes align\u00e9es avec vos ambitions.<\/p>\n\n\n\n<h3 class=\"wp-block-heading\">D\u00e9clenchez l\u2019Action D\u00e8s Maintenant<\/h3>\n\n\n\n<p>Tout ce que vous avez lu ici n\u2019a de valeur que si vous passez \u00e0 l\u2019action. Choisissez une habitude \u00e0 int\u00e9grer d\u00e8s aujourd\u2019hui. Que ce soit la r\u00e9daction de vos objectifs, 10 minutes de m\u00e9ditation, ou encore l\u2019identification de vos petites victoires, chaque pas compte. L\u2019important, c\u2019est de commencer. Vous serez \u00e9tonn\u00e9 de voir \u00e0 quel point une simple routine peut transformer votre vie.<\/p>\n\n\n\n<p class=\"has-vivid-red-color has-text-color has-link-color wp-elements-894dc44aa865ca5c30eeddcc5619dd22\"><strong>Merci d\u2019avoir pris le temps de lire cet article. Si vous l\u2019avez trouv\u00e9 inspirant, partagez-le avec vos proches. Ensemble, r\u00e9veillons notre potentiel millionnaire !<\/strong><\/p>\n\n\n\n<p><strong>Guido SAVERIO<\/strong><\/p>\n","protected":false},"excerpt":{"rendered":"<p>Imaginez-vous, debout chaque matin avec une \u00e9nergie d\u00e9bordante, une vision claire de vos objectifs et la certitude que chaque jour vous rapproche un peu plus de vos r\u00eaves. Cela semble magique, n\u2019est-ce pas ? Pourtant, ce n\u2019est pas un r\u00eave&#8230; <a href=\"https:\/\/xn--libert-financire-6pbj.com\/index.php\/reveillez-votre-potentiel-millionnaire-en-une-simple-routine\/\" class=\"readmore\">Read more<span class=\"screen-reader-text\">R\u00e9veillez Votre Potentiel Millionnaire en Une Simple Routine<\/span><span class=\"fa fa-angle-double-right\" aria-hidden=\"true\"><\/span><\/a><\/p>\n","protected":false},"author":1,"featured_media":0,"parent":0,"menu_order":0,"comment_status":"closed","ping_status":"closed","template":"","meta":{"footnotes":""},"_links":{"self":[{"href":"https:\/\/xn--libert-financire-6pbj.com\/index.php\/wp-json\/wp\/v2\/pages\/900"}],"collection":[{"href":"https:\/\/xn--libert-financire-6pbj.com\/index.php\/wp-json\/wp\/v2\/pages"}],"about":[{"href":"https:\/\/xn--libert-financire-6pbj.com\/index.php\/wp-json\/wp\/v2\/types\/page"}],"author":[{"embeddable":true,"href":"https:\/\/xn--libert-financire-6pbj.com\/index.php\/wp-json\/wp\/v2\/users\/1"}],"replies":[{"embeddable":true,"href":"https:\/\/xn--libert-financire-6pbj.com\/index.php\/wp-json\/wp\/v2\/comments?post=900"}],"version-history":[{"count":1,"href":"https:\/\/xn--libert-financire-6pbj.com\/index.php\/wp-json\/wp\/v2\/pages\/900\/revisions"}],"predecessor-version":[{"id":901,"href":"https:\/\/xn--libert-financire-6pbj.com\/index.php\/wp-json\/wp\/v2\/pages\/900\/revisions\/901"}],"wp:attachment":[{"href":"https:\/\/xn--libert-financire-6pbj.com\/index.php\/wp-json\/wp\/v2\/media?parent=900"}],"curies":[{"name":"wp","href":"https:\/\/api.w.org\/{rel}","templated":true}]}}