{"id":931,"date":"2025-01-22T18:52:21","date_gmt":"2025-01-22T18:52:21","guid":{"rendered":"https:\/\/xn--libert-financire-6pbj.com\/?page_id=931"},"modified":"2025-01-22T18:52:22","modified_gmt":"2025-01-22T18:52:22","slug":"comment-transformer-vos-passions-en-argent-reel","status":"publish","type":"page","link":"https:\/\/xn--libert-financire-6pbj.com\/index.php\/comment-transformer-vos-passions-en-argent-reel\/","title":{"rendered":"Comment transformer vos passions en argent r\u00e9el"},"content":{"rendered":"\n<p>Imaginez pouvoir vivre de ce que vous aimez faire chaque jour. Que ce soit la photographie, la musique, la cuisine, ou m\u00eame l&rsquo;\u00e9criture, il est possible de faire de votre passion un v\u00e9ritable revenu. Cela vous semble-t-il irr\u00e9el ? D\u00e9trompez-vous ! Transformez votre passion en argent r\u00e9el, c\u2019est non seulement possible, mais cela peut \u00e9galement apporter un sentiment d\u2019accomplissement et de libert\u00e9 incomparable. Aujourd&rsquo;hui, je vais vous montrer comment y parvenir, \u00e9tape par \u00e9tape, avec des exemples concrets et des conseils simples \u00e0 appliquer dans votre quotidien. Pr\u00e9parez-vous \u00e0 d\u00e9couvrir comment vous pouvez faire de vos r\u00eaves une r\u00e9alit\u00e9 financi\u00e8re.<\/p>\n\n\n\n<p><strong>L\u2019opportunit\u00e9 est d\u00e9j\u00e0 devant vous<\/strong><\/p>\n\n\n\n<p>La premi\u00e8re chose \u00e0 comprendre est que vous avez d\u00e9j\u00e0 tout ce qu\u2019il faut pour commencer. Oui, vous avez ce talent, cette passion, ce don qui vous anime. Ce n&rsquo;est pas un hasard si vous y consacrez du temps et de l\u2019\u00e9nergie. Ce qui vous manque peut-\u00eatre, c\u2019est juste la bonne m\u00e9thode pour le transformer en v\u00e9ritable source de revenu. La cl\u00e9 ici est de comprendre que chaque passion peut \u00eatre mon\u00e9tis\u00e9e, mais il faut savoir comment le faire intelligemment.<\/p>\n\n\n\n<p>Prenons un exemple concret. Vous adorez la photographie. Plut\u00f4t que de simplement prendre des photos pour le plaisir, pourquoi ne pas vendre vos clich\u00e9s \u00e0 des sites sp\u00e9cialis\u00e9s, ou offrir des s\u00e9ances photo \u00e0 des particuliers ou des entreprises ? De m\u00eame, si vous aimez la cuisine, pourquoi ne pas cr\u00e9er un blog culinaire ou proposer des cours de cuisine en ligne ? Chaque passion cache un potentiel de revenus si vous \u00eates pr\u00eat \u00e0 vous y investir un peu plus s\u00e9rieusement.<\/p>\n\n\n\n<p><strong>Des petites actions quotidiennes, mais des r\u00e9sultats durables<\/strong><\/p>\n\n\n\n<p>Le secret pour transformer une passion en argent n\u2019est pas une question de chance ou de miracle. C\u2019est une question de r\u00e9gularit\u00e9, d\u2019engagement et de strat\u00e9gie. Ne vous attendez pas \u00e0 des r\u00e9sultats du jour au lendemain. Cependant, chaque petite action que vous entreprendrez vous rapprochera de votre objectif.<\/p>\n\n\n\n<p>Par exemple, si votre passion est l\u2019\u00e9criture, pourquoi ne pas commencer \u00e0 r\u00e9diger des articles de blog ou des ebooks ? Il existe aujourd&rsquo;hui des plateformes qui permettent de publier facilement et de mon\u00e9tiser vos \u00e9crits. Avec le temps, si vous \u00eates r\u00e9gulier, vos \u00e9crits commenceront \u00e0 attirer l\u2019attention et \u00e0 g\u00e9n\u00e9rer des revenus passifs.<\/p>\n\n\n\n<p><strong>Cr\u00e9ez votre propre offre unique<\/strong><\/p>\n\n\n\n<p>Une des meilleures fa\u00e7ons de transformer votre passion en argent r\u00e9el est de cr\u00e9er une offre qui vous est propre, une offre que personne d\u2019autre ne propose de la m\u00eame mani\u00e8re. Pour cela, posez-vous les bonnes questions : Qu\u2019est-ce qui vous diff\u00e9rencie ? Quelle est votre approche unique ? Il peut s\u2019agir de votre style, de votre mani\u00e8re d\u2019enseigner, de vos cr\u00e9ations ou m\u00eame de votre fa\u00e7on de communiquer.<\/p>\n\n\n\n<p>Si vous aimez le jardinage, par exemple, proposez des conseils personnalis\u00e9s pour des jardins urbains ou cr\u00e9ez un service de jardinage \u00e9co-responsable. Vous pouvez aussi cr\u00e9er une cha\u00eene YouTube o\u00f9 vous partagez vos astuces et techniques, et mon\u00e9tiser ces vid\u00e9os gr\u00e2ce \u00e0 la publicit\u00e9 ou aux partenariats avec des marques.<\/p>\n\n\n\n<p><strong>Le pouvoir des r\u00e9seaux sociaux pour multiplier vos opportunit\u00e9s<\/strong><\/p>\n\n\n\n<p>Les r\u00e9seaux sociaux sont aujourd\u2019hui l\u2019un des outils les plus puissants pour d\u00e9velopper votre passion et en faire une source de revenus. Instagram, YouTube, TikTok, LinkedIn, ou m\u00eame Pinterest peuvent devenir des tremplins fantastiques. Montrez vos cr\u00e9ations, partagez des moments de votre quotidien, interagissez avec votre communaut\u00e9. Plus vous \u00eates actif et authentique, plus vous vous rapprocherez de votre public cible, qui pourra potentiellement devenir un client ou un partenaire.<\/p>\n\n\n\n<p>Si vous \u00eates artiste, par exemple, vous pouvez utiliser ces plateformes pour pr\u00e9senter vos \u0153uvres, participer \u00e0 des challenges cr\u00e9atifs, et m\u00eame organiser des ventes en ligne. L\u2019important est de rester constant, d&rsquo;apporter de la valeur \u00e0 votre audience et de ne pas avoir peur de vous mettre en avant.<\/p>\n\n\n\n<p><strong>Conseils personnalis\u00e9s pour d\u00e9buter d\u00e8s aujourd\u2019hui<\/strong><\/p>\n\n\n\n<p>Si vous voulez commencer \u00e0 mon\u00e9tiser votre passion d\u00e8s aujourd&rsquo;hui, voici quelques conseils pratiques :<\/p>\n\n\n\n<ol>\n<li>Identifiez votre niche : Qu\u2019est-ce qui vous passionne vraiment ? Quelle est la sp\u00e9cificit\u00e9 de votre talent ? Trouvez une niche o\u00f9 vous pouvez vous d\u00e9marquer.<\/li>\n\n\n\n<li>Mettez en place un petit plan d\u2019action : Fixez-vous des objectifs \u00e0 court et long terme. Par exemple, d\u00e9cidez de cr\u00e9er un site web, ou de poster une vid\u00e9o chaque semaine.<\/li>\n\n\n\n<li>Soyez pers\u00e9v\u00e9rant : Il peut y avoir des hauts et des bas, mais ne vous d\u00e9couragez pas. Plus vous avancerez, plus vous verrez de r\u00e9sultats.<\/li>\n\n\n\n<li>Osez vous montrer : N&rsquo;ayez pas peur de partager votre passion avec le monde. Les gens adorent suivre des personnes authentiques et passionn\u00e9es.<\/li>\n<\/ol>\n\n\n\n<p><strong>Conclusion : Passez \u00e0 l\u2019action et transformez vos r\u00eaves en r\u00e9alit\u00e9<\/strong><\/p>\n\n\n\n<p>Il n&rsquo;y a pas de secret. La cl\u00e9 pour transformer votre passion en argent r\u00e9el, c\u2019est de commencer. Aujourd\u2019hui. Pas demain. Commencez petit, mais commencez avec le c\u0153ur. Apportez de la valeur \u00e0 ceux qui vous entourent, soyez pers\u00e9v\u00e9rant et ne perdez jamais de vue ce que vous aimez faire. La passion est un moteur puissant, et si vous la canalisez correctement, elle peut devenir une source de revenus durable.<\/p>\n\n\n\n<p class=\"has-vivid-red-color has-text-color has-link-color wp-elements-06e92a4fe7eed03b1a67fd771a12935b\"><strong>Merci d\u2019avoir pris le temps de lire cet article. Si vous pensez que cet article peut aider d\u2019autres personnes \u00e0 transformer leurs passions en argent, n\u2019h\u00e9sitez pas \u00e0 le partager autour de vous. Plus nous serons nombreux \u00e0 vivre de ce qui nous passionne, plus ce monde deviendra inspirant et \u00e9panouissant. Vous avez le pouvoir de r\u00e9aliser vos r\u00eaves. Prenez-le en main aujourd\u2019hui !<\/strong><\/p>\n\n\n\n<p><strong>Guido SAVERIO<\/strong><\/p>\n","protected":false},"excerpt":{"rendered":"<p>Imaginez pouvoir vivre de ce que vous aimez faire chaque jour. Que ce soit la photographie, la musique, la cuisine, ou m\u00eame l&rsquo;\u00e9criture, il est possible de faire de votre passion un v\u00e9ritable revenu. Cela vous semble-t-il irr\u00e9el ? D\u00e9trompez-vous&#8230; <a href=\"https:\/\/xn--libert-financire-6pbj.com\/index.php\/comment-transformer-vos-passions-en-argent-reel\/\" class=\"readmore\">Read more<span class=\"screen-reader-text\">Comment transformer vos passions en argent r\u00e9el<\/span><span class=\"fa fa-angle-double-right\" aria-hidden=\"true\"><\/span><\/a><\/p>\n","protected":false},"author":1,"featured_media":0,"parent":0,"menu_order":0,"comment_status":"closed","ping_status":"closed","template":"","meta":{"footnotes":""},"_links":{"self":[{"href":"https:\/\/xn--libert-financire-6pbj.com\/index.php\/wp-json\/wp\/v2\/pages\/931"}],"collection":[{"href":"https:\/\/xn--libert-financire-6pbj.com\/index.php\/wp-json\/wp\/v2\/pages"}],"about":[{"href":"https:\/\/xn--libert-financire-6pbj.com\/index.php\/wp-json\/wp\/v2\/types\/page"}],"author":[{"embeddable":true,"href":"https:\/\/xn--libert-financire-6pbj.com\/index.php\/wp-json\/wp\/v2\/users\/1"}],"replies":[{"embeddable":true,"href":"https:\/\/xn--libert-financire-6pbj.com\/index.php\/wp-json\/wp\/v2\/comments?post=931"}],"version-history":[{"count":1,"href":"https:\/\/xn--libert-financire-6pbj.com\/index.php\/wp-json\/wp\/v2\/pages\/931\/revisions"}],"predecessor-version":[{"id":932,"href":"https:\/\/xn--libert-financire-6pbj.com\/index.php\/wp-json\/wp\/v2\/pages\/931\/revisions\/932"}],"wp:attachment":[{"href":"https:\/\/xn--libert-financire-6pbj.com\/index.php\/wp-json\/wp\/v2\/media?parent=931"}],"curies":[{"name":"wp","href":"https:\/\/api.w.org\/{rel}","templated":true}]}}