{"id":935,"date":"2025-01-22T19:00:36","date_gmt":"2025-01-22T19:00:36","guid":{"rendered":"https:\/\/xn--libert-financire-6pbj.com\/?page_id=935"},"modified":"2025-01-22T19:00:36","modified_gmt":"2025-01-22T19:00:36","slug":"monetiser-votre-potentiel-comment-faire-de-vos-competences-un-atout-lucratif","status":"publish","type":"page","link":"https:\/\/xn--libert-financire-6pbj.com\/index.php\/monetiser-votre-potentiel-comment-faire-de-vos-competences-un-atout-lucratif\/","title":{"rendered":"Mon\u00e9tiser votre potentiel : Comment faire de vos comp\u00e9tences un atout lucratif"},"content":{"rendered":"\n<p>Vous avez certainement des comp\u00e9tences uniques, des talents qui vous appartiennent et que vous ma\u00eetrisez peut-\u00eatre depuis des ann\u00e9es. Mais avez-vous d\u00e9j\u00e0 r\u00e9fl\u00e9chi \u00e0 la mani\u00e8re de transformer ces talents en une v\u00e9ritable source de revenus ? Vous \u00eates-vous d\u00e9j\u00e0 demand\u00e9 comment, \u00e0 partir de ce que vous savez faire, vous pourriez non seulement am\u00e9liorer votre quotidien, mais aussi cr\u00e9er un chemin vers la prosp\u00e9rit\u00e9 ? La bonne nouvelle, c\u2019est que vous avez d\u00e9j\u00e0 en main l&rsquo;un des \u00e9l\u00e9ments les plus pr\u00e9cieux qui soient : votre potentiel. La question n&rsquo;est pas \u00ab si \u00bb vous pouvez le mon\u00e9tiser, mais plut\u00f4t \u00ab comment \u00bb vous pouvez le faire de mani\u00e8re simple, efficace et gratifiante.<\/p>\n\n\n\n<p>Dans la vie moderne, nos comp\u00e9tences sont une v\u00e9ritable monnaie d&rsquo;\u00e9change. Que ce soit en cuisine, en r\u00e9daction, en photographie, en gestion de projet ou m\u00eame en jardinage, tout le monde a des talents. Mais peu de personnes savent r\u00e9ellement comment transformer ces talents en une source de revenus r\u00e9guli\u00e8re. Il est temps de prendre votre potentiel \u00e0 bras-le-corps et de le transformer en un atout lucratif.<\/p>\n\n\n\n<p><strong>Une opportunit\u00e9 \u00e0 saisir<\/strong><\/p>\n\n\n\n<p>Imaginez : vous pouvez passer vos journ\u00e9es \u00e0 faire ce que vous aimez, tout en gagnant de l&rsquo;argent. Cette vision vous semble peut-\u00eatre irr\u00e9aliste ou lointaine, mais je peux vous assurer que ce n&rsquo;est pas le cas. De plus en plus de personnes choisissent aujourd\u2019hui de mon\u00e9tiser leurs comp\u00e9tences en ligne, de partager leur savoir-faire et d\u2019augmenter leur qualit\u00e9 de vie. Prenez l\u2019exemple de Marie, une passionn\u00e9e de photographie qui, apr\u00e8s avoir appris les bases, a commenc\u00e9 \u00e0 vendre ses photos sur des sites sp\u00e9cialis\u00e9s. Au d\u00e9but, ses revenus \u00e9taient modestes, mais apr\u00e8s quelques mois d&rsquo;efforts, elle a su trouver sa niche et aujourd\u2019hui, elle vit pleinement de sa passion.<\/p>\n\n\n\n<p><strong>Les avantages dans votre quotidien<\/strong><\/p>\n\n\n\n<p>Mon\u00e9tiser vos comp\u00e9tences ne se limite pas \u00e0 un simple revenu suppl\u00e9mentaire. Cela a des effets puissants sur votre quotidien. Premi\u00e8rement, cela peut offrir une grande flexibilit\u00e9. Vous travaillez quand vous voulez, de l\u00e0 o\u00f9 vous voulez. Si vous \u00eates parent, vous pouvez mieux g\u00e9rer votre emploi du temps pour passer plus de temps avec vos enfants. Si vous \u00eates \u00e9tudiant, vous pouvez arrondir vos fins de mois tout en poursuivant vos \u00e9tudes. De plus, mon\u00e9tiser vos comp\u00e9tences vous permet de gagner en confiance. Vous vous rendez compte que ce que vous savez faire a de la valeur et que vous pouvez aider les autres. Ce sentiment est extr\u00eamement gratifiant, car il renforce votre estime de soi et vous propulse dans une dynamique positive.<\/p>\n\n\n\n<p><strong>Des exemples concrets pour vous inspirer<\/strong><\/p>\n\n\n\n<p>Prenons l&rsquo;exemple de Sophie, une experte en marketing digital. Au d\u00e9part, elle \u00e9tait employ\u00e9e dans une agence, mais elle avait ce d\u00e9sir de plus de libert\u00e9 et de plus de satisfaction personnelle. Apr\u00e8s quelques mois \u00e0 perfectionner ses comp\u00e9tences et \u00e0 faire du r\u00e9seautage, Sophie a lanc\u00e9 son propre site de consulting. Elle aide aujourd\u2019hui des entreprises \u00e0 am\u00e9liorer leur pr\u00e9sence en ligne, tout en gagnant bien plus que dans son emploi pr\u00e9c\u00e9dent. Vous voyez, il n\u2019y a rien de magique l\u00e0-dedans. Sophie a simplement utilis\u00e9 ses comp\u00e9tences en marketing pour aider d&rsquo;autres personnes et entreprises.<\/p>\n\n\n\n<p>Vous avez certainement des comp\u00e9tences cach\u00e9es que vous pouvez exploiter. Peut-\u00eatre que vous aimez organiser des \u00e9v\u00e9nements, ou que vous \u00eates tr\u00e8s dou\u00e9 pour la gestion du temps. Pourquoi ne pas proposer vos services \u00e0 des particuliers ou des entreprises qui en ont besoin ? Vous pourriez cr\u00e9er un blog, une cha\u00eene YouTube, ou tout simplement proposer des formations en ligne. Les possibilit\u00e9s sont infinies.<\/p>\n\n\n\n<p><strong>Conseils pratiques pour mon\u00e9tiser vos comp\u00e9tences<\/strong><\/p>\n\n\n\n<ol>\n<li><strong>Identifiez vos talents<\/strong> : Faites une liste de tout ce que vous savez faire. N&rsquo;ayez pas peur de sous-estimer vos comp\u00e9tences, car tout ce que vous ma\u00eetrisez peut avoir de la valeur.<\/li>\n\n\n\n<li><strong>Formez-vous continuellement<\/strong> : Le march\u00e9 \u00e9volue sans cesse. Si vous souhaitez mon\u00e9tiser une comp\u00e9tence, assurez-vous de vous tenir \u00e0 jour. Cela peut \u00eatre un simple cours en ligne, des lectures, ou m\u00eame des discussions avec d&rsquo;autres experts.<\/li>\n\n\n\n<li><strong>Trouvez votre niche<\/strong> : Il est essentiel de comprendre o\u00f9 se situe votre march\u00e9. Si vous \u00eates excellent en r\u00e9daction, par exemple, vous pouvez vous sp\u00e9cialiser dans un domaine pr\u00e9cis : le marketing digital, la cr\u00e9ation de contenu pour les r\u00e9seaux sociaux, etc.<\/li>\n\n\n\n<li><strong>Offrez une valeur ajout\u00e9e<\/strong> : Plus vous apportez de la valeur \u00e0 vos clients, plus vous serez r\u00e9mun\u00e9r\u00e9. Pensez \u00e0 des solutions concr\u00e8tes que vous pouvez proposer, qui r\u00e9solvent un probl\u00e8me pr\u00e9cis.<\/li>\n\n\n\n<li><strong>Ne vous pr\u00e9cipitez pas<\/strong> : La patience est une vertu essentielle lorsqu&rsquo;il s&rsquo;agit de mon\u00e9tiser vos comp\u00e9tences. Commencez petit, mais avec une grande vision. Le succ\u00e8s ne se fait pas en un jour.<\/li>\n<\/ol>\n\n\n\n<p><strong>En r\u00e9sum\u00e9<\/strong><\/p>\n\n\n\n<p>Mon\u00e9tiser vos comp\u00e9tences est une aventure passionnante et enrichissante qui peut r\u00e9ellement transformer votre vie. Ce n\u2019est pas r\u00e9serv\u00e9 \u00e0 une \u00e9lite, ni un chemin r\u00e9serv\u00e9 aux personnes qui ont de la chance. C\u2019est une d\u00e9marche accessible \u00e0 tous ceux qui sont pr\u00eats \u00e0 investir du temps, de l\u2019\u00e9nergie et un peu d\u2019imagination. Vous avez en vous des talents qui n&rsquo;attendent qu&rsquo;\u00e0 \u00eatre mis en lumi\u00e8re. Ne laissez pas la peur de l\u2019\u00e9chec vous freiner. Osez prendre des risques, lancez-vous, et bient\u00f4t vous verrez votre potentiel se transformer en une source de revenus florissante.<\/p>\n\n\n\n<p class=\"has-vivid-red-color has-text-color has-link-color wp-elements-b3f9385bc58a4c6c8b5cb561b6a5bce0\"><strong>Si cet article vous a inspir\u00e9, je vous invite \u00e0 le partager autour de vous. Plus nous sommes nombreux \u00e0 nous lib\u00e9rer de nos peurs et \u00e0 passer \u00e0 l&rsquo;action, plus nous cr\u00e9erons un monde o\u00f9 chacun peut vivre de ses passions.<\/strong><\/p>\n\n\n\n<p>Merci de m\u2019avoir lu.<\/p>\n\n\n\n<p><strong>Guido SAVERIO<\/strong><\/p>\n","protected":false},"excerpt":{"rendered":"<p>Vous avez certainement des comp\u00e9tences uniques, des talents qui vous appartiennent et que vous ma\u00eetrisez peut-\u00eatre depuis des ann\u00e9es. Mais avez-vous d\u00e9j\u00e0 r\u00e9fl\u00e9chi \u00e0 la mani\u00e8re de transformer ces talents en une v\u00e9ritable source de revenus ? Vous \u00eates-vous d\u00e9j\u00e0&#8230; <a href=\"https:\/\/xn--libert-financire-6pbj.com\/index.php\/monetiser-votre-potentiel-comment-faire-de-vos-competences-un-atout-lucratif\/\" class=\"readmore\">Read more<span class=\"screen-reader-text\">Mon\u00e9tiser votre potentiel : Comment faire de vos comp\u00e9tences un atout lucratif<\/span><span class=\"fa fa-angle-double-right\" aria-hidden=\"true\"><\/span><\/a><\/p>\n","protected":false},"author":1,"featured_media":0,"parent":0,"menu_order":0,"comment_status":"closed","ping_status":"closed","template":"","meta":{"footnotes":""},"_links":{"self":[{"href":"https:\/\/xn--libert-financire-6pbj.com\/index.php\/wp-json\/wp\/v2\/pages\/935"}],"collection":[{"href":"https:\/\/xn--libert-financire-6pbj.com\/index.php\/wp-json\/wp\/v2\/pages"}],"about":[{"href":"https:\/\/xn--libert-financire-6pbj.com\/index.php\/wp-json\/wp\/v2\/types\/page"}],"author":[{"embeddable":true,"href":"https:\/\/xn--libert-financire-6pbj.com\/index.php\/wp-json\/wp\/v2\/users\/1"}],"replies":[{"embeddable":true,"href":"https:\/\/xn--libert-financire-6pbj.com\/index.php\/wp-json\/wp\/v2\/comments?post=935"}],"version-history":[{"count":1,"href":"https:\/\/xn--libert-financire-6pbj.com\/index.php\/wp-json\/wp\/v2\/pages\/935\/revisions"}],"predecessor-version":[{"id":936,"href":"https:\/\/xn--libert-financire-6pbj.com\/index.php\/wp-json\/wp\/v2\/pages\/935\/revisions\/936"}],"wp:attachment":[{"href":"https:\/\/xn--libert-financire-6pbj.com\/index.php\/wp-json\/wp\/v2\/media?parent=935"}],"curies":[{"name":"wp","href":"https:\/\/api.w.org\/{rel}","templated":true}]}}