{"id":937,"date":"2025-01-22T19:03:49","date_gmt":"2025-01-22T19:03:49","guid":{"rendered":"https:\/\/xn--libert-financire-6pbj.com\/?page_id=937"},"modified":"2025-01-22T19:03:49","modified_gmt":"2025-01-22T19:03:49","slug":"creer-de-la-valeur-a-grande-echelle-comment-transformer-chaque-idee-en-argent","status":"publish","type":"page","link":"https:\/\/xn--libert-financire-6pbj.com\/index.php\/creer-de-la-valeur-a-grande-echelle-comment-transformer-chaque-idee-en-argent\/","title":{"rendered":"Cr\u00e9er de la valeur \u00e0 grande \u00e9chelle : Comment transformer chaque id\u00e9e en argent"},"content":{"rendered":"\n<p>Imaginez que vous puissiez transformer chaque id\u00e9e qui vous traverse l&rsquo;esprit en une v\u00e9ritable source de revenus. Oui, chaque id\u00e9e, m\u00eame la plus simple, peut devenir un moteur puissant de cr\u00e9ation de valeur et, avec le bon \u00e9tat d&rsquo;esprit et les bonnes actions, elle peut se transformer en argent. Mais comment faire ? Comment exploiter ce potentiel cach\u00e9 en vous et cr\u00e9er de la valeur \u00e0 grande \u00e9chelle ? La r\u00e9ponse est plus simple que vous ne le pensez et r\u00e9side dans la mani\u00e8re dont vous transformez vos pens\u00e9es et vos projets en actions concr\u00e8tes. Aujourd&rsquo;hui, nous allons explorer comment vous pouvez passer de l&rsquo;id\u00e9e \u00e0 l&rsquo;ex\u00e9cution et comment faire fructifier chaque id\u00e9e qui germe dans votre esprit.<\/p>\n\n\n\n<p>Vous avez probablement d\u00e9j\u00e0 eu des moments o\u00f9 une id\u00e9e brillante vous a travers\u00e9 l&rsquo;esprit, mais vous ne saviez pas comment la concr\u00e9tiser. C\u2019est normal. Mais c\u2019est l\u00e0 que la magie op\u00e8re : l\u2019art de cr\u00e9er de la valeur r\u00e9side dans votre capacit\u00e9 \u00e0 transformer ce moment d&rsquo;inspiration en quelque chose de tangible et de rentable. Il ne s&rsquo;agit pas seulement d&rsquo;\u00eatre cr\u00e9atif, mais de comprendre comment apporter de la valeur aux autres, comment rendre cette id\u00e9e utile et d\u00e9sirable, et enfin comment la vendre de mani\u00e8re \u00e0 en tirer un revenu.<\/p>\n\n\n\n<p><strong>Les id\u00e9es sont partout, mais comment les exploiter ?<\/strong><\/p>\n\n\n\n<p>Prenons l&rsquo;exemple d&rsquo;un simple probl\u00e8me que vous pourriez rencontrer au quotidien. Disons que vous avez remarqu\u00e9 qu&rsquo;il est difficile de trouver des sacs \u00e0 dos suffisamment pratiques pour transporter toutes les affaires d&rsquo;un \u00e9tudiant. Vous vous dites : \u00ab Pourquoi n&rsquo;y a-t-il pas un sac qui fasse tout \u00e7a ? \u00bb C&rsquo;est l\u00e0 que commence l&rsquo;opportunit\u00e9. Au lieu de simplement penser \u00e0 ce probl\u00e8me et de passer \u00e0 autre chose, vous d\u00e9cidez de cr\u00e9er un sac \u00e0 dos unique, pratique, adapt\u00e9 \u00e0 tous les besoins d\u2019un \u00e9tudiant moderne. Vous identifiez un besoin non satisfait et vous vous lancez dans la cr\u00e9ation d&rsquo;un produit qui apporte de la valeur \u00e0 ceux qui rencontrent la m\u00eame difficult\u00e9 que vous. Voil\u00e0 une id\u00e9e qui peut g\u00e9n\u00e9rer des revenus importants si elle est bien d\u00e9velopp\u00e9e !<\/p>\n\n\n\n<p><strong>Passer \u00e0 l\u2019action : le secret de la cr\u00e9ation de valeur<\/strong><\/p>\n\n\n\n<p>Cr\u00e9er de la valeur \u00e0 grande \u00e9chelle ne d\u00e9pend pas uniquement de la taille de votre id\u00e9e, mais de votre capacit\u00e9 \u00e0 passer \u00e0 l\u2019action. L\u2019un des grands obstacles est de procrastiner, de repousser sans cesse l\u2019instant o\u00f9 vous allez r\u00e9ellement commencer \u00e0 d\u00e9velopper cette id\u00e9e. Mais d\u00e8s que vous agissez, que vous esquissez une premi\u00e8re \u00e9bauche, que vous commencez \u00e0 tester votre produit ou service, vous entamez un processus de cr\u00e9ation. Ce processus g\u00e9n\u00e8re de la valeur \u00e0 chaque \u00e9tape. Par exemple, si vous cr\u00e9ez un blog qui r\u00e9sout un probl\u00e8me sp\u00e9cifique, vous allez non seulement attirer des lecteurs, mais aussi potentiellement les convaincre d&rsquo;acheter des produits ou services associ\u00e9s. Chaque action compte, chaque \u00e9tape vous rapproche de la mon\u00e9tisation.<\/p>\n\n\n\n<p><strong>Conseils pratiques pour maximiser la cr\u00e9ation de valeur<\/strong><\/p>\n\n\n\n<ol>\n<li><strong>Commencez petit, mais pensez grand.<\/strong> Ne vous laissez pas paralyser par la peur de l&rsquo;\u00e9chec. Commencez par des petits projets, mais ne perdez jamais de vue votre objectif de grandir et de toucher un large public.<\/li>\n\n\n\n<li><strong>Apportez de la valeur \u00e0 votre audience.<\/strong> Avant de penser \u00e0 vendre, pensez \u00e0 r\u00e9soudre un probl\u00e8me. Plus vous apportez de solutions pratiques et utiles \u00e0 votre communaut\u00e9, plus vous avez de chances de cr\u00e9er de la valeur durable.<\/li>\n\n\n\n<li><strong>Investissez dans la communication.<\/strong> Une id\u00e9e n\u2019est rien sans visibilit\u00e9. Utilisez les r\u00e9seaux sociaux, le marketing de contenu, les t\u00e9moignages clients pour promouvoir ce que vous avez \u00e0 offrir.<\/li>\n\n\n\n<li><strong>Soyez pers\u00e9v\u00e9rant.<\/strong> Rome ne s\u2019est pas construite en un jour, et la cr\u00e9ation de valeur non plus. Les hauts et les bas font partie du parcours. Restez engag\u00e9 dans votre projet, m\u00eame lorsque les r\u00e9sultats ne sont pas imm\u00e9diats.<\/li>\n<\/ol>\n\n\n\n<p><strong>Transformer l\u2019id\u00e9e en argent : le cercle vertueux<\/strong><\/p>\n\n\n\n<p>Lorsque vous commencez \u00e0 cr\u00e9er de la valeur de mani\u00e8re authentique, l\u2019argent viendra naturellement. Mais il ne viendra pas simplement en attendant. Il viendra de la satisfaction de votre audience et de votre capacit\u00e9 \u00e0 comprendre leurs besoins, \u00e0 r\u00e9soudre leurs probl\u00e8mes et \u00e0 offrir quelque chose qui en vaut la peine. Pensez \u00e0 toutes les grandes entreprises et entrepreneurs qui ont commenc\u00e9 avec une simple id\u00e9e : Amazon, Uber, Apple\u2026 Ces g\u00e9ants ont vu une opportunit\u00e9 et ont su l\u2019exploiter \u00e0 grande \u00e9chelle, en cr\u00e9ant une v\u00e9ritable valeur pour leurs clients. Ce mod\u00e8le est \u00e0 votre port\u00e9e !<\/p>\n\n\n\n<p><strong>Conclusion<\/strong><\/p>\n\n\n\n<p>Cr\u00e9er de la valeur \u00e0 grande \u00e9chelle n&rsquo;est pas r\u00e9serv\u00e9 \u00e0 quelques privil\u00e9gi\u00e9s. C&rsquo;est une comp\u00e9tence que vous pouvez d\u00e9velopper et appliquer dans tous les domaines. Vos id\u00e9es, vos actions et votre engagement envers la cr\u00e9ation de valeur sont les cl\u00e9s qui ouvriront la porte de la r\u00e9ussite financi\u00e8re. Ne vous laissez pas intimider par l&rsquo;ampleur de la t\u00e2che : commencez petit, pensez grand et surtout, agissez sans h\u00e9siter.<\/p>\n\n\n\n<p class=\"has-vivid-red-color has-text-color has-link-color wp-elements-0a1dc8385460b9938215060fd9c0917b\"><strong>Si cet article vous a inspir\u00e9, je vous encourage \u00e0 le partager avec vos amis, coll\u00e8gues ou toute personne qui pourrait b\u00e9n\u00e9ficier de ces conseils. Ensemble, nous pouvons transformer nos id\u00e9es en projets rentables et faire de grandes choses !<\/strong><\/p>\n\n\n\n<p>Merci de m\u2019avoir lu.<\/p>\n\n\n\n<p>Guido SAVERIO<\/p>\n","protected":false},"excerpt":{"rendered":"<p>Imaginez que vous puissiez transformer chaque id\u00e9e qui vous traverse l&rsquo;esprit en une v\u00e9ritable source de revenus. Oui, chaque id\u00e9e, m\u00eame la plus simple, peut devenir un moteur puissant de cr\u00e9ation de valeur et, avec le bon \u00e9tat d&rsquo;esprit et&#8230; <a href=\"https:\/\/xn--libert-financire-6pbj.com\/index.php\/creer-de-la-valeur-a-grande-echelle-comment-transformer-chaque-idee-en-argent\/\" class=\"readmore\">Read more<span class=\"screen-reader-text\">Cr\u00e9er de la valeur \u00e0 grande \u00e9chelle : Comment transformer chaque id\u00e9e en argent<\/span><span class=\"fa fa-angle-double-right\" aria-hidden=\"true\"><\/span><\/a><\/p>\n","protected":false},"author":1,"featured_media":0,"parent":0,"menu_order":0,"comment_status":"closed","ping_status":"closed","template":"","meta":{"footnotes":""},"_links":{"self":[{"href":"https:\/\/xn--libert-financire-6pbj.com\/index.php\/wp-json\/wp\/v2\/pages\/937"}],"collection":[{"href":"https:\/\/xn--libert-financire-6pbj.com\/index.php\/wp-json\/wp\/v2\/pages"}],"about":[{"href":"https:\/\/xn--libert-financire-6pbj.com\/index.php\/wp-json\/wp\/v2\/types\/page"}],"author":[{"embeddable":true,"href":"https:\/\/xn--libert-financire-6pbj.com\/index.php\/wp-json\/wp\/v2\/users\/1"}],"replies":[{"embeddable":true,"href":"https:\/\/xn--libert-financire-6pbj.com\/index.php\/wp-json\/wp\/v2\/comments?post=937"}],"version-history":[{"count":1,"href":"https:\/\/xn--libert-financire-6pbj.com\/index.php\/wp-json\/wp\/v2\/pages\/937\/revisions"}],"predecessor-version":[{"id":938,"href":"https:\/\/xn--libert-financire-6pbj.com\/index.php\/wp-json\/wp\/v2\/pages\/937\/revisions\/938"}],"wp:attachment":[{"href":"https:\/\/xn--libert-financire-6pbj.com\/index.php\/wp-json\/wp\/v2\/media?parent=937"}],"curies":[{"name":"wp","href":"https:\/\/api.w.org\/{rel}","templated":true}]}}