{"id":958,"date":"2025-01-22T23:08:09","date_gmt":"2025-01-22T23:08:09","guid":{"rendered":"https:\/\/xn--libert-financire-6pbj.com\/?page_id=958"},"modified":"2025-01-22T23:08:09","modified_gmt":"2025-01-22T23:08:09","slug":"partir-de-rien-rever-grand-les-modeles-de-reussite-financiere","status":"publish","type":"page","link":"https:\/\/xn--libert-financire-6pbj.com\/index.php\/partir-de-rien-rever-grand-les-modeles-de-reussite-financiere\/","title":{"rendered":"Partir de rien, r\u00eaver grand : Les mod\u00e8les de r\u00e9ussite financi\u00e8re"},"content":{"rendered":"\n<p>Nous vivons dans un monde o\u00f9 les r\u00eaves semblent parfois hors de port\u00e9e, o\u00f9 l\u2019on a l\u2019impression que la r\u00e9ussite financi\u00e8re est r\u00e9serv\u00e9e \u00e0 une poign\u00e9e d\u2019\u00e9lus. Pourtant, ceux qui sont partis de rien, ceux qui n\u2019avaient ni capital, ni connections, ont r\u00e9ussi \u00e0 b\u00e2tir leur empire. Comment ont-ils fait ? C\u2019est la question \u00e0 laquelle nous allons r\u00e9pondre. Mais avant tout, sachez une chose : <em>tout est possible<\/em>, si vous croyez en vous et que vous \u00eates pr\u00eat \u00e0 vous battre pour votre avenir. Ce n\u2019est pas une question de chance, c\u2019est une question de strat\u00e9gie, de pers\u00e9v\u00e9rance et de vision. Partir de rien et r\u00e9ussir, c\u2019est une r\u00e9alit\u00e9 que des milliers de personnes ont v\u00e9cue et que vous pouvez, vous aussi, exp\u00e9rimenter.<\/p>\n\n\n\n<p><strong>Les avantages du r\u00eave audacieux<\/strong><\/p>\n\n\n\n<p>Il n\u2019y a pas de limite \u00e0 ce que vous pouvez accomplir. Si vous commencez avec une vision claire et un d\u00e9sir de vous am\u00e9liorer constamment, vous verrez les choses changer autour de vous. Imaginons, par exemple, un jeune entrepreneur qui d\u00e9cide de se lancer dans le commerce en ligne avec un petit budget. Plut\u00f4t que de se concentrer sur ce qu\u2019il n\u2019a pas, il se concentre sur ce qu\u2019il peut faire, sur les ressources qu\u2019il peut exploiter. Une fois qu\u2019il a identifi\u00e9 son cr\u00e9neau, il se met \u00e0 travailler avec acharnement, chaque jour, \u00e0 peaufiner son produit, \u00e0 am\u00e9liorer son service et \u00e0 atteindre de nouveaux clients. En quelques mois, ce qui n\u2019\u00e9tait qu\u2019une id\u00e9e devient une entreprise florissante. Ce processus demande du temps, de l\u2019investissement personnel, et surtout, de la confiance.<\/p>\n\n\n\n<p>Cette histoire n\u2019est pas unique. De nombreuses entreprises prosp\u00e8res ont commenc\u00e9 dans des garages, des chambres \u00e0 coucher, ou m\u00eame des caf\u00e9s. Ce sont des r\u00eaves nourris par la volont\u00e9 de transformer un projet en un succ\u00e8s concret. R\u00eaver grand, c\u2019est l\u2019un des piliers de la r\u00e9ussite financi\u00e8re. Si vous croyez en votre projet et que vous \u00eates pr\u00eat \u00e0 donner tout ce qu\u2019il faut pour le mener \u00e0 bien, rien ne peut vous arr\u00eater.<\/p>\n\n\n\n<p><strong>Des exemples concrets pour s\u2019inspirer<\/strong><\/p>\n\n\n\n<p>Prenons l\u2019exemple de Jeff Bezos. Il a fond\u00e9 Amazon dans un garage, en 1994, avec pour seule ressource un petit capital et une id\u00e9e ambitieuse : rendre l\u2019achat de livres en ligne aussi facile que possible. \u00c0 l\u2019\u00e9poque, cela semblait risqu\u00e9, voire irr\u00e9aliste. Pourtant, aujourd\u2019hui, Amazon est l\u2019une des plus grandes entreprises mondiales. Un autre exemple : Elon Musk, qui a investi ses derniers centimes dans Tesla, croyant en l\u2019avenir de la voiture \u00e9lectrique alors que peu de gens y croyaient. Aujourd\u2019hui, Tesla est l\u2019un des leaders de l\u2019industrie automobile. Ces histoires nous rappellent une chose essentielle : peu importe d\u2019o\u00f9 vous partez, c\u2019est votre vision qui compte. L\u2019important, c\u2019est de ne jamais se limiter \u00e0 ce que l\u2019on a ou \u00e0 ce que l\u2019on voit autour de nous. Seul votre esprit et votre d\u00e9termination vous guideront vers la r\u00e9ussite.<\/p>\n\n\n\n<p><strong>Les cl\u00e9s pour r\u00e9ussir financi\u00e8rement<\/strong><\/p>\n\n\n\n<p>R\u00e9ussir financi\u00e8rement demande de l\u2019organisation et des actions r\u00e9fl\u00e9chies. Voici quelques conseils pratiques que vous pouvez appliquer d\u00e8s aujourd\u2019hui pour avancer vers votre objectif :<\/p>\n\n\n\n<ol>\n<li><strong>Fixez des objectifs clairs<\/strong> : Savoir ce que vous voulez est essentiel. Ne vous laissez pas \u00e9garer par des distractions. Que vous r\u00eaviez de devenir entrepreneur, investisseur ou d\u2019avoir une carri\u00e8re stable et \u00e9panouie, fixez des objectifs \u00e0 court, moyen et long terme.<\/li>\n\n\n\n<li><strong>Soyez pr\u00eat \u00e0 apprendre constamment<\/strong> : L\u2019apprentissage est un processus continu. Lisez des livres, suivez des formations, \u00e9changez avec des experts. Plus vous en savez, plus vous serez capable de prendre des d\u00e9cisions \u00e9clair\u00e9es.<\/li>\n\n\n\n<li><strong>Entourez-vous des bonnes personnes<\/strong> : Cr\u00e9ez un r\u00e9seau de personnes positives, motiv\u00e9es et ambitieuses. Partagez vos id\u00e9es et laissez-vous inspirer par celles des autres. L\u2019entourage joue un r\u00f4le crucial dans la r\u00e9ussite.<\/li>\n\n\n\n<li><strong>Ne craignez pas l\u2019\u00e9chec<\/strong> : L\u2019\u00e9chec n\u2019est pas une fin, mais une \u00e9tape du processus. Il vous permet de grandir, d\u2019apprendre et de vous adapter. Ce sont ceux qui pers\u00e9v\u00e8rent qui finissent par atteindre leurs objectifs.<\/li>\n\n\n\n<li><strong>Investissez en vous-m\u00eame<\/strong> : Si vous n\u2019investissez pas dans votre d\u00e9veloppement personnel, vous limitez vos chances de succ\u00e8s. Que ce soit dans l\u2019acquisition de comp\u00e9tences ou dans la prise de soin de votre bien-\u00eatre, investir en soi est un facteur cl\u00e9 pour r\u00e9ussir financi\u00e8rement.<\/li>\n<\/ol>\n\n\n\n<p><strong>Une route vers un avenir meilleur<\/strong><\/p>\n\n\n\n<p>Ne sous-estimez jamais le pouvoir de vos r\u00eaves. Ceux qui r\u00e9ussissent \u00e0 b\u00e2tir une fortune sont ceux qui ont su croire en eux, m\u00eame lorsque les chances \u00e9taient minces. Votre potentiel est infini, et chaque petit pas que vous ferez aujourd\u2019hui vous rapprochera de votre objectif. En cultivant la pers\u00e9v\u00e9rance, la cr\u00e9ativit\u00e9 et la confiance, vous pourrez vous aussi partir de rien et construire un avenir prosp\u00e8re.<\/p>\n\n\n\n<p>Il ne s&rsquo;agit pas d&rsquo;attendre une occasion r\u00eav\u00e9e, mais de cr\u00e9er cette occasion. De r\u00eaver grand, d&rsquo;agir avec d\u00e9termination et de faire preuve de patience.<\/p>\n\n\n\n<p class=\"has-vivid-red-color has-text-color has-link-color wp-elements-f8260bcd052894f7f52f48deab252191\"><strong>Merci d\u2019avoir pris le temps de lire cet article. Si vous vous \u00eates senti inspir\u00e9, partagez-le avec ceux qui en ont besoin. Ensemble, faisons grandir notre potentiel et atteignons des sommets.<\/strong><\/p>\n\n\n\n<p>Guido SAVERIO<\/p>\n","protected":false},"excerpt":{"rendered":"<p>Nous vivons dans un monde o\u00f9 les r\u00eaves semblent parfois hors de port\u00e9e, o\u00f9 l\u2019on a l\u2019impression que la r\u00e9ussite financi\u00e8re est r\u00e9serv\u00e9e \u00e0 une poign\u00e9e d\u2019\u00e9lus. Pourtant, ceux qui sont partis de rien, ceux qui n\u2019avaient ni capital, ni&#8230; <a href=\"https:\/\/xn--libert-financire-6pbj.com\/index.php\/partir-de-rien-rever-grand-les-modeles-de-reussite-financiere\/\" class=\"readmore\">Read more<span class=\"screen-reader-text\">Partir de rien, r\u00eaver grand : Les mod\u00e8les de r\u00e9ussite financi\u00e8re<\/span><span class=\"fa fa-angle-double-right\" aria-hidden=\"true\"><\/span><\/a><\/p>\n","protected":false},"author":1,"featured_media":0,"parent":0,"menu_order":0,"comment_status":"closed","ping_status":"closed","template":"","meta":{"footnotes":""},"_links":{"self":[{"href":"https:\/\/xn--libert-financire-6pbj.com\/index.php\/wp-json\/wp\/v2\/pages\/958"}],"collection":[{"href":"https:\/\/xn--libert-financire-6pbj.com\/index.php\/wp-json\/wp\/v2\/pages"}],"about":[{"href":"https:\/\/xn--libert-financire-6pbj.com\/index.php\/wp-json\/wp\/v2\/types\/page"}],"author":[{"embeddable":true,"href":"https:\/\/xn--libert-financire-6pbj.com\/index.php\/wp-json\/wp\/v2\/users\/1"}],"replies":[{"embeddable":true,"href":"https:\/\/xn--libert-financire-6pbj.com\/index.php\/wp-json\/wp\/v2\/comments?post=958"}],"version-history":[{"count":1,"href":"https:\/\/xn--libert-financire-6pbj.com\/index.php\/wp-json\/wp\/v2\/pages\/958\/revisions"}],"predecessor-version":[{"id":959,"href":"https:\/\/xn--libert-financire-6pbj.com\/index.php\/wp-json\/wp\/v2\/pages\/958\/revisions\/959"}],"wp:attachment":[{"href":"https:\/\/xn--libert-financire-6pbj.com\/index.php\/wp-json\/wp\/v2\/media?parent=958"}],"curies":[{"name":"wp","href":"https:\/\/api.w.org\/{rel}","templated":true}]}}