{"id":967,"date":"2025-01-23T13:19:17","date_gmt":"2025-01-23T13:19:17","guid":{"rendered":"https:\/\/xn--libert-financire-6pbj.com\/?page_id=967"},"modified":"2025-01-23T13:19:18","modified_gmt":"2025-01-23T13:19:18","slug":"de-zero-a-heros-la-route-vers-la-fortune","status":"publish","type":"page","link":"https:\/\/xn--libert-financire-6pbj.com\/index.php\/de-zero-a-heros-la-route-vers-la-fortune\/","title":{"rendered":"De z\u00e9ro \u00e0 h\u00e9ros : La route vers la fortune"},"content":{"rendered":"\n<p>Imaginez un instant\u2026 Vous vous r\u00e9veillez un matin et sentez que quelque chose a chang\u00e9. Ce n\u2019est pas encore la richesse mat\u00e9rielle qui remplit votre vie, mais une certitude br\u00fblante que vous \u00eates pr\u00eat \u00e0 transformer votre destin. Vous en avez assez des fins de mois difficiles, assez de voir les autres r\u00e9ussir pendant que vous restez fig\u00e9 au m\u00eame point. Et si je vous disais que ce n\u2019est pas qu\u2019un r\u00eave inaccessible ? Oui, vous pouvez passer de z\u00e9ro \u00e0 h\u00e9ros, et je vais vous montrer comment tracer votre propre route vers la fortune.<\/p>\n\n\n\n<h3 class=\"wp-block-heading\">Le premier pas : Croire en votre potentiel<\/h3>\n\n\n\n<p>Tout commence par une id\u00e9e simple mais puissante : vous avez ce qu\u2019il faut pour r\u00e9ussir. Souvent, nous nous sabotons nous-m\u00eames avant m\u00eame d\u2019avoir commenc\u00e9. Combien de fois vous \u00eates-vous dit : \u00ab\u00a0Ce n\u2019est pas pour moi\u00a0\u00bb, ou \u00ab\u00a0Je n\u2019ai pas les comp\u00e9tences n\u00e9cessaires\u00a0\u00bb ? Stop. Remplacez ces pens\u00e9es par : \u00ab\u00a0Je suis capable d\u2019apprendre\u00a0\u00bb et \u00ab\u00a0Chaque effort me rapproche de mon objectif\u00a0\u00bb. Ce changement de mentalit\u00e9 peut para\u00eetre insignifiant, mais c\u2019est la base sur laquelle repose toute r\u00e9ussite.<\/p>\n\n\n\n<p>Prenez l\u2019exemple de Clara, une jeune femme sans dipl\u00f4me qui r\u00eavait de lancer son entreprise. Elle a commenc\u00e9 par regarder des tutoriels gratuits en ligne et a appliqu\u00e9 chaque le\u00e7on, petit \u00e0 petit. Aujourd\u2019hui, elle est \u00e0 la t\u00eate d\u2019une marque florissante. Ce qui l\u2019a diff\u00e9renci\u00e9e ? Sa foi en elle-m\u00eame et son engagement \u00e0 apprendre.<\/p>\n\n\n\n<h3 class=\"wp-block-heading\">Identifiez les opportunit\u00e9s cach\u00e9es<\/h3>\n\n\n\n<p>L\u2019une des cl\u00e9s pour avancer est d\u2019ouvrir les yeux sur les opportunit\u00e9s qui vous entourent. Elles sont l\u00e0, mais parfois voil\u00e9es par notre routine quotidienne. Avez-vous une comp\u00e9tence que vous sous-estimez ? Une passion que vous pourriez mon\u00e9tiser ? Peut-\u00eatre m\u00eame une ressource unique dans votre r\u00e9seau de contacts ?<\/p>\n\n\n\n<p>Par exemple, imaginez que vous adorez cuisiner et que vos amis ne cessent de complimenter vos plats. Pourquoi ne pas organiser des ateliers culinaires ou m\u00eame vendre vos cr\u00e9ations lors d\u2019\u00e9v\u00e9nements locaux ? Ce genre d\u2019initiative peut devenir le point de d\u00e9part de quelque chose de grand.<\/p>\n\n\n\n<h3 class=\"wp-block-heading\">Passez \u00e0 l\u2019action<\/h3>\n\n\n\n<p>Rien ne change tant que vous ne faites pas le premier pas. La diff\u00e9rence entre ceux qui r\u00e9ussissent et ceux qui restent dans l\u2019ombre, c\u2019est l\u2019action. M\u00eame une petite action quotidienne peut produire des r\u00e9sultats spectaculaires avec le temps. Vous souhaitez \u00e9conomiser pour investir ? Commencez par r\u00e9duire une d\u00e9pense superflue chaque semaine. Vous voulez d\u00e9velopper vos comp\u00e9tences ? Inscrivez-vous \u00e0 une formation en ligne abordable. Chaque \u00e9tape, m\u00eame modeste, compte.<\/p>\n\n\n\n<p>Prenons l\u2019exemple de Julien, un employ\u00e9 de bureau passionn\u00e9 par l\u2019\u00e9criture. Chaque jour, il a \u00e9crit un paragraphe de son livre. Un an plus tard, son roman \u00e9tait termin\u00e9, publi\u00e9, et lui rapportait un revenu compl\u00e9mentaire.<\/p>\n\n\n\n<h3 class=\"wp-block-heading\">Cultivez la pers\u00e9v\u00e9rance<\/h3>\n\n\n\n<p>La route vers la fortune n\u2019est pas un sprint, c\u2019est un marathon. Il y aura des obstacles, des moments de doute, des erreurs. Mais ce sont pr\u00e9cis\u00e9ment ces \u00e9preuves qui vous permettront de grandir et de vous renforcer. Pensez-y comme \u00e0 une aventure. Plus vous surmontez de d\u00e9fis, plus vous vous rapprochez de votre but.<\/p>\n\n\n\n<p>Un conseil pratique : tenez un journal de vos progr\u00e8s. Notez vos petites victoires, m\u00eame les plus minimes. Cela vous donnera de la motivation pour continuer.<\/p>\n\n\n\n<h3 class=\"wp-block-heading\">Inspirez les autres<\/h3>\n\n\n\n<p>Quand vous commencez \u00e0 progresser, vous devenez une source d\u2019inspiration pour les autres. Votre histoire peut motiver un ami, un coll\u00e8gue, ou m\u00eame un inconnu \u00e0 tenter sa chance. Et n\u2019est-ce pas la plus belle des fortunes que de savoir que votre r\u00e9ussite aide \u00e0 en cr\u00e9er d\u2019autres ?<\/p>\n\n\n\n<h3 class=\"wp-block-heading\">Conclusion<\/h3>\n\n\n\n<p>Vous avez maintenant les outils et la mentalit\u00e9 pour transformer votre vie. De z\u00e9ro \u00e0 h\u00e9ros, ce n\u2019est pas une formule magique, mais une s\u00e9rie d\u2019actions concr\u00e8tes, soutenues par une foi in\u00e9branlable en vos capacit\u00e9s. Alors, qu\u2019attendez-vous pour faire le premier pas ?<\/p>\n\n\n\n<p>Si cet article vous a inspir\u00e9, partagez-le avec vos proches. Votre geste pourrait bien \u00eatre le d\u00e9but de leur propre aventure vers la fortune.<\/p>\n\n\n\n<p class=\"has-vivid-red-color has-text-color has-link-color wp-elements-5dbe0746a21e440e3c5e1c56d99de95f\"><strong>Merci de m\u2019avoir lu, et surtout, souvenez-vous : tout est possible quand vous le d\u00e9cidez.<\/strong><\/p>\n\n\n\n<p><strong>Guido SAVERIO<\/strong><\/p>\n","protected":false},"excerpt":{"rendered":"<p>Imaginez un instant\u2026 Vous vous r\u00e9veillez un matin et sentez que quelque chose a chang\u00e9. Ce n\u2019est pas encore la richesse mat\u00e9rielle qui remplit votre vie, mais une certitude br\u00fblante que vous \u00eates pr\u00eat \u00e0 transformer votre destin. Vous en&#8230; <a href=\"https:\/\/xn--libert-financire-6pbj.com\/index.php\/de-zero-a-heros-la-route-vers-la-fortune\/\" class=\"readmore\">Read more<span class=\"screen-reader-text\">De z\u00e9ro \u00e0 h\u00e9ros : La route vers la fortune<\/span><span class=\"fa fa-angle-double-right\" aria-hidden=\"true\"><\/span><\/a><\/p>\n","protected":false},"author":1,"featured_media":0,"parent":0,"menu_order":0,"comment_status":"closed","ping_status":"closed","template":"","meta":{"footnotes":""},"_links":{"self":[{"href":"https:\/\/xn--libert-financire-6pbj.com\/index.php\/wp-json\/wp\/v2\/pages\/967"}],"collection":[{"href":"https:\/\/xn--libert-financire-6pbj.com\/index.php\/wp-json\/wp\/v2\/pages"}],"about":[{"href":"https:\/\/xn--libert-financire-6pbj.com\/index.php\/wp-json\/wp\/v2\/types\/page"}],"author":[{"embeddable":true,"href":"https:\/\/xn--libert-financire-6pbj.com\/index.php\/wp-json\/wp\/v2\/users\/1"}],"replies":[{"embeddable":true,"href":"https:\/\/xn--libert-financire-6pbj.com\/index.php\/wp-json\/wp\/v2\/comments?post=967"}],"version-history":[{"count":1,"href":"https:\/\/xn--libert-financire-6pbj.com\/index.php\/wp-json\/wp\/v2\/pages\/967\/revisions"}],"predecessor-version":[{"id":968,"href":"https:\/\/xn--libert-financire-6pbj.com\/index.php\/wp-json\/wp\/v2\/pages\/967\/revisions\/968"}],"wp:attachment":[{"href":"https:\/\/xn--libert-financire-6pbj.com\/index.php\/wp-json\/wp\/v2\/media?parent=967"}],"curies":[{"name":"wp","href":"https:\/\/api.w.org\/{rel}","templated":true}]}}