{"id":984,"date":"2025-01-23T23:39:15","date_gmt":"2025-01-23T23:39:15","guid":{"rendered":"https:\/\/xn--libert-financire-6pbj.com\/?page_id=984"},"modified":"2025-01-23T23:39:15","modified_gmt":"2025-01-23T23:39:15","slug":"largent-a-portee-de-main-profitez-de-chaque-opportunite-quotidienne","status":"publish","type":"page","link":"https:\/\/xn--libert-financire-6pbj.com\/index.php\/largent-a-portee-de-main-profitez-de-chaque-opportunite-quotidienne\/","title":{"rendered":"L\u2019Argent \u00e0 Port\u00e9e de Main : Profitez de Chaque Opportunit\u00e9 Quotidienne"},"content":{"rendered":"\n<p>Imaginez un instant que chaque geste, chaque moment de votre journ\u00e9e, puisse se transformer en une opportunit\u00e9 de gagner de l\u2019argent. Pas besoin de grands investissements ni d\u2019id\u00e9es r\u00e9volutionnaires. Tout est d\u00e9j\u00e0 l\u00e0, autour de vous. Il suffit d\u2019un l\u00e9ger ajustement dans votre regard, votre mani\u00e8re d\u2019agir, et soudain, ce qui semblait banal devient un levier puissant pour am\u00e9liorer votre quotidien. Cela para\u00eet trop beau pour \u00eatre vrai ? Laissez-moi vous montrer comment cette id\u00e9e peut devenir votre r\u00e9alit\u00e9, d\u00e8s aujourd\u2019hui.<\/p>\n\n\n\n<h3 class=\"wp-block-heading\"><strong>Transformez vos habitudes en revenus<\/strong><\/h3>\n\n\n\n<p>Votre quotidien est une mine d\u2019or encore inexploit\u00e9e. Prenons un exemple simple : vos courses alimentaires. Avez-vous d\u00e9j\u00e0 song\u00e9 \u00e0 optimiser vos d\u00e9penses en utilisant des applications de cashback\u202f? Chaque achat peut vous rapporter quelques euros. Ce n\u2019est pas spectaculaire sur le moment, mais sur une ann\u00e9e, cela repr\u00e9sente des centaines d\u2019euros que vous auriez laiss\u00e9 filer sans y penser.<\/p>\n\n\n\n<p>Et ce n\u2019est qu\u2019un d\u00e9but. Avez-vous des objets chez vous qui dorment dans un placard\u202f? Ce vieux v\u00e9lo, ces livres que vous n\u2019avez pas ouverts depuis des ann\u00e9es, ou encore ces v\u00eatements que vous ne portez plus. Plut\u00f4t que de les laisser prendre la poussi\u00e8re, pourquoi ne pas les vendre sur des plateformes comme Vinted ou Leboncoin\u202f? En plus de d\u00e9sencombrer votre espace, vous transformez vos biens inutilis\u00e9s en argent frais.<\/p>\n\n\n\n<h3 class=\"wp-block-heading\"><strong>L\u2019art de saisir les micro-opportunit\u00e9s<\/strong><\/h3>\n\n\n\n<p>Il ne s\u2019agit pas seulement de grands projets ou d\u2019id\u00e9es complexes. Les micro-opportunit\u00e9s sont partout, pr\u00eates \u00e0 \u00eatre saisies. Par exemple, avez-vous d\u00e9j\u00e0 pens\u00e9 \u00e0 louer une pi\u00e8ce de votre maison ou m\u00eame votre voiture lorsque vous ne l\u2019utilisez pas ? Des services comme Airbnb ou Ouicar rendent cette d\u00e9marche facile et s\u00e9curis\u00e9e.<\/p>\n\n\n\n<p>M\u00eame votre temps libre peut devenir une source de revenus. Vous aimez \u00e9crire, bricoler, cuisiner\u202f? Pourquoi ne pas proposer vos talents en freelance sur des plateformes comme Malt ou Fiverr\u202f? Chaque comp\u00e9tence a de la valeur et peut trouver preneur si vous prenez le temps de l\u2019explorer.<\/p>\n\n\n\n<h3 class=\"wp-block-heading\"><strong>Simplifiez vos finances pour mieux gagner<\/strong><\/h3>\n\n\n\n<p>L\u2019un des meilleurs moyens de faire de l\u2019argent est\u2026 de ne pas le perdre. Avez-vous d\u00e9j\u00e0 analys\u00e9 vos abonnements\u202f? Ces petits pr\u00e9l\u00e8vements mensuels invisibles (streaming, salles de sport, applications inutilis\u00e9es) peuvent finir par repr\u00e9senter une somme cons\u00e9quente. Annulez tout ce que vous n\u2019utilisez plus et redirigez ces \u00e9conomies vers des projets qui comptent vraiment.<\/p>\n\n\n\n<p>Un autre conseil\u202f: prenez l\u2019habitude de planifier vos d\u00e9penses. Par exemple, en \u00e9tablissant un budget pr\u00e9cis pour vos sorties ou vos loisirs, vous \u00e9viterez les exc\u00e8s inutiles tout en profitant pleinement de chaque instant.<\/p>\n\n\n\n<h3 class=\"wp-block-heading\"><strong>Faites de chaque jour une victoire financi\u00e8re<\/strong><\/h3>\n\n\n\n<p>Vous voyez\u202f? Il n\u2019y a rien de magique ni de compliqu\u00e9. Tout ce qu\u2019il vous faut, c\u2019est un peu de curiosit\u00e9, une pinc\u00e9e de discipline, et la capacit\u00e9 de transformer vos habitudes en opportunit\u00e9s. La cl\u00e9, c\u2019est d\u2019agir\u202f: pas demain, pas dans une semaine. Mais maintenant. Commencez petit. Saisissez la premi\u00e8re opportunit\u00e9 qui se pr\u00e9sente, qu\u2019elle soit grande ou petite. Chaque geste compte.<\/p>\n\n\n\n<p>Alors, \u00eates-vous pr\u00eat \u00e0 transformer votre quotidien en un v\u00e9ritable g\u00e9n\u00e9rateur de richesse\u202f? L\u2019argent est \u00e0 port\u00e9e de main, il n\u2019attend que vous.<\/p>\n\n\n\n<p class=\"has-vivid-red-color has-text-color has-link-color wp-elements-9f384736f3fee45fe8e7fd9f0edade0a\"><strong>Partagez cet article avec vos proches, car tout le monde m\u00e9rite de conna\u00eetre ces astuces simples et accessibles. Ensemble, transformons les petites actions en grandes r\u00e9ussites.<\/strong><\/p>\n\n\n\n<p>Merci de m\u2019avoir lu.<\/p>\n\n\n\n<p><strong>Guido SAVERIO<\/strong><\/p>\n","protected":false},"excerpt":{"rendered":"<p>Imaginez un instant que chaque geste, chaque moment de votre journ\u00e9e, puisse se transformer en une opportunit\u00e9 de gagner de l\u2019argent. Pas besoin de grands investissements ni d\u2019id\u00e9es r\u00e9volutionnaires. Tout est d\u00e9j\u00e0 l\u00e0, autour de vous. Il suffit d\u2019un l\u00e9ger&#8230; <a href=\"https:\/\/xn--libert-financire-6pbj.com\/index.php\/largent-a-portee-de-main-profitez-de-chaque-opportunite-quotidienne\/\" class=\"readmore\">Read more<span class=\"screen-reader-text\">L\u2019Argent \u00e0 Port\u00e9e de Main : Profitez de Chaque Opportunit\u00e9 Quotidienne<\/span><span class=\"fa fa-angle-double-right\" aria-hidden=\"true\"><\/span><\/a><\/p>\n","protected":false},"author":1,"featured_media":0,"parent":0,"menu_order":0,"comment_status":"closed","ping_status":"closed","template":"","meta":{"footnotes":""},"_links":{"self":[{"href":"https:\/\/xn--libert-financire-6pbj.com\/index.php\/wp-json\/wp\/v2\/pages\/984"}],"collection":[{"href":"https:\/\/xn--libert-financire-6pbj.com\/index.php\/wp-json\/wp\/v2\/pages"}],"about":[{"href":"https:\/\/xn--libert-financire-6pbj.com\/index.php\/wp-json\/wp\/v2\/types\/page"}],"author":[{"embeddable":true,"href":"https:\/\/xn--libert-financire-6pbj.com\/index.php\/wp-json\/wp\/v2\/users\/1"}],"replies":[{"embeddable":true,"href":"https:\/\/xn--libert-financire-6pbj.com\/index.php\/wp-json\/wp\/v2\/comments?post=984"}],"version-history":[{"count":1,"href":"https:\/\/xn--libert-financire-6pbj.com\/index.php\/wp-json\/wp\/v2\/pages\/984\/revisions"}],"predecessor-version":[{"id":985,"href":"https:\/\/xn--libert-financire-6pbj.com\/index.php\/wp-json\/wp\/v2\/pages\/984\/revisions\/985"}],"wp:attachment":[{"href":"https:\/\/xn--libert-financire-6pbj.com\/index.php\/wp-json\/wp\/v2\/media?parent=984"}],"curies":[{"name":"wp","href":"https:\/\/api.w.org\/{rel}","templated":true}]}}